{"id":4445186,"date":"2021-05-10T01:36:40","date_gmt":"2021-05-10T01:36:40","guid":{"rendered":"http:\/\/bookingkit.com\/impressum\/"},"modified":"2026-03-05T14:06:41","modified_gmt":"2026-03-05T14:06:41","slug":"impressum","status":"publish","type":"page","link":"https:\/\/bookingkit.com\/de\/impressum\/","title":{"rendered":"Impressum"},"content":{"rendered":"\n<h2 class=\"wp-block-heading\"><br>bookingkit \u2013 Europas f\u00fchrende Buchungssoftware f\u00fcr professionelle Attraktionen.<\/h2>\n\n\n\n<p>bookingkit GmbH<br>Sonnenallee 223<br>D-12059 Berlin<br><br>marketing@bookingkit.de<br>www.bookingkit.com<br><br>Fax: +49 30 6098 5033-9<\/p>\n\n\n\n<h2 class=\"wp-block-heading\">Gesch\u00e4ftsf\u00fchrung<\/h2>\n\n\n\n<p>Lukas C. C. Hempel<br><br>Amtsgericht Berlin-Charlottenburg, HRB 160861 B | USt-ID DE296647620<br>Haftpflichtversicherung bei der R&amp;V Allgemeine Versicherung AG, Niedersachsenring 13, 30163 Hannover<br><br>bookingkit\u00ae ist eine eingetragene Marke in der Europ\u00e4ischen Union und anderen L\u00e4ndern.<\/p>\n\n\n\n<h2 class=\"wp-block-heading\">Rechtliche Hinweise zur Webseite<\/h2>\n\n\n\n<p>Alle Texte, Bilder und weiter hier ver\u00f6ffentlichten Informationen unterliegen dem Urheberrecht des Anbieters, soweit nicht Urheberrechte Dritter bestehen. In jedem Fall ist eine Vervielf\u00e4ltigung, Verbreitung oder \u00f6ffentliche Wiedergabe ausschlie\u00dflich im Falle einer widerruflichen und nicht \u00fcbertragbaren Zustimmung des Anbieters gestattet.<br><br>Die Inhalte der Webseite werden mit gr\u00f6\u00dfter Sorgfalt erstellt. Dennoch kann keine Garantie f\u00fcr Aktualit\u00e4t und Vollst\u00e4ndigkeit \u00fcbernommen werden.<br><br>F\u00fcr alle mittels Querverweis (Link) verbundene Webinhalte \u00fcbernimmt der Anbieter keine Verantwortung, da es sich dabei um keine eigenen Inhalte handelt. Externe Links wurden auf rechtswidrige Inhalte \u00fcberpr\u00fcft, zum Zeitpunkt der Verlinkung waren solche nicht erkennbar. Bez\u00fcglich fremder Inhalte besteht jedoch keine allgemeine \u00dcberwachungs- und Pr\u00fcfungspflicht.<\/p>\n\n\n\n<p>Das Impressum gilt auch f\u00fcr folgende Social Media Profile: Facebook, X, YouTube, XING, LinkedIn und Instagram.<br><br>Aufgef\u00fchrte Warenzeichen und Markennamen sind Eigentum ihrer jeweiligen Inhaber.<\/p>\n\n\n\n<p><\/p>\n\n\n\n<p><\/p>\n","protected":false},"excerpt":{"rendered":"<p>bookingkit \u2013 Europas f\u00fchrende Buchungssoftware f\u00fcr professionelle Attraktionen. bookingkit GmbHSonnenallee 223D-12059 Berlin marketing@bookingkit.dewww.bookingkit.com Fax: +49 30 6098 5033-9 Gesch\u00e4ftsf\u00fchrung Lukas C. C. Hempel Amtsgericht Berlin-Charlottenburg, HRB 160861 B | USt-ID DE296647620Haftpflichtversicherung bei der R&amp;V Allgemeine Versicherung AG, Niedersachsenring 13, 30163 Hannover bookingkit\u00ae ist eine eingetragene Marke in der Europ\u00e4ischen Union und anderen L\u00e4ndern. Rechtliche Hinweise [&hellip;]<\/p>\n","protected":false},"author":1,"featured_media":0,"parent":0,"menu_order":0,"comment_status":"closed","ping_status":"closed","template":"page-impressum.php","meta":{"_et_pb_use_builder":"","_et_pb_old_content":"","_et_gb_content_width":"","inline_featured_image":false,"footnotes":""},"class_list":["post-4445186","page","type-page","status-publish","hentry"],"yoast_head":"<!-- This site is optimized with the Yoast SEO plugin v26.7 - https:\/\/yoast.com\/wordpress\/plugins\/seo\/ -->\n<title>Impressum - bookingkit<\/title>\n<meta name=\"description\" content=\"Rechtliche Hinweise zur Webseite von bookingkit GmbH.\" \/>\n<meta name=\"robots\" content=\"index, follow, max-snippet:-1, max-image-preview:large, max-video-preview:-1\" \/>\n<link rel=\"canonical\" href=\"https:\/\/bookingkit.com\/de\/impressum\/\" \/>\n<meta property=\"og:locale\" content=\"de_DE\" \/>\n<meta property=\"og:type\" content=\"article\" \/>\n<meta property=\"og:title\" content=\"Impressum - bookingkit\" \/>\n<meta property=\"og:description\" content=\"Rechtliche Hinweise zur Webseite von bookingkit GmbH.\" \/>\n<meta property=\"og:url\" content=\"https:\/\/bookingkit.com\/de\/impressum\/\" \/>\n<meta property=\"og:site_name\" content=\"bookingkit\" \/>\n<meta property=\"article:modified_time\" content=\"2026-03-05T14:06:41+00:00\" \/>\n<meta name=\"twitter:card\" content=\"summary_large_image\" \/>\n<meta name=\"twitter:label1\" content=\"Gesch\u00e4tzte Lesezeit\" \/>\n\t<meta name=\"twitter:data1\" content=\"1 Minute\" \/>\n<script type=\"application\/ld+json\" class=\"yoast-schema-graph\">{\"@context\":\"https:\/\/schema.org\",\"@graph\":[{\"@type\":\"WebPage\",\"@id\":\"https:\/\/bookingkit.com\/de\/impressum\/\",\"url\":\"https:\/\/bookingkit.com\/de\/impressum\/\",\"name\":\"Impressum - bookingkit\",\"isPartOf\":{\"@id\":\"https:\/\/bookingkit.com\/#website\"},\"datePublished\":\"2021-05-10T01:36:40+00:00\",\"dateModified\":\"2026-03-05T14:06:41+00:00\",\"description\":\"Rechtliche Hinweise zur Webseite von bookingkit GmbH.\",\"breadcrumb\":{\"@id\":\"https:\/\/bookingkit.com\/de\/impressum\/#breadcrumb\"},\"inLanguage\":\"de-DE\",\"potentialAction\":[{\"@type\":\"ReadAction\",\"target\":[\"https:\/\/bookingkit.com\/de\/impressum\/\"]}]},{\"@type\":\"BreadcrumbList\",\"@id\":\"https:\/\/bookingkit.com\/de\/impressum\/#breadcrumb\",\"itemListElement\":[{\"@type\":\"ListItem\",\"position\":1,\"name\":\"Home\",\"item\":\"https:\/\/bookingkit.com\/de\/\"},{\"@type\":\"ListItem\",\"position\":2,\"name\":\"Impressum\"}]},{\"@type\":\"WebSite\",\"@id\":\"https:\/\/bookingkit.com\/#website\",\"url\":\"https:\/\/bookingkit.com\/\",\"name\":\"bookingkit\",\"description\":\"Booking Software for Tours &amp; Attractions\",\"potentialAction\":[{\"@type\":\"SearchAction\",\"target\":{\"@type\":\"EntryPoint\",\"urlTemplate\":\"https:\/\/bookingkit.com\/?s={search_term_string}\"},\"query-input\":{\"@type\":\"PropertyValueSpecification\",\"valueRequired\":true,\"valueName\":\"search_term_string\"}}],\"inLanguage\":\"de-DE\"}]}<\/script>\n<!-- \/ Yoast SEO plugin. -->","yoast_head_json":{"title":"Impressum - bookingkit","description":"Rechtliche Hinweise zur Webseite von bookingkit GmbH.","robots":{"index":"index","follow":"follow","max-snippet":"max-snippet:-1","max-image-preview":"max-image-preview:large","max-video-preview":"max-video-preview:-1"},"canonical":"https:\/\/bookingkit.com\/de\/impressum\/","og_locale":"de_DE","og_type":"article","og_title":"Impressum - bookingkit","og_description":"Rechtliche Hinweise zur Webseite von bookingkit GmbH.","og_url":"https:\/\/bookingkit.com\/de\/impressum\/","og_site_name":"bookingkit","article_modified_time":"2026-03-05T14:06:41+00:00","twitter_card":"summary_large_image","twitter_misc":{"Gesch\u00e4tzte Lesezeit":"1 Minute"},"schema":{"@context":"https:\/\/schema.org","@graph":[{"@type":"WebPage","@id":"https:\/\/bookingkit.com\/de\/impressum\/","url":"https:\/\/bookingkit.com\/de\/impressum\/","name":"Impressum - bookingkit","isPartOf":{"@id":"https:\/\/bookingkit.com\/#website"},"datePublished":"2021-05-10T01:36:40+00:00","dateModified":"2026-03-05T14:06:41+00:00","description":"Rechtliche Hinweise zur Webseite von bookingkit GmbH.","breadcrumb":{"@id":"https:\/\/bookingkit.com\/de\/impressum\/#breadcrumb"},"inLanguage":"de-DE","potentialAction":[{"@type":"ReadAction","target":["https:\/\/bookingkit.com\/de\/impressum\/"]}]},{"@type":"BreadcrumbList","@id":"https:\/\/bookingkit.com\/de\/impressum\/#breadcrumb","itemListElement":[{"@type":"ListItem","position":1,"name":"Home","item":"https:\/\/bookingkit.com\/de\/"},{"@type":"ListItem","position":2,"name":"Impressum"}]},{"@type":"WebSite","@id":"https:\/\/bookingkit.com\/#website","url":"https:\/\/bookingkit.com\/","name":"bookingkit","description":"Booking Software for Tours &amp; Attractions","potentialAction":[{"@type":"SearchAction","target":{"@type":"EntryPoint","urlTemplate":"https:\/\/bookingkit.com\/?s={search_term_string}"},"query-input":{"@type":"PropertyValueSpecification","valueRequired":true,"valueName":"search_term_string"}}],"inLanguage":"de-DE"}]}},"_links":{"self":[{"href":"https:\/\/bookingkit.com\/de\/wp-json\/wp\/v2\/pages\/4445186","targetHints":{"allow":["GET"]}}],"collection":[{"href":"https:\/\/bookingkit.com\/de\/wp-json\/wp\/v2\/pages"}],"about":[{"href":"https:\/\/bookingkit.com\/de\/wp-json\/wp\/v2\/types\/page"}],"author":[{"embeddable":true,"href":"https:\/\/bookingkit.com\/de\/wp-json\/wp\/v2\/users\/1"}],"replies":[{"embeddable":true,"href":"https:\/\/bookingkit.com\/de\/wp-json\/wp\/v2\/comments?post=4445186"}],"version-history":[{"count":6,"href":"https:\/\/bookingkit.com\/de\/wp-json\/wp\/v2\/pages\/4445186\/revisions"}],"predecessor-version":[{"id":4479002,"href":"https:\/\/bookingkit.com\/de\/wp-json\/wp\/v2\/pages\/4445186\/revisions\/4479002"}],"wp:attachment":[{"href":"https:\/\/bookingkit.com\/de\/wp-json\/wp\/v2\/media?parent=4445186"}],"curies":[{"name":"wp","href":"https:\/\/api.w.org\/{rel}","templated":true}]}}