{"id":4447945,"date":"2021-05-10T01:38:08","date_gmt":"2021-05-10T01:38:08","guid":{"rendered":"http:\/\/bookingkit.com\/small-business\/"},"modified":"2025-10-13T16:47:43","modified_gmt":"2025-10-13T16:47:43","slug":"kleine-mittlere-anbieter","status":"publish","type":"page","link":"https:\/\/bookingkit.com\/de\/kleine-mittlere-anbieter\/","title":{"rendered":"Kleine &#038; mittlere Anbieter &#8211; bookingkit I Buchungsl\u00f6sung f\u00fcr KMUs"},"content":{"rendered":"\n<section id=\"smb-solution-block_60d4524557f2d\" class=\"smb__solution smb-solution-block\">\n    <div class=\"container l-r\">\n        <div class=\"l-r__first l-r__right\">\n            <img decoding=\"async\" src=\"https:\/\/bookingkit.com\/wp-content\/uploads\/2021\/06\/Kickstart-your-offer.png\" alt=\"solution\">\n        <\/div>\n        <div class=\"l-r__second l-r__left\">\n            <h1 class=\"h1 title-blue title-blue--black title-blue--left\">\n                Digitalisiere deine Angebote noch heute            <\/h1>\n            <h3 class=\"h3\">\n                Schnelle, einfache und leistungsstarke Buchungsl\u00f6sung f\u00fcr Anbieter von Touren &#038; Aktivit\u00e4ten                \n            <\/h3>\n            <p>\n                bookingkit bietet mit seinem Buchungssystem eine perfekte Grundlage f\u00fcr den Einstieg in den digitalen Ticket- und Gutscheinverkauf f\u00fcr kleine bzw. mittlere Unternehmen, die ihre Prozesse auf einfache und kosteneffiziente Weise optimieren wollen. \r\n<br><\/br>\r\nOb Verkauf \u00fcber die eigene Website, \u00fcber Social-Media-Plattformen oder die direkte Vermarktung \u00fcber angeschlossene Vertriebskan\u00e4le. <br><\/br>\r\nVon der Erstellung entsprechender Angebote, der Planung von Terminen bis zur Einbindung auf der eigenen Homepage \u2013 alle Vorg\u00e4nge sind intuitiv und ohne Vorkenntnisse in kurzer Zeit erledigt. Und mit der \u00fcbersichtlichen Verwaltung hast du immer alles im Blick, kannst deinen Umsatz optimieren und ganz nebenbei auch die Buchhaltung vorbereiten.\r\n            <\/p>\n                    <\/div>\n    <\/div>\n<\/section>\n<style>\n    .smb__solution__logos {\n        display: grid;\n        grid-template-columns: 1fr 1fr 1fr;\n        align-items: center;\n        gap: 25px;\n        margin-top: 5rem;\n    }\n    @media ( max-width: 768px ) {\n        .smb__solution__logos {\n            grid-template-columns: 1fr 1fr;        \n        }\n    }\n    .smb__solution_logo {\n        display: flex;\n        justify-content: center;\n        align-items: center;\n    }\n    .smb__solution__logos img {\n        width: 70%;\n    }\n<\/style>\n<script>\n    \/\/ Get all elements with the class keep_square\n    const squareElements = document.querySelectorAll('.keep_square');\n\n    \/\/ Function to keep elements as a square\n    function keepSquare(element) {\n        \/\/ Get the width of the element\n        const width = element.offsetWidth;\n        \n        \/\/ Set the height of the element to match the width\n        element.style.height = `${width}px`;\n    }\n\n    \/\/ Add event listener to window resize\n    window.addEventListener('resize', () => {\n        \/\/ Loop through each element and keep it as a square\n        squareElements.forEach((element) => {\n            keepSquare(element);\n        });\n    });\n\n    \/\/ Initialize the elements as squares\n    squareElements.forEach((element) => {\n        keepSquare(element);\n    });\n<\/script>\n\n\n<section id=\"smb-customers-block_60d4525c57f2e\" class=\"smb__customers smb-customers-block\" style=\"\">\n    <div class=\"container\">\n        <h2 class=\"h2 title-blue title-blue--center\">\n            Werde einer unserer gl\u00fccklichen Kunden:        <\/h2>\n                <div class=\"splide splide_small splide__tips \n        \">\n            <div class=\"splide__track\">\n                <ul class=\"splide__list\">\n                                \n                                                                \n                            <li class=\"splide__slide single\">\n                                <div class=\"single__img\">     \n                                                                   \n                                    <a   target=\"\">\n                                        <img decoding=\"async\" src=\"https:\/\/bookingkit.com\/wp-content\/uploads\/2025\/10\/munsterbus.jpeg\" alt=\"customer\">\n                                    <\/a>                                    \n                                <\/div>\n                            <\/li>               \n                                                                \n                            <li class=\"splide__slide single\">\n                                <div class=\"single__img\">     \n                                                                   \n                                    <a   target=\"\">\n                                        <img decoding=\"async\" src=\"https:\/\/bookingkit.com\/wp-content\/uploads\/2022\/10\/logo-parco-di-pinocchio-collodi-2-scaled.jpg\" alt=\"customer\">\n                                    <\/a>                                    \n                                <\/div>\n                            <\/li>               \n                                                                \n                            <li class=\"splide__slide single\">\n                                <div class=\"single__img\">     \n                                                                   \n                                    <a   target=\"\">\n                                        <img decoding=\"async\" src=\"https:\/\/bookingkit.com\/wp-content\/uploads\/2025\/10\/tirolerabend.jpeg\" alt=\"customer\">\n                                    <\/a>                                    \n                                <\/div>\n                            <\/li>               \n                                                                \n                            <li class=\"splide__slide single\">\n                                <div class=\"single__img\">     \n                                                                   \n                                    <a   target=\"\">\n                                        <img decoding=\"async\" src=\"https:\/\/bookingkit.com\/wp-content\/uploads\/2021\/07\/Hafencity-Riverbus@2x.png\" alt=\"customer\">\n                                    <\/a>                                    \n                                <\/div>\n                            <\/li>               \n                                                                \n                            <li class=\"splide__slide single\">\n                                <div class=\"single__img\">     \n                                                                   \n                                    <a   target=\"\">\n                                        <img decoding=\"async\" src=\"https:\/\/bookingkit.com\/wp-content\/uploads\/2021\/07\/Air-Service-Berlin@2x.png\" alt=\"customer\">\n                                    <\/a>                                    \n                                <\/div>\n                            <\/li>               \n                                                               \n                <\/ul>\n            <\/div>\n        <\/div>\n    <\/div>\n<\/section>\n\n\n<section id=\"smb-benefits-block_60d4527d57f31\" class=\"smb__benefits smb-benefits-block\">\n    <div class=\"container l-r\">\n        <div class=\"l-r__first l-r__right\">\n            <img decoding=\"async\" src=\"https:\/\/bookingkit.com\/wp-content\/uploads\/2021\/06\/shop_order-1.gif\" alt=\"benefits\">\n        <\/div>\n        <div class=\"l-r__second l-r__left l-r__center\">\n            <h3 class=\"h3\"><b>\n                Der perfekte Digitalisierungsschub f\u00fcr deinen Ticketverkauf              <\/b><\/h3>\n            <p>\n                Entdecke jetzt die wichtigsten Vorteile von bookingkit f\u00fcr dein Gesch\u00e4ft mit Touren, Aktivit\u00e4ten und Attraktionen!            <\/p>                    \n        <\/div>\n    <\/div>\n    <div class=\"container\">\n        <div class=\"benefits-con\">\n                        \n                                                        \n                    <article>\n                        <div>\n                            <img decoding=\"async\" src=\"https:\/\/bookingkit.com\/wp-content\/uploads\/2021\/06\/Easy-set-up.svg\" alt=\"icon\">\n                            <h5 class=\"h5\">Schnelle &#038; einfache Einrichtung <\/h5>\n                        <\/div>\n                        <p>\n                            Bring deinen Ticketverkauf ins Netz und werde 24\/7 von \u00fcberall auf der Welt aus direkt buchbar \u2013 mit unserem Conversion-optimierten Checkout.                        <\/p>\n                    <\/article>\n                                                        \n                    <article>\n                        <div>\n                            <img decoding=\"async\" src=\"https:\/\/bookingkit.com\/wp-content\/uploads\/2021\/06\/HP-_grow-your-reach-A.svg\" alt=\"icon\">\n                            <h5 class=\"h5\">Erh\u00f6hen deine Reichweite<\/h5>\n                        <\/div>\n                        <p>\n                            Vermarkte dein Erlebnis auf den wichtigsten regionalen &#038; internationalen Vermarktungskan\u00e4len, zentral verwaltet \u00fcber dein bookingkit und aktiviert in wenigen einfachen Schritten.                        <\/p>\n                    <\/article>\n                                                        \n                    <article>\n                        <div>\n                            <img decoding=\"async\" src=\"https:\/\/bookingkit.com\/wp-content\/uploads\/2021\/06\/set2_resource-mgmt-1.svg\" alt=\"icon\">\n                            <h5 class=\"h5\">Intuitives Buchungsmanagement<\/h5>\n                        <\/div>\n                        <p>\n                            Verfolge alle Buchungen und Transaktionen direkt in deinem bookingkit und synchronisiere deine freien Kapazit\u00e4ten automatisch \u00fcber alle Kalender und Marketingkan\u00e4le                         <\/p>\n                    <\/article>\n                                    <\/div>\n    <\/div>\n<\/section>\n\n\n<section id=\"smb-happy-customers-block_60d452a057f33\" class=\"smb__happy-customers smb-happy-customers-block\" style=\"\">\n    <div class=\"container\">\n        <h2 class=\"h2 title-blue\">\n            Was unser zufriedenen Kunden \u00fcber bookingkit sagen:        <\/h2>\n        <div class=\"l-r\">\n            <div class=\"splide l-r__right\" id=\"splide-customers__top\">\n                <div class=\"splide__track\">\n                    <ul class=\"splide__list\">\n                                    \n                                                                    \n                                <li class=\"splide__slide single\">\n                                    <div>\n                                        <h5 class=\"h5\"><b>\n                                            &#8222;Dank bookingkit k\u00f6nnen wir alle unsere Brauereif\u00fchrungen mit voller Kapazit\u00e4t anbieten, was gro\u00dfartig ist und unsere Ums\u00e4tze steigen l\u00e4sst!                                        <\/b><\/h5>\n                                        <p>\n                                            bookingkit hat uns vor allem dadurch geholfen, dass wir uns nicht mit jeder Marketingplattform einzeln per API verbinden m\u00fcssen, sondern nur eine API ben\u00f6tigen, um uns mit bookingkit zu verbinden. Das spart uns Zeit und Geld, und alles ist automatisiert, sodass die manuelle Arbeit wegf\u00e4llt. Wir freuen uns auf die weitere Zusammenarbeit und die Ausweitung auf neue Marketingkan\u00e4le und M\u00e4rkte!&#8220;\r\n                                        <\/p>\n                                        <h5 class=\"h5\"><b>\n                                            \u0160imon Lu\u0148\u00e1k                                        <\/b><\/h5>\n                                        <p>\n                                            Marketingleiter C&#038;H Department, Plze\u0148sk\u00fd Prazdroj                                        <\/p>\n                                    <\/div>\n                                    <div>\n                                        <a \n                                                                                target=\"\">\n                                        <img decoding=\"async\" src=\"https:\/\/bookingkit.com\/wp-content\/uploads\/2024\/01\/prazdroj.png\" alt=\"customer\">\n                                        <\/a>\n                                    <\/div>\n                                <\/li>\n                                                                  \n                                                                            \n                    <\/ul>\n                <\/div>\n            <\/div>                \n            \n        <\/div>\n                    <a href=\"https:\/\/bookingkit.com\/de\/produktpraesentation\/\" class=\"button book-a-demo\" target=\"_blank\" rel=\"noopener noreferrer\">Buche Eine Demo<\/a>\n            <\/div>\n<\/section>\n\n\n<section id=\"smb-bottom-block_60d452e657f37\" class=\"smb__bottom smb-bottom-block\">\n    <div class=\"container\">\n        <h2 class=\"h2 title-blue title-blue--center\">\n            Auf der Suche nach einer Enterprise-L\u00f6sung?        <\/h2>\n        <h4 class=\"h4\">\n            F\u00fcr gr\u00f6\u00dfere Betreiber bieten wir eine breite Palette an zus\u00e4tzlichen Funktionen, Integrationen und Anpassungsm\u00f6glichkeiten!        <\/h4>\n                    <a href=\"https:\/\/bookingkit.com\/de\/grosse-betreiber\/\" target=\"\" class=\"button button--mono\">\n                <p>\n                    Mehr Erfahren                <\/p>\n            <\/a>\n            <\/div>\n<\/section>","protected":false},"excerpt":{"rendered":"","protected":false},"author":1,"featured_media":4446460,"parent":0,"menu_order":0,"comment_status":"closed","ping_status":"closed","template":"","meta":{"_et_pb_use_builder":"","_et_pb_old_content":"","_et_gb_content_width":"","inline_featured_image":false,"footnotes":""},"class_list":["post-4447945","page","type-page","status-publish","has-post-thumbnail","hentry"],"yoast_head":"<!-- This site is optimized with the Yoast SEO plugin v26.7 - https:\/\/yoast.com\/wordpress\/plugins\/seo\/ -->\n<title>Kleine &amp; mittlere Anbieter - bookingkit I Buchungsl\u00f6sung f\u00fcr KMUs - bookingkit I Buchungsl\u00f6sung f\u00fcr KMUs<\/title>\n<meta name=\"description\" content=\"bookingkit ist perfekt f\u00fcr kleine und mittelst\u00e4ndische Unternehmen, die ihre Direktbuchungen steigern und ihre Abl\u00e4ufe optimieren m\u00f6chten.\" \/>\n<meta name=\"robots\" content=\"index, follow, max-snippet:-1, max-image-preview:large, max-video-preview:-1\" \/>\n<link rel=\"canonical\" href=\"https:\/\/bookingkit.com\/de\/kleine-mittlere-anbieter\/\" \/>\n<meta property=\"og:locale\" content=\"de_DE\" \/>\n<meta property=\"og:type\" content=\"article\" \/>\n<meta property=\"og:title\" content=\"Kleine &amp; mittlere Anbieter - bookingkit I Buchungsl\u00f6sung f\u00fcr KMUs - bookingkit I Buchungsl\u00f6sung f\u00fcr KMUs\" \/>\n<meta property=\"og:description\" content=\"bookingkit ist perfekt f\u00fcr kleine und mittelst\u00e4ndische Unternehmen, die ihre Direktbuchungen steigern und ihre Abl\u00e4ufe optimieren m\u00f6chten.\" \/>\n<meta property=\"og:url\" content=\"https:\/\/bookingkit.com\/de\/kleine-mittlere-anbieter\/\" \/>\n<meta property=\"og:site_name\" content=\"bookingkit\" \/>\n<meta property=\"article:modified_time\" content=\"2025-10-13T16:47:43+00:00\" \/>\n<meta property=\"og:image\" content=\"https:\/\/bookingkit.com\/wp-content\/uploads\/2021\/06\/header_1392193994-scaled.jpg\" \/>\n\t<meta property=\"og:image:width\" content=\"2560\" \/>\n\t<meta property=\"og:image:height\" content=\"1707\" \/>\n\t<meta property=\"og:image:type\" content=\"image\/jpeg\" \/>\n<meta name=\"twitter:card\" content=\"summary_large_image\" \/>\n<script type=\"application\/ld+json\" class=\"yoast-schema-graph\">{\"@context\":\"https:\/\/schema.org\",\"@graph\":[{\"@type\":\"WebPage\",\"@id\":\"https:\/\/bookingkit.com\/de\/kleine-mittlere-anbieter\/\",\"url\":\"https:\/\/bookingkit.com\/de\/kleine-mittlere-anbieter\/\",\"name\":\"Kleine & mittlere Anbieter - bookingkit I Buchungsl\u00f6sung f\u00fcr KMUs - bookingkit I Buchungsl\u00f6sung f\u00fcr KMUs\",\"isPartOf\":{\"@id\":\"https:\/\/bookingkit.com\/#website\"},\"primaryImageOfPage\":{\"@id\":\"https:\/\/bookingkit.com\/de\/kleine-mittlere-anbieter\/#primaryimage\"},\"image\":{\"@id\":\"https:\/\/bookingkit.com\/de\/kleine-mittlere-anbieter\/#primaryimage\"},\"thumbnailUrl\":\"https:\/\/bookingkit.com\/wp-content\/uploads\/2021\/06\/header_1392193994-scaled.jpg\",\"datePublished\":\"2021-05-10T01:38:08+00:00\",\"dateModified\":\"2025-10-13T16:47:43+00:00\",\"description\":\"bookingkit ist perfekt f\u00fcr kleine und mittelst\u00e4ndische Unternehmen, die ihre Direktbuchungen steigern und ihre Abl\u00e4ufe optimieren m\u00f6chten.\",\"breadcrumb\":{\"@id\":\"https:\/\/bookingkit.com\/de\/kleine-mittlere-anbieter\/#breadcrumb\"},\"inLanguage\":\"de-DE\",\"potentialAction\":[{\"@type\":\"ReadAction\",\"target\":[\"https:\/\/bookingkit.com\/de\/kleine-mittlere-anbieter\/\"]}]},{\"@type\":\"ImageObject\",\"inLanguage\":\"de-DE\",\"@id\":\"https:\/\/bookingkit.com\/de\/kleine-mittlere-anbieter\/#primaryimage\",\"url\":\"https:\/\/bookingkit.com\/wp-content\/uploads\/2021\/06\/header_1392193994-scaled.jpg\",\"contentUrl\":\"https:\/\/bookingkit.com\/wp-content\/uploads\/2021\/06\/header_1392193994-scaled.jpg\",\"width\":2560,\"height\":1707,\"caption\":\"Waitress Serving Group Of Friends Beer Tasting In Bar\"},{\"@type\":\"BreadcrumbList\",\"@id\":\"https:\/\/bookingkit.com\/de\/kleine-mittlere-anbieter\/#breadcrumb\",\"itemListElement\":[{\"@type\":\"ListItem\",\"position\":1,\"name\":\"Home\",\"item\":\"https:\/\/bookingkit.com\/de\/\"},{\"@type\":\"ListItem\",\"position\":2,\"name\":\"Kleine &#038; mittlere Anbieter &#8211; bookingkit I Buchungsl\u00f6sung f\u00fcr KMUs\"}]},{\"@type\":\"WebSite\",\"@id\":\"https:\/\/bookingkit.com\/#website\",\"url\":\"https:\/\/bookingkit.com\/\",\"name\":\"bookingkit\",\"description\":\"Booking Software for Tours &amp; Attractions\",\"potentialAction\":[{\"@type\":\"SearchAction\",\"target\":{\"@type\":\"EntryPoint\",\"urlTemplate\":\"https:\/\/bookingkit.com\/?s={search_term_string}\"},\"query-input\":{\"@type\":\"PropertyValueSpecification\",\"valueRequired\":true,\"valueName\":\"search_term_string\"}}],\"inLanguage\":\"de-DE\"}]}<\/script>\n<!-- \/ Yoast SEO plugin. -->","yoast_head_json":{"title":"Kleine & mittlere Anbieter - bookingkit I Buchungsl\u00f6sung f\u00fcr KMUs - bookingkit I Buchungsl\u00f6sung f\u00fcr KMUs","description":"bookingkit ist perfekt f\u00fcr kleine und mittelst\u00e4ndische Unternehmen, die ihre Direktbuchungen steigern und ihre Abl\u00e4ufe optimieren m\u00f6chten.","robots":{"index":"index","follow":"follow","max-snippet":"max-snippet:-1","max-image-preview":"max-image-preview:large","max-video-preview":"max-video-preview:-1"},"canonical":"https:\/\/bookingkit.com\/de\/kleine-mittlere-anbieter\/","og_locale":"de_DE","og_type":"article","og_title":"Kleine & mittlere Anbieter - bookingkit I Buchungsl\u00f6sung f\u00fcr KMUs - bookingkit I Buchungsl\u00f6sung f\u00fcr KMUs","og_description":"bookingkit ist perfekt f\u00fcr kleine und mittelst\u00e4ndische Unternehmen, die ihre Direktbuchungen steigern und ihre Abl\u00e4ufe optimieren m\u00f6chten.","og_url":"https:\/\/bookingkit.com\/de\/kleine-mittlere-anbieter\/","og_site_name":"bookingkit","article_modified_time":"2025-10-13T16:47:43+00:00","og_image":[{"width":2560,"height":1707,"url":"https:\/\/bookingkit.com\/wp-content\/uploads\/2021\/06\/header_1392193994-scaled.jpg","type":"image\/jpeg"}],"twitter_card":"summary_large_image","schema":{"@context":"https:\/\/schema.org","@graph":[{"@type":"WebPage","@id":"https:\/\/bookingkit.com\/de\/kleine-mittlere-anbieter\/","url":"https:\/\/bookingkit.com\/de\/kleine-mittlere-anbieter\/","name":"Kleine & mittlere Anbieter - bookingkit I Buchungsl\u00f6sung f\u00fcr KMUs - bookingkit I Buchungsl\u00f6sung f\u00fcr KMUs","isPartOf":{"@id":"https:\/\/bookingkit.com\/#website"},"primaryImageOfPage":{"@id":"https:\/\/bookingkit.com\/de\/kleine-mittlere-anbieter\/#primaryimage"},"image":{"@id":"https:\/\/bookingkit.com\/de\/kleine-mittlere-anbieter\/#primaryimage"},"thumbnailUrl":"https:\/\/bookingkit.com\/wp-content\/uploads\/2021\/06\/header_1392193994-scaled.jpg","datePublished":"2021-05-10T01:38:08+00:00","dateModified":"2025-10-13T16:47:43+00:00","description":"bookingkit ist perfekt f\u00fcr kleine und mittelst\u00e4ndische Unternehmen, die ihre Direktbuchungen steigern und ihre Abl\u00e4ufe optimieren m\u00f6chten.","breadcrumb":{"@id":"https:\/\/bookingkit.com\/de\/kleine-mittlere-anbieter\/#breadcrumb"},"inLanguage":"de-DE","potentialAction":[{"@type":"ReadAction","target":["https:\/\/bookingkit.com\/de\/kleine-mittlere-anbieter\/"]}]},{"@type":"ImageObject","inLanguage":"de-DE","@id":"https:\/\/bookingkit.com\/de\/kleine-mittlere-anbieter\/#primaryimage","url":"https:\/\/bookingkit.com\/wp-content\/uploads\/2021\/06\/header_1392193994-scaled.jpg","contentUrl":"https:\/\/bookingkit.com\/wp-content\/uploads\/2021\/06\/header_1392193994-scaled.jpg","width":2560,"height":1707,"caption":"Waitress Serving Group Of Friends Beer Tasting In Bar"},{"@type":"BreadcrumbList","@id":"https:\/\/bookingkit.com\/de\/kleine-mittlere-anbieter\/#breadcrumb","itemListElement":[{"@type":"ListItem","position":1,"name":"Home","item":"https:\/\/bookingkit.com\/de\/"},{"@type":"ListItem","position":2,"name":"Kleine &#038; mittlere Anbieter &#8211; bookingkit I Buchungsl\u00f6sung f\u00fcr KMUs"}]},{"@type":"WebSite","@id":"https:\/\/bookingkit.com\/#website","url":"https:\/\/bookingkit.com\/","name":"bookingkit","description":"Booking Software for Tours &amp; Attractions","potentialAction":[{"@type":"SearchAction","target":{"@type":"EntryPoint","urlTemplate":"https:\/\/bookingkit.com\/?s={search_term_string}"},"query-input":{"@type":"PropertyValueSpecification","valueRequired":true,"valueName":"search_term_string"}}],"inLanguage":"de-DE"}]}},"_links":{"self":[{"href":"https:\/\/bookingkit.com\/de\/wp-json\/wp\/v2\/pages\/4447945","targetHints":{"allow":["GET"]}}],"collection":[{"href":"https:\/\/bookingkit.com\/de\/wp-json\/wp\/v2\/pages"}],"about":[{"href":"https:\/\/bookingkit.com\/de\/wp-json\/wp\/v2\/types\/page"}],"author":[{"embeddable":true,"href":"https:\/\/bookingkit.com\/de\/wp-json\/wp\/v2\/users\/1"}],"replies":[{"embeddable":true,"href":"https:\/\/bookingkit.com\/de\/wp-json\/wp\/v2\/comments?post=4447945"}],"version-history":[{"count":33,"href":"https:\/\/bookingkit.com\/de\/wp-json\/wp\/v2\/pages\/4447945\/revisions"}],"predecessor-version":[{"id":4478012,"href":"https:\/\/bookingkit.com\/de\/wp-json\/wp\/v2\/pages\/4447945\/revisions\/4478012"}],"wp:featuredmedia":[{"embeddable":true,"href":"https:\/\/bookingkit.com\/de\/wp-json\/wp\/v2\/media\/4446460"}],"wp:attachment":[{"href":"https:\/\/bookingkit.com\/de\/wp-json\/wp\/v2\/media?parent=4447945"}],"curies":[{"name":"wp","href":"https:\/\/api.w.org\/{rel}","templated":true}]}}