{"id":4447963,"date":"2021-07-15T12:22:36","date_gmt":"2021-07-15T12:22:36","guid":{"rendered":"http:\/\/bookingkit.com\/enterprise\/"},"modified":"2025-10-13T16:51:54","modified_gmt":"2025-10-13T16:51:54","slug":"grosse-betreiber","status":"publish","type":"page","link":"https:\/\/bookingkit.com\/de\/grosse-betreiber\/","title":{"rendered":"Enterprise &#8211; bookingkit I Buchungssuite f\u00fcr gr\u00f6\u00dfere multinationale Anbieter"},"content":{"rendered":"\n<section id=\"smb-solution-block_60ebf46a59a71\" class=\"smb__solution smb-solution-block\">\n    <div class=\"container l-r\">\n        <div class=\"l-r__first l-r__right\">\n            <img decoding=\"async\" src=\"https:\/\/bookingkit.com\/wp-content\/uploads\/2021\/07\/Established.png\" alt=\"solution\">\n        <\/div>\n        <div class=\"l-r__second l-r__left\">\n            <h1 class=\"h1 title-blue title-blue--black title-blue--left\">\n                Etabliert, innovativ und State-of-the-Art:             <\/h1>\n            <h3 class=\"h3\">\n                Ein Fundament f\u00fcr deine Wachstumsstrategie                \n            <\/h3>\n            <p>\n                bookingkit bietet Unternehmen aus dem Touren-, Attraktionen- und Aktivit\u00e4ten-Sektor mit seiner professionellen Software einen robusten und gleichzeitig agilen Rahmen zur Entwicklung ihres digitalen Ticketvertriebs.\r\n<br><\/br>\r\nNeben der nahtlosen Integration mit bestehenden eigenen Verkaufskan\u00e4len, Zugangssystemen, Zahlungsmethoden und CRM-Systemen bietet bookingkit vor allem ein dynamisch wachsendes Verkaufsnetzwerk mit den wichtigsten internationalen OTA-Plattformen und damit Zugang zu mehr als 360 Millionen potentiellen Kunden jeden Monat.\r\n<br><\/br>\r\nbookingkit vereint zudem s\u00e4mtliche Sph\u00e4ren m\u00f6glicher Ticketverk\u00e4ufe unter einer Oberfl\u00e4che \u2013 von On\/Off Site, \u00fcber On\/Offline bis hin neuen oder bereits etablierten Reseller-Strukturen.\r\n            <\/p>\n                    <\/div>\n    <\/div>\n<\/section>\n<style>\n    .smb__solution__logos {\n        display: grid;\n        grid-template-columns: 1fr 1fr 1fr;\n        align-items: center;\n        gap: 25px;\n        margin-top: 5rem;\n    }\n    @media ( max-width: 768px ) {\n        .smb__solution__logos {\n            grid-template-columns: 1fr 1fr;        \n        }\n    }\n    .smb__solution_logo {\n        display: flex;\n        justify-content: center;\n        align-items: center;\n    }\n    .smb__solution__logos img {\n        width: 70%;\n    }\n<\/style>\n<script>\n    \/\/ Get all elements with the class keep_square\n    const squareElements = document.querySelectorAll('.keep_square');\n\n    \/\/ Function to keep elements as a square\n    function keepSquare(element) {\n        \/\/ Get the width of the element\n        const width = element.offsetWidth;\n        \n        \/\/ Set the height of the element to match the width\n        element.style.height = `${width}px`;\n    }\n\n    \/\/ Add event listener to window resize\n    window.addEventListener('resize', () => {\n        \/\/ Loop through each element and keep it as a square\n        squareElements.forEach((element) => {\n            keepSquare(element);\n        });\n    });\n\n    \/\/ Initialize the elements as squares\n    squareElements.forEach((element) => {\n        keepSquare(element);\n    });\n<\/script>\n\n\n<section id=\"smb-customers-block_60ebf47859a72\" class=\"smb__customers smb-customers-block\" style=\"\">\n    <div class=\"container\">\n        <h2 class=\"h2 title-blue title-blue--center\">\n            Diese Unternehmen vertrauen auf bookingkit:        <\/h2>\n                <div class=\"splide splide_small splide__tips \n        \">\n            <div class=\"splide__track\">\n                <ul class=\"splide__list\">\n                                \n                                                                \n                            <li class=\"splide__slide single\">\n                                <div class=\"single__img\">     \n                                                                   \n                                    <a   target=\"\">\n                                        <img decoding=\"async\" src=\"https:\/\/bookingkit.com\/wp-content\/uploads\/2021\/07\/logo_zoo-koln.png\" alt=\"customer\">\n                                    <\/a>                                    \n                                <\/div>\n                            <\/li>               \n                                                                \n                            <li class=\"splide__slide single\">\n                                <div class=\"single__img\">     \n                                                                   \n                                    <a   target=\"\">\n                                        <img decoding=\"async\" src=\"https:\/\/bookingkit.com\/wp-content\/uploads\/2025\/02\/sm.png\" alt=\"customer\">\n                                    <\/a>                                    \n                                <\/div>\n                            <\/li>               \n                                                                \n                            <li class=\"splide__slide single\">\n                                <div class=\"single__img\">     \n                                                                   \n                                    <a   target=\"\">\n                                        <img decoding=\"async\" src=\"https:\/\/bookingkit.com\/wp-content\/uploads\/2021\/07\/Swarowski-copy.png\" alt=\"customer\">\n                                    <\/a>                                    \n                                <\/div>\n                            <\/li>               \n                                                                \n                            <li class=\"splide__slide single\">\n                                <div class=\"single__img\">     \n                                                                   \n                                    <a   target=\"\">\n                                        <img decoding=\"async\" src=\"https:\/\/bookingkit.com\/wp-content\/uploads\/2021\/07\/Movie-Park@2x.png\" alt=\"customer\">\n                                    <\/a>                                    \n                                <\/div>\n                            <\/li>               \n                                                                \n                            <li class=\"splide__slide single\">\n                                <div class=\"single__img\">     \n                                                                   \n                                    <a   target=\"\">\n                                        <img decoding=\"async\" src=\"https:\/\/bookingkit.com\/wp-content\/uploads\/2025\/10\/Download.png\" alt=\"customer\">\n                                    <\/a>                                    \n                                <\/div>\n                            <\/li>               \n                                                               \n                <\/ul>\n            <\/div>\n        <\/div>\n    <\/div>\n<\/section>\n\n\n<section id=\"feature-growth-block_60ebf4c959a73\" class=\"post-feature__growth feature-growth\">\n    <div class=\"container l-r\">\n        <div class=\"l-r__first l-r__left\">\n            <img loading=\"lazy\" decoding=\"async\" width=\"691\" height=\"319\" src=\"https:\/\/bookingkit.com\/wp-content\/uploads\/2021\/07\/shutterstock_1609261321-e1626881049341.jpg\" class=\"attachment-large size-large\" alt=\"AI Automation\" srcset=\"https:\/\/bookingkit.com\/wp-content\/uploads\/2021\/07\/shutterstock_1609261321-e1626881049341.jpg 691w, https:\/\/bookingkit.com\/wp-content\/uploads\/2021\/07\/shutterstock_1609261321-e1626881049341-300x138.jpg 300w\" sizes=\"auto, (max-width: 691px) 100vw, 691px\" \/>        <\/div>\n        <div class=\"l-r__second l-r__right l-r__center\">\n                    <h3 class=\"h3\"><b>\n                Kompetenzen vereinen, Synergien entwickeln            <\/b><\/h3>\n                                    <p>\n                Erfahre mehr \u00fcber die wichtigsten Vorteile eines bookingkit Enterprise-Projektes f\u00fcr dein Gesch\u00e4ft mit Touren, Aktivit\u00e4ten und Attraktionen!            <\/p>\n                    <\/div>\n    <\/div>\n    <div class=\"container\">\n                        <div class=\"feature feature--expandable \n                \">\n            <div class=\"feature__top\">\n                <img decoding=\"async\" src=\"https:\/\/bookingkit.com\/wp-content\/uploads\/2021\/07\/Fast-implementation-and-integration-into-existing-systems.svg\" alt=\"\">\n                <img decoding=\"async\" class=\"arrow\" src=\"https:\/\/bookingkit.com\/wp-content\/themes\/bookingkit\/dist\/img\/guides\/arrow.svg\" alt=\"\">\n            <\/div>\n            <div class=\"feature__bottom\">\n                <p>\n                    Schnelle Umsetzung und Integration in bestehende Systeme\r\n                    <br><br>\n                                            Dank eines agilen Teams an hochqualifizierten Entwicklern sind wir in der Lage Enterprise-Projekte in k\u00fcrzester Zeit umzusetzen. Die bookingkit API ist dabei offen und flexibel genug, um das Buchungssystem mit vorhandenen L\u00f6sungen zusammenzuf\u00fchren. Dadurch entstehen technische und gestalterische Freir\u00e4ume sowie messbare Synergieeffekte.                                    <\/p>\n                <img decoding=\"async\" class=\"arrow\" src=\"https:\/\/bookingkit.com\/wp-content\/themes\/bookingkit\/dist\/img\/guides\/arrow.svg\" alt=\"\">\n            <\/div>\n        <\/div>\n                <div class=\"feature feature--expandable \n                \">\n            <div class=\"feature__top\">\n                <img decoding=\"async\" src=\"https:\/\/bookingkit.com\/wp-content\/uploads\/2021\/07\/Consolidation-of-all-sales-channels.svg\" alt=\"\">\n                <img decoding=\"async\" class=\"arrow\" src=\"https:\/\/bookingkit.com\/wp-content\/themes\/bookingkit\/dist\/img\/guides\/arrow.svg\" alt=\"\">\n            <\/div>\n            <div class=\"feature__bottom\">\n                <p>\n                    Zusammenf\u00fchrung aller Verkaufskan\u00e4le in einer zentralen Buchungs\u00fcbersicht                    <br><br>\n                                            Unabh\u00e4ngig von der Quelle einer Ticketbuchung, ob online unterwegs, vor Ort am Schalter, im Reiseb\u00fcro oder bei einem angeschlossenen Reseller, f\u00fchrt bookingkit alle vorhandenen Vorg\u00e4nge in einem zentralen Dashboard zusammen \u2013 optimal etwa f\u00fcr das Controlling, die Analyse von Besucherstr\u00f6men, Kapazit\u00e4ts-Management oder Kontaktnachverfolgung.                                    <\/p>\n                <img decoding=\"async\" class=\"arrow\" src=\"https:\/\/bookingkit.com\/wp-content\/themes\/bookingkit\/dist\/img\/guides\/arrow.svg\" alt=\"\">\n            <\/div>\n        <\/div>\n                <div class=\"feature feature--expandable \n                \">\n            <div class=\"feature__top\">\n                <img decoding=\"async\" src=\"https:\/\/bookingkit.com\/wp-content\/uploads\/2021\/07\/Comprehensive-ticket-validation-and-admission-control-options.svg\" alt=\"\">\n                <img decoding=\"async\" class=\"arrow\" src=\"https:\/\/bookingkit.com\/wp-content\/themes\/bookingkit\/dist\/img\/guides\/arrow.svg\" alt=\"\">\n            <\/div>\n            <div class=\"feature__bottom\">\n                <p>\n                    Umfassende M\u00f6glichkeiten der Ticketvalidierung und Einlasskontrolle                    <br><br>\n                                            bookingkit integriert sich in alle g\u00e4ngigen Zugangssysteme, bietet dir so eine Echtzeitansicht deiner Verf\u00fcgbarkeiten und synchronisiert automatisch freie Kapazit\u00e4ten \u00fcber alle Marketingkan\u00e4le.                                    <\/p>\n                <img decoding=\"async\" class=\"arrow\" src=\"https:\/\/bookingkit.com\/wp-content\/themes\/bookingkit\/dist\/img\/guides\/arrow.svg\" alt=\"\">\n            <\/div>\n        <\/div>\n                <div class=\"feature feature--expandable \n                \">\n            <div class=\"feature__top\">\n                <img decoding=\"async\" src=\"https:\/\/bookingkit.com\/wp-content\/uploads\/2021\/07\/Sales-via-wide-reaching-marketing-platforms-and-own-reseller-network.svg\" alt=\"\">\n                <img decoding=\"async\" class=\"arrow\" src=\"https:\/\/bookingkit.com\/wp-content\/themes\/bookingkit\/dist\/img\/guides\/arrow.svg\" alt=\"\">\n            <\/div>\n            <div class=\"feature__bottom\">\n                <p>\n                    Verkauf \u00fcber reichweitenstarke Vermarktungsplattformen und eigenes Reseller-Netzwerk                    <br><br>\n                                            \u00dcber das bookingkit Vermarktungsnetzwerk erh\u00f6hen wir die Reichweite f\u00fcr jede Art Angebot auf regionale, nationale und internationale M\u00e4rkte. Mit Hilfe von bookingkit Reach geht bookingkit einen Schritt weiter und erm\u00f6glicht die Einbindung sowie Digitalisierung vorhandener bzw. den Aufbau neuer Reseller-Netzwerke \u2013 individuell mit voller Kontrolle seitens der Enterprise-Partner.                                     <\/p>\n                <img decoding=\"async\" class=\"arrow\" src=\"https:\/\/bookingkit.com\/wp-content\/themes\/bookingkit\/dist\/img\/guides\/arrow.svg\" alt=\"\">\n            <\/div>\n        <\/div>\n                <div class=\"feature feature--expandable \n                \">\n            <div class=\"feature__top\">\n                <img decoding=\"async\" src=\"https:\/\/bookingkit.com\/wp-content\/uploads\/2021\/07\/Robust-IT-infrastructure-highest-availability-and-data-security.svg\" alt=\"\">\n                <img decoding=\"async\" class=\"arrow\" src=\"https:\/\/bookingkit.com\/wp-content\/themes\/bookingkit\/dist\/img\/guides\/arrow.svg\" alt=\"\">\n            <\/div>\n            <div class=\"feature__bottom\">\n                <p>\n                    Robuste IT-Infrastruktur, h\u00f6chste Verf\u00fcgbarkeit und Datensicherheit                    <br><br>\n                                            Um den reibungslosen Umgang vor allem mit gr\u00f6\u00dferen Besuchergruppen st\u00f6rungsfrei zu gew\u00e4hrleisten, verf\u00fcgt bookingkit \u00fcber eine robuste und bew\u00e4hrte IT-Infrastruktur. Auch beim Umgang mit pers\u00f6nlichen Daten, insbesondere beim Zahlungsverkehr, von Endkunden l\u00e4sst das Systems keine Kompromisse zu und wendet die h\u00f6chsten Sicherheitsstandards an.                                     <\/p>\n                <img decoding=\"async\" class=\"arrow\" src=\"https:\/\/bookingkit.com\/wp-content\/themes\/bookingkit\/dist\/img\/guides\/arrow.svg\" alt=\"\">\n            <\/div>\n        <\/div>\n                    <\/div>\n<\/section>\n\n\n<section id=\"smb-bottom-block_60ebf61759a79\" class=\"smb__bottom smb-bottom-block\">\n    <div class=\"container\">\n        <h2 class=\"h2 title-blue title-blue--center\">\n            Du interessierst dich f\u00fcr unser Feature-Set?        <\/h2>\n        <h4 class=\"h4\">\n            Dann tauche ein in unsere umfangreiche Funktionsliste und erfahre mehr dar\u00fcber, wie du dein Unternehmen mit bookingkit weiter ausbauen kannst.        <\/h4>\n                    <a href=\"https:\/\/bookingkit.com\/de\/funktionen\/\" target=\"_blank\" class=\"button button--mono\">\n                <p>\n                    ENTDECKE ALLE FEATURES                <\/p>\n            <\/a>\n            <\/div>\n<\/section>","protected":false},"excerpt":{"rendered":"","protected":false},"author":3,"featured_media":4447179,"parent":0,"menu_order":0,"comment_status":"closed","ping_status":"closed","template":"","meta":{"_et_pb_use_builder":"","_et_pb_old_content":"","_et_gb_content_width":"","inline_featured_image":false,"footnotes":""},"class_list":["post-4447963","page","type-page","status-publish","has-post-thumbnail","hentry"],"yoast_head":"<!-- This site is optimized with the Yoast SEO plugin v26.7 - https:\/\/yoast.com\/wordpress\/plugins\/seo\/ -->\n<title>Enterprise - bookingkit I Buchungssuite f\u00fcr gr\u00f6\u00dfere multinationale Anbieter<\/title>\n<meta name=\"description\" content=\"Mit unseren Integrationen &amp; dem Zugang zu unserer API sind wir die perfekte Buchungssuite f\u00fcr multinationale Touren, Aktivit\u00e4ten &amp; Attraktionen\" \/>\n<meta name=\"robots\" content=\"index, follow, max-snippet:-1, max-image-preview:large, max-video-preview:-1\" \/>\n<link rel=\"canonical\" href=\"https:\/\/bookingkit.com\/de\/grosse-betreiber\/\" \/>\n<meta property=\"og:locale\" content=\"de_DE\" \/>\n<meta property=\"og:type\" content=\"article\" \/>\n<meta property=\"og:title\" content=\"Enterprise - bookingkit I Buchungssuite f\u00fcr gr\u00f6\u00dfere multinationale Anbieter\" \/>\n<meta property=\"og:description\" content=\"Mit unseren Integrationen &amp; dem Zugang zu unserer API sind wir die perfekte Buchungssuite f\u00fcr multinationale Touren, Aktivit\u00e4ten &amp; Attraktionen\" \/>\n<meta property=\"og:url\" content=\"https:\/\/bookingkit.com\/de\/grosse-betreiber\/\" \/>\n<meta property=\"og:site_name\" content=\"bookingkit\" \/>\n<meta property=\"article:modified_time\" content=\"2025-10-13T16:51:54+00:00\" \/>\n<meta property=\"og:image\" content=\"https:\/\/bookingkit.com\/wp-content\/uploads\/2021\/07\/header-scaled.jpg\" \/>\n\t<meta property=\"og:image:width\" content=\"2560\" \/>\n\t<meta property=\"og:image:height\" content=\"1707\" \/>\n\t<meta property=\"og:image:type\" content=\"image\/jpeg\" \/>\n<meta name=\"twitter:card\" content=\"summary_large_image\" \/>\n<script type=\"application\/ld+json\" class=\"yoast-schema-graph\">{\"@context\":\"https:\/\/schema.org\",\"@graph\":[{\"@type\":\"WebPage\",\"@id\":\"https:\/\/bookingkit.com\/de\/grosse-betreiber\/\",\"url\":\"https:\/\/bookingkit.com\/de\/grosse-betreiber\/\",\"name\":\"Enterprise - bookingkit I Buchungssuite f\u00fcr gr\u00f6\u00dfere multinationale Anbieter\",\"isPartOf\":{\"@id\":\"https:\/\/bookingkit.com\/#website\"},\"primaryImageOfPage\":{\"@id\":\"https:\/\/bookingkit.com\/de\/grosse-betreiber\/#primaryimage\"},\"image\":{\"@id\":\"https:\/\/bookingkit.com\/de\/grosse-betreiber\/#primaryimage\"},\"thumbnailUrl\":\"https:\/\/bookingkit.com\/wp-content\/uploads\/2021\/07\/header-scaled.jpg\",\"datePublished\":\"2021-07-15T12:22:36+00:00\",\"dateModified\":\"2025-10-13T16:51:54+00:00\",\"description\":\"Mit unseren Integrationen & dem Zugang zu unserer API sind wir die perfekte Buchungssuite f\u00fcr multinationale Touren, Aktivit\u00e4ten & Attraktionen\",\"breadcrumb\":{\"@id\":\"https:\/\/bookingkit.com\/de\/grosse-betreiber\/#breadcrumb\"},\"inLanguage\":\"de-DE\",\"potentialAction\":[{\"@type\":\"ReadAction\",\"target\":[\"https:\/\/bookingkit.com\/de\/grosse-betreiber\/\"]}]},{\"@type\":\"ImageObject\",\"inLanguage\":\"de-DE\",\"@id\":\"https:\/\/bookingkit.com\/de\/grosse-betreiber\/#primaryimage\",\"url\":\"https:\/\/bookingkit.com\/wp-content\/uploads\/2021\/07\/header-scaled.jpg\",\"contentUrl\":\"https:\/\/bookingkit.com\/wp-content\/uploads\/2021\/07\/header-scaled.jpg\",\"width\":2560,\"height\":1707},{\"@type\":\"BreadcrumbList\",\"@id\":\"https:\/\/bookingkit.com\/de\/grosse-betreiber\/#breadcrumb\",\"itemListElement\":[{\"@type\":\"ListItem\",\"position\":1,\"name\":\"Home\",\"item\":\"https:\/\/bookingkit.com\/de\/\"},{\"@type\":\"ListItem\",\"position\":2,\"name\":\"Enterprise &#8211; bookingkit I Buchungssuite f\u00fcr gr\u00f6\u00dfere multinationale Anbieter\"}]},{\"@type\":\"WebSite\",\"@id\":\"https:\/\/bookingkit.com\/#website\",\"url\":\"https:\/\/bookingkit.com\/\",\"name\":\"bookingkit\",\"description\":\"Booking Software for Tours &amp; Attractions\",\"potentialAction\":[{\"@type\":\"SearchAction\",\"target\":{\"@type\":\"EntryPoint\",\"urlTemplate\":\"https:\/\/bookingkit.com\/?s={search_term_string}\"},\"query-input\":{\"@type\":\"PropertyValueSpecification\",\"valueRequired\":true,\"valueName\":\"search_term_string\"}}],\"inLanguage\":\"de-DE\"}]}<\/script>\n<!-- \/ Yoast SEO plugin. -->","yoast_head_json":{"title":"Enterprise - bookingkit I Buchungssuite f\u00fcr gr\u00f6\u00dfere multinationale Anbieter","description":"Mit unseren Integrationen & dem Zugang zu unserer API sind wir die perfekte Buchungssuite f\u00fcr multinationale Touren, Aktivit\u00e4ten & Attraktionen","robots":{"index":"index","follow":"follow","max-snippet":"max-snippet:-1","max-image-preview":"max-image-preview:large","max-video-preview":"max-video-preview:-1"},"canonical":"https:\/\/bookingkit.com\/de\/grosse-betreiber\/","og_locale":"de_DE","og_type":"article","og_title":"Enterprise - bookingkit I Buchungssuite f\u00fcr gr\u00f6\u00dfere multinationale Anbieter","og_description":"Mit unseren Integrationen & dem Zugang zu unserer API sind wir die perfekte Buchungssuite f\u00fcr multinationale Touren, Aktivit\u00e4ten & Attraktionen","og_url":"https:\/\/bookingkit.com\/de\/grosse-betreiber\/","og_site_name":"bookingkit","article_modified_time":"2025-10-13T16:51:54+00:00","og_image":[{"width":2560,"height":1707,"url":"https:\/\/bookingkit.com\/wp-content\/uploads\/2021\/07\/header-scaled.jpg","type":"image\/jpeg"}],"twitter_card":"summary_large_image","schema":{"@context":"https:\/\/schema.org","@graph":[{"@type":"WebPage","@id":"https:\/\/bookingkit.com\/de\/grosse-betreiber\/","url":"https:\/\/bookingkit.com\/de\/grosse-betreiber\/","name":"Enterprise - bookingkit I Buchungssuite f\u00fcr gr\u00f6\u00dfere multinationale Anbieter","isPartOf":{"@id":"https:\/\/bookingkit.com\/#website"},"primaryImageOfPage":{"@id":"https:\/\/bookingkit.com\/de\/grosse-betreiber\/#primaryimage"},"image":{"@id":"https:\/\/bookingkit.com\/de\/grosse-betreiber\/#primaryimage"},"thumbnailUrl":"https:\/\/bookingkit.com\/wp-content\/uploads\/2021\/07\/header-scaled.jpg","datePublished":"2021-07-15T12:22:36+00:00","dateModified":"2025-10-13T16:51:54+00:00","description":"Mit unseren Integrationen & dem Zugang zu unserer API sind wir die perfekte Buchungssuite f\u00fcr multinationale Touren, Aktivit\u00e4ten & Attraktionen","breadcrumb":{"@id":"https:\/\/bookingkit.com\/de\/grosse-betreiber\/#breadcrumb"},"inLanguage":"de-DE","potentialAction":[{"@type":"ReadAction","target":["https:\/\/bookingkit.com\/de\/grosse-betreiber\/"]}]},{"@type":"ImageObject","inLanguage":"de-DE","@id":"https:\/\/bookingkit.com\/de\/grosse-betreiber\/#primaryimage","url":"https:\/\/bookingkit.com\/wp-content\/uploads\/2021\/07\/header-scaled.jpg","contentUrl":"https:\/\/bookingkit.com\/wp-content\/uploads\/2021\/07\/header-scaled.jpg","width":2560,"height":1707},{"@type":"BreadcrumbList","@id":"https:\/\/bookingkit.com\/de\/grosse-betreiber\/#breadcrumb","itemListElement":[{"@type":"ListItem","position":1,"name":"Home","item":"https:\/\/bookingkit.com\/de\/"},{"@type":"ListItem","position":2,"name":"Enterprise &#8211; bookingkit I Buchungssuite f\u00fcr gr\u00f6\u00dfere multinationale Anbieter"}]},{"@type":"WebSite","@id":"https:\/\/bookingkit.com\/#website","url":"https:\/\/bookingkit.com\/","name":"bookingkit","description":"Booking Software for Tours &amp; Attractions","potentialAction":[{"@type":"SearchAction","target":{"@type":"EntryPoint","urlTemplate":"https:\/\/bookingkit.com\/?s={search_term_string}"},"query-input":{"@type":"PropertyValueSpecification","valueRequired":true,"valueName":"search_term_string"}}],"inLanguage":"de-DE"}]}},"_links":{"self":[{"href":"https:\/\/bookingkit.com\/de\/wp-json\/wp\/v2\/pages\/4447963","targetHints":{"allow":["GET"]}}],"collection":[{"href":"https:\/\/bookingkit.com\/de\/wp-json\/wp\/v2\/pages"}],"about":[{"href":"https:\/\/bookingkit.com\/de\/wp-json\/wp\/v2\/types\/page"}],"author":[{"embeddable":true,"href":"https:\/\/bookingkit.com\/de\/wp-json\/wp\/v2\/users\/3"}],"replies":[{"embeddable":true,"href":"https:\/\/bookingkit.com\/de\/wp-json\/wp\/v2\/comments?post=4447963"}],"version-history":[{"count":21,"href":"https:\/\/bookingkit.com\/de\/wp-json\/wp\/v2\/pages\/4447963\/revisions"}],"predecessor-version":[{"id":4478022,"href":"https:\/\/bookingkit.com\/de\/wp-json\/wp\/v2\/pages\/4447963\/revisions\/4478022"}],"wp:featuredmedia":[{"embeddable":true,"href":"https:\/\/bookingkit.com\/de\/wp-json\/wp\/v2\/media\/4447179"}],"wp:attachment":[{"href":"https:\/\/bookingkit.com\/de\/wp-json\/wp\/v2\/media?parent=4447963"}],"curies":[{"name":"wp","href":"https:\/\/api.w.org\/{rel}","templated":true}]}}