{"id":4449523,"date":"2021-05-10T01:37:17","date_gmt":"2021-05-10T01:37:17","guid":{"rendered":"http:\/\/bookingkit.com\/partners-resellers\/"},"modified":"2025-01-20T17:57:47","modified_gmt":"2025-01-20T17:57:47","slug":"wiederverkaufer","status":"publish","type":"page","link":"https:\/\/bookingkit.com\/de\/wiederverkaufer\/","title":{"rendered":"Resellers &#8211; bookingkit I Wiederverk\u00e4ufer von Touren &#038; Aktivit\u00e4ten"},"content":{"rendered":"\n<section id=\"partners-power-block_60dae70a59e48\" class=\"partners-resellers__power partners-power-block\">\n    <div class=\"container l-r\">\n        <div class=\"l-r__first l-r__right\">\n        <img decoding=\"async\" src=\"https:\/\/bookingkit.com\/wp-content\/uploads\/2021\/07\/shutterstock_1609261321-e1626881049341.jpg\" alt=\"power\">\n        <\/div>\n        <div class=\"l-r__second l-r__left l-r__center\">\n            <h3 class=\"h3\"><b>\n                bookingkit reach: Dein Partnernetzwerk auf dem n\u00e4chsten Level            <\/b><\/h3>\n            <p>\n                Egal ob Hotel, Reiseb\u00fcro, Tourismus- oder Destinations-Management-Organisation, das Ziel ist immer das gleiche; Kunden den bestm\u00f6glichen Aufenthalt zu bescheren. Und das beinhaltet nat\u00fcrlich auch das Anbieten der besten Touren, Aktivit\u00e4ten und Attraktionen in deiner Region!            <\/p>\n        <\/div>\n    <\/div>\n    <div class=\"container\">\n        <ul class=\"check-list\">\n                        \n                                                     \n                    <li>\n                        <h5 class=\"h5\">Regionale Beziehungen st\u00e4rken  <\/h5>\n                        <p>F\u00f6rdere gewinnbringende Partnerschaften zwischen regionalen <\/p>\n                    <\/li>       \n                                                     \n                    <li>\n                        <h5 class=\"h5\">Neue Einnahmequellen nutzen<\/h5>\n                        <p>Neue und innovative Wege finden, um schnell Gewinne zu erzielen! <\/p>\n                    <\/li>       \n                                                     \n                    <li>\n                        <h5 class=\"h5\">Kundenerlebnis optimieren  <\/h5>\n                        <p>Stelle sicher, dass deine Kunden und Besucher das beste aus deiner Region herausholen!<\/p>\n                    <\/li>       \n                                    <\/ul>                \n    <\/div>\n<\/section> \n\n\n<section id=\"horizontal-spacer-block_65fc31ad93407\" class=\"horizontal-spacer horizontal-spacer-block\" style=\"\n    background-color: ;\n    height: 100px;\n    width: 100%;\n\">\n<\/section>\n\n\n<section id=\"partners-saas-block_60dae73359e4b\" class=\"partners-resellers__saas partners-saas-block\">\n    <div class=\"container l-r\">\n        <div class=\"l-r__first l-r__left\">\n            <img decoding=\"async\" src=\"https:\/\/bookingkit.com\/wp-content\/uploads\/2021\/07\/channel-manager.webp\" alt=\"saas\">\n        <\/div>\n        <div class=\"l-r__second l-r__right l-r__center\">\n            <h3 class=\"h3\"><b>\n                Eine neue \u00c4ra des Wiederverkaufens von Freizeiterlebnissen             <\/b><\/h3>\n            <p>Das Wiederverkaufen von Erlebnissen und Aktivit\u00e4ten \u00fcber das Telefon, E-Mail oder Fax, wie es in der Praxis noch h\u00e4ufig gemacht wird, st\u00f6rt in hohen Ma\u00dfen das operative Gesch\u00e4ft, ist zeitaufwendig und oft auch mit einem finanziellen Risiko verbunden.<br \/>\n<strong><br \/>\nbookingkit reach l\u00f6st diese Probleme.<\/strong><\/p>\n        <\/div>\n    <\/div>\n    <div class=\"container l-r\">\n        <div class=\"l-r__first l-r__right\">\n            <img decoding=\"async\" src=\"https:\/\/bookingkit.com\/wp-content\/uploads\/2021\/06\/B_-768x768-1.png\" alt=\"saas\">\n        <\/div>\n        <div class=\"l-r__second l-r__left l-r__center\">\n            <h3 class=\"h3\"><b>\n                Leicht, schnell und leistungsstark            <\/b><\/h3>\n            <p>bookingkit ist jetzt noch einfacher in der Handhabe. Mit bookingkit Reach haben wir eine einzigartige und voll automatisierte Plattform geschaffen, auf der du die Erlebnisse deiner Partner anbieten, online buchen und direkt wiederverkaufen kannst. Die perfekte L\u00f6sung f\u00fcr dich und deine Kunden &#8211; direkt vom Empfang, der Rezeption oder Schreibtisch aus.<\/p>\n        <\/div>\n    <\/div>\n<\/section>\n\n\n<section id=\"partners-saas-block_678e893c684a3\" class=\"partners-resellers__saas partners-saas-block\">\n    <div class=\"container l-r\">\n        <div class=\"l-r__first l-r__left\">\n            <img decoding=\"async\" src=\"https:\/\/bookingkit.com\/wp-content\/uploads\/2024\/06\/bk_Affiliate-Creatives_Reseller.png\" alt=\"saas\">\n        <\/div>\n        <div class=\"l-r__second l-r__right l-r__center\">\n            <h3 class=\"h3\"><b>\n                Affiliate-Links: Dein Schl\u00fcssel zu mehr Buchungen und Gewinn            <\/b><\/h3>\n            <p>Erweitere dein Angebot und steigere deine Einnahmen mit <a href=\"https:\/\/help.bookingkit.com\/de\/articles\/9271631-wie-man-affiliate-links-verwendet-fur-wiederverkaufer\" target=\"_blank\" rel=\"noopener\">Affiliate-Links<\/a>. Ob auf deiner Website, in Social Media, Newslettern oder \u00fcber QR-Codes in Flyern \u2013 mit diesen leistungsstarken Tools leitest du Besucher direkt zu spannenden Attraktionen und Aktivit\u00e4ten. Jede Buchung \u00fcber deine Links bringt dir attraktive Provisionen. Starte jetzt und profitiere von einer einfachen M\u00f6glichkeit, dein Gesch\u00e4ft auszubauen und Besucher zu begeistern!<\/p>\n        <\/div>\n    <\/div>\n    <div class=\"container l-r\">\n        <div class=\"l-r__first l-r__right\">\n            <img decoding=\"async\" src=\"\" alt=\"saas\">\n        <\/div>\n        <div class=\"l-r__second l-r__left l-r__center\">\n            <h3 class=\"h3\"><b>\n                            <\/b><\/h3>\n                    <\/div>\n    <\/div>\n<\/section>\n\n\n<section id=\"partners-why-block_60dae75959e4c\" class=\"partners-resellers__why partners-why-block\">\n    <div class=\"container\">\n        <h2 class=\"h2 title-blue title-blue--center\">Warum Erlebnisse weiterverkaufen?<\/h2>\n        <section>\n            <div class=\"splide splide_small splide__features-big\">\n                <div class=\"splide__track\">\n                    <ul class=\"splide__list\">\n                                    \n                                                            <li class=\"splide__slide single\">\n                                    <div class=\"single__img\">\n                                        <div>\n                                            <img decoding=\"async\" class=\"tours__img\" src=\"https:\/\/bookingkit.com\/wp-content\/uploads\/2021\/07\/only.svg\" alt=\"why\">\n                                            <h5 class=\"h5\">\n                                                Optimierte Arbeitsabl\u00e4ufe                                             <\/h5>\n                                        <\/div>\n                                        <ul>\n                                                        \n                                                                                                    <li><p> Direkte, digitale Buchung <\/p><\/li>\n                                                                                                    <li><p>Automatisiertes Buchungs- und Stornierungsmanagement <\/p><\/li>\n                                                                                                    <li><p>\u00dcbersicht \u00fcber alle aktuellen Verf\u00fcgbarkeiten <\/p><\/li>\n                                                                                                                                    <\/ul>        \n                                        <a href=\"\"><p><b>Mehr sehen ><\/b><\/p><\/a>             \n                                    <\/div>\n                                <\/li>\n                                                            <li class=\"splide__slide single\">\n                                    <div class=\"single__img\">\n                                        <div>\n                                            <img decoding=\"async\" class=\"tours__img\" src=\"https:\/\/bookingkit.com\/wp-content\/uploads\/2021\/07\/4-sell-more-tickets.svg\" alt=\"why\">\n                                            <h5 class=\"h5\">\n                                                Riesiges Marktpotenzial                                              <\/h5>\n                                        <\/div>\n                                        <ul>\n                                                        \n                                                                                                    <li><p>Neue Partner \u00fcber unseren Marktplatz finden <\/p><\/li>\n                                                                                                    <li><p>M\u00fcheloser Verkauf der besten Erlebnisse an deine G\u00e4ste &#8211; direkt am Empfang oder Rezeption<\/p><\/li>\n                                                                                                                                    <\/ul>        \n                                        <a href=\"\"><p><b>Mehr sehen ><\/b><\/p><\/a>             \n                                    <\/div>\n                                <\/li>\n                                                            <li class=\"splide__slide single\">\n                                    <div class=\"single__img\">\n                                        <div>\n                                            <img decoding=\"async\" class=\"tours__img\" src=\"https:\/\/bookingkit.com\/wp-content\/uploads\/2021\/07\/HP-_drive-revenue-A.svg\" alt=\"why\">\n                                            <h5 class=\"h5\">\n                                                Ohne Risiko!                                              <\/h5>\n                                        <\/div>\n                                        <ul>\n                                                        \n                                                                                                    <li><p>Klare \u00dcbersicht \u00fcber alle Konditionen mit Partnern <\/p><\/li>\n                                                                                                    <li><p>Vordefinierte, gesetzliche Rahmen f\u00fcr eine sichere Verhandlung von Konditionen <\/p><\/li>\n                                                                                                    <li><p>Keine monatlichen Kosten und technische Installation!<\/p><\/li>\n                                                                                                                                    <\/ul>        \n                                        <a href=\"\"><p><b>Mehr sehen ><\/b><\/p><\/a>             \n                                    <\/div>\n                                <\/li>\n                                                                        <\/ul>\n                <\/div>\n            <\/div>\n        <\/section>\n    <\/div>\n<\/section>\n\n\n<section id=\"horizontal-spacer-block_60f57b3490700\" class=\"horizontal-spacer horizontal-spacer-block\" style=\"\n    background-color: ;\n    height: 60px;\n    width: 100%;\n\">\n<\/section>\n\n\n<figure class=\"wp-block-embed aligncenter is-type-video is-provider-youtube wp-block-embed-youtube wp-embed-aspect-16-9 wp-has-aspect-ratio\"><div class=\"wp-block-embed__wrapper\">\n<iframe loading=\"lazy\" title=\"bookingkit Reach - Die neue B2B-Verkaufsplattform f\u00fcr den Weiterverkauf von Touren &amp; Aktivit\u00e4ten\" width=\"500\" height=\"281\" src=\"https:\/\/www.youtube.com\/embed\/LxEYHuyyg04?feature=oembed\" frameborder=\"0\" allow=\"accelerometer; autoplay; clipboard-write; encrypted-media; gyroscope; picture-in-picture; web-share\" referrerpolicy=\"strict-origin-when-cross-origin\" allowfullscreen><\/iframe>\n<\/div><\/figure>\n\n\n\n<section id=\"horizontal-spacer-block_60f57c0690702\" class=\"horizontal-spacer horizontal-spacer-block\" style=\"\n    background-color: ;\n    height: 60px;\n    width: 100%;\n\">\n<\/section>\n\n\n<div class=\"wp-block-divi-layout\">[et_pb_section fb_built=&#8220;1&#8243; _builder_version=&#8220;4.14.7&#8243; _module_preset=&#8220;default&#8220; global_colors_info=&#8220;{}&#8220;][et_pb_row module_class=&#8220;bk-row&#8220; _builder_version=&#8220;4.14.7&#8243; _module_preset=&#8220;default&#8220; custom_margin=&#8220;0px||-8px||false|false&#8220; custom_padding=&#8220;30px|30px|30px|30px|false|false&#8220; custom_css_main_element=&#8220;background-color: #FFFFFF!important;||border-radius: 22px 22px 22px 22px!important;||overflow: hidden!important;||box-shadow: 0px 2px 18px 0px #e2e2e2!important;||padding-top: 30px!important;||padding-right: 30px!important;||padding-bottom: 30px!important;||padding-left: 30px!important;&#8220; box_shadow_style=&#8220;preset1&#8243; box_shadow_color=&#8220;#e2e2e2&#8243; locked=&#8220;off&#8220; global_colors_info=&#8220;{}&#8220;][et_pb_column type=&#8220;4_4&#8243; _builder_version=&#8220;4.14.7&#8243; _module_preset=&#8220;default&#8220; global_colors_info=&#8220;{}&#8220;][et_pb_text admin_label=&#8220;Text&#8220; _builder_version=&#8220;4.14.7&#8243; text_font=&#8220;Open Sans Regular|700|||||||&#8220; text_text_color=&#8220;#454545&#8243; text_font_size=&#8220;15px&#8220; text_line_height=&#8220;1.71em&#8220; header_font=&#8220;GT Pressura BOLD||||||||&#8220; header_text_color=&#8220;#007aa9&#8243; header_font_size=&#8220;38px&#8220; header_2_font=&#8220;GT Pressura BOLD|700|||||||&#8220; header_2_text_color=&#8220;#454545&#8243; header_2_font_size=&#8220;38px&#8220; header_2_line_height=&#8220;1.4em&#8220; header_3_font=&#8220;||||||||&#8220; background_color=&#8220;RGBA(255,255,255,0)&#8220; module_alignment=&#8220;center&#8220; custom_margin=&#8220;||0px||false|false&#8220; custom_margin_tablet=&#8220;||0px||false|false&#8220; custom_margin_phone=&#8220;||0px||false|false&#8220; custom_margin_last_edited=&#8220;on|phone&#8220; custom_padding=&#8220;0px|14px|0px|14px|true|true&#8220; custom_css_main_element=&#8220;color: #454545!important;&#8220; border_radii=&#8220;off||||&#8220; global_colors_info=&#8220;{}&#8220;]<h2>Beginne damit, Dutzende Erlebnisse weiterzuverkaufen<\/h2>\n[\/et_pb_text][et_pb_text admin_label=&#8220;Text&#8220; _builder_version=&#8220;4.14.7&#8243; text_font=&#8220;Open Sans Regular||||||||&#8220; text_text_color=&#8220;#454545&#8243; text_font_size=&#8220;15px&#8220; text_line_height=&#8220;1.71em&#8220; header_font=&#8220;GT Pressura BOLD||||||||&#8220; header_text_color=&#8220;#007aa9&#8243; header_font_size=&#8220;38px&#8220; header_2_font=&#8220;Poppins||||||||&#8220; header_2_font_size=&#8220;28px&#8220; header_2_line_height=&#8220;1.4em&#8220; header_3_font=&#8220;||||||||&#8220; background_color=&#8220;RGBA(255,255,255,0)&#8220; module_alignment=&#8220;center&#8220; custom_margin=&#8220;||0px||false|false&#8220; custom_margin_tablet=&#8220;||0px||false|false&#8220; custom_margin_phone=&#8220;||0px||false|false&#8220; custom_margin_last_edited=&#8220;on|phone&#8220; custom_padding=&#8220;0px|14px|0px|14px|true|true&#8220; border_radii=&#8220;off||||&#8220; global_colors_info=&#8220;{}&#8220;]<p>bookingkit reach ist der All-in-One-Marketplatz, auf dem du dein eigenes Vertriebsnetzwerk aufbauen kannst, indem den bookingkit Erlebniskatalog durchst\u00f6berst, dich mit spannenden Anbietern verbindest und deren Erlebnisse an deine Kunden weiterverkaufst.<\/p>\n[\/et_pb_text][et_pb_button button_url=&#8220;https:\/\/reach.bookingkit.com\/register?utm_campaign=reseller-registration&amp;utm_medium=bk-website&amp;utm_source=reseller-page&amp;utm_content=reach&#8220; button_text=&#8220;KOSTENLOS REGISTRIEREN&#8220; button_alignment_tablet=&#8220;&#8220; button_alignment_phone=&#8220;center&#8220; button_alignment_last_edited=&#8220;on|phone&#8220; _builder_version=&#8220;4.14.7&#8243; _module_preset=&#8220;default&#8220; custom_button=&#8220;on&#8220; button_text_size=&#8220;16px&#8220; button_text_color=&#8220;#454545&#8243; button_bg_color=&#8220;#FFFFFF&#8220; button_border_width=&#8220;2px&#8220; button_border_color=&#8220;#454545&#8243; button_border_radius=&#8220;100px&#8220; button_letter_spacing=&#8220;0px&#8220; button_font=&#8220;Open Sans bold|700|||||||&#8220; button_use_icon=&#8220;off&#8220; custom_margin=&#8220;25px|||9px|false|false&#8220; custom_padding=&#8220;11px||11px||false|false&#8220; custom_padding_tablet=&#8220;11px||11px||false|false&#8220; custom_padding_phone=&#8220;|33px||33px|false|true&#8220; custom_padding_last_edited=&#8220;on|phone&#8220; hover_enabled=&#8220;0&#8243; button_text_color_tablet=&#8220;#454545&#8243; button_text_color_phone=&#8220;#454545&#8243; button_text_color_last_edited=&#8220;on|phone&#8220; button_border_radius_tablet=&#8220;100px&#8220; button_border_radius_phone=&#8220;31px&#8220; button_border_radius_last_edited=&#8220;on|phone&#8220; background_layout_tablet=&#8220;&#8220; background_layout_phone=&#8220;&#8220; background_layout_last_edited=&#8220;on|phone&#8220; global_colors_info=&#8220;{}&#8220; button_bg_color__hover_enabled=&#8220;on|hover&#8220; button_bg_color__hover=&#8220;#454545&#8243; button_bg_enable_color__hover=&#8220;on&#8220; button_text_color__hover_enabled=&#8220;on|desktop&#8220; button_text_color__hover=&#8220;#FFFFFF&#8220; sticky_enabled=&#8220;0&#8243;][\/et_pb_button][\/et_pb_column][\/et_pb_row][\/et_pb_section]<\/div>\n\n\n\n<style>\n#industry-intro-block_60c876b4d0f84 > div > div.intro__button-con > a {\n    background-color: #616060;\n    border-color: #454545;\n}\n#partners-power-block_60dae70a59e48 {\n    padding-bottom: 0;\n}\n<\/style>\n\n\n\n<section id=\"horizontal-spacer-block_65f2b81e75326\" class=\"horizontal-spacer horizontal-spacer-block\" style=\"\n    background-color: ;\n    height: 100px;\n    width: 100%;\n\">\n<\/section>\n\n\n<section id=\"blog-newsletter-block_60dae80d59e59\" class=\"page-blog__download-blog blog-newsletter-block\">\n    <div class=\"container\">\n                <h2 class=\"h2 title-blue title-blue--center\">\n            Du willst mehr \u00fcber unser Advanced-Partnership-Programm (API) wissen?        <\/h2>\n                            <h4 class=\"h4\">\n                Dann kontaktiere unser Team: <a href=\"mailto:partner@bookingkit.de\" target=\"_blank\" rel=\"noopener\">partner@bookingkit.de<\/a>            <\/h4>\n                \n            <\/div>\n<\/section>","protected":false},"excerpt":{"rendered":"","protected":false},"author":1,"featured_media":0,"parent":0,"menu_order":0,"comment_status":"closed","ping_status":"closed","template":"","meta":{"_et_pb_use_builder":"","_et_pb_old_content":"","_et_gb_content_width":"","inline_featured_image":false,"footnotes":""},"class_list":["post-4449523","page","type-page","status-publish","hentry"],"yoast_head":"<!-- This site is optimized with the Yoast SEO plugin v26.7 - https:\/\/yoast.com\/wordpress\/plugins\/seo\/ -->\n<title>Resellers - bookingkit I Wiederverk\u00e4ufer von Touren &amp; Aktivit\u00e4ten - bookingkit I Wiederverk\u00e4ufer von Touren &amp; Aktivit\u00e4ten<\/title>\n<meta name=\"description\" content=\"M\u00f6chten Sie Ihren Kunden einen Mehrwert bieten, indem Sie Touren, Aktivit\u00e4ten und Attraktionen? Schauen Sie sich bookingkit Reach an\" \/>\n<meta name=\"robots\" content=\"index, follow, max-snippet:-1, max-image-preview:large, max-video-preview:-1\" \/>\n<link rel=\"canonical\" href=\"https:\/\/bookingkit.com\/de\/wiederverkaufer\/\" \/>\n<meta property=\"og:locale\" content=\"de_DE\" \/>\n<meta property=\"og:type\" content=\"article\" \/>\n<meta property=\"og:title\" content=\"Resellers - bookingkit I Wiederverk\u00e4ufer von Touren &amp; Aktivit\u00e4ten - bookingkit I Wiederverk\u00e4ufer von Touren &amp; Aktivit\u00e4ten\" \/>\n<meta property=\"og:description\" content=\"M\u00f6chten Sie Ihren Kunden einen Mehrwert bieten, indem Sie Touren, Aktivit\u00e4ten und Attraktionen? Schauen Sie sich bookingkit Reach an\" \/>\n<meta property=\"og:url\" content=\"https:\/\/bookingkit.com\/de\/wiederverkaufer\/\" \/>\n<meta property=\"og:site_name\" content=\"bookingkit\" \/>\n<meta property=\"article:modified_time\" content=\"2025-01-20T17:57:47+00:00\" \/>\n<meta name=\"twitter:card\" content=\"summary_large_image\" \/>\n<meta name=\"twitter:label1\" content=\"Gesch\u00e4tzte Lesezeit\" \/>\n\t<meta name=\"twitter:data1\" content=\"1 Minute\" \/>\n<script type=\"application\/ld+json\" class=\"yoast-schema-graph\">{\"@context\":\"https:\/\/schema.org\",\"@graph\":[{\"@type\":\"WebPage\",\"@id\":\"https:\/\/bookingkit.com\/de\/wiederverkaufer\/\",\"url\":\"https:\/\/bookingkit.com\/de\/wiederverkaufer\/\",\"name\":\"Resellers - bookingkit I Wiederverk\u00e4ufer von Touren & Aktivit\u00e4ten - bookingkit I Wiederverk\u00e4ufer von Touren & Aktivit\u00e4ten\",\"isPartOf\":{\"@id\":\"https:\/\/bookingkit.com\/#website\"},\"datePublished\":\"2021-05-10T01:37:17+00:00\",\"dateModified\":\"2025-01-20T17:57:47+00:00\",\"description\":\"M\u00f6chten Sie Ihren Kunden einen Mehrwert bieten, indem Sie Touren, Aktivit\u00e4ten und Attraktionen? Schauen Sie sich bookingkit Reach an\",\"breadcrumb\":{\"@id\":\"https:\/\/bookingkit.com\/de\/wiederverkaufer\/#breadcrumb\"},\"inLanguage\":\"de-DE\",\"potentialAction\":[{\"@type\":\"ReadAction\",\"target\":[\"https:\/\/bookingkit.com\/de\/wiederverkaufer\/\"]}]},{\"@type\":\"BreadcrumbList\",\"@id\":\"https:\/\/bookingkit.com\/de\/wiederverkaufer\/#breadcrumb\",\"itemListElement\":[{\"@type\":\"ListItem\",\"position\":1,\"name\":\"Home\",\"item\":\"https:\/\/bookingkit.com\/de\/\"},{\"@type\":\"ListItem\",\"position\":2,\"name\":\"Resellers &#8211; bookingkit I Wiederverk\u00e4ufer von Touren &#038; Aktivit\u00e4ten\"}]},{\"@type\":\"WebSite\",\"@id\":\"https:\/\/bookingkit.com\/#website\",\"url\":\"https:\/\/bookingkit.com\/\",\"name\":\"bookingkit\",\"description\":\"Booking Software for Tours &amp; Attractions\",\"potentialAction\":[{\"@type\":\"SearchAction\",\"target\":{\"@type\":\"EntryPoint\",\"urlTemplate\":\"https:\/\/bookingkit.com\/?s={search_term_string}\"},\"query-input\":{\"@type\":\"PropertyValueSpecification\",\"valueRequired\":true,\"valueName\":\"search_term_string\"}}],\"inLanguage\":\"de-DE\"}]}<\/script>\n<!-- \/ Yoast SEO plugin. -->","yoast_head_json":{"title":"Resellers - bookingkit I Wiederverk\u00e4ufer von Touren & Aktivit\u00e4ten - bookingkit I Wiederverk\u00e4ufer von Touren & Aktivit\u00e4ten","description":"M\u00f6chten Sie Ihren Kunden einen Mehrwert bieten, indem Sie Touren, Aktivit\u00e4ten und Attraktionen? Schauen Sie sich bookingkit Reach an","robots":{"index":"index","follow":"follow","max-snippet":"max-snippet:-1","max-image-preview":"max-image-preview:large","max-video-preview":"max-video-preview:-1"},"canonical":"https:\/\/bookingkit.com\/de\/wiederverkaufer\/","og_locale":"de_DE","og_type":"article","og_title":"Resellers - bookingkit I Wiederverk\u00e4ufer von Touren & Aktivit\u00e4ten - bookingkit I Wiederverk\u00e4ufer von Touren & Aktivit\u00e4ten","og_description":"M\u00f6chten Sie Ihren Kunden einen Mehrwert bieten, indem Sie Touren, Aktivit\u00e4ten und Attraktionen? Schauen Sie sich bookingkit Reach an","og_url":"https:\/\/bookingkit.com\/de\/wiederverkaufer\/","og_site_name":"bookingkit","article_modified_time":"2025-01-20T17:57:47+00:00","twitter_card":"summary_large_image","twitter_misc":{"Gesch\u00e4tzte Lesezeit":"1 Minute"},"schema":{"@context":"https:\/\/schema.org","@graph":[{"@type":"WebPage","@id":"https:\/\/bookingkit.com\/de\/wiederverkaufer\/","url":"https:\/\/bookingkit.com\/de\/wiederverkaufer\/","name":"Resellers - bookingkit I Wiederverk\u00e4ufer von Touren & Aktivit\u00e4ten - bookingkit I Wiederverk\u00e4ufer von Touren & Aktivit\u00e4ten","isPartOf":{"@id":"https:\/\/bookingkit.com\/#website"},"datePublished":"2021-05-10T01:37:17+00:00","dateModified":"2025-01-20T17:57:47+00:00","description":"M\u00f6chten Sie Ihren Kunden einen Mehrwert bieten, indem Sie Touren, Aktivit\u00e4ten und Attraktionen? Schauen Sie sich bookingkit Reach an","breadcrumb":{"@id":"https:\/\/bookingkit.com\/de\/wiederverkaufer\/#breadcrumb"},"inLanguage":"de-DE","potentialAction":[{"@type":"ReadAction","target":["https:\/\/bookingkit.com\/de\/wiederverkaufer\/"]}]},{"@type":"BreadcrumbList","@id":"https:\/\/bookingkit.com\/de\/wiederverkaufer\/#breadcrumb","itemListElement":[{"@type":"ListItem","position":1,"name":"Home","item":"https:\/\/bookingkit.com\/de\/"},{"@type":"ListItem","position":2,"name":"Resellers &#8211; bookingkit I Wiederverk\u00e4ufer von Touren &#038; Aktivit\u00e4ten"}]},{"@type":"WebSite","@id":"https:\/\/bookingkit.com\/#website","url":"https:\/\/bookingkit.com\/","name":"bookingkit","description":"Booking Software for Tours &amp; Attractions","potentialAction":[{"@type":"SearchAction","target":{"@type":"EntryPoint","urlTemplate":"https:\/\/bookingkit.com\/?s={search_term_string}"},"query-input":{"@type":"PropertyValueSpecification","valueRequired":true,"valueName":"search_term_string"}}],"inLanguage":"de-DE"}]}},"_links":{"self":[{"href":"https:\/\/bookingkit.com\/de\/wp-json\/wp\/v2\/pages\/4449523","targetHints":{"allow":["GET"]}}],"collection":[{"href":"https:\/\/bookingkit.com\/de\/wp-json\/wp\/v2\/pages"}],"about":[{"href":"https:\/\/bookingkit.com\/de\/wp-json\/wp\/v2\/types\/page"}],"author":[{"embeddable":true,"href":"https:\/\/bookingkit.com\/de\/wp-json\/wp\/v2\/users\/1"}],"replies":[{"embeddable":true,"href":"https:\/\/bookingkit.com\/de\/wp-json\/wp\/v2\/comments?post=4449523"}],"version-history":[{"count":29,"href":"https:\/\/bookingkit.com\/de\/wp-json\/wp\/v2\/pages\/4449523\/revisions"}],"predecessor-version":[{"id":4476478,"href":"https:\/\/bookingkit.com\/de\/wp-json\/wp\/v2\/pages\/4449523\/revisions\/4476478"}],"wp:attachment":[{"href":"https:\/\/bookingkit.com\/de\/wp-json\/wp\/v2\/media?parent=4449523"}],"curies":[{"name":"wp","href":"https:\/\/api.w.org\/{rel}","templated":true}]}}