{"id":4464530,"date":"2022-11-15T17:20:17","date_gmt":"2022-11-15T17:20:17","guid":{"rendered":"https:\/\/bookingkit.com\/?page_id=4464530"},"modified":"2022-11-22T09:42:57","modified_gmt":"2022-11-22T09:42:57","slug":"demo-ablehnung","status":"publish","type":"page","link":"https:\/\/bookingkit.com\/de\/demo-ablehnung\/","title":{"rendered":"Demo Ablehnung"},"content":{"rendered":"\n<section id=\"smb-solution-block_60d4524557f2d\" class=\"smb__solution smb-solution-block\">\n    <div class=\"container l-r\">\n        <div class=\"l-r__first l-r__right\">\n            <img decoding=\"async\" src=\"https:\/\/bookingkit.com\/wp-content\/uploads\/2022\/06\/bk-graphic-012-2.png\" alt=\"solution\">\n        <\/div>\n        <div class=\"l-r__second l-r__left\">\n            <h1 class=\"h1 title-blue title-blue--black title-blue--left\">\n                Es liegt nicht an dir. Es liegt an uns!            <\/h1>\n            <h3 class=\"h3\">\n                Leider sieht es so aus, als w\u00fcrden wir nicht zusammenpassen \ud83d\ude41                \n            <\/h3>\n            <p>\n                Vielen Dank, dass du dich an bookingkit gewendet hast. Nach sorgf\u00e4ltiger Pr\u00fcfung sind wir der Ansicht, dass unsere Dienstleistungen nicht den Anforderungen deines Unternehmens entsprechen.\r\n<br><br>\r\nbookingkit ist eine professionelle Buchungssoftware f\u00fcr Touren, Aktivit\u00e4ten und Attraktionen in Europa. Daher ist unser Funktionsumfang zum Beispiel nicht f\u00fcr die folgenden Gesch\u00e4ftsmodelle geeignet:\r\n <ul>\r\n<li>Spas &#038; Wellnesszentren\r\n<li>Kurse, Workshops oder Coachings<\/li>\r\n<li>Unternehmen, die ausschlie\u00dflich Vermietungen anbieten<\/li>\r\n<li>Unternehmen, die au\u00dferhalb der EU t\u00e4tig sind<\/li>\r\n<\/ul>\r\nWir hoffen, dass du eine L\u00f6sung findest, die deinen Anforderungen besser entspricht!            <\/p>\n                    <\/div>\n    <\/div>\n<\/section>\n<style>\n    .smb__solution__logos {\n        display: grid;\n        grid-template-columns: 1fr 1fr 1fr;\n        align-items: center;\n        gap: 25px;\n        margin-top: 5rem;\n    }\n    @media ( max-width: 768px ) {\n        .smb__solution__logos {\n            grid-template-columns: 1fr 1fr;        \n        }\n    }\n    .smb__solution_logo {\n        display: flex;\n        justify-content: center;\n        align-items: center;\n    }\n    .smb__solution__logos img {\n        width: 70%;\n    }\n<\/style>\n<script>\n    \/\/ Get all elements with the class keep_square\n    const squareElements = document.querySelectorAll('.keep_square');\n\n    \/\/ Function to keep elements as a square\n    function keepSquare(element) {\n        \/\/ Get the width of the element\n        const width = element.offsetWidth;\n        \n        \/\/ Set the height of the element to match the width\n        element.style.height = `${width}px`;\n    }\n\n    \/\/ Add event listener to window resize\n    window.addEventListener('resize', () => {\n        \/\/ Loop through each element and keep it as a square\n        squareElements.forEach((element) => {\n            keepSquare(element);\n        });\n    });\n\n    \/\/ Initialize the elements as squares\n    squareElements.forEach((element) => {\n        keepSquare(element);\n    });\n<\/script>","protected":false},"excerpt":{"rendered":"","protected":false},"author":29,"featured_media":4461833,"parent":0,"menu_order":0,"comment_status":"closed","ping_status":"closed","template":"","meta":{"_et_pb_use_builder":"","_et_pb_old_content":"","_et_gb_content_width":"","inline_featured_image":false,"footnotes":""},"class_list":["post-4464530","page","type-page","status-publish","has-post-thumbnail","hentry"],"yoast_head":"<!-- This site is optimized with the Yoast SEO plugin v26.7 - https:\/\/yoast.com\/wordpress\/plugins\/seo\/ -->\n<title>Demo Abgelehnt - bookingkit<\/title>\n<meta name=\"description\" content=\"Es liegt nicht an dir. Es liegt an uns! Anscheinend sind unsere Dienstleistungen nicht geeignet f\u00fcr dein Unternehmen. Erfahre hier warum.\" \/>\n<meta name=\"robots\" content=\"index, follow, max-snippet:-1, max-image-preview:large, max-video-preview:-1\" \/>\n<link rel=\"canonical\" href=\"https:\/\/bookingkit.com\/demo-declined\/\" \/>\n<meta property=\"og:locale\" content=\"de_DE\" \/>\n<meta property=\"og:type\" content=\"article\" \/>\n<meta property=\"og:title\" content=\"Demo Abgelehnt - bookingkit\" \/>\n<meta property=\"og:description\" content=\"Es liegt nicht an dir. Es liegt an uns! Anscheinend sind unsere Dienstleistungen nicht geeignet f\u00fcr dein Unternehmen. Erfahre hier warum.\" \/>\n<meta property=\"og:url\" content=\"https:\/\/bookingkit.com\/demo-declined\/\" \/>\n<meta property=\"og:site_name\" content=\"bookingkit\" \/>\n<meta property=\"article:modified_time\" content=\"2022-11-22T09:42:57+00:00\" \/>\n<meta property=\"og:image\" content=\"https:\/\/bookingkit.com\/wp-content\/uploads\/2022\/06\/bk-graphic-012-2.png\" \/>\n\t<meta property=\"og:image:width\" content=\"2429\" \/>\n\t<meta property=\"og:image:height\" content=\"1765\" \/>\n\t<meta property=\"og:image:type\" content=\"image\/png\" \/>\n<meta name=\"twitter:card\" content=\"summary_large_image\" \/>\n<script type=\"application\/ld+json\" class=\"yoast-schema-graph\">{\"@context\":\"https:\/\/schema.org\",\"@graph\":[{\"@type\":\"WebPage\",\"@id\":\"https:\/\/bookingkit.com\/demo-declined\/\",\"url\":\"https:\/\/bookingkit.com\/demo-declined\/\",\"name\":\"Demo Abgelehnt - bookingkit\",\"isPartOf\":{\"@id\":\"https:\/\/bookingkit.com\/#website\"},\"primaryImageOfPage\":{\"@id\":\"https:\/\/bookingkit.com\/demo-declined\/#primaryimage\"},\"image\":{\"@id\":\"https:\/\/bookingkit.com\/demo-declined\/#primaryimage\"},\"thumbnailUrl\":\"https:\/\/bookingkit.com\/wp-content\/uploads\/2022\/06\/bk-graphic-012-2.png\",\"datePublished\":\"2022-11-15T17:20:17+00:00\",\"dateModified\":\"2022-11-22T09:42:57+00:00\",\"description\":\"Es liegt nicht an dir. Es liegt an uns! Anscheinend sind unsere Dienstleistungen nicht geeignet f\u00fcr dein Unternehmen. Erfahre hier warum.\",\"breadcrumb\":{\"@id\":\"https:\/\/bookingkit.com\/demo-declined\/#breadcrumb\"},\"inLanguage\":\"de-DE\",\"potentialAction\":[{\"@type\":\"ReadAction\",\"target\":[\"https:\/\/bookingkit.com\/demo-declined\/\"]}]},{\"@type\":\"ImageObject\",\"inLanguage\":\"de-DE\",\"@id\":\"https:\/\/bookingkit.com\/demo-declined\/#primaryimage\",\"url\":\"https:\/\/bookingkit.com\/wp-content\/uploads\/2022\/06\/bk-graphic-012-2.png\",\"contentUrl\":\"https:\/\/bookingkit.com\/wp-content\/uploads\/2022\/06\/bk-graphic-012-2.png\",\"width\":2429,\"height\":1765},{\"@type\":\"BreadcrumbList\",\"@id\":\"https:\/\/bookingkit.com\/demo-declined\/#breadcrumb\",\"itemListElement\":[{\"@type\":\"ListItem\",\"position\":1,\"name\":\"Home\",\"item\":\"https:\/\/bookingkit.com\/de\/\"},{\"@type\":\"ListItem\",\"position\":2,\"name\":\"Demo Ablehnung\"}]},{\"@type\":\"WebSite\",\"@id\":\"https:\/\/bookingkit.com\/#website\",\"url\":\"https:\/\/bookingkit.com\/\",\"name\":\"bookingkit\",\"description\":\"Booking Software for Tours &amp; Attractions\",\"potentialAction\":[{\"@type\":\"SearchAction\",\"target\":{\"@type\":\"EntryPoint\",\"urlTemplate\":\"https:\/\/bookingkit.com\/?s={search_term_string}\"},\"query-input\":{\"@type\":\"PropertyValueSpecification\",\"valueRequired\":true,\"valueName\":\"search_term_string\"}}],\"inLanguage\":\"de-DE\"}]}<\/script>\n<!-- \/ Yoast SEO plugin. -->","yoast_head_json":{"title":"Demo Abgelehnt - bookingkit","description":"Es liegt nicht an dir. Es liegt an uns! Anscheinend sind unsere Dienstleistungen nicht geeignet f\u00fcr dein Unternehmen. Erfahre hier warum.","robots":{"index":"index","follow":"follow","max-snippet":"max-snippet:-1","max-image-preview":"max-image-preview:large","max-video-preview":"max-video-preview:-1"},"canonical":"https:\/\/bookingkit.com\/demo-declined\/","og_locale":"de_DE","og_type":"article","og_title":"Demo Abgelehnt - bookingkit","og_description":"Es liegt nicht an dir. Es liegt an uns! Anscheinend sind unsere Dienstleistungen nicht geeignet f\u00fcr dein Unternehmen. Erfahre hier warum.","og_url":"https:\/\/bookingkit.com\/demo-declined\/","og_site_name":"bookingkit","article_modified_time":"2022-11-22T09:42:57+00:00","og_image":[{"width":2429,"height":1765,"url":"https:\/\/bookingkit.com\/wp-content\/uploads\/2022\/06\/bk-graphic-012-2.png","type":"image\/png"}],"twitter_card":"summary_large_image","schema":{"@context":"https:\/\/schema.org","@graph":[{"@type":"WebPage","@id":"https:\/\/bookingkit.com\/demo-declined\/","url":"https:\/\/bookingkit.com\/demo-declined\/","name":"Demo Abgelehnt - bookingkit","isPartOf":{"@id":"https:\/\/bookingkit.com\/#website"},"primaryImageOfPage":{"@id":"https:\/\/bookingkit.com\/demo-declined\/#primaryimage"},"image":{"@id":"https:\/\/bookingkit.com\/demo-declined\/#primaryimage"},"thumbnailUrl":"https:\/\/bookingkit.com\/wp-content\/uploads\/2022\/06\/bk-graphic-012-2.png","datePublished":"2022-11-15T17:20:17+00:00","dateModified":"2022-11-22T09:42:57+00:00","description":"Es liegt nicht an dir. Es liegt an uns! Anscheinend sind unsere Dienstleistungen nicht geeignet f\u00fcr dein Unternehmen. Erfahre hier warum.","breadcrumb":{"@id":"https:\/\/bookingkit.com\/demo-declined\/#breadcrumb"},"inLanguage":"de-DE","potentialAction":[{"@type":"ReadAction","target":["https:\/\/bookingkit.com\/demo-declined\/"]}]},{"@type":"ImageObject","inLanguage":"de-DE","@id":"https:\/\/bookingkit.com\/demo-declined\/#primaryimage","url":"https:\/\/bookingkit.com\/wp-content\/uploads\/2022\/06\/bk-graphic-012-2.png","contentUrl":"https:\/\/bookingkit.com\/wp-content\/uploads\/2022\/06\/bk-graphic-012-2.png","width":2429,"height":1765},{"@type":"BreadcrumbList","@id":"https:\/\/bookingkit.com\/demo-declined\/#breadcrumb","itemListElement":[{"@type":"ListItem","position":1,"name":"Home","item":"https:\/\/bookingkit.com\/de\/"},{"@type":"ListItem","position":2,"name":"Demo Ablehnung"}]},{"@type":"WebSite","@id":"https:\/\/bookingkit.com\/#website","url":"https:\/\/bookingkit.com\/","name":"bookingkit","description":"Booking Software for Tours &amp; Attractions","potentialAction":[{"@type":"SearchAction","target":{"@type":"EntryPoint","urlTemplate":"https:\/\/bookingkit.com\/?s={search_term_string}"},"query-input":{"@type":"PropertyValueSpecification","valueRequired":true,"valueName":"search_term_string"}}],"inLanguage":"de-DE"}]}},"_links":{"self":[{"href":"https:\/\/bookingkit.com\/de\/wp-json\/wp\/v2\/pages\/4464530","targetHints":{"allow":["GET"]}}],"collection":[{"href":"https:\/\/bookingkit.com\/de\/wp-json\/wp\/v2\/pages"}],"about":[{"href":"https:\/\/bookingkit.com\/de\/wp-json\/wp\/v2\/types\/page"}],"author":[{"embeddable":true,"href":"https:\/\/bookingkit.com\/de\/wp-json\/wp\/v2\/users\/29"}],"replies":[{"embeddable":true,"href":"https:\/\/bookingkit.com\/de\/wp-json\/wp\/v2\/comments?post=4464530"}],"version-history":[{"count":32,"href":"https:\/\/bookingkit.com\/de\/wp-json\/wp\/v2\/pages\/4464530\/revisions"}],"predecessor-version":[{"id":4464715,"href":"https:\/\/bookingkit.com\/de\/wp-json\/wp\/v2\/pages\/4464530\/revisions\/4464715"}],"wp:featuredmedia":[{"embeddable":true,"href":"https:\/\/bookingkit.com\/de\/wp-json\/wp\/v2\/media\/4461833"}],"wp:attachment":[{"href":"https:\/\/bookingkit.com\/de\/wp-json\/wp\/v2\/media?parent=4464530"}],"curies":[{"name":"wp","href":"https:\/\/api.w.org\/{rel}","templated":true}]}}