{"id":4467818,"date":"2023-11-01T13:57:55","date_gmt":"2023-11-01T13:57:55","guid":{"rendered":"https:\/\/bookingkit.com\/?page_id=4467818"},"modified":"2024-11-13T14:52:55","modified_gmt":"2024-11-13T14:52:55","slug":"bestehende-unterauftragsverhaeltnisse","status":"publish","type":"page","link":"https:\/\/bookingkit.com\/de\/bestehende-unterauftragsverhaeltnisse\/","title":{"rendered":"Bestehende Unterauftragsverh\u00e4ltnisse"},"content":{"rendered":"\n<div class=\"wp-block-group dpa_main\"><div class=\"wp-block-group__inner-container is-layout-flow wp-block-group-is-layout-flow\">\n<h1 class=\"wp-block-heading\">Bestehende Unterauftragsverh\u00e4ltnisse<\/h1>\n\n\n\n<p>Letzte Aktualisierung 13.11.2024<\/p>\n\n\n\n<div class=\"wp-block-group\"><div class=\"wp-block-group__inner-container is-layout-flow wp-block-group-is-layout-flow\">\n<div class=\"wp-block-columns dpa_columns is-layout-flex wp-container-core-columns-is-layout-9d6595d7 wp-block-columns-is-layout-flex\">\n<div class=\"wp-block-column is-layout-flow wp-block-column-is-layout-flow\" style=\"flex-basis:66.66%\">\n<div class=\"wp-block-group\"><div class=\"wp-block-group__inner-container is-layout-flow wp-block-group-is-layout-flow\">\n<figure class=\"wp-block-table is-style-stripes, dpa_table\"><table><tbody><tr><td><strong>Bestehende<br>Unterauftragsverh\u00e4ltnisse<\/strong><\/td><td><strong>Zweck<\/strong><\/td><td><strong>Optional<\/strong><\/td><td><strong>H\u00e4ufigkeit und Umfang der Verarbeitung<\/strong><\/td><td><strong>Gemeinsame Verantwortliche<\/strong><\/td><\/tr><tr><td>Amazon Web Services EMEA SARL, 38 Avenue John F. Kennedy, L-1855 Luxembourg<\/td><td>Datenspeicher<\/td><td>Nein<\/td><td>Alle oder die meisten der erhobenen Daten werden verarbeitet oder gespeichert. Die erhobenen Daten werden h\u00e4ufig oder immer verarbeitet oder gespeichert.<\/td><td>Nein<\/td><\/tr><tr><td>Mailjet SAS, 4, rue Jules Lefevbre, 75009 Paris, France<\/td><td>Kommunikation per E-Mail<\/td><td>Ja<\/td><td>Ein Teil der Daten wird verarbeitet oder gespeichert. Daten werden nur selten gespeichert oder verarbeitet oder es besteht nur eine M\u00f6glichkeit der Datenverarbeitung oder -speicherung.<\/td><td>Nein<\/td><\/tr><tr><td>Intercom R&amp;D Unlimited Company, 18-21 St. Stephen\u2019s Green, Dublin 2, Ireland<\/td><td>Kundenbeziehungs- und Kommunikationsmanagement<\/td><td>Ja<\/td><td>Ein Teil der Daten wird verarbeitet oder gespeichert. Daten werden nur selten gespeichert oder verarbeitet oder es besteht nur eine M\u00f6glichkeit der Datenverarbeitung oder -speicherung.<\/td><td>Nein<\/td><\/tr><tr><td>root360 GmbH, Beethovenstra\u00dfe 35, 04107 Leipzig, Deutschland<\/td><td>Datenspeicherverwaltung<\/td><td>Nein<\/td><td>Ein Teil der Daten wird verarbeitet oder gespeichert. Daten werden nur selten gespeichert oder verarbeitet oder es besteht nur eine M\u00f6glichkeit der Datenverarbeitung oder -speicherung.<\/td><td>Nein<\/td><\/tr><tr><td>Stripe Payments Europe, Limited, C\/O A&amp;L Goodbody, Ifsc, North Wall Quay Dublin 1., Dublin 1, Dublin<\/td><td>Einhaltung der vertraglichen Pflichten<\/td><td>Nein<\/td><td>Alle oder die meisten der erhobenen Daten werden verarbeitet oder gespeichert. Die erhobenen Daten werden h\u00e4ufig oder immer verarbeitet oder gespeichert.<\/td><td>Nein<\/td><\/tr><tr><td>MANGOPAY S.A., 2 Avenue Am\u00e9lie, L-1125 Luxembourg<\/td><td>Einhaltung der vertraglichen Pflichten<\/td><td>Nein<\/td><td>Alle oder die meisten der erhobenen Daten werden verarbeitet oder gespeichert. Die erhobenen Daten werden h\u00e4ufig oder immer verarbeitet oder gespeichert.<\/td><td>Nein<\/td><\/tr><tr><td>PayPal (Europe) S.\u00e0 r.l. et Cie, 22-24 Boulevard Royal, L-2449, Luxembourg<\/td><td>Einhaltung der vertraglichen Pflichten<\/td><td>Ja<\/td><td>Alle oder die meisten der erhobenen Daten werden verarbeitet oder gespeichert. Die erhobenen Daten werden h\u00e4ufig oder immer verarbeitet oder gespeichert.<\/td><td>Nein<\/td><\/tr><tr><td>New Relic, Inc., 188 Spear St., Suite 1200, San Francisco, CA 94105, USA<\/td><td>Server- und Datenbankfehlerbehandlung<\/td><td>Nein<\/td><td>Ein Teil der Daten wird verarbeitet oder gespeichert. Daten werden nur selten gespeichert oder verarbeitet oder es besteht nur eine M\u00f6glichkeit der Datenverarbeitung oder -speicherung.<\/td><td>Nein<\/td><\/tr><tr><td>Functional Software, Inc. dba Sentry, 45 Fremont Street, 8th Floor, San Francisco, CA 94105 USA<\/td><td>Server- und Datenbankfehlerbehandlung<\/td><td>Nein<\/td><td>Ein Teil der Daten wird verarbeitet oder gespeichert. Daten werden nur selten gespeichert oder verarbeitet oder es besteht nur eine M\u00f6glichkeit der Datenverarbeitung oder -speicherung.<\/td><td>Nein<\/td><\/tr><tr><td>Google Ireland Limited, Gordon House, Barrow Street, Dublin 4, Ireland<\/td><td>Analyse des Webverkehrs<\/td><td>Ja<\/td><td>Ein Teil der Daten wird verarbeitet oder gespeichert. Daten werden nur selten gespeichert oder verarbeitet oder es besteht nur eine M\u00f6glichkeit der Datenverarbeitung oder -speicherung.<\/td><td>Nein<\/td><\/tr><tr><td>Hotjar Ltd, Dragonara Business Centre, 5th Floor, Dragonara Road, Paceville St Julian&#8217;s STJ 3141, Malta<\/td><td>Analyse der Daten<\/td><td>Nein<\/td><td>Ein Teil der Daten wird verarbeitet oder gespeichert. Daten werden nur selten gespeichert oder verarbeitet oder es besteht nur eine M\u00f6glichkeit der Datenverarbeitung oder -speicherung.<\/td><td>Nein<\/td><\/tr><\/tbody><\/table><\/figure>\n<\/div><\/div>\n<\/div>\n<\/div>\n<\/div><\/div>\n<\/div><\/div>\n","protected":false},"excerpt":{"rendered":"<p>Bestehende Unterauftragsverh\u00e4ltnisse Letzte Aktualisierung 13.11.2024 BestehendeUnterauftragsverh\u00e4ltnisse Zweck Optional H\u00e4ufigkeit und Umfang der Verarbeitung Gemeinsame Verantwortliche Amazon Web Services EMEA SARL, 38 Avenue John F. Kennedy, L-1855 Luxembourg Datenspeicher Nein Alle oder die meisten der erhobenen Daten werden verarbeitet oder gespeichert. Die erhobenen Daten werden h\u00e4ufig oder immer verarbeitet oder gespeichert. Nein Mailjet SAS, 4, rue [&hellip;]<\/p>\n","protected":false},"author":30,"featured_media":4445481,"parent":0,"menu_order":0,"comment_status":"closed","ping_status":"closed","template":"","meta":{"_et_pb_use_builder":"off","_et_pb_old_content":"","_et_gb_content_width":"","inline_featured_image":false,"footnotes":""},"class_list":["post-4467818","page","type-page","status-publish","has-post-thumbnail","hentry"],"yoast_head":"<!-- This site is optimized with the Yoast SEO plugin v26.7 - https:\/\/yoast.com\/wordpress\/plugins\/seo\/ -->\n<title>Bestehende Unterauftragsverh\u00e4ltnisse - bookingkit<\/title>\n<meta name=\"robots\" content=\"index, follow, max-snippet:-1, max-image-preview:large, max-video-preview:-1\" \/>\n<link rel=\"canonical\" href=\"https:\/\/bookingkit.com\/de\/bestehende-unterauftragsverhaeltnisse\/\" \/>\n<meta property=\"og:locale\" content=\"de_DE\" \/>\n<meta property=\"og:type\" content=\"article\" \/>\n<meta property=\"og:title\" content=\"Bestehende Unterauftragsverh\u00e4ltnisse - bookingkit\" \/>\n<meta property=\"og:description\" content=\"Bestehende Unterauftragsverh\u00e4ltnisse Letzte Aktualisierung 13.11.2024 BestehendeUnterauftragsverh\u00e4ltnisse Zweck Optional H\u00e4ufigkeit und Umfang der Verarbeitung Gemeinsame Verantwortliche Amazon Web Services EMEA SARL, 38 Avenue John F. Kennedy, L-1855 Luxembourg Datenspeicher Nein Alle oder die meisten der erhobenen Daten werden verarbeitet oder gespeichert. Die erhobenen Daten werden h\u00e4ufig oder immer verarbeitet oder gespeichert. Nein Mailjet SAS, 4, rue [&hellip;]\" \/>\n<meta property=\"og:url\" content=\"https:\/\/bookingkit.com\/de\/bestehende-unterauftragsverhaeltnisse\/\" \/>\n<meta property=\"og:site_name\" content=\"bookingkit\" \/>\n<meta property=\"article:modified_time\" content=\"2024-11-13T14:52:55+00:00\" \/>\n<meta property=\"og:image\" content=\"https:\/\/bookingkit.com\/wp-content\/uploads\/2021\/06\/bck.png\" \/>\n\t<meta property=\"og:image:width\" content=\"750\" \/>\n\t<meta property=\"og:image:height\" content=\"392\" \/>\n\t<meta property=\"og:image:type\" content=\"image\/png\" \/>\n<meta name=\"twitter:card\" content=\"summary_large_image\" \/>\n<meta name=\"twitter:label1\" content=\"Gesch\u00e4tzte Lesezeit\" \/>\n\t<meta name=\"twitter:data1\" content=\"3 Minuten\" \/>\n<script type=\"application\/ld+json\" class=\"yoast-schema-graph\">{\"@context\":\"https:\/\/schema.org\",\"@graph\":[{\"@type\":\"WebPage\",\"@id\":\"https:\/\/bookingkit.com\/de\/bestehende-unterauftragsverhaeltnisse\/\",\"url\":\"https:\/\/bookingkit.com\/de\/bestehende-unterauftragsverhaeltnisse\/\",\"name\":\"Bestehende Unterauftragsverh\u00e4ltnisse - bookingkit\",\"isPartOf\":{\"@id\":\"https:\/\/bookingkit.com\/#website\"},\"primaryImageOfPage\":{\"@id\":\"https:\/\/bookingkit.com\/de\/bestehende-unterauftragsverhaeltnisse\/#primaryimage\"},\"image\":{\"@id\":\"https:\/\/bookingkit.com\/de\/bestehende-unterauftragsverhaeltnisse\/#primaryimage\"},\"thumbnailUrl\":\"https:\/\/bookingkit.com\/wp-content\/uploads\/2021\/06\/bck.png\",\"datePublished\":\"2023-11-01T13:57:55+00:00\",\"dateModified\":\"2024-11-13T14:52:55+00:00\",\"breadcrumb\":{\"@id\":\"https:\/\/bookingkit.com\/de\/bestehende-unterauftragsverhaeltnisse\/#breadcrumb\"},\"inLanguage\":\"de-DE\",\"potentialAction\":[{\"@type\":\"ReadAction\",\"target\":[\"https:\/\/bookingkit.com\/de\/bestehende-unterauftragsverhaeltnisse\/\"]}]},{\"@type\":\"ImageObject\",\"inLanguage\":\"de-DE\",\"@id\":\"https:\/\/bookingkit.com\/de\/bestehende-unterauftragsverhaeltnisse\/#primaryimage\",\"url\":\"https:\/\/bookingkit.com\/wp-content\/uploads\/2021\/06\/bck.png\",\"contentUrl\":\"https:\/\/bookingkit.com\/wp-content\/uploads\/2021\/06\/bck.png\",\"width\":750,\"height\":392,\"caption\":\"default featured image\"},{\"@type\":\"BreadcrumbList\",\"@id\":\"https:\/\/bookingkit.com\/de\/bestehende-unterauftragsverhaeltnisse\/#breadcrumb\",\"itemListElement\":[{\"@type\":\"ListItem\",\"position\":1,\"name\":\"Home\",\"item\":\"https:\/\/bookingkit.com\/de\/\"},{\"@type\":\"ListItem\",\"position\":2,\"name\":\"Bestehende Unterauftragsverh\u00e4ltnisse\"}]},{\"@type\":\"WebSite\",\"@id\":\"https:\/\/bookingkit.com\/#website\",\"url\":\"https:\/\/bookingkit.com\/\",\"name\":\"bookingkit\",\"description\":\"Booking Software for Tours &amp; Attractions\",\"potentialAction\":[{\"@type\":\"SearchAction\",\"target\":{\"@type\":\"EntryPoint\",\"urlTemplate\":\"https:\/\/bookingkit.com\/?s={search_term_string}\"},\"query-input\":{\"@type\":\"PropertyValueSpecification\",\"valueRequired\":true,\"valueName\":\"search_term_string\"}}],\"inLanguage\":\"de-DE\"}]}<\/script>\n<!-- \/ Yoast SEO plugin. -->","yoast_head_json":{"title":"Bestehende Unterauftragsverh\u00e4ltnisse - bookingkit","robots":{"index":"index","follow":"follow","max-snippet":"max-snippet:-1","max-image-preview":"max-image-preview:large","max-video-preview":"max-video-preview:-1"},"canonical":"https:\/\/bookingkit.com\/de\/bestehende-unterauftragsverhaeltnisse\/","og_locale":"de_DE","og_type":"article","og_title":"Bestehende Unterauftragsverh\u00e4ltnisse - bookingkit","og_description":"Bestehende Unterauftragsverh\u00e4ltnisse Letzte Aktualisierung 13.11.2024 BestehendeUnterauftragsverh\u00e4ltnisse Zweck Optional H\u00e4ufigkeit und Umfang der Verarbeitung Gemeinsame Verantwortliche Amazon Web Services EMEA SARL, 38 Avenue John F. Kennedy, L-1855 Luxembourg Datenspeicher Nein Alle oder die meisten der erhobenen Daten werden verarbeitet oder gespeichert. Die erhobenen Daten werden h\u00e4ufig oder immer verarbeitet oder gespeichert. Nein Mailjet SAS, 4, rue [&hellip;]","og_url":"https:\/\/bookingkit.com\/de\/bestehende-unterauftragsverhaeltnisse\/","og_site_name":"bookingkit","article_modified_time":"2024-11-13T14:52:55+00:00","og_image":[{"width":750,"height":392,"url":"https:\/\/bookingkit.com\/wp-content\/uploads\/2021\/06\/bck.png","type":"image\/png"}],"twitter_card":"summary_large_image","twitter_misc":{"Gesch\u00e4tzte Lesezeit":"3 Minuten"},"schema":{"@context":"https:\/\/schema.org","@graph":[{"@type":"WebPage","@id":"https:\/\/bookingkit.com\/de\/bestehende-unterauftragsverhaeltnisse\/","url":"https:\/\/bookingkit.com\/de\/bestehende-unterauftragsverhaeltnisse\/","name":"Bestehende Unterauftragsverh\u00e4ltnisse - bookingkit","isPartOf":{"@id":"https:\/\/bookingkit.com\/#website"},"primaryImageOfPage":{"@id":"https:\/\/bookingkit.com\/de\/bestehende-unterauftragsverhaeltnisse\/#primaryimage"},"image":{"@id":"https:\/\/bookingkit.com\/de\/bestehende-unterauftragsverhaeltnisse\/#primaryimage"},"thumbnailUrl":"https:\/\/bookingkit.com\/wp-content\/uploads\/2021\/06\/bck.png","datePublished":"2023-11-01T13:57:55+00:00","dateModified":"2024-11-13T14:52:55+00:00","breadcrumb":{"@id":"https:\/\/bookingkit.com\/de\/bestehende-unterauftragsverhaeltnisse\/#breadcrumb"},"inLanguage":"de-DE","potentialAction":[{"@type":"ReadAction","target":["https:\/\/bookingkit.com\/de\/bestehende-unterauftragsverhaeltnisse\/"]}]},{"@type":"ImageObject","inLanguage":"de-DE","@id":"https:\/\/bookingkit.com\/de\/bestehende-unterauftragsverhaeltnisse\/#primaryimage","url":"https:\/\/bookingkit.com\/wp-content\/uploads\/2021\/06\/bck.png","contentUrl":"https:\/\/bookingkit.com\/wp-content\/uploads\/2021\/06\/bck.png","width":750,"height":392,"caption":"default featured image"},{"@type":"BreadcrumbList","@id":"https:\/\/bookingkit.com\/de\/bestehende-unterauftragsverhaeltnisse\/#breadcrumb","itemListElement":[{"@type":"ListItem","position":1,"name":"Home","item":"https:\/\/bookingkit.com\/de\/"},{"@type":"ListItem","position":2,"name":"Bestehende Unterauftragsverh\u00e4ltnisse"}]},{"@type":"WebSite","@id":"https:\/\/bookingkit.com\/#website","url":"https:\/\/bookingkit.com\/","name":"bookingkit","description":"Booking Software for Tours &amp; Attractions","potentialAction":[{"@type":"SearchAction","target":{"@type":"EntryPoint","urlTemplate":"https:\/\/bookingkit.com\/?s={search_term_string}"},"query-input":{"@type":"PropertyValueSpecification","valueRequired":true,"valueName":"search_term_string"}}],"inLanguage":"de-DE"}]}},"_links":{"self":[{"href":"https:\/\/bookingkit.com\/de\/wp-json\/wp\/v2\/pages\/4467818","targetHints":{"allow":["GET"]}}],"collection":[{"href":"https:\/\/bookingkit.com\/de\/wp-json\/wp\/v2\/pages"}],"about":[{"href":"https:\/\/bookingkit.com\/de\/wp-json\/wp\/v2\/types\/page"}],"author":[{"embeddable":true,"href":"https:\/\/bookingkit.com\/de\/wp-json\/wp\/v2\/users\/30"}],"replies":[{"embeddable":true,"href":"https:\/\/bookingkit.com\/de\/wp-json\/wp\/v2\/comments?post=4467818"}],"version-history":[{"count":8,"href":"https:\/\/bookingkit.com\/de\/wp-json\/wp\/v2\/pages\/4467818\/revisions"}],"predecessor-version":[{"id":4475476,"href":"https:\/\/bookingkit.com\/de\/wp-json\/wp\/v2\/pages\/4467818\/revisions\/4475476"}],"wp:featuredmedia":[{"embeddable":true,"href":"https:\/\/bookingkit.com\/de\/wp-json\/wp\/v2\/media\/4445481"}],"wp:attachment":[{"href":"https:\/\/bookingkit.com\/de\/wp-json\/wp\/v2\/media?parent=4467818"}],"curies":[{"name":"wp","href":"https:\/\/api.w.org\/{rel}","templated":true}]}}