{"id":4477090,"date":"2025-02-27T17:14:19","date_gmt":"2025-02-27T17:14:19","guid":{"rendered":"https:\/\/bookingkit.com\/?page_id=4477090"},"modified":"2026-01-30T07:18:32","modified_gmt":"2026-01-30T07:18:32","slug":"produktpraesentation","status":"publish","type":"page","link":"https:\/\/bookingkit.com\/de\/produktpraesentation\/","title":{"rendered":"Demo vereinbaren &#8211; new layout"},"content":{"rendered":"\n<section id=\"smb-happy-customers-block_67a33dadba16d\" class=\"smb__happy-customers smb-happy-customers-block\" style=\"background-color:white;\">\n    <div class=\"container\">\n        <h2 class=\"h2 title-blue\">\n            Unsere zufriedenen Kunden        <\/h2>\n        <div class=\"l-r\">\n            <div class=\"splide l-r__right\" id=\"splide-customers__top\">\n                <div class=\"splide__track\">\n                    <ul class=\"splide__list\">\n                                    \n                                                                    \n                                <li class=\"splide__slide single\">\n                                    <div>\n                                        <h5 class=\"h5\"><b>\n                                            &#8222;Dank bookingkit k\u00f6nnen wir alle unsere Brauereif\u00fchrungen mit voller Kapazit\u00e4t anbieten, was gro\u00dfartig ist und unsere Ums\u00e4tze steigen l\u00e4sst!                                        <\/b><\/h5>\n                                        <p>\n                                            bookingkit hat uns vor allem dadurch geholfen, dass wir uns nicht mit jeder Marketingplattform einzeln per API verbinden m\u00fcssen, sondern nur eine API ben\u00f6tigen, um uns mit bookingkit zu verbinden. Das spart uns Zeit und Geld, und alles ist automatisiert, sodass die manuelle Arbeit wegf\u00e4llt. Wir freuen uns auf die weitere Zusammenarbeit und die Ausweitung auf neue Marketingkan\u00e4le und M\u00e4rkte!&#8220;\r\n                                        <\/p>\n                                        <h5 class=\"h5\"><b>\n                                            \u0160imon Lu\u0148\u00e1k                                        <\/b><\/h5>\n                                        <p>\n                                            Marketingleiter C&#038;H Department, Plze\u0148sk\u00fd Prazdroj                                        <\/p>\n                                    <\/div>\n                                    <div>\n                                        <a \n                                        href=\"#hs-form-iframe-0\"                                        target=\"\">\n                                        <img decoding=\"async\" src=\"https:\/\/bookingkit.com\/wp-content\/uploads\/2021\/07\/prazdroj.png\" alt=\"customer\">\n                                        <\/a>\n                                    <\/div>\n                                <\/li>\n                                                                  \n                                                                            \n                    <\/ul>\n                <\/div>\n            <\/div>                \n            \n        <\/div>\n                    <a href=\"#schedule-demo\" class=\"button book-a-demo\" target=\"\" rel=\"noopener noreferrer\">\n                            Book a demo                        <\/a>\n            <\/div>\n<\/section>","protected":false},"excerpt":{"rendered":"","protected":false},"author":4,"featured_media":0,"parent":0,"menu_order":0,"comment_status":"closed","ping_status":"closed","template":"page-test-schedule.php","meta":{"_et_pb_use_builder":"off","_et_pb_old_content":"<!-- wp:divi\/placeholder -->\n[et_pb_section][et_pb_row][et_pb_column type=\"4_4\"][et_pb_text]\n<!-- wp:acf\/smb-happy-customers {\"id\":\"block_67a33dadba16d\",\"name\":\"acf\/smb-happy-customers\",\"data\":{\"title\":\"What They Say About Us\",\"_title\":\"field_60d4514b0e333\",\"list_0_image\":4470256,\"_list_0_image\":\"field_60d4515d0e335\",\"list_0_title\":\" \u201eAfter only several months in use, we were able to increase our turnover by 12%. \",\"_list_0_title\":\"field_60d451640e336\",\"list_0_text\":\" Since our internal processes as well as the needs of our customers are constantly changing, we needed a booking system that is flexible and continually evolving with our needs. Therefore we decided for bookingkit. The special passion the team puts into the new development and improvement of their software really convinced us.\\u0022\",\"_list_0_text\":\"field_60d451690e337\",\"list_0_name\":\"Name\",\"_list_0_name\":\"field_60d451720e338\",\"list_0_function\":\"za boss\",\"_list_0_function\":\"field_60d451790e339\",\"list_0_link\":\"\",\"_list_0_link\":\"field_611a525c81a05\",\"list\":1,\"_list\":\"field_60d451510e334\",\"extra_css\":\"background-color:white;\",\"_extra_css\":\"field_60d6ea0cbf707\"},\"align\":\"\",\"mode\":\"edit\"} \/-->\n[\/et_pb_text][\/et_pb_column][\/et_pb_row][\/et_pb_section]\n<!-- \/wp:divi\/placeholder -->","_et_gb_content_width":"","inline_featured_image":false,"footnotes":""},"class_list":["post-4477090","page","type-page","status-publish","hentry"],"yoast_head":"<!-- This site is optimized with the Yoast SEO plugin v26.7 - https:\/\/yoast.com\/wordpress\/plugins\/seo\/ -->\n<title>Demo vereinbaren - bookingkit.de<\/title>\n<meta name=\"description\" content=\"Vereinbare eine Produkttour mit bookingkit. Die professionelle Buchungssoftware f\u00fcr Touren, Aktivit\u00e4ten &amp; Attraktionen.\" \/>\n<meta name=\"robots\" content=\"index, follow, max-snippet:-1, max-image-preview:large, max-video-preview:-1\" \/>\n<link rel=\"canonical\" href=\"https:\/\/bookingkit.com\/de\/produktpraesentation\/\" \/>\n<meta property=\"og:locale\" content=\"de_DE\" \/>\n<meta property=\"og:type\" content=\"article\" \/>\n<meta property=\"og:title\" content=\"Demo vereinbaren - bookingkit.de\" \/>\n<meta property=\"og:description\" content=\"Vereinbare eine Produkttour mit bookingkit. Die professionelle Buchungssoftware f\u00fcr Touren, Aktivit\u00e4ten &amp; Attraktionen.\" \/>\n<meta property=\"og:url\" content=\"https:\/\/bookingkit.com\/de\/produktpraesentation\/\" \/>\n<meta property=\"og:site_name\" content=\"bookingkit\" \/>\n<meta property=\"article:modified_time\" content=\"2026-01-30T07:18:32+00:00\" \/>\n<meta name=\"twitter:card\" content=\"summary_large_image\" \/>\n<script type=\"application\/ld+json\" class=\"yoast-schema-graph\">{\"@context\":\"https:\/\/schema.org\",\"@graph\":[{\"@type\":\"WebPage\",\"@id\":\"https:\/\/bookingkit.com\/de\/produktpraesentation\/\",\"url\":\"https:\/\/bookingkit.com\/de\/produktpraesentation\/\",\"name\":\"Demo vereinbaren - bookingkit.de\",\"isPartOf\":{\"@id\":\"https:\/\/bookingkit.com\/#website\"},\"datePublished\":\"2025-02-27T17:14:19+00:00\",\"dateModified\":\"2026-01-30T07:18:32+00:00\",\"description\":\"Vereinbare eine Produkttour mit bookingkit. Die professionelle Buchungssoftware f\u00fcr Touren, Aktivit\u00e4ten & Attraktionen.\",\"breadcrumb\":{\"@id\":\"https:\/\/bookingkit.com\/de\/produktpraesentation\/#breadcrumb\"},\"inLanguage\":\"de-DE\",\"potentialAction\":[{\"@type\":\"ReadAction\",\"target\":[\"https:\/\/bookingkit.com\/de\/produktpraesentation\/\"]}]},{\"@type\":\"BreadcrumbList\",\"@id\":\"https:\/\/bookingkit.com\/de\/produktpraesentation\/#breadcrumb\",\"itemListElement\":[{\"@type\":\"ListItem\",\"position\":1,\"name\":\"Home\",\"item\":\"https:\/\/bookingkit.com\/de\/\"},{\"@type\":\"ListItem\",\"position\":2,\"name\":\"Demo vereinbaren &#8211; new layout\"}]},{\"@type\":\"WebSite\",\"@id\":\"https:\/\/bookingkit.com\/#website\",\"url\":\"https:\/\/bookingkit.com\/\",\"name\":\"bookingkit\",\"description\":\"Booking Software for Tours &amp; Attractions\",\"potentialAction\":[{\"@type\":\"SearchAction\",\"target\":{\"@type\":\"EntryPoint\",\"urlTemplate\":\"https:\/\/bookingkit.com\/?s={search_term_string}\"},\"query-input\":{\"@type\":\"PropertyValueSpecification\",\"valueRequired\":true,\"valueName\":\"search_term_string\"}}],\"inLanguage\":\"de-DE\"}]}<\/script>\n<!-- \/ Yoast SEO plugin. -->","yoast_head_json":{"title":"Demo vereinbaren - bookingkit.de","description":"Vereinbare eine Produkttour mit bookingkit. Die professionelle Buchungssoftware f\u00fcr Touren, Aktivit\u00e4ten & Attraktionen.","robots":{"index":"index","follow":"follow","max-snippet":"max-snippet:-1","max-image-preview":"max-image-preview:large","max-video-preview":"max-video-preview:-1"},"canonical":"https:\/\/bookingkit.com\/de\/produktpraesentation\/","og_locale":"de_DE","og_type":"article","og_title":"Demo vereinbaren - bookingkit.de","og_description":"Vereinbare eine Produkttour mit bookingkit. Die professionelle Buchungssoftware f\u00fcr Touren, Aktivit\u00e4ten & Attraktionen.","og_url":"https:\/\/bookingkit.com\/de\/produktpraesentation\/","og_site_name":"bookingkit","article_modified_time":"2026-01-30T07:18:32+00:00","twitter_card":"summary_large_image","schema":{"@context":"https:\/\/schema.org","@graph":[{"@type":"WebPage","@id":"https:\/\/bookingkit.com\/de\/produktpraesentation\/","url":"https:\/\/bookingkit.com\/de\/produktpraesentation\/","name":"Demo vereinbaren - bookingkit.de","isPartOf":{"@id":"https:\/\/bookingkit.com\/#website"},"datePublished":"2025-02-27T17:14:19+00:00","dateModified":"2026-01-30T07:18:32+00:00","description":"Vereinbare eine Produkttour mit bookingkit. Die professionelle Buchungssoftware f\u00fcr Touren, Aktivit\u00e4ten & Attraktionen.","breadcrumb":{"@id":"https:\/\/bookingkit.com\/de\/produktpraesentation\/#breadcrumb"},"inLanguage":"de-DE","potentialAction":[{"@type":"ReadAction","target":["https:\/\/bookingkit.com\/de\/produktpraesentation\/"]}]},{"@type":"BreadcrumbList","@id":"https:\/\/bookingkit.com\/de\/produktpraesentation\/#breadcrumb","itemListElement":[{"@type":"ListItem","position":1,"name":"Home","item":"https:\/\/bookingkit.com\/de\/"},{"@type":"ListItem","position":2,"name":"Demo vereinbaren &#8211; new layout"}]},{"@type":"WebSite","@id":"https:\/\/bookingkit.com\/#website","url":"https:\/\/bookingkit.com\/","name":"bookingkit","description":"Booking Software for Tours &amp; Attractions","potentialAction":[{"@type":"SearchAction","target":{"@type":"EntryPoint","urlTemplate":"https:\/\/bookingkit.com\/?s={search_term_string}"},"query-input":{"@type":"PropertyValueSpecification","valueRequired":true,"valueName":"search_term_string"}}],"inLanguage":"de-DE"}]}},"_links":{"self":[{"href":"https:\/\/bookingkit.com\/de\/wp-json\/wp\/v2\/pages\/4477090","targetHints":{"allow":["GET"]}}],"collection":[{"href":"https:\/\/bookingkit.com\/de\/wp-json\/wp\/v2\/pages"}],"about":[{"href":"https:\/\/bookingkit.com\/de\/wp-json\/wp\/v2\/types\/page"}],"author":[{"embeddable":true,"href":"https:\/\/bookingkit.com\/de\/wp-json\/wp\/v2\/users\/4"}],"replies":[{"embeddable":true,"href":"https:\/\/bookingkit.com\/de\/wp-json\/wp\/v2\/comments?post=4477090"}],"version-history":[{"count":14,"href":"https:\/\/bookingkit.com\/de\/wp-json\/wp\/v2\/pages\/4477090\/revisions"}],"predecessor-version":[{"id":4478849,"href":"https:\/\/bookingkit.com\/de\/wp-json\/wp\/v2\/pages\/4477090\/revisions\/4478849"}],"wp:attachment":[{"href":"https:\/\/bookingkit.com\/de\/wp-json\/wp\/v2\/media?parent=4477090"}],"curies":[{"name":"wp","href":"https:\/\/api.w.org\/{rel}","templated":true}]}}