{"id":4477683,"date":"2025-09-03T14:10:02","date_gmt":"2025-09-03T14:10:02","guid":{"rendered":"https:\/\/bookingkit.com\/?page_id=4477683"},"modified":"2025-09-03T14:44:29","modified_gmt":"2025-09-03T14:44:29","slug":"vielen-dank-fuer-deine-registrierung","status":"publish","type":"page","link":"https:\/\/bookingkit.com\/de\/vielen-dank-fuer-deine-registrierung\/","title":{"rendered":"Vielen Dank f\u00fcr deine Registrierung!"},"content":{"rendered":"<p>[et_pb_section fb_built=&#8220;1&#8243; _builder_version=&#8220;4.14.7&#8243; _module_preset=&#8220;default&#8220; use_background_color_gradient=&#8220;on&#8220; background_image=&#8220;https:\/\/bookingkit.com\/wp-content\/uploads\/2022\/09\/header-\u2013-6666-2.png&#8220; width=&#8220;100%&#8220; min_height=&#8220;201.5px&#8220; custom_padding=&#8220;||83px|||&#8220; global_colors_info=&#8220;{}&#8220;][et_pb_row _builder_version=&#8220;4.14.7&#8243; _module_preset=&#8220;default&#8220; global_colors_info=&#8220;{}&#8220;][et_pb_column type=&#8220;4_4&#8243; _builder_version=&#8220;4.14.7&#8243; _module_preset=&#8220;default&#8220; global_colors_info=&#8220;{}&#8220;][et_pb_text _builder_version=&#8220;4.14.7&#8243; _module_preset=&#8220;default&#8220; text_text_color=&#8220;#FFFFFF&#8220; text_font_size=&#8220;28px&#8220; text_orientation=&#8220;center&#8220; global_colors_info=&#8220;{}&#8220;]<\/p>\n<h1><strong>Vielen Dank f\u00fcr deine Registrierung!<\/strong><\/h1>\n<p>[\/et_pb_text][et_pb_text _builder_version=&#8220;4.14.7&#8243; _module_preset=&#8220;default&#8220; text_text_color=&#8220;#FFFFFF&#8220; text_font_size=&#8220;18px&#8220; text_orientation=&#8220;center&#8220; width=&#8220;52%&#8220; max_width=&#8220;52%&#8220; module_alignment=&#8220;center&#8220; global_colors_info=&#8220;{}&#8220;]<\/p>\n<p>Du erh\u00e4ltst in K\u00fcrze eine Best\u00e4tigungsemail. Solltest du keine Email erhalten haben, schaue in deinem Spam-Ordner nach oder kontaktiere uns unter <strong><span style=\"color: #f8a42a;\"><a href=\"mailto:marketing@bookingkit.de\" style=\"color: #f8a42a;\">marketing@bookingkit.de<\/a>\u00a0<\/span><\/strong><\/p>\n<p>[\/et_pb_text][\/et_pb_column][\/et_pb_row][\/et_pb_section][et_pb_section fb_built=&#8220;1&#8243; _builder_version=&#8220;4.14.7&#8243; _module_preset=&#8220;default&#8220; custom_margin=&#8220;16px|||||&#8220; custom_padding=&#8220;27px|||||&#8220; global_colors_info=&#8220;{}&#8220;][et_pb_row _builder_version=&#8220;4.14.7&#8243; _module_preset=&#8220;default&#8220; custom_margin=&#8220;-17px|auto||auto||&#8220; custom_padding=&#8220;7px|||||&#8220; global_colors_info=&#8220;{}&#8220;][et_pb_column type=&#8220;4_4&#8243; _builder_version=&#8220;4.14.7&#8243; _module_preset=&#8220;default&#8220; global_colors_info=&#8220;{}&#8220;][et_pb_text _builder_version=&#8220;4.14.7&#8243; _module_preset=&#8220;default&#8220; text_font=&#8220;GT Pressura BOLD|700|||||||&#8220; text_text_color=&#8220;#0C71C3&#8243; text_font_size=&#8220;52px&#8220; header_font=&#8220;GT Pressura BOLD|700|||||||&#8220; header_text_color=&#8220;#0C71C3&#8243; text_orientation=&#8220;center&#8220; min_height=&#8220;87px&#8220; custom_margin=&#8220;27px|||||&#8220; custom_padding=&#8220;||3px|||&#8220; custom_css_main_element=&#8220;font-size: 52px!important;&#8220; global_colors_info=&#8220;{}&#8220;]<\/p>\n<h4><span style=\"font-size: xx-large;\"><strong>Erfahren Sie, wie bookingkit Tausenden von europ\u00e4ischen Unternehmen geholfen hat<\/strong><\/span><\/h4>\n<p>[\/et_pb_text][et_pb_button button_url=&#8220;https:\/\/bookingkit.com\/de\/kundenreferenzen\/&#8220; button_text=&#8220;Seite mit Zeugnissen besuchen&#8220; button_alignment=&#8220;center&#8220; _builder_version=&#8220;4.14.7&#8243; _module_preset=&#8220;default&#8220; custom_button=&#8220;on&#8220; button_text_size=&#8220;16px&#8220; button_text_color=&#8220;#454545&#8243; button_bg_color=&#8220;#FFFFFF&#8220; button_border_width=&#8220;2px&#8220; button_border_color=&#8220;#454545&#8243; button_border_radius=&#8220;100px&#8220; button_font=&#8220;Open Sans|700||on|||||&#8220; button_use_icon=&#8220;off&#8220; custom_margin=&#8220;21px|||0px|false|false&#8220; hover_enabled=&#8220;0&#8243; global_colors_info=&#8220;{}&#8220; button_bg_color__hover_enabled=&#8220;on|hover&#8220; button_bg_color__hover=&#8220;#454545&#8243; button_bg_enable_color__hover=&#8220;on&#8220; button_text_color__hover_enabled=&#8220;on|hover&#8220; button_text_color__hover=&#8220;#FFFFFF&#8220; sticky_enabled=&#8220;0&#8243;][\/et_pb_button][\/et_pb_column][\/et_pb_row][\/et_pb_section][et_pb_section fb_built=&#8220;1&#8243; _builder_version=&#8220;4.14.7&#8243; _module_preset=&#8220;default&#8220; custom_margin=&#8220;-102px|||||&#8220; custom_padding=&#8220;15px|||||&#8220; global_colors_info=&#8220;{}&#8220;][et_pb_row _builder_version=&#8220;4.14.7&#8243; _module_preset=&#8220;default&#8220; width=&#8220;8%&#8220; max_width=&#8220;119px&#8220; global_colors_info=&#8220;{}&#8220;][et_pb_column type=&#8220;4_4&#8243; _builder_version=&#8220;4.14.7&#8243; _module_preset=&#8220;default&#8220; global_colors_info=&#8220;{}&#8220;][et_pb_image src=&#8220;https:\/\/bookingkit.com\/wp-content\/uploads\/2022\/09\/arrow.svg&#8220; title_text=&#8220;arrow&#8220; _builder_version=&#8220;4.14.7&#8243; _module_preset=&#8220;default&#8220; transform_rotate=&#8220;0deg|0deg|22deg&#8220; custom_margin=&#8220;|||-90px|false|false&#8220; custom_padding=&#8220;|80px||0px|false|false&#8220; global_colors_info=&#8220;{}&#8220;][\/et_pb_image][\/et_pb_column][\/et_pb_row][\/et_pb_section]<\/p>\n","protected":false},"excerpt":{"rendered":"<p>Vielen Dank f\u00fcr deine Registrierung! Du erh\u00e4ltst in&#8230;<\/p>\n","protected":false},"author":35,"featured_media":0,"parent":0,"menu_order":0,"comment_status":"closed","ping_status":"closed","template":"","meta":{"_et_pb_use_builder":"on","_et_pb_old_content":"","_et_gb_content_width":"","inline_featured_image":false,"footnotes":""},"class_list":["post-4477683","page","type-page","status-publish","hentry"],"yoast_head":"<!-- This site is optimized with the Yoast SEO plugin v26.7 - https:\/\/yoast.com\/wordpress\/plugins\/seo\/ -->\n<title>Vielen Dank f\u00fcr deine Registrierung! - bookingkit<\/title>\n<meta name=\"robots\" content=\"index, follow, max-snippet:-1, max-image-preview:large, max-video-preview:-1\" \/>\n<link rel=\"canonical\" href=\"https:\/\/bookingkit.com\/de\/vielen-dank-fuer-deine-registrierung\/\" \/>\n<meta property=\"og:locale\" content=\"de_DE\" \/>\n<meta property=\"og:type\" content=\"article\" \/>\n<meta property=\"og:title\" content=\"Vielen Dank f\u00fcr deine Registrierung! - bookingkit\" \/>\n<meta property=\"og:description\" content=\"Vielen Dank f\u00fcr deine Registrierung! Du erh\u00e4ltst in...\" \/>\n<meta property=\"og:url\" content=\"https:\/\/bookingkit.com\/de\/vielen-dank-fuer-deine-registrierung\/\" \/>\n<meta property=\"og:site_name\" content=\"bookingkit\" \/>\n<meta property=\"article:modified_time\" content=\"2025-09-03T14:44:29+00:00\" \/>\n<meta name=\"twitter:card\" content=\"summary_large_image\" \/>\n<meta name=\"twitter:label1\" content=\"Gesch\u00e4tzte Lesezeit\" \/>\n\t<meta name=\"twitter:data1\" content=\"2 Minuten\" \/>\n<script type=\"application\/ld+json\" class=\"yoast-schema-graph\">{\"@context\":\"https:\/\/schema.org\",\"@graph\":[{\"@type\":\"WebPage\",\"@id\":\"https:\/\/bookingkit.com\/de\/vielen-dank-fuer-deine-registrierung\/\",\"url\":\"https:\/\/bookingkit.com\/de\/vielen-dank-fuer-deine-registrierung\/\",\"name\":\"Vielen Dank f\u00fcr deine Registrierung! - bookingkit\",\"isPartOf\":{\"@id\":\"https:\/\/bookingkit.com\/#website\"},\"datePublished\":\"2025-09-03T14:10:02+00:00\",\"dateModified\":\"2025-09-03T14:44:29+00:00\",\"breadcrumb\":{\"@id\":\"https:\/\/bookingkit.com\/de\/vielen-dank-fuer-deine-registrierung\/#breadcrumb\"},\"inLanguage\":\"de-DE\",\"potentialAction\":[{\"@type\":\"ReadAction\",\"target\":[\"https:\/\/bookingkit.com\/de\/vielen-dank-fuer-deine-registrierung\/\"]}]},{\"@type\":\"BreadcrumbList\",\"@id\":\"https:\/\/bookingkit.com\/de\/vielen-dank-fuer-deine-registrierung\/#breadcrumb\",\"itemListElement\":[{\"@type\":\"ListItem\",\"position\":1,\"name\":\"Home\",\"item\":\"https:\/\/bookingkit.com\/de\/\"},{\"@type\":\"ListItem\",\"position\":2,\"name\":\"Vielen Dank f\u00fcr deine Registrierung!\"}]},{\"@type\":\"WebSite\",\"@id\":\"https:\/\/bookingkit.com\/#website\",\"url\":\"https:\/\/bookingkit.com\/\",\"name\":\"bookingkit\",\"description\":\"Booking Software for Tours &amp; Attractions\",\"potentialAction\":[{\"@type\":\"SearchAction\",\"target\":{\"@type\":\"EntryPoint\",\"urlTemplate\":\"https:\/\/bookingkit.com\/?s={search_term_string}\"},\"query-input\":{\"@type\":\"PropertyValueSpecification\",\"valueRequired\":true,\"valueName\":\"search_term_string\"}}],\"inLanguage\":\"de-DE\"}]}<\/script>\n<!-- \/ Yoast SEO plugin. -->","yoast_head_json":{"title":"Vielen Dank f\u00fcr deine Registrierung! - bookingkit","robots":{"index":"index","follow":"follow","max-snippet":"max-snippet:-1","max-image-preview":"max-image-preview:large","max-video-preview":"max-video-preview:-1"},"canonical":"https:\/\/bookingkit.com\/de\/vielen-dank-fuer-deine-registrierung\/","og_locale":"de_DE","og_type":"article","og_title":"Vielen Dank f\u00fcr deine Registrierung! - bookingkit","og_description":"Vielen Dank f\u00fcr deine Registrierung! Du erh\u00e4ltst in...","og_url":"https:\/\/bookingkit.com\/de\/vielen-dank-fuer-deine-registrierung\/","og_site_name":"bookingkit","article_modified_time":"2025-09-03T14:44:29+00:00","twitter_card":"summary_large_image","twitter_misc":{"Gesch\u00e4tzte Lesezeit":"2 Minuten"},"schema":{"@context":"https:\/\/schema.org","@graph":[{"@type":"WebPage","@id":"https:\/\/bookingkit.com\/de\/vielen-dank-fuer-deine-registrierung\/","url":"https:\/\/bookingkit.com\/de\/vielen-dank-fuer-deine-registrierung\/","name":"Vielen Dank f\u00fcr deine Registrierung! - bookingkit","isPartOf":{"@id":"https:\/\/bookingkit.com\/#website"},"datePublished":"2025-09-03T14:10:02+00:00","dateModified":"2025-09-03T14:44:29+00:00","breadcrumb":{"@id":"https:\/\/bookingkit.com\/de\/vielen-dank-fuer-deine-registrierung\/#breadcrumb"},"inLanguage":"de-DE","potentialAction":[{"@type":"ReadAction","target":["https:\/\/bookingkit.com\/de\/vielen-dank-fuer-deine-registrierung\/"]}]},{"@type":"BreadcrumbList","@id":"https:\/\/bookingkit.com\/de\/vielen-dank-fuer-deine-registrierung\/#breadcrumb","itemListElement":[{"@type":"ListItem","position":1,"name":"Home","item":"https:\/\/bookingkit.com\/de\/"},{"@type":"ListItem","position":2,"name":"Vielen Dank f\u00fcr deine Registrierung!"}]},{"@type":"WebSite","@id":"https:\/\/bookingkit.com\/#website","url":"https:\/\/bookingkit.com\/","name":"bookingkit","description":"Booking Software for Tours &amp; Attractions","potentialAction":[{"@type":"SearchAction","target":{"@type":"EntryPoint","urlTemplate":"https:\/\/bookingkit.com\/?s={search_term_string}"},"query-input":{"@type":"PropertyValueSpecification","valueRequired":true,"valueName":"search_term_string"}}],"inLanguage":"de-DE"}]}},"_links":{"self":[{"href":"https:\/\/bookingkit.com\/de\/wp-json\/wp\/v2\/pages\/4477683","targetHints":{"allow":["GET"]}}],"collection":[{"href":"https:\/\/bookingkit.com\/de\/wp-json\/wp\/v2\/pages"}],"about":[{"href":"https:\/\/bookingkit.com\/de\/wp-json\/wp\/v2\/types\/page"}],"author":[{"embeddable":true,"href":"https:\/\/bookingkit.com\/de\/wp-json\/wp\/v2\/users\/35"}],"replies":[{"embeddable":true,"href":"https:\/\/bookingkit.com\/de\/wp-json\/wp\/v2\/comments?post=4477683"}],"version-history":[{"count":7,"href":"https:\/\/bookingkit.com\/de\/wp-json\/wp\/v2\/pages\/4477683\/revisions"}],"predecessor-version":[{"id":4477705,"href":"https:\/\/bookingkit.com\/de\/wp-json\/wp\/v2\/pages\/4477683\/revisions\/4477705"}],"wp:attachment":[{"href":"https:\/\/bookingkit.com\/de\/wp-json\/wp\/v2\/media?parent=4477683"}],"curies":[{"name":"wp","href":"https:\/\/api.w.org\/{rel}","templated":true}]}}