{"id":4445188,"date":"2021-05-10T01:36:40","date_gmt":"2021-05-10T01:36:40","guid":{"rendered":"http:\/\/bookingkit.com\/impressum\/"},"modified":"2022-05-06T13:25:46","modified_gmt":"2022-05-06T13:25:46","slug":"aviso-legal","status":"publish","type":"page","link":"https:\/\/bookingkit.com\/es\/aviso-legal\/","title":{"rendered":"Aviso legal"},"content":{"rendered":"\n<h2 class=\"wp-block-heading\"><br>bookingkit \u2013 The smart booking &amp; marketing solution.<\/h2>\n\n\n\n<p>bookingkit GmbH<br>Sonnenallee 223<br>D-12059 Berlin<br><br>mail@bookingkit.de<br>www.bookingkit.net<br><\/p>\n\n\n\n<h2 class=\"wp-block-heading\"><strong>Direcci\u00f3n de la empresa<\/strong><\/h2>\n\n\n\n<p>Lukas C. C. Hempel<\/p>\n\n\n\n<p>Registro mercantil: Amtsgericht Berlin-Charlottenburg, HRB 160861 B | NIF: DE296647620<br>Seguro de responsabilidad civil: R&amp;V Allgemeine Versicherung AG, Niedersachsenring 13, 30163 Hannover (Alemania)<\/p>\n\n\n\n<p>bookingkit\u00ae es una marca comercial registrada en la Uni\u00f3n Europea y en otros pa\u00edses.<\/p>\n\n\n\n<h2 class=\"wp-block-heading\"><strong>Informaci\u00f3n legal sobre el sitio web<\/strong><\/h2>\n\n\n\n<p>La totalidad de textos, im\u00e1genes y cualquier otro tipo de informaci\u00f3n publicada en este sitio web es propiedad intelectual del proveedor, a menos que est\u00e9n sujetos a derechos de autor de terceros. En cualquier caso, su reproducci\u00f3n, divulgaci\u00f3n o publicaci\u00f3n solo se permite previo consentimiento revocable y no transferible por parte del proveedor.<\/p>\n\n\n\n<p>Los contenidos de este sitio web se elaboran con gran cuidado. No obstante, es imposible garantizar que sean actuales y exhaustivos.<\/p>\n\n\n\n<p>El proveedor no asume ninguna responsabilidad por los contenidos web asociados a los enlaces a otros sitios web, ya que no se trata de contenidos propios. Se ha comprobado que los enlaces externos no redirijan a contenidos ilegales. Dichos contenidos no se detectaron en el momento en que se crearon los enlaces. No obstante, no existe ninguna obligaci\u00f3n de control y supervisi\u00f3n de contenidos de terceros.<\/p>\n\n\n\n<p>Los nombres y las marcas comerciales indicados son propiedad de sus respectivos due\u00f1os.<\/p>\n\n\n\n<p><\/p>\n\n\n\n<p><\/p>\n","protected":false},"excerpt":{"rendered":"<p>bookingkit \u2013 The smart booking &amp; marketing solution. bookingkit GmbHSonnenallee 223D-12059 Berlin mail@bookingkit.dewww.bookingkit.net Direcci\u00f3n de la empresa Lukas C. C. Hempel Registro mercantil: Amtsgericht Berlin-Charlottenburg, HRB 160861 B | NIF: DE296647620Seguro de responsabilidad civil: R&amp;V Allgemeine Versicherung AG, Niedersachsenring 13, 30163 Hannover (Alemania) bookingkit\u00ae es una marca comercial registrada en la Uni\u00f3n Europea y en [&hellip;]<\/p>\n","protected":false},"author":1,"featured_media":0,"parent":0,"menu_order":0,"comment_status":"closed","ping_status":"closed","template":"page-impressum.php","meta":{"_et_pb_use_builder":"","_et_pb_old_content":"","_et_gb_content_width":"","inline_featured_image":false,"footnotes":""},"class_list":["post-4445188","page","type-page","status-publish","hentry"],"yoast_head":"<!-- This site is optimized with the Yoast SEO plugin v26.7 - https:\/\/yoast.com\/wordpress\/plugins\/seo\/ -->\n<title>Aviso legal - bookingkit<\/title>\n<meta name=\"robots\" content=\"index, follow, max-snippet:-1, max-image-preview:large, max-video-preview:-1\" \/>\n<link rel=\"canonical\" href=\"https:\/\/bookingkit.com\/es\/aviso-legal\/\" \/>\n<meta property=\"og:locale\" content=\"es_ES\" \/>\n<meta property=\"og:type\" content=\"article\" \/>\n<meta property=\"og:title\" content=\"Aviso legal - bookingkit\" \/>\n<meta property=\"og:description\" content=\"bookingkit \u2013 The smart booking &amp; marketing solution. bookingkit GmbHSonnenallee 223D-12059 Berlin mail@bookingkit.dewww.bookingkit.net Direcci\u00f3n de la empresa Lukas C. C. Hempel Registro mercantil: Amtsgericht Berlin-Charlottenburg, HRB 160861 B | NIF: DE296647620Seguro de responsabilidad civil: R&amp;V Allgemeine Versicherung AG, Niedersachsenring 13, 30163 Hannover (Alemania) bookingkit\u00ae es una marca comercial registrada en la Uni\u00f3n Europea y en [&hellip;]\" \/>\n<meta property=\"og:url\" content=\"https:\/\/bookingkit.com\/es\/aviso-legal\/\" \/>\n<meta property=\"og:site_name\" content=\"bookingkit\" \/>\n<meta property=\"article:modified_time\" content=\"2022-05-06T13:25:46+00:00\" \/>\n<meta name=\"twitter:card\" content=\"summary_large_image\" \/>\n<meta name=\"twitter:label1\" content=\"Tiempo de lectura\" \/>\n\t<meta name=\"twitter:data1\" content=\"1 minuto\" \/>\n<script type=\"application\/ld+json\" class=\"yoast-schema-graph\">{\"@context\":\"https:\/\/schema.org\",\"@graph\":[{\"@type\":\"WebPage\",\"@id\":\"https:\/\/bookingkit.com\/es\/aviso-legal\/\",\"url\":\"https:\/\/bookingkit.com\/es\/aviso-legal\/\",\"name\":\"Aviso legal - bookingkit\",\"isPartOf\":{\"@id\":\"https:\/\/bookingkit.com\/#website\"},\"datePublished\":\"2021-05-10T01:36:40+00:00\",\"dateModified\":\"2022-05-06T13:25:46+00:00\",\"breadcrumb\":{\"@id\":\"https:\/\/bookingkit.com\/es\/aviso-legal\/#breadcrumb\"},\"inLanguage\":\"es\",\"potentialAction\":[{\"@type\":\"ReadAction\",\"target\":[\"https:\/\/bookingkit.com\/es\/aviso-legal\/\"]}]},{\"@type\":\"BreadcrumbList\",\"@id\":\"https:\/\/bookingkit.com\/es\/aviso-legal\/#breadcrumb\",\"itemListElement\":[{\"@type\":\"ListItem\",\"position\":1,\"name\":\"Home\",\"item\":\"https:\/\/bookingkit.com\/es\/\"},{\"@type\":\"ListItem\",\"position\":2,\"name\":\"Aviso legal\"}]},{\"@type\":\"WebSite\",\"@id\":\"https:\/\/bookingkit.com\/#website\",\"url\":\"https:\/\/bookingkit.com\/\",\"name\":\"bookingkit\",\"description\":\"Booking Software for Tours &amp; Attractions\",\"potentialAction\":[{\"@type\":\"SearchAction\",\"target\":{\"@type\":\"EntryPoint\",\"urlTemplate\":\"https:\/\/bookingkit.com\/?s={search_term_string}\"},\"query-input\":{\"@type\":\"PropertyValueSpecification\",\"valueRequired\":true,\"valueName\":\"search_term_string\"}}],\"inLanguage\":\"es\"}]}<\/script>\n<!-- \/ Yoast SEO plugin. -->","yoast_head_json":{"title":"Aviso legal - bookingkit","robots":{"index":"index","follow":"follow","max-snippet":"max-snippet:-1","max-image-preview":"max-image-preview:large","max-video-preview":"max-video-preview:-1"},"canonical":"https:\/\/bookingkit.com\/es\/aviso-legal\/","og_locale":"es_ES","og_type":"article","og_title":"Aviso legal - bookingkit","og_description":"bookingkit \u2013 The smart booking &amp; marketing solution. bookingkit GmbHSonnenallee 223D-12059 Berlin mail@bookingkit.dewww.bookingkit.net Direcci\u00f3n de la empresa Lukas C. C. Hempel Registro mercantil: Amtsgericht Berlin-Charlottenburg, HRB 160861 B | NIF: DE296647620Seguro de responsabilidad civil: R&amp;V Allgemeine Versicherung AG, Niedersachsenring 13, 30163 Hannover (Alemania) bookingkit\u00ae es una marca comercial registrada en la Uni\u00f3n Europea y en [&hellip;]","og_url":"https:\/\/bookingkit.com\/es\/aviso-legal\/","og_site_name":"bookingkit","article_modified_time":"2022-05-06T13:25:46+00:00","twitter_card":"summary_large_image","twitter_misc":{"Tiempo de lectura":"1 minuto"},"schema":{"@context":"https:\/\/schema.org","@graph":[{"@type":"WebPage","@id":"https:\/\/bookingkit.com\/es\/aviso-legal\/","url":"https:\/\/bookingkit.com\/es\/aviso-legal\/","name":"Aviso legal - bookingkit","isPartOf":{"@id":"https:\/\/bookingkit.com\/#website"},"datePublished":"2021-05-10T01:36:40+00:00","dateModified":"2022-05-06T13:25:46+00:00","breadcrumb":{"@id":"https:\/\/bookingkit.com\/es\/aviso-legal\/#breadcrumb"},"inLanguage":"es","potentialAction":[{"@type":"ReadAction","target":["https:\/\/bookingkit.com\/es\/aviso-legal\/"]}]},{"@type":"BreadcrumbList","@id":"https:\/\/bookingkit.com\/es\/aviso-legal\/#breadcrumb","itemListElement":[{"@type":"ListItem","position":1,"name":"Home","item":"https:\/\/bookingkit.com\/es\/"},{"@type":"ListItem","position":2,"name":"Aviso legal"}]},{"@type":"WebSite","@id":"https:\/\/bookingkit.com\/#website","url":"https:\/\/bookingkit.com\/","name":"bookingkit","description":"Booking Software for Tours &amp; Attractions","potentialAction":[{"@type":"SearchAction","target":{"@type":"EntryPoint","urlTemplate":"https:\/\/bookingkit.com\/?s={search_term_string}"},"query-input":{"@type":"PropertyValueSpecification","valueRequired":true,"valueName":"search_term_string"}}],"inLanguage":"es"}]}},"_links":{"self":[{"href":"https:\/\/bookingkit.com\/es\/wp-json\/wp\/v2\/pages\/4445188","targetHints":{"allow":["GET"]}}],"collection":[{"href":"https:\/\/bookingkit.com\/es\/wp-json\/wp\/v2\/pages"}],"about":[{"href":"https:\/\/bookingkit.com\/es\/wp-json\/wp\/v2\/types\/page"}],"author":[{"embeddable":true,"href":"https:\/\/bookingkit.com\/es\/wp-json\/wp\/v2\/users\/1"}],"replies":[{"embeddable":true,"href":"https:\/\/bookingkit.com\/es\/wp-json\/wp\/v2\/comments?post=4445188"}],"version-history":[{"count":2,"href":"https:\/\/bookingkit.com\/es\/wp-json\/wp\/v2\/pages\/4445188\/revisions"}],"predecessor-version":[{"id":4461278,"href":"https:\/\/bookingkit.com\/es\/wp-json\/wp\/v2\/pages\/4445188\/revisions\/4461278"}],"wp:attachment":[{"href":"https:\/\/bookingkit.com\/es\/wp-json\/wp\/v2\/media?parent=4445188"}],"curies":[{"name":"wp","href":"https:\/\/api.w.org\/{rel}","templated":true}]}}