{"id":4447947,"date":"2021-05-10T01:38:08","date_gmt":"2021-05-10T01:38:08","guid":{"rendered":"http:\/\/bookingkit.com\/small-business\/"},"modified":"2024-04-09T16:02:31","modified_gmt":"2024-04-09T16:02:31","slug":"operadores-pequenos-y-medianos","status":"publish","type":"page","link":"https:\/\/bookingkit.com\/es\/operadores-pequenos-y-medianos\/","title":{"rendered":"Operadores peque\u00f1os y medianos"},"content":{"rendered":"\n<section id=\"smb-solution-block_60d4524557f2d\" class=\"smb__solution smb-solution-block\">\n    <div class=\"container l-r\">\n        <div class=\"l-r__first l-r__right\">\n            <img decoding=\"async\" src=\"https:\/\/bookingkit.com\/wp-content\/uploads\/2021\/06\/Kickstart-your-offer.png\" alt=\"solution\">\n        <\/div>\n        <div class=\"l-r__second l-r__left\">\n            <h1 class=\"h1 title-blue title-blue--black title-blue--left\">\n                Inicie su oferta en el mundo digital            <\/h1>\n            <h3 class=\"h3\">\n                Soluci\u00f3n de reservas r\u00e1pida, sencilla y potente para operadores de tours, actividades y attraciones.                \n            <\/h3>\n            <p>\n                Nuestro sistema de reservas es el punto de partida perfecto para operadores peque\u00f1os o medianos reci\u00e9n establecidos que buscan vender tickets y cupones online y optimizar sus operaciones de una manera sencilla y rentable. \r\n<br><\/br>\r\nYa sea que vende a trav\u00e9s de su propio sitio web, canales de redes sociales o canales de ventas como agencias de viaje online, bookingkit lo conecta todo en una \u00fanica cuenta central.\r\n<br><\/br>\r\nDesde la creaci\u00f3n de sus experiencias hasta la integraci\u00f3n de nuestro sistema de pagos en su propio sitio web, todos los procesos son intuitivos y se pueden realizar r\u00e1pidamente, sin conocimientos t\u00e9cnicos o de desarrollo previos. Y gracias a una administraci\u00f3n transparente, siempre tendr\u00e1 todo a la vista, y podr\u00e1 optimizar sus ventas y preparar la contabilidad.\r\n            <\/p>\n                    <\/div>\n    <\/div>\n<\/section>\n<style>\n    .smb__solution__logos {\n        display: grid;\n        grid-template-columns: 1fr 1fr 1fr;\n        align-items: center;\n        gap: 25px;\n        margin-top: 5rem;\n    }\n    @media ( max-width: 768px ) {\n        .smb__solution__logos {\n            grid-template-columns: 1fr 1fr;        \n        }\n    }\n    .smb__solution_logo {\n        display: flex;\n        justify-content: center;\n        align-items: center;\n    }\n    .smb__solution__logos img {\n        width: 70%;\n    }\n<\/style>\n<script>\n    \/\/ Get all elements with the class keep_square\n    const squareElements = document.querySelectorAll('.keep_square');\n\n    \/\/ Function to keep elements as a square\n    function keepSquare(element) {\n        \/\/ Get the width of the element\n        const width = element.offsetWidth;\n        \n        \/\/ Set the height of the element to match the width\n        element.style.height = `${width}px`;\n    }\n\n    \/\/ Add event listener to window resize\n    window.addEventListener('resize', () => {\n        \/\/ Loop through each element and keep it as a square\n        squareElements.forEach((element) => {\n            keepSquare(element);\n        });\n    });\n\n    \/\/ Initialize the elements as squares\n    squareElements.forEach((element) => {\n        keepSquare(element);\n    });\n<\/script>\n\n\n<section id=\"smb-customers-block_60d4525c57f2e\" class=\"smb__customers smb-customers-block\" style=\"\">\n    <div class=\"container\">\n        <h2 class=\"h2 title-blue title-blue--center\">\n            \u00danase a nuestros clientes satisfechos:        <\/h2>\n                <div class=\"splide splide_small splide__tips \n        \">\n            <div class=\"splide__track\">\n                <ul class=\"splide__list\">\n                                \n                                                                \n                            <li class=\"splide__slide single\">\n                                <div class=\"single__img\">     \n                                                                   \n                                    <a   target=\"\">\n                                        <img decoding=\"async\" src=\"https:\/\/bookingkit.com\/wp-content\/uploads\/2021\/07\/French-Riviera-Sightseeing@2x.png\" alt=\"customer\">\n                                    <\/a>                                    \n                                <\/div>\n                            <\/li>               \n                                                                \n                            <li class=\"splide__slide single\">\n                                <div class=\"single__img\">     \n                                                                   \n                                    <a   target=\"\">\n                                        <img decoding=\"async\" src=\"https:\/\/bookingkit.com\/wp-content\/uploads\/2021\/07\/Blue-Sea-Charter@2x.png\" alt=\"customer\">\n                                    <\/a>                                    \n                                <\/div>\n                            <\/li>               \n                                                                \n                            <li class=\"splide__slide single\">\n                                <div class=\"single__img\">     \n                                                                   \n                                    <a   target=\"\">\n                                        <img decoding=\"async\" src=\"https:\/\/bookingkit.com\/wp-content\/uploads\/2021\/07\/Dali-Museum@2x.png\" alt=\"customer\">\n                                    <\/a>                                    \n                                <\/div>\n                            <\/li>               \n                                                                \n                            <li class=\"splide__slide single\">\n                                <div class=\"single__img\">     \n                                                                   \n                                    <a   target=\"\">\n                                        <img decoding=\"async\" src=\"https:\/\/bookingkit.com\/wp-content\/uploads\/2021\/07\/The-Viking-Museum@2x.png\" alt=\"customer\">\n                                    <\/a>                                    \n                                <\/div>\n                            <\/li>               \n                                                                \n                            <li class=\"splide__slide single\">\n                                <div class=\"single__img\">     \n                                                                   \n                                    <a   target=\"\">\n                                        <img decoding=\"async\" src=\"https:\/\/bookingkit.com\/wp-content\/uploads\/2021\/07\/Air-Service-Berlin@2x.png\" alt=\"customer\">\n                                    <\/a>                                    \n                                <\/div>\n                            <\/li>               \n                                                               \n                <\/ul>\n            <\/div>\n        <\/div>\n    <\/div>\n<\/section>\n\n\n<section id=\"smb-benefits-block_60d4527d57f31\" class=\"smb__benefits smb-benefits-block\">\n    <div class=\"container l-r\">\n        <div class=\"l-r__first l-r__right\">\n            <img decoding=\"async\" src=\"https:\/\/bookingkit.com\/wp-content\/uploads\/2021\/06\/shop_order-1.gif\" alt=\"benefits\">\n        <\/div>\n        <div class=\"l-r__second l-r__left l-r__center\">\n            <h3 class=\"h3\"><b>\n                El est\u00edmulo digital perfecto para la venta de tickets            <\/b><\/h3>\n            <p>\n                Descubra las ventajas m\u00e1s importantes de bookingkit para todos los aspectos de su negocio.            <\/p>                    \n        <\/div>\n    <\/div>\n    <div class=\"container\">\n        <div class=\"benefits-con\">\n                        \n                                                        \n                    <article>\n                        <div>\n                            <img decoding=\"async\" src=\"https:\/\/bookingkit.com\/wp-content\/uploads\/2021\/06\/Easy-set-up.svg\" alt=\"icon\">\n                            <h5 class=\"h5\">Configuraci\u00f3n r\u00e1pida y sencilla<\/h5>\n                        <\/div>\n                        <p>\n                            Implemente la venta de tickets online y realice reservas de forma ininterrumpida desde cualquier parte del mundo y en cualquier dispositivo, gracias a nuestro proceso de pagos optimizado para la conversi\u00f3n.                        <\/p>\n                    <\/article>\n                                                        \n                    <article>\n                        <div>\n                            <img decoding=\"async\" src=\"https:\/\/bookingkit.com\/wp-content\/uploads\/2021\/06\/HP-_grow-your-reach-A.svg\" alt=\"icon\">\n                            <h5 class=\"h5\">Incremente su alcance<\/h5>\n                        <\/div>\n                        <p>\n                            Comercialice su experiencia en los canales de ventas regionales e internacionales m\u00e1s importantes, gestionados de forma centralizada a trav\u00e9s de su bookingkit y activados en dos sencillos pasos.                        <\/p>\n                    <\/article>\n                                                        \n                    <article>\n                        <div>\n                            <img decoding=\"async\" src=\"https:\/\/bookingkit.com\/wp-content\/uploads\/2021\/06\/set2_resource-mgmt-1.svg\" alt=\"icon\">\n                            <h5 class=\"h5\">Gesti\u00f3n de reservas intuitiva<\/h5>\n                        <\/div>\n                        <p>\n                            Puede supervisar todas las reservas y transacciones de forma directa en su bookingkit, todo mientras sincroniza autom\u00e1ticamente sus capacidades disponibles en todos los calendarios y canales de marketing.                        <\/p>\n                    <\/article>\n                                    <\/div>\n    <\/div>\n<\/section>\n\n\n<section id=\"smb-happy-customers-block_60d452a057f33\" class=\"smb__happy-customers smb-happy-customers-block\" style=\"\">\n    <div class=\"container\">\n        <h2 class=\"h2 title-blue\">\n            Qu\u00e9 tienen que decir nuestros clientes satisfechos:        <\/h2>\n        <div class=\"l-r\">\n            <div class=\"splide l-r__right\" id=\"splide-customers__top\">\n                <div class=\"splide__track\">\n                    <ul class=\"splide__list\">\n                                    \n                                                                    \n                                <li class=\"splide__slide single\">\n                                    <div>\n                                        <h5 class=\"h5\"><b>\n                                            \u00abA trav\u00e9s de bookingkit podemos ofrecer todas las fechas de nuestras giras cerveceras a pleno rendimiento, \u00a1lo cual es genial y nuestras ventas est\u00e1n creciendo!                                        <\/b><\/h5>\n                                        <p>\n                                            bookingkit nos ha ayudado en particular en que no tenemos que conectarnos a cada plataforma de marketing por separado a trav\u00e9s de API, sino que s\u00f3lo necesitamos una API para conectarnos a bookingkit. Nos ahorra tiempo y dinero, y todo est\u00e1 automatizado, eliminando el trabajo manual. Esperamos seguir cooperando y expandi\u00e9ndonos a otros canales de venta online y mercados!\u00bb                                        <\/p>\n                                        <h5 class=\"h5\"><b>\n                                            \u0160imon Lu\u0148\u00e1k                                        <\/b><\/h5>\n                                        <p>\n                                            Jefe de Marketing del Departamento de C&#038;H de Plze\u0148sk\u00fd Prazdro                                        <\/p>\n                                    <\/div>\n                                    <div>\n                                        <a \n                                                                                target=\"\">\n                                        <img decoding=\"async\" src=\"https:\/\/bookingkit.com\/wp-content\/uploads\/2024\/01\/prazdroj.png\" alt=\"customer\">\n                                        <\/a>\n                                    <\/div>\n                                <\/li>\n                                                                  \n                                                                            \n                    <\/ul>\n                <\/div>\n            <\/div>                \n            \n        <\/div>\n                    <a href=\"https:\/\/bookingkit.com\/es\/reserve-una-demo\/\" class=\"button book-a-demo\" target=\"_blank\" rel=\"noopener noreferrer\">Pide una demo<\/a>\n            <\/div>\n<\/section>\n\n\n<section id=\"smb-bottom-block_60d452e657f37\" class=\"smb__bottom smb-bottom-block\">\n    <div class=\"container\">\n        <h2 class=\"h2 title-blue title-blue--center\">\n            \u00bfBusca una soluci\u00f3n empresarial?        <\/h2>\n        <h4 class=\"h4\">\n            Para operadores m\u00e1s grandes, ofrecemos una amplia gama de funciones adicionales, integraciones y opciones de personalizaci\u00f3n.        <\/h4>\n                    <a href=\"https:\/\/bookingkit.com\/es\/enterprise\/\" target=\"\" class=\"button button--mono\">\n                <p>\n                    Obtenga m\u00e1s informaci\u00f3n                <\/p>\n            <\/a>\n            <\/div>\n<\/section>\n\n\n<p><\/p>\n","protected":false},"excerpt":{"rendered":"","protected":false},"author":1,"featured_media":4446462,"parent":0,"menu_order":0,"comment_status":"closed","ping_status":"closed","template":"","meta":{"_et_pb_use_builder":"","_et_pb_old_content":"","_et_gb_content_width":"","inline_featured_image":false,"footnotes":""},"class_list":["post-4447947","page","type-page","status-publish","has-post-thumbnail","hentry"],"yoast_head":"<!-- This site is optimized with the Yoast SEO plugin v26.7 - https:\/\/yoast.com\/wordpress\/plugins\/seo\/ -->\n<title>Peque\u00f1os y medianos operadores - bookingkit I Soluci\u00f3n de reserva para PYMES<\/title>\n<meta name=\"description\" content=\"bookingkit es perfecto para las PYMES que quieren aumentar las reservas directas y optimizar las operaciones.\" \/>\n<meta name=\"robots\" content=\"index, follow, max-snippet:-1, max-image-preview:large, max-video-preview:-1\" \/>\n<link rel=\"canonical\" href=\"https:\/\/bookingkit.com\/small-business\/\" \/>\n<meta property=\"og:locale\" content=\"es_ES\" \/>\n<meta property=\"og:type\" content=\"article\" \/>\n<meta property=\"og:title\" content=\"Peque\u00f1os y medianos operadores - bookingkit I Soluci\u00f3n de reserva para PYMES\" \/>\n<meta property=\"og:description\" content=\"bookingkit es perfecto para las PYMES que quieren aumentar las reservas directas y optimizar las operaciones.\" \/>\n<meta property=\"og:url\" content=\"https:\/\/bookingkit.com\/small-business\/\" \/>\n<meta property=\"og:site_name\" content=\"bookingkit\" \/>\n<meta property=\"article:modified_time\" content=\"2024-04-09T16:02:31+00:00\" \/>\n<meta property=\"og:image\" content=\"https:\/\/bookingkit.com\/wp-content\/uploads\/2021\/06\/header_1392193994-scaled.jpg\" \/>\n\t<meta property=\"og:image:width\" content=\"2560\" \/>\n\t<meta property=\"og:image:height\" content=\"1707\" \/>\n\t<meta property=\"og:image:type\" content=\"image\/jpeg\" \/>\n<meta name=\"twitter:card\" content=\"summary_large_image\" \/>\n<script type=\"application\/ld+json\" class=\"yoast-schema-graph\">{\"@context\":\"https:\/\/schema.org\",\"@graph\":[{\"@type\":\"WebPage\",\"@id\":\"https:\/\/bookingkit.com\/small-business\/\",\"url\":\"https:\/\/bookingkit.com\/small-business\/\",\"name\":\"Peque\u00f1os y medianos operadores - bookingkit I Soluci\u00f3n de reserva para PYMES\",\"isPartOf\":{\"@id\":\"https:\/\/bookingkit.com\/#website\"},\"primaryImageOfPage\":{\"@id\":\"https:\/\/bookingkit.com\/small-business\/#primaryimage\"},\"image\":{\"@id\":\"https:\/\/bookingkit.com\/small-business\/#primaryimage\"},\"thumbnailUrl\":\"https:\/\/bookingkit.com\/wp-content\/uploads\/2021\/06\/header_1392193994-scaled.jpg\",\"datePublished\":\"2021-05-10T01:38:08+00:00\",\"dateModified\":\"2024-04-09T16:02:31+00:00\",\"description\":\"bookingkit es perfecto para las PYMES que quieren aumentar las reservas directas y optimizar las operaciones.\",\"breadcrumb\":{\"@id\":\"https:\/\/bookingkit.com\/small-business\/#breadcrumb\"},\"inLanguage\":\"es\",\"potentialAction\":[{\"@type\":\"ReadAction\",\"target\":[\"https:\/\/bookingkit.com\/small-business\/\"]}]},{\"@type\":\"ImageObject\",\"inLanguage\":\"es\",\"@id\":\"https:\/\/bookingkit.com\/small-business\/#primaryimage\",\"url\":\"https:\/\/bookingkit.com\/wp-content\/uploads\/2021\/06\/header_1392193994-scaled.jpg\",\"contentUrl\":\"https:\/\/bookingkit.com\/wp-content\/uploads\/2021\/06\/header_1392193994-scaled.jpg\",\"width\":2560,\"height\":1707,\"caption\":\"Waitress Serving Group Of Friends Beer Tasting In Bar\"},{\"@type\":\"BreadcrumbList\",\"@id\":\"https:\/\/bookingkit.com\/small-business\/#breadcrumb\",\"itemListElement\":[{\"@type\":\"ListItem\",\"position\":1,\"name\":\"Home\",\"item\":\"https:\/\/bookingkit.com\/es\/\"},{\"@type\":\"ListItem\",\"position\":2,\"name\":\"Operadores peque\u00f1os y medianos\"}]},{\"@type\":\"WebSite\",\"@id\":\"https:\/\/bookingkit.com\/#website\",\"url\":\"https:\/\/bookingkit.com\/\",\"name\":\"bookingkit\",\"description\":\"Booking Software for Tours &amp; Attractions\",\"potentialAction\":[{\"@type\":\"SearchAction\",\"target\":{\"@type\":\"EntryPoint\",\"urlTemplate\":\"https:\/\/bookingkit.com\/?s={search_term_string}\"},\"query-input\":{\"@type\":\"PropertyValueSpecification\",\"valueRequired\":true,\"valueName\":\"search_term_string\"}}],\"inLanguage\":\"es\"}]}<\/script>\n<!-- \/ Yoast SEO plugin. -->","yoast_head_json":{"title":"Peque\u00f1os y medianos operadores - bookingkit I Soluci\u00f3n de reserva para PYMES","description":"bookingkit es perfecto para las PYMES que quieren aumentar las reservas directas y optimizar las operaciones.","robots":{"index":"index","follow":"follow","max-snippet":"max-snippet:-1","max-image-preview":"max-image-preview:large","max-video-preview":"max-video-preview:-1"},"canonical":"https:\/\/bookingkit.com\/small-business\/","og_locale":"es_ES","og_type":"article","og_title":"Peque\u00f1os y medianos operadores - bookingkit I Soluci\u00f3n de reserva para PYMES","og_description":"bookingkit es perfecto para las PYMES que quieren aumentar las reservas directas y optimizar las operaciones.","og_url":"https:\/\/bookingkit.com\/small-business\/","og_site_name":"bookingkit","article_modified_time":"2024-04-09T16:02:31+00:00","og_image":[{"width":2560,"height":1707,"url":"https:\/\/bookingkit.com\/wp-content\/uploads\/2021\/06\/header_1392193994-scaled.jpg","type":"image\/jpeg"}],"twitter_card":"summary_large_image","schema":{"@context":"https:\/\/schema.org","@graph":[{"@type":"WebPage","@id":"https:\/\/bookingkit.com\/small-business\/","url":"https:\/\/bookingkit.com\/small-business\/","name":"Peque\u00f1os y medianos operadores - bookingkit I Soluci\u00f3n de reserva para PYMES","isPartOf":{"@id":"https:\/\/bookingkit.com\/#website"},"primaryImageOfPage":{"@id":"https:\/\/bookingkit.com\/small-business\/#primaryimage"},"image":{"@id":"https:\/\/bookingkit.com\/small-business\/#primaryimage"},"thumbnailUrl":"https:\/\/bookingkit.com\/wp-content\/uploads\/2021\/06\/header_1392193994-scaled.jpg","datePublished":"2021-05-10T01:38:08+00:00","dateModified":"2024-04-09T16:02:31+00:00","description":"bookingkit es perfecto para las PYMES que quieren aumentar las reservas directas y optimizar las operaciones.","breadcrumb":{"@id":"https:\/\/bookingkit.com\/small-business\/#breadcrumb"},"inLanguage":"es","potentialAction":[{"@type":"ReadAction","target":["https:\/\/bookingkit.com\/small-business\/"]}]},{"@type":"ImageObject","inLanguage":"es","@id":"https:\/\/bookingkit.com\/small-business\/#primaryimage","url":"https:\/\/bookingkit.com\/wp-content\/uploads\/2021\/06\/header_1392193994-scaled.jpg","contentUrl":"https:\/\/bookingkit.com\/wp-content\/uploads\/2021\/06\/header_1392193994-scaled.jpg","width":2560,"height":1707,"caption":"Waitress Serving Group Of Friends Beer Tasting In Bar"},{"@type":"BreadcrumbList","@id":"https:\/\/bookingkit.com\/small-business\/#breadcrumb","itemListElement":[{"@type":"ListItem","position":1,"name":"Home","item":"https:\/\/bookingkit.com\/es\/"},{"@type":"ListItem","position":2,"name":"Operadores peque\u00f1os y medianos"}]},{"@type":"WebSite","@id":"https:\/\/bookingkit.com\/#website","url":"https:\/\/bookingkit.com\/","name":"bookingkit","description":"Booking Software for Tours &amp; Attractions","potentialAction":[{"@type":"SearchAction","target":{"@type":"EntryPoint","urlTemplate":"https:\/\/bookingkit.com\/?s={search_term_string}"},"query-input":{"@type":"PropertyValueSpecification","valueRequired":true,"valueName":"search_term_string"}}],"inLanguage":"es"}]}},"_links":{"self":[{"href":"https:\/\/bookingkit.com\/es\/wp-json\/wp\/v2\/pages\/4447947","targetHints":{"allow":["GET"]}}],"collection":[{"href":"https:\/\/bookingkit.com\/es\/wp-json\/wp\/v2\/pages"}],"about":[{"href":"https:\/\/bookingkit.com\/es\/wp-json\/wp\/v2\/types\/page"}],"author":[{"embeddable":true,"href":"https:\/\/bookingkit.com\/es\/wp-json\/wp\/v2\/users\/1"}],"replies":[{"embeddable":true,"href":"https:\/\/bookingkit.com\/es\/wp-json\/wp\/v2\/comments?post=4447947"}],"version-history":[{"count":24,"href":"https:\/\/bookingkit.com\/es\/wp-json\/wp\/v2\/pages\/4447947\/revisions"}],"predecessor-version":[{"id":4473210,"href":"https:\/\/bookingkit.com\/es\/wp-json\/wp\/v2\/pages\/4447947\/revisions\/4473210"}],"wp:featuredmedia":[{"embeddable":true,"href":"https:\/\/bookingkit.com\/es\/wp-json\/wp\/v2\/media\/4446462"}],"wp:attachment":[{"href":"https:\/\/bookingkit.com\/es\/wp-json\/wp\/v2\/media?parent=4447947"}],"curies":[{"name":"wp","href":"https:\/\/api.w.org\/{rel}","templated":true}]}}