{"id":4447965,"date":"2021-07-15T12:22:36","date_gmt":"2021-07-15T12:22:36","guid":{"rendered":"http:\/\/bookingkit.com\/enterprise\/"},"modified":"2023-11-20T09:08:57","modified_gmt":"2023-11-20T09:08:57","slug":"grandes-proveedores-multinacionales","status":"publish","type":"page","link":"https:\/\/bookingkit.com\/es\/grandes-proveedores-multinacionales\/","title":{"rendered":"Grandes proveedores multinacionales"},"content":{"rendered":"\n<section id=\"smb-solution-block_60ebf46a59a71\" class=\"smb__solution smb-solution-block\">\n    <div class=\"container l-r\">\n        <div class=\"l-r__first l-r__right\">\n            <img decoding=\"async\" src=\"https:\/\/bookingkit.com\/wp-content\/uploads\/2021\/07\/Established.png\" alt=\"solution\">\n        <\/div>\n        <div class=\"l-r__second l-r__left\">\n            <h1 class=\"h1 title-blue title-blue--black title-blue--left\">\n                Establecida, innovadora y vanguardista:            <\/h1>\n            <h3 class=\"h3\">\n                La base de su estrategia de crecimiento                \n            <\/h3>\n            <p>\n                El software profesional de bookingkit proporciona a las empresas del sector de circuitos tur\u00edsticos, atracciones y actividades un marco robusto a la par que \u00e1gil para desarrollar la venta digital de tickets.\r\n<br><\/br>\r\nAdem\u00e1s de la integraci\u00f3n fluida con los canales de ventas, sistemas de acceso, m\u00e9todos de pago y sistemas CRM patentados existentes, bookingkit ofrece una red de ventas din\u00e1mica ampliable, conectada directamente a las plataformas OTA internacionales m\u00e1s importantes, otorg\u00e1ndole acceso a m\u00e1s de 360 millones de clientes potenciales cada mes.\r\n<br><\/br>\r\nbookingkit tambi\u00e9n combina todos los aspectos de las posibles ventas de tickets en una \u00fanica interfaz, desde in situ, en l\u00ednea y fuera de l\u00ednea hasta estructuras de distribuci\u00f3n nuevas o preestablecidas.\r\n            <\/p>\n                    <\/div>\n    <\/div>\n<\/section>\n<style>\n    .smb__solution__logos {\n        display: grid;\n        grid-template-columns: 1fr 1fr 1fr;\n        align-items: center;\n        gap: 25px;\n        margin-top: 5rem;\n    }\n    @media ( max-width: 768px ) {\n        .smb__solution__logos {\n            grid-template-columns: 1fr 1fr;        \n        }\n    }\n    .smb__solution_logo {\n        display: flex;\n        justify-content: center;\n        align-items: center;\n    }\n    .smb__solution__logos img {\n        width: 70%;\n    }\n<\/style>\n<script>\n    \/\/ Get all elements with the class keep_square\n    const squareElements = document.querySelectorAll('.keep_square');\n\n    \/\/ Function to keep elements as a square\n    function keepSquare(element) {\n        \/\/ Get the width of the element\n        const width = element.offsetWidth;\n        \n        \/\/ Set the height of the element to match the width\n        element.style.height = `${width}px`;\n    }\n\n    \/\/ Add event listener to window resize\n    window.addEventListener('resize', () => {\n        \/\/ Loop through each element and keep it as a square\n        squareElements.forEach((element) => {\n            keepSquare(element);\n        });\n    });\n\n    \/\/ Initialize the elements as squares\n    squareElements.forEach((element) => {\n        keepSquare(element);\n    });\n<\/script>\n\n\n<section id=\"smb-customers-block_60ebf47859a72\" class=\"smb__customers smb-customers-block\" style=\"\">\n    <div class=\"container\">\n        <h2 class=\"h2 title-blue title-blue--center\">\n            Estas empresas conf\u00edan en bookingkit:        <\/h2>\n                <div class=\"splide splide_small splide__tips \n        \">\n            <div class=\"splide__track\">\n                <ul class=\"splide__list\">\n                                \n                                                                \n                            <li class=\"splide__slide single\">\n                                <div class=\"single__img\">     \n                                                                   \n                                    <a   target=\"\">\n                                        <img decoding=\"async\" src=\"https:\/\/bookingkit.com\/wp-content\/uploads\/2021\/07\/isola-del-garda@2x-1.png\" alt=\"customer\">\n                                    <\/a>                                    \n                                <\/div>\n                            <\/li>               \n                                                                \n                            <li class=\"splide__slide single\">\n                                <div class=\"single__img\">     \n                                                                   \n                                    <a   target=\"\">\n                                        <img decoding=\"async\" src=\"https:\/\/bookingkit.com\/wp-content\/uploads\/2021\/07\/Swarowski-copy.png\" alt=\"customer\">\n                                    <\/a>                                    \n                                <\/div>\n                            <\/li>               \n                                                                \n                            <li class=\"splide__slide single\">\n                                <div class=\"single__img\">     \n                                                                   \n                                    <a   target=\"\">\n                                        <img decoding=\"async\" src=\"https:\/\/bookingkit.com\/wp-content\/uploads\/2021\/07\/Time-Ride@2x.png\" alt=\"customer\">\n                                    <\/a>                                    \n                                <\/div>\n                            <\/li>               \n                                                                \n                            <li class=\"splide__slide single\">\n                                <div class=\"single__img\">     \n                                                                   \n                                    <a   target=\"\">\n                                        <img decoding=\"async\" src=\"https:\/\/bookingkit.com\/wp-content\/uploads\/2021\/07\/Fernsehturm@2x.png\" alt=\"customer\">\n                                    <\/a>                                    \n                                <\/div>\n                            <\/li>               \n                                                                \n                            <li class=\"splide__slide single\">\n                                <div class=\"single__img\">     \n                                                                   \n                                    <a   target=\"\">\n                                        <img decoding=\"async\" src=\"https:\/\/bookingkit.com\/wp-content\/uploads\/2021\/07\/Rheinturm@2x-300x300-1.png\" alt=\"customer\">\n                                    <\/a>                                    \n                                <\/div>\n                            <\/li>               \n                                                               \n                <\/ul>\n            <\/div>\n        <\/div>\n    <\/div>\n<\/section>\n\n\n<section id=\"feature-growth-block_60ebf4c959a73\" class=\"post-feature__growth feature-growth\">\n    <div class=\"container l-r\">\n        <div class=\"l-r__first l-r__left\">\n            <img loading=\"lazy\" decoding=\"async\" width=\"691\" height=\"319\" src=\"https:\/\/bookingkit.com\/wp-content\/uploads\/2021\/07\/shutterstock_1609261321-e1626881049341.jpg\" class=\"attachment-large size-large\" alt=\"AI Automation\" srcset=\"https:\/\/bookingkit.com\/wp-content\/uploads\/2021\/07\/shutterstock_1609261321-e1626881049341.jpg 691w, https:\/\/bookingkit.com\/wp-content\/uploads\/2021\/07\/shutterstock_1609261321-e1626881049341-300x138.jpg 300w\" sizes=\"auto, (max-width: 691px) 100vw, 691px\" \/>        <\/div>\n        <div class=\"l-r__second l-r__right l-r__center\">\n                    <h3 class=\"h3\"><b>\n                Combine competencias y desarrolle sinergias            <\/b><\/h3>\n                                    <p>\n                Obtenga m\u00e1s informaci\u00f3n sobre los principales beneficios de las soluciones para empresas de bookingkit para sus circuitos, actividades o atracciones.            <\/p>\n                    <\/div>\n    <\/div>\n    <div class=\"container\">\n                        <div class=\"feature feature--expandable \n                \">\n            <div class=\"feature__top\">\n                <img decoding=\"async\" src=\"https:\/\/bookingkit.com\/wp-content\/uploads\/2021\/07\/Fast-implementation-and-integration-into-existing-systems.svg\" alt=\"\">\n                <img decoding=\"async\" class=\"arrow\" src=\"https:\/\/bookingkit.com\/wp-content\/themes\/bookingkit\/dist\/img\/guides\/arrow.svg\" alt=\"\">\n            <\/div>\n            <div class=\"feature__bottom\">\n                <p>\n                    R\u00e1pida implementaci\u00f3n e integraci\u00f3n en sistemas existentes                    <br><br>\n                                            Gracias a un equipo \u00e1gil de desarrolladores altamente cualificados, podemos implementar proyectos empresariales en el menor tiempo posible. La API de bookingkit es lo suficientemente abierta y flexible para integrar su sistema de reservas con sus soluciones existentes, proporcionando as\u00ed espacio para la creatividad en t\u00e9rminos de adaptaci\u00f3n t\u00e9cnica y de dise\u00f1o.                                    <\/p>\n                <img decoding=\"async\" class=\"arrow\" src=\"https:\/\/bookingkit.com\/wp-content\/themes\/bookingkit\/dist\/img\/guides\/arrow.svg\" alt=\"\">\n            <\/div>\n        <\/div>\n                <div class=\"feature feature--expandable \n                \">\n            <div class=\"feature__top\">\n                <img decoding=\"async\" src=\"https:\/\/bookingkit.com\/wp-content\/uploads\/2021\/07\/Consolidation-of-all-sales-channels.svg\" alt=\"\">\n                <img decoding=\"async\" class=\"arrow\" src=\"https:\/\/bookingkit.com\/wp-content\/themes\/bookingkit\/dist\/img\/guides\/arrow.svg\" alt=\"\">\n            <\/div>\n            <div class=\"feature__bottom\">\n                <p>\n                    Consolidaci\u00f3n de todos los canales de venta                     <br><br>\n                                            Independientemente del origen de la reserva de un ticket, ya sea en l\u00ednea, sobre la marcha, in situ en el mostrador de entradas, en una agencia de viajes o en un minorista afiliado, bookingkit re\u00fane todos los canales de venta en un panel central, perfecto para controlar y analizar los flujos de visitantes, la gesti\u00f3n de la capacidad o el seguimiento de contactos, por ejemplo.                                    <\/p>\n                <img decoding=\"async\" class=\"arrow\" src=\"https:\/\/bookingkit.com\/wp-content\/themes\/bookingkit\/dist\/img\/guides\/arrow.svg\" alt=\"\">\n            <\/div>\n        <\/div>\n                <div class=\"feature feature--expandable \n                \">\n            <div class=\"feature__top\">\n                <img decoding=\"async\" src=\"https:\/\/bookingkit.com\/wp-content\/uploads\/2021\/07\/Comprehensive-ticket-validation-and-admission-control-options.svg\" alt=\"\">\n                <img decoding=\"async\" class=\"arrow\" src=\"https:\/\/bookingkit.com\/wp-content\/themes\/bookingkit\/dist\/img\/guides\/arrow.svg\" alt=\"\">\n            <\/div>\n            <div class=\"feature__bottom\">\n                <p>\n                    Validaci\u00f3n integral de entradas y opciones de control de admisi\u00f3n                    <br><br>\n                                            bookingkit se integra con todos los principales sistemas de gesti\u00f3n de entradas, lo que le proporciona una vista en tiempo real de su disponibilidad y sincroniza autom\u00e1ticamente sus capacidades disponibles en todos los canales de ventas.                                    <\/p>\n                <img decoding=\"async\" class=\"arrow\" src=\"https:\/\/bookingkit.com\/wp-content\/themes\/bookingkit\/dist\/img\/guides\/arrow.svg\" alt=\"\">\n            <\/div>\n        <\/div>\n                <div class=\"feature feature--expandable \n                \">\n            <div class=\"feature__top\">\n                <img decoding=\"async\" src=\"https:\/\/bookingkit.com\/wp-content\/uploads\/2021\/07\/Sales-via-wide-reaching-marketing-platforms-and-own-reseller-network.svg\" alt=\"\">\n                <img decoding=\"async\" class=\"arrow\" src=\"https:\/\/bookingkit.com\/wp-content\/themes\/bookingkit\/dist\/img\/guides\/arrow.svg\" alt=\"\">\n            <\/div>\n            <div class=\"feature__bottom\">\n                <p>\n                    Ventas a trav\u00e9s de plataformas de marketing de amplio alcance y red de distribuidores propia.                    <br><br>\n                                            A trav\u00e9s de la red de marketing de bookingkit, le ayudamos a comercializar a nivel regional, nacional e internacional. Pero eso no es todo, digitalice tambi\u00e9n sus redes de minoristas existentes o explore nuevas asociaciones B2B en nuestro marketplace, estableciendo acuerdos de forma individual y con control total.                                    <\/p>\n                <img decoding=\"async\" class=\"arrow\" src=\"https:\/\/bookingkit.com\/wp-content\/themes\/bookingkit\/dist\/img\/guides\/arrow.svg\" alt=\"\">\n            <\/div>\n        <\/div>\n                <div class=\"feature feature--expandable \n                \">\n            <div class=\"feature__top\">\n                <img decoding=\"async\" src=\"https:\/\/bookingkit.com\/wp-content\/uploads\/2021\/07\/Robust-IT-infrastructure-highest-availability-and-data-security.svg\" alt=\"\">\n                <img decoding=\"async\" class=\"arrow\" src=\"https:\/\/bookingkit.com\/wp-content\/themes\/bookingkit\/dist\/img\/guides\/arrow.svg\" alt=\"\">\n            <\/div>\n            <div class=\"feature__bottom\">\n                <p>\n                    Infraestructura de TI robusta, m\u00e1xima disponibilidad y seguridad de datos                    <br><br>\n                                            Para garantizar un gesti\u00f3n fluida, especialmente con grupos m\u00e1s grandes de visitantes, bookingkit tiene una infraestructura de TI s\u00f3lida y probada. Adem\u00e1s, cuando se manipulan datos personales, especialmente transacciones de pago y datos de clientes finales, nuestro sistema est\u00e1 dise\u00f1ado en base a los m\u00e1s altos est\u00e1ndares de seguridad.                                    <\/p>\n                <img decoding=\"async\" class=\"arrow\" src=\"https:\/\/bookingkit.com\/wp-content\/themes\/bookingkit\/dist\/img\/guides\/arrow.svg\" alt=\"\">\n            <\/div>\n        <\/div>\n                    <\/div>\n<\/section>\n\n\n<section id=\"smb-bottom-block_60ebf61759a79\" class=\"smb__bottom smb-bottom-block\">\n    <div class=\"container\">\n        <h2 class=\"h2 title-blue title-blue--center\">\n            Conozca nuestras caracter\u00edsticas        <\/h2>\n        <h4 class=\"h4\">\n            Explore nuestra amplia lista de funciones para obtener m\u00e1s informaci\u00f3n sobre c\u00f3mo puede estimular el crecimiento de su empresa con bookingkit.        <\/h4>\n                    <a href=\"https:\/\/bookingkit.com\/es\/features\/\" target=\"_blank\" class=\"button button--mono\">\n                <p>\n                    EXPLORE TODAS LAS CARACTER\u00cdSTICAS                <\/p>\n            <\/a>\n            <\/div>\n<\/section>","protected":false},"excerpt":{"rendered":"","protected":false},"author":3,"featured_media":4447181,"parent":0,"menu_order":0,"comment_status":"closed","ping_status":"closed","template":"","meta":{"_et_pb_use_builder":"","_et_pb_old_content":"","_et_gb_content_width":"","inline_featured_image":false,"footnotes":""},"class_list":["post-4447965","page","type-page","status-publish","has-post-thumbnail","hentry"],"yoast_head":"<!-- This site is optimized with the Yoast SEO plugin v26.7 - https:\/\/yoast.com\/wordpress\/plugins\/seo\/ -->\n<title>Enterprise - bookingkit I Suite de reservas para grandes proveedores multinacionales<\/title>\n<meta name=\"description\" content=\"Con nuestras integraciones y acceso a nuestra API, somos la suite de reservas perfecta para Tours, Actividades y Atracciones multinacionales\" \/>\n<meta name=\"robots\" content=\"index, follow, max-snippet:-1, max-image-preview:large, max-video-preview:-1\" \/>\n<link rel=\"canonical\" href=\"https:\/\/bookingkit.com\/es\/grandes-proveedores-multinacionales\/\" \/>\n<meta property=\"og:locale\" content=\"es_ES\" \/>\n<meta property=\"og:type\" content=\"article\" \/>\n<meta property=\"og:title\" content=\"Enterprise - bookingkit I Suite de reservas para grandes proveedores multinacionales\" \/>\n<meta property=\"og:description\" content=\"Con nuestras integraciones y acceso a nuestra API, somos la suite de reservas perfecta para Tours, Actividades y Atracciones multinacionales\" \/>\n<meta property=\"og:url\" content=\"https:\/\/bookingkit.com\/es\/grandes-proveedores-multinacionales\/\" \/>\n<meta property=\"og:site_name\" content=\"bookingkit\" \/>\n<meta property=\"article:modified_time\" content=\"2023-11-20T09:08:57+00:00\" \/>\n<meta property=\"og:image\" content=\"https:\/\/bookingkit.com\/wp-content\/uploads\/2021\/07\/header-scaled.jpg\" \/>\n\t<meta property=\"og:image:width\" content=\"2560\" \/>\n\t<meta property=\"og:image:height\" content=\"1707\" \/>\n\t<meta property=\"og:image:type\" content=\"image\/jpeg\" \/>\n<meta name=\"twitter:card\" content=\"summary_large_image\" \/>\n<script type=\"application\/ld+json\" class=\"yoast-schema-graph\">{\"@context\":\"https:\/\/schema.org\",\"@graph\":[{\"@type\":\"WebPage\",\"@id\":\"https:\/\/bookingkit.com\/es\/grandes-proveedores-multinacionales\/\",\"url\":\"https:\/\/bookingkit.com\/es\/grandes-proveedores-multinacionales\/\",\"name\":\"Enterprise - bookingkit I Suite de reservas para grandes proveedores multinacionales\",\"isPartOf\":{\"@id\":\"https:\/\/bookingkit.com\/#website\"},\"primaryImageOfPage\":{\"@id\":\"https:\/\/bookingkit.com\/es\/grandes-proveedores-multinacionales\/#primaryimage\"},\"image\":{\"@id\":\"https:\/\/bookingkit.com\/es\/grandes-proveedores-multinacionales\/#primaryimage\"},\"thumbnailUrl\":\"https:\/\/bookingkit.com\/wp-content\/uploads\/2021\/07\/header-scaled.jpg\",\"datePublished\":\"2021-07-15T12:22:36+00:00\",\"dateModified\":\"2023-11-20T09:08:57+00:00\",\"description\":\"Con nuestras integraciones y acceso a nuestra API, somos la suite de reservas perfecta para Tours, Actividades y Atracciones multinacionales\",\"breadcrumb\":{\"@id\":\"https:\/\/bookingkit.com\/es\/grandes-proveedores-multinacionales\/#breadcrumb\"},\"inLanguage\":\"es\",\"potentialAction\":[{\"@type\":\"ReadAction\",\"target\":[\"https:\/\/bookingkit.com\/es\/grandes-proveedores-multinacionales\/\"]}]},{\"@type\":\"ImageObject\",\"inLanguage\":\"es\",\"@id\":\"https:\/\/bookingkit.com\/es\/grandes-proveedores-multinacionales\/#primaryimage\",\"url\":\"https:\/\/bookingkit.com\/wp-content\/uploads\/2021\/07\/header-scaled.jpg\",\"contentUrl\":\"https:\/\/bookingkit.com\/wp-content\/uploads\/2021\/07\/header-scaled.jpg\",\"width\":2560,\"height\":1707},{\"@type\":\"BreadcrumbList\",\"@id\":\"https:\/\/bookingkit.com\/es\/grandes-proveedores-multinacionales\/#breadcrumb\",\"itemListElement\":[{\"@type\":\"ListItem\",\"position\":1,\"name\":\"Home\",\"item\":\"https:\/\/bookingkit.com\/es\/\"},{\"@type\":\"ListItem\",\"position\":2,\"name\":\"Grandes proveedores multinacionales\"}]},{\"@type\":\"WebSite\",\"@id\":\"https:\/\/bookingkit.com\/#website\",\"url\":\"https:\/\/bookingkit.com\/\",\"name\":\"bookingkit\",\"description\":\"Booking Software for Tours &amp; Attractions\",\"potentialAction\":[{\"@type\":\"SearchAction\",\"target\":{\"@type\":\"EntryPoint\",\"urlTemplate\":\"https:\/\/bookingkit.com\/?s={search_term_string}\"},\"query-input\":{\"@type\":\"PropertyValueSpecification\",\"valueRequired\":true,\"valueName\":\"search_term_string\"}}],\"inLanguage\":\"es\"}]}<\/script>\n<!-- \/ Yoast SEO plugin. -->","yoast_head_json":{"title":"Enterprise - bookingkit I Suite de reservas para grandes proveedores multinacionales","description":"Con nuestras integraciones y acceso a nuestra API, somos la suite de reservas perfecta para Tours, Actividades y Atracciones multinacionales","robots":{"index":"index","follow":"follow","max-snippet":"max-snippet:-1","max-image-preview":"max-image-preview:large","max-video-preview":"max-video-preview:-1"},"canonical":"https:\/\/bookingkit.com\/es\/grandes-proveedores-multinacionales\/","og_locale":"es_ES","og_type":"article","og_title":"Enterprise - bookingkit I Suite de reservas para grandes proveedores multinacionales","og_description":"Con nuestras integraciones y acceso a nuestra API, somos la suite de reservas perfecta para Tours, Actividades y Atracciones multinacionales","og_url":"https:\/\/bookingkit.com\/es\/grandes-proveedores-multinacionales\/","og_site_name":"bookingkit","article_modified_time":"2023-11-20T09:08:57+00:00","og_image":[{"width":2560,"height":1707,"url":"https:\/\/bookingkit.com\/wp-content\/uploads\/2021\/07\/header-scaled.jpg","type":"image\/jpeg"}],"twitter_card":"summary_large_image","schema":{"@context":"https:\/\/schema.org","@graph":[{"@type":"WebPage","@id":"https:\/\/bookingkit.com\/es\/grandes-proveedores-multinacionales\/","url":"https:\/\/bookingkit.com\/es\/grandes-proveedores-multinacionales\/","name":"Enterprise - bookingkit I Suite de reservas para grandes proveedores multinacionales","isPartOf":{"@id":"https:\/\/bookingkit.com\/#website"},"primaryImageOfPage":{"@id":"https:\/\/bookingkit.com\/es\/grandes-proveedores-multinacionales\/#primaryimage"},"image":{"@id":"https:\/\/bookingkit.com\/es\/grandes-proveedores-multinacionales\/#primaryimage"},"thumbnailUrl":"https:\/\/bookingkit.com\/wp-content\/uploads\/2021\/07\/header-scaled.jpg","datePublished":"2021-07-15T12:22:36+00:00","dateModified":"2023-11-20T09:08:57+00:00","description":"Con nuestras integraciones y acceso a nuestra API, somos la suite de reservas perfecta para Tours, Actividades y Atracciones multinacionales","breadcrumb":{"@id":"https:\/\/bookingkit.com\/es\/grandes-proveedores-multinacionales\/#breadcrumb"},"inLanguage":"es","potentialAction":[{"@type":"ReadAction","target":["https:\/\/bookingkit.com\/es\/grandes-proveedores-multinacionales\/"]}]},{"@type":"ImageObject","inLanguage":"es","@id":"https:\/\/bookingkit.com\/es\/grandes-proveedores-multinacionales\/#primaryimage","url":"https:\/\/bookingkit.com\/wp-content\/uploads\/2021\/07\/header-scaled.jpg","contentUrl":"https:\/\/bookingkit.com\/wp-content\/uploads\/2021\/07\/header-scaled.jpg","width":2560,"height":1707},{"@type":"BreadcrumbList","@id":"https:\/\/bookingkit.com\/es\/grandes-proveedores-multinacionales\/#breadcrumb","itemListElement":[{"@type":"ListItem","position":1,"name":"Home","item":"https:\/\/bookingkit.com\/es\/"},{"@type":"ListItem","position":2,"name":"Grandes proveedores multinacionales"}]},{"@type":"WebSite","@id":"https:\/\/bookingkit.com\/#website","url":"https:\/\/bookingkit.com\/","name":"bookingkit","description":"Booking Software for Tours &amp; Attractions","potentialAction":[{"@type":"SearchAction","target":{"@type":"EntryPoint","urlTemplate":"https:\/\/bookingkit.com\/?s={search_term_string}"},"query-input":{"@type":"PropertyValueSpecification","valueRequired":true,"valueName":"search_term_string"}}],"inLanguage":"es"}]}},"_links":{"self":[{"href":"https:\/\/bookingkit.com\/es\/wp-json\/wp\/v2\/pages\/4447965","targetHints":{"allow":["GET"]}}],"collection":[{"href":"https:\/\/bookingkit.com\/es\/wp-json\/wp\/v2\/pages"}],"about":[{"href":"https:\/\/bookingkit.com\/es\/wp-json\/wp\/v2\/types\/page"}],"author":[{"embeddable":true,"href":"https:\/\/bookingkit.com\/es\/wp-json\/wp\/v2\/users\/3"}],"replies":[{"embeddable":true,"href":"https:\/\/bookingkit.com\/es\/wp-json\/wp\/v2\/comments?post=4447965"}],"version-history":[{"count":12,"href":"https:\/\/bookingkit.com\/es\/wp-json\/wp\/v2\/pages\/4447965\/revisions"}],"predecessor-version":[{"id":4469641,"href":"https:\/\/bookingkit.com\/es\/wp-json\/wp\/v2\/pages\/4447965\/revisions\/4469641"}],"wp:featuredmedia":[{"embeddable":true,"href":"https:\/\/bookingkit.com\/es\/wp-json\/wp\/v2\/media\/4447181"}],"wp:attachment":[{"href":"https:\/\/bookingkit.com\/es\/wp-json\/wp\/v2\/media?parent=4447965"}],"curies":[{"name":"wp","href":"https:\/\/api.w.org\/{rel}","templated":true}]}}