{"id":4449525,"date":"2021-05-10T01:37:17","date_gmt":"2021-05-10T01:37:17","guid":{"rendered":"http:\/\/bookingkit.com\/partners-resellers\/"},"modified":"2024-03-21T16:14:41","modified_gmt":"2024-03-21T16:14:41","slug":"revendedores","status":"publish","type":"page","link":"https:\/\/bookingkit.com\/es\/revendedores\/","title":{"rendered":"Revendedores"},"content":{"rendered":"\n<section id=\"partners-power-block_60dae70a59e48\" class=\"partners-resellers__power partners-power-block\">\n    <div class=\"container l-r\">\n        <div class=\"l-r__first l-r__right\">\n        <img decoding=\"async\" src=\"https:\/\/bookingkit.com\/wp-content\/uploads\/2021\/07\/shutterstock_1609261321-e1626881049341.jpg\" alt=\"power\">\n        <\/div>\n        <div class=\"l-r__second l-r__left l-r__center\">\n            <h3 class=\"h3\"><b>\n                bookingkit reach: Expanda su red de socios            <\/b><\/h3>\n            <p>\n                Tanto si es un hotel, una agencia de viajes o una organizaci\u00f3n de marketing de destinos, su objetivo ser\u00e1 el mismo: ofrecer la mejor experiencia posible a sus clientes. \u00a1Esto incluye la venta de los mejores circuitos, actividades y atracciones que su regi\u00f3n tiene para ofrecer!            <\/p>\n        <\/div>\n    <\/div>\n    <div class=\"container\">\n        <ul class=\"check-list\">\n                        \n                                                     \n                    <li>\n                        <h5 class=\"h5\">Fortalezca las relaciones locales  <\/h5>\n                        <p>Promueva asociaciones entre empresas locales que beneficien a todos.<\/p>\n                    <\/li>       \n                                                     \n                    <li>\n                        <h5 class=\"h5\">Cree nuevas fuentes de ingresos  <\/h5>\n                        <p>\u00a1Encuentre formas nuevas, innovadoras y fiables de generar efectivo r\u00e1pidamente!<\/p>\n                    <\/li>       \n                                                     \n                    <li>\n                        <h5 class=\"h5\">Mejore la experiencia del cliente  <\/h5>\n                        <p>\u00a1Aseg\u00farese de que sus clientes disfruten de lo mejor que su regi\u00f3n tiene para ofrecer!<\/p>\n                    <\/li>       \n                                    <\/ul>                \n    <\/div>\n<\/section> \n\n\n<section id=\"horizontal-spacer-block_65fc2e08dff35\" class=\"horizontal-spacer horizontal-spacer-block\" style=\"\n    background-color: ;\n    height: 100px;\n    width: 100%;\n\">\n<\/section>\n\n\n<section id=\"partners-saas-block_60dae73359e4b\" class=\"partners-resellers__saas partners-saas-block\">\n    <div class=\"container l-r\">\n        <div class=\"l-r__first l-r__left\">\n            <img decoding=\"async\" src=\"https:\/\/bookingkit.com\/wp-content\/uploads\/2021\/07\/channel-manager.webp\" alt=\"saas\">\n        <\/div>\n        <div class=\"l-r__second l-r__right l-r__center\">\n            <h3 class=\"h3\"><b>\n                La nueva era de ventas de experiencias digitales            <\/b><\/h3>\n            <p>La venta de experiencias directamente por tel\u00e9fono, correo electr\u00f3nico o fax, como se hace habitualmente, es compleja a nivel operativo, consume mucho tiempo y energ\u00eda, e incluso puede suponer un riesgo financiero.<\/p>\n<p><b>bookingkit reach pone fin a estos problemas.<\/b><\/p>\n        <\/div>\n    <\/div>\n    <div class=\"container l-r\">\n        <div class=\"l-r__first l-r__right\">\n            <img decoding=\"async\" src=\"https:\/\/bookingkit.com\/wp-content\/uploads\/2021\/06\/B_-768x768-1.png\" alt=\"saas\">\n        <\/div>\n        <div class=\"l-r__second l-r__left l-r__center\">\n            <h3 class=\"h3\"><b>\n                Sencillo, r\u00e1pido y potente            <\/b><\/h3>\n            <p>Reservar ahora es m\u00e1s f\u00e1cil que nunca. bookingkit reach es una plataforma \u00fanica y totalmente automatizada donde puede encontrar las ofertas de experiencias de sus socios en una ubicaci\u00f3n central, reservarlas online y venderlas directamente: la soluci\u00f3n frontdesk perfecta para usted y sus clientes.<\/p>\n        <\/div>\n    <\/div>\n<\/section>\n\n\n<section id=\"partners-why-block_60dae75959e4c\" class=\"partners-resellers__why partners-why-block\">\n    <div class=\"container\">\n        <h2 class=\"h2 title-blue title-blue--center\">\u00bfPor qu\u00e9 revender experiencias?<\/h2>\n        <section>\n            <div class=\"splide splide_small splide__features-big\">\n                <div class=\"splide__track\">\n                    <ul class=\"splide__list\">\n                                    \n                                                            <li class=\"splide__slide single\">\n                                    <div class=\"single__img\">\n                                        <div>\n                                            <img decoding=\"async\" class=\"tours__img\" src=\"https:\/\/bookingkit.com\/wp-content\/uploads\/2021\/07\/only.svg\" alt=\"why\">\n                                            <h5 class=\"h5\">\n                                                Agilice las operaciones                                             <\/h5>\n                                        <\/div>\n                                        <ul>\n                                                        \n                                                                                                    <li><p>Reservas digitales directas <\/p><\/li>\n                                                                                                    <li><p>Gesti\u00f3n y cancelaci\u00f3n automatizada de reservas  <\/p><\/li>\n                                                                                                    <li><p>Resumen de todas las experiencias actualmente disponibles<\/p><\/li>\n                                                                                                                                    <\/ul>        \n                                        <a href=\"\"><p><b>Ver m\u00e1s ><\/b><\/p><\/a>             \n                                    <\/div>\n                                <\/li>\n                                                            <li class=\"splide__slide single\">\n                                    <div class=\"single__img\">\n                                        <div>\n                                            <img decoding=\"async\" class=\"tours__img\" src=\"https:\/\/bookingkit.com\/wp-content\/uploads\/2021\/07\/4-sell-more-tickets.svg\" alt=\"why\">\n                                            <h5 class=\"h5\">\n                                                Enorme potencial de mercado                                            <\/h5>\n                                        <\/div>\n                                        <ul>\n                                                        \n                                                                                                    <li><p>Encuentre nuevos socios potenciales a trav\u00e9s de nuestro marketplace <\/p><\/li>\n                                                                                                    <li><p>Habilite a los responsables de su frontdesk para proporcionar la mejor experiencia integral de cliente.   <\/p><\/li>\n                                                                                                                                    <\/ul>        \n                                        <a href=\"\"><p><b>Ver m\u00e1s ><\/b><\/p><\/a>             \n                                    <\/div>\n                                <\/li>\n                                                            <li class=\"splide__slide single\">\n                                    <div class=\"single__img\">\n                                        <div>\n                                            <img decoding=\"async\" class=\"tours__img\" src=\"https:\/\/bookingkit.com\/wp-content\/uploads\/2021\/07\/HP-_drive-revenue-A.svg\" alt=\"why\">\n                                            <h5 class=\"h5\">\n                                                \u00a1Sin riesgos adicionales!                                            <\/h5>\n                                        <\/div>\n                                        <ul>\n                                                        \n                                                                                                    <li><p>Visi\u00f3n general clara de las condiciones de su asociaci\u00f3n <\/p><\/li>\n                                                                                                    <li><p>Marco legal predefinido para negociar acuerdos de forma segura <\/p><\/li>\n                                                                                                    <li><p>\u00a1No requiere instalaci\u00f3n ni tarifas mensuales!<\/p><\/li>\n                                                                                                                                    <\/ul>        \n                                        <a href=\"\"><p><b>Ver m\u00e1s ><\/b><\/p><\/a>             \n                                    <\/div>\n                                <\/li>\n                                                                        <\/ul>\n                <\/div>\n            <\/div>\n        <\/section>\n    <\/div>\n<\/section>\n\n\n<section id=\"horizontal-spacer-block_60f57c0690702\" class=\"horizontal-spacer horizontal-spacer-block\" style=\"\n    background-color: ;\n    height: 60px;\n    width: 100%;\n\">\n<\/section>\n\n\n<div class=\"wp-block-divi-layout\">[et_pb_section fb_built=\u00bb1&#8243; _builder_version=\u00bb4.14.7&#8243; _module_preset=\u00bbdefault\u00bb global_colors_info=\u00bb{}\u00bb][et_pb_row module_class=\u00bbbk-row\u00bb _builder_version=\u00bb4.14.7&#8243; _module_preset=\u00bbdefault\u00bb custom_margin=\u00bb0px||-8px||false|false\u00bb custom_padding=\u00bb30px|30px|30px|30px|false|false\u00bb custom_css_main_element=\u00bbbackground-color: #FFFFFF!important;||border-radius: 22px 22px 22px 22px!important;||overflow: hidden!important;||box-shadow: 0px 2px 18px 0px #e2e2e2!important;||padding-top: 30px!important;||padding-right: 30px!important;||padding-bottom: 30px!important;||padding-left: 30px!important;\u00bb box_shadow_style=\u00bbpreset1&#8243; box_shadow_color=\u00bb#e2e2e2&#8243; locked=\u00bboff\u00bb global_colors_info=\u00bb{}\u00bb][et_pb_column type=\u00bb4_4&#8243; _builder_version=\u00bb4.14.7&#8243; _module_preset=\u00bbdefault\u00bb global_colors_info=\u00bb{}\u00bb][et_pb_text admin_label=\u00bbText\u00bb _builder_version=\u00bb4.14.7&#8243; text_font=\u00bbOpen Sans Regular|700|||||||\u00bb text_text_color=\u00bb#454545&#8243; text_font_size=\u00bb15px\u00bb text_line_height=\u00bb1.71em\u00bb header_font=\u00bbGT Pressura BOLD||||||||\u00bb header_text_color=\u00bb#007aa9&#8243; header_font_size=\u00bb38px\u00bb header_2_font=\u00bbGT Pressura BOLD|700|||||||\u00bb header_2_text_color=\u00bb#454545&#8243; header_2_font_size=\u00bb38px\u00bb header_2_line_height=\u00bb1.4em\u00bb header_3_font=\u00bb||||||||\u00bb background_color=\u00bbRGBA(255,255,255,0)\u00bb module_alignment=\u00bbcenter\u00bb custom_margin=\u00bb||0px||false|false\u00bb custom_margin_tablet=\u00bb||0px||false|false\u00bb custom_margin_phone=\u00bb||0px||false|false\u00bb custom_margin_last_edited=\u00bbon|phone\u00bb custom_padding=\u00bb0px|14px|0px|14px|true|true\u00bb hover_enabled=\u00bb0&#8243; custom_css_main_element=\u00bbcolor: #454545!important;\u00bb border_radii=\u00bboff||||\u00bb global_colors_info=\u00bb{}\u00bb sticky_enabled=\u00bb0&#8243;]<h2><span>Comience a revender docenas de experiencias<\/span><\/h2>\n[\/et_pb_text][et_pb_text admin_label=\u00bbText\u00bb _builder_version=\u00bb4.14.7&#8243; text_font=\u00bbOpen Sans Regular||||||||\u00bb text_text_color=\u00bb#454545&#8243; text_font_size=\u00bb15px\u00bb text_line_height=\u00bb1.71em\u00bb header_font=\u00bbGT Pressura BOLD||||||||\u00bb header_text_color=\u00bb#007aa9&#8243; header_font_size=\u00bb38px\u00bb header_2_font=\u00bbPoppins||||||||\u00bb header_2_font_size=\u00bb28px\u00bb header_2_line_height=\u00bb1.4em\u00bb header_3_font=\u00bb||||||||\u00bb background_color=\u00bbRGBA(255,255,255,0)\u00bb module_alignment=\u00bbcenter\u00bb custom_margin=\u00bb||0px||false|false\u00bb custom_margin_tablet=\u00bb||0px||false|false\u00bb custom_margin_phone=\u00bb||0px||false|false\u00bb custom_margin_last_edited=\u00bbon|phone\u00bb custom_padding=\u00bb0px|14px|0px|14px|true|true\u00bb hover_enabled=\u00bb0&#8243; border_radii=\u00bboff||||\u00bb global_colors_info=\u00bb{}\u00bb sticky_enabled=\u00bb0&#8243;]<div class=\"c-message_kit__blocks c-message_kit__blocks--rich_text\">\n<div class=\"c-message__message_blocks c-message__message_blocks--rich_text\" data-qa=\"message-text\">\n<div class=\"p-block_kit_renderer\" data-qa=\"block-kit-renderer\">\n<div class=\"p-block_kit_renderer__block_wrapper p-block_kit_renderer__block_wrapper--first\">\n<div class=\"p-rich_text_block\" dir=\"auto\">\n<div class=\"p-rich_text_section\">bookingkit reach es el mercado todo-en-uno donde usted puede construir f\u00e1cilmente su propia red de distribuci\u00f3n navegando por el cat\u00e1logo de experiencias de bookingkit, conectando con excitantes operadores y revendiendo sus experiencias a sus clientes.<\/div>\n<\/div>\n<\/div>\n<\/div>\n<\/div>\n<\/div>\n<div class=\"c-message_kit__reaction_bar c-reaction_bar c-reaction_bar--light c-reaction_bar--collapsed\" role=\"group\" data-qa=\"reaction_bar\" aria-label=\"Reactions\" data-stringify-ignore=\"true\"><\/div>\n[\/et_pb_text][et_pb_button button_url=\u00bbhttps:\/\/reach.bookingkit.com\/register?utm_campaign=reseller-registration&#038;utm_medium=bk-website&#038;utm_source=reseller-page&#038;utm_content=reach\u00bb button_text=\u00bbREG\u00cdSTRESE GRATIS \u00bb button_alignment_tablet=\u00bb\u00bb button_alignment_phone=\u00bbcenter\u00bb button_alignment_last_edited=\u00bbon|phone\u00bb _builder_version=\u00bb4.14.7&#8243; _module_preset=\u00bbdefault\u00bb custom_button=\u00bbon\u00bb button_text_size=\u00bb16px\u00bb button_text_color=\u00bb#454545&#8243; button_bg_color=\u00bb#FFFFFF\u00bb button_border_width=\u00bb2px\u00bb button_border_color=\u00bb#454545&#8243; button_border_radius=\u00bb100px\u00bb button_letter_spacing=\u00bb0px\u00bb button_font=\u00bbOpen Sans bold|700|||||||\u00bb button_use_icon=\u00bboff\u00bb custom_margin=\u00bb25px|||9px|false|false\u00bb custom_padding=\u00bb11px||11px||false|false\u00bb custom_padding_tablet=\u00bb11px||11px||false|false\u00bb custom_padding_phone=\u00bb|33px||33px|false|true\u00bb custom_padding_last_edited=\u00bbon|phone\u00bb hover_enabled=\u00bb0&#8243; button_text_color_tablet=\u00bb#454545&#8243; button_text_color_phone=\u00bb#454545&#8243; button_text_color_last_edited=\u00bbon|phone\u00bb button_border_radius_tablet=\u00bb100px\u00bb button_border_radius_phone=\u00bb31px\u00bb button_border_radius_last_edited=\u00bbon|phone\u00bb background_layout_tablet=\u00bb\u00bb background_layout_phone=\u00bb\u00bb background_layout_last_edited=\u00bbon|phone\u00bb global_colors_info=\u00bb{}\u00bb button_bg_color__hover_enabled=\u00bbon|hover\u00bb button_bg_color__hover=\u00bb#454545&#8243; button_bg_enable_color__hover=\u00bbon\u00bb button_text_color__hover_enabled=\u00bbon|desktop\u00bb button_text_color__hover=\u00bb#FFFFFF\u00bb sticky_enabled=\u00bb0&#8243;][\/et_pb_button][\/et_pb_column][\/et_pb_row][\/et_pb_section]<\/div>\n\n\n\n<style>\n#industry-intro-block_60c876b4d0f84 > div > div.intro__button-con > a {\n    background-color: #616060;\n    border-color: #454545;\n}\n#partners-power-block_60dae70a59e48 {\n    padding-bottom: 0;\n}\n<\/style>\n\n\n\n<section id=\"horizontal-spacer-block_65f2b81e75326\" class=\"horizontal-spacer horizontal-spacer-block\" style=\"\n    background-color: ;\n    height: 100px;\n    width: 100%;\n\">\n<\/section>\n\n\n<section id=\"blog-newsletter-block_60dae80d59e59\" class=\"page-blog__download-blog blog-newsletter-block\">\n    <div class=\"container\">\n                <h2 class=\"h2 title-blue title-blue--center\">\n            \u00bfDesea ponerse en contacto con nuestro equipo para una colaboraci\u00f3n avanzada (a trav\u00e9s de API)?         <\/h2>\n                            <h4 class=\"h4\">\n                Cont\u00e1ctenos: <a href=\"mailto:partner@bookingkit.de\" target=\"_blank\" rel=\"noopener\">partner@bookingkit.de<\/a>            <\/h4>\n                \n            <\/div>\n<\/section>","protected":false},"excerpt":{"rendered":"","protected":false},"author":1,"featured_media":0,"parent":0,"menu_order":0,"comment_status":"closed","ping_status":"closed","template":"","meta":{"_et_pb_use_builder":"","_et_pb_old_content":"","_et_gb_content_width":"","inline_featured_image":false,"footnotes":""},"class_list":["post-4449525","page","type-page","status-publish","hentry"],"yoast_head":"<!-- This site is optimized with the Yoast SEO plugin v26.7 - https:\/\/yoast.com\/wordpress\/plugins\/seo\/ -->\n<title>Revendedores - bookingkit I Revender Tours, Actividades y Atracciones<\/title>\n<meta name=\"description\" content=\"\u00bfQuiere a\u00f1adir valor a sus clientes revendiendo Tours, Actividades y Atracciones a precios reducidos? Vea bookingkit Reach\" \/>\n<meta name=\"robots\" content=\"index, follow, max-snippet:-1, max-image-preview:large, max-video-preview:-1\" \/>\n<link rel=\"canonical\" href=\"https:\/\/bookingkit.com\/es\/revendedores\/\" \/>\n<meta property=\"og:locale\" content=\"es_ES\" \/>\n<meta property=\"og:type\" content=\"article\" \/>\n<meta property=\"og:title\" content=\"Revendedores - bookingkit I Revender Tours, Actividades y Atracciones\" \/>\n<meta property=\"og:description\" content=\"\u00bfQuiere a\u00f1adir valor a sus clientes revendiendo Tours, Actividades y Atracciones a precios reducidos? Vea bookingkit Reach\" \/>\n<meta property=\"og:url\" content=\"https:\/\/bookingkit.com\/es\/revendedores\/\" \/>\n<meta property=\"og:site_name\" content=\"bookingkit\" \/>\n<meta property=\"article:modified_time\" content=\"2024-03-21T16:14:41+00:00\" \/>\n<meta name=\"twitter:card\" content=\"summary_large_image\" \/>\n<meta name=\"twitter:label1\" content=\"Tiempo de lectura\" \/>\n\t<meta name=\"twitter:data1\" content=\"1 minuto\" \/>\n<script type=\"application\/ld+json\" class=\"yoast-schema-graph\">{\"@context\":\"https:\/\/schema.org\",\"@graph\":[{\"@type\":\"WebPage\",\"@id\":\"https:\/\/bookingkit.com\/es\/revendedores\/\",\"url\":\"https:\/\/bookingkit.com\/es\/revendedores\/\",\"name\":\"Revendedores - bookingkit I Revender Tours, Actividades y Atracciones\",\"isPartOf\":{\"@id\":\"https:\/\/bookingkit.com\/#website\"},\"datePublished\":\"2021-05-10T01:37:17+00:00\",\"dateModified\":\"2024-03-21T16:14:41+00:00\",\"description\":\"\u00bfQuiere a\u00f1adir valor a sus clientes revendiendo Tours, Actividades y Atracciones a precios reducidos? Vea bookingkit Reach\",\"breadcrumb\":{\"@id\":\"https:\/\/bookingkit.com\/es\/revendedores\/#breadcrumb\"},\"inLanguage\":\"es\",\"potentialAction\":[{\"@type\":\"ReadAction\",\"target\":[\"https:\/\/bookingkit.com\/es\/revendedores\/\"]}]},{\"@type\":\"BreadcrumbList\",\"@id\":\"https:\/\/bookingkit.com\/es\/revendedores\/#breadcrumb\",\"itemListElement\":[{\"@type\":\"ListItem\",\"position\":1,\"name\":\"Home\",\"item\":\"https:\/\/bookingkit.com\/es\/\"},{\"@type\":\"ListItem\",\"position\":2,\"name\":\"Revendedores\"}]},{\"@type\":\"WebSite\",\"@id\":\"https:\/\/bookingkit.com\/#website\",\"url\":\"https:\/\/bookingkit.com\/\",\"name\":\"bookingkit\",\"description\":\"Booking Software for Tours &amp; Attractions\",\"potentialAction\":[{\"@type\":\"SearchAction\",\"target\":{\"@type\":\"EntryPoint\",\"urlTemplate\":\"https:\/\/bookingkit.com\/?s={search_term_string}\"},\"query-input\":{\"@type\":\"PropertyValueSpecification\",\"valueRequired\":true,\"valueName\":\"search_term_string\"}}],\"inLanguage\":\"es\"}]}<\/script>\n<!-- \/ Yoast SEO plugin. -->","yoast_head_json":{"title":"Revendedores - bookingkit I Revender Tours, Actividades y Atracciones","description":"\u00bfQuiere a\u00f1adir valor a sus clientes revendiendo Tours, Actividades y Atracciones a precios reducidos? Vea bookingkit Reach","robots":{"index":"index","follow":"follow","max-snippet":"max-snippet:-1","max-image-preview":"max-image-preview:large","max-video-preview":"max-video-preview:-1"},"canonical":"https:\/\/bookingkit.com\/es\/revendedores\/","og_locale":"es_ES","og_type":"article","og_title":"Revendedores - bookingkit I Revender Tours, Actividades y Atracciones","og_description":"\u00bfQuiere a\u00f1adir valor a sus clientes revendiendo Tours, Actividades y Atracciones a precios reducidos? Vea bookingkit Reach","og_url":"https:\/\/bookingkit.com\/es\/revendedores\/","og_site_name":"bookingkit","article_modified_time":"2024-03-21T16:14:41+00:00","twitter_card":"summary_large_image","twitter_misc":{"Tiempo de lectura":"1 minuto"},"schema":{"@context":"https:\/\/schema.org","@graph":[{"@type":"WebPage","@id":"https:\/\/bookingkit.com\/es\/revendedores\/","url":"https:\/\/bookingkit.com\/es\/revendedores\/","name":"Revendedores - bookingkit I Revender Tours, Actividades y Atracciones","isPartOf":{"@id":"https:\/\/bookingkit.com\/#website"},"datePublished":"2021-05-10T01:37:17+00:00","dateModified":"2024-03-21T16:14:41+00:00","description":"\u00bfQuiere a\u00f1adir valor a sus clientes revendiendo Tours, Actividades y Atracciones a precios reducidos? Vea bookingkit Reach","breadcrumb":{"@id":"https:\/\/bookingkit.com\/es\/revendedores\/#breadcrumb"},"inLanguage":"es","potentialAction":[{"@type":"ReadAction","target":["https:\/\/bookingkit.com\/es\/revendedores\/"]}]},{"@type":"BreadcrumbList","@id":"https:\/\/bookingkit.com\/es\/revendedores\/#breadcrumb","itemListElement":[{"@type":"ListItem","position":1,"name":"Home","item":"https:\/\/bookingkit.com\/es\/"},{"@type":"ListItem","position":2,"name":"Revendedores"}]},{"@type":"WebSite","@id":"https:\/\/bookingkit.com\/#website","url":"https:\/\/bookingkit.com\/","name":"bookingkit","description":"Booking Software for Tours &amp; Attractions","potentialAction":[{"@type":"SearchAction","target":{"@type":"EntryPoint","urlTemplate":"https:\/\/bookingkit.com\/?s={search_term_string}"},"query-input":{"@type":"PropertyValueSpecification","valueRequired":true,"valueName":"search_term_string"}}],"inLanguage":"es"}]}},"_links":{"self":[{"href":"https:\/\/bookingkit.com\/es\/wp-json\/wp\/v2\/pages\/4449525","targetHints":{"allow":["GET"]}}],"collection":[{"href":"https:\/\/bookingkit.com\/es\/wp-json\/wp\/v2\/pages"}],"about":[{"href":"https:\/\/bookingkit.com\/es\/wp-json\/wp\/v2\/types\/page"}],"author":[{"embeddable":true,"href":"https:\/\/bookingkit.com\/es\/wp-json\/wp\/v2\/users\/1"}],"replies":[{"embeddable":true,"href":"https:\/\/bookingkit.com\/es\/wp-json\/wp\/v2\/comments?post=4449525"}],"version-history":[{"count":11,"href":"https:\/\/bookingkit.com\/es\/wp-json\/wp\/v2\/pages\/4449525\/revisions"}],"predecessor-version":[{"id":4472644,"href":"https:\/\/bookingkit.com\/es\/wp-json\/wp\/v2\/pages\/4449525\/revisions\/4472644"}],"wp:attachment":[{"href":"https:\/\/bookingkit.com\/es\/wp-json\/wp\/v2\/media?parent=4449525"}],"curies":[{"name":"wp","href":"https:\/\/api.w.org\/{rel}","templated":true}]}}