{"id":4474636,"date":"2024-09-24T08:52:31","date_gmt":"2024-09-24T08:52:31","guid":{"rendered":"https:\/\/bookingkit.com\/?page_id=4474636"},"modified":"2024-09-25T15:05:44","modified_gmt":"2024-09-25T15:05:44","slug":"thank-you-for-your-request","status":"publish","type":"page","link":"https:\/\/bookingkit.com\/es\/thank-you-for-your-request\/","title":{"rendered":"\u00a1Gracias por tu inter\u00e9s!"},"content":{"rendered":"<p>[et_pb_section fb_built=\u00bb1&#8243; _builder_version=\u00bb4.14.7&#8243; _module_preset=\u00bbdefault\u00bb use_background_color_gradient=\u00bbon\u00bb background_image=\u00bbhttps:\/\/bookingkit.com\/wp-content\/uploads\/2022\/09\/header-\u2013-6666-2.png\u00bb width=\u00bb100%\u00bb min_height=\u00bb201.5px\u00bb custom_padding=\u00bb||83px|||\u00bb locked=\u00bboff\u00bb global_colors_info=\u00bb{}\u00bb][et_pb_row _builder_version=\u00bb4.14.7&#8243; _module_preset=\u00bbdefault\u00bb global_colors_info=\u00bb{}\u00bb][et_pb_column type=\u00bb4_4&#8243; _builder_version=\u00bb4.14.7&#8243; _module_preset=\u00bbdefault\u00bb global_colors_info=\u00bb{}\u00bb][et_pb_text _builder_version=\u00bb4.14.7&#8243; _module_preset=\u00bbdefault\u00bb text_text_color=\u00bb#FFFFFF\u00bb text_font_size=\u00bb28px\u00bb text_orientation=\u00bbcenter\u00bb global_colors_info=\u00bb{}\u00bb]<\/p>\n<h1><strong><span>\u00a1Gracias por tu inter\u00e9s!<\/span><\/strong><\/h1>\n<p>[\/et_pb_text][et_pb_text _builder_version=\u00bb4.14.7&#8243; _module_preset=\u00bbdefault\u00bb text_text_color=\u00bb#FFFFFF\u00bb text_font_size=\u00bb18px\u00bb text_orientation=\u00bbcenter\u00bb width=\u00bb52%\u00bb max_width=\u00bb52%\u00bb module_alignment=\u00bbcenter\u00bb global_colors_info=\u00bb{}\u00bb]<\/p>\n<p><span>Por favor, revisa tu correo electr\u00f3nico, ya que pronto te contactaremos. Mientras tanto, quiz\u00e1s encuentres \u00fatil la siguiente informaci\u00f3n\u2026<\/span><\/p>\n<p>[\/et_pb_text][\/et_pb_column][\/et_pb_row][\/et_pb_section][et_pb_section fb_built=\u00bb1&#8243; _builder_version=\u00bb4.14.7&#8243; _module_preset=\u00bbdefault\u00bb background_color=\u00bb#FFFFFF\u00bb width=\u00bb70%\u00bb module_alignment=\u00bbcenter\u00bb custom_margin=\u00bb-54px|196px||196px|false|false\u00bb custom_margin_tablet=\u00bb|116px||116px|false|true\u00bb custom_margin_phone=\u00bb|62px||62px|false|true\u00bb custom_margin_last_edited=\u00bbon|phone\u00bb custom_padding=\u00bb||||false|false\u00bb border_radii=\u00bbon|15px|15px|15px|15px\u00bb box_shadow_style=\u00bbpreset1&#8243; box_shadow_blur=\u00bb21px\u00bb box_shadow_spread=\u00bb-5px\u00bb box_shadow_color=\u00bbrgba(0,0,0,0.29)\u00bb locked=\u00bboff\u00bb global_colors_info=\u00bb{}\u00bb][et_pb_row column_structure=\u00bb1_2,1_2&#8243; _builder_version=\u00bb4.14.7&#8243; _module_preset=\u00bbdefault\u00bb width=\u00bb100%\u00bb custom_margin=\u00bb-17px|||90px|false|false\u00bb custom_margin_tablet=\u00bb|||54px|false|false\u00bb custom_margin_phone=\u00bb|||28px|false|false\u00bb custom_margin_last_edited=\u00bbon|phone\u00bb custom_padding=\u00bb0px|||0px|false|false\u00bb global_colors_info=\u00bb{}\u00bb][et_pb_column type=\u00bb1_2&#8243; _builder_version=\u00bb4.14.7&#8243; _module_preset=\u00bbdefault\u00bb global_colors_info=\u00bb{}\u00bb][et_pb_text _builder_version=\u00bb4.14.7&#8243; _module_preset=\u00bbdefault\u00bb text_font=\u00bbOpen Sans||||||||\u00bb text_font_size=\u00bb31px\u00bb text_line_height=\u00bb1.8em\u00bb header_font=\u00bbOpen Sans|700|||||||\u00bb header_font_size=\u00bb26px\u00bb header_line_height=\u00bb1.4em\u00bb width=\u00bb100%\u00bb min_height=\u00bb132.6px\u00bb custom_margin=\u00bb35px||||false|false\u00bb custom_padding=\u00bb1px||0px|4px||\u00bb text_font_size_tablet=\u00bb25px\u00bb text_font_size_phone=\u00bb20px\u00bb text_font_size_last_edited=\u00bbon|phone\u00bb global_colors_info=\u00bb{}\u00bb]<\/p>\n<p><strong>Descubre c\u00f3mo bookingkit ha ayudado a miles de operadores europeos como WOW! Gallery a:<\/strong><\/p>\n<p>[\/et_pb_text][\/et_pb_column][et_pb_column type=\u00bb1_2&#8243; _builder_version=\u00bb4.14.7&#8243; _module_preset=\u00bbdefault\u00bb global_colors_info=\u00bb{}\u00bb][et_pb_video src=\u00bbhttps:\/\/www.youtube.com\/watch?v=Na5TBWP4ANo\u00bb image_src=\u00bbhttps:\/\/bookingkit.com\/wp-content\/uploads\/2024\/09\/Untitled-design-10.png\u00bb play_icon_color=\u00bbRGBA(255,255,255,0)\u00bb font_icon=\u00bb&#x45;||divi||400&#8243; _builder_version=\u00bb4.14.7&#8243; _module_preset=\u00bbdefault\u00bb width=\u00bb101%\u00bb module_alignment=\u00bbleft\u00bb custom_margin=\u00bb||||false|false\u00bb custom_padding=\u00bb0px||||false|false\u00bb hover_enabled=\u00bb0&#8243; border_radii=\u00bbon|25px|25px|25px|25px\u00bb border_width_all=\u00bb1px\u00bb border_color_all=\u00bb#f7a329&#8243; global_colors_info=\u00bb{}\u00bb title_text=\u00bbUntitled design (10)\u00bb sticky_enabled=\u00bb0&#8243;][\/et_pb_video][\/et_pb_column][\/et_pb_row][et_pb_row column_structure=\u00bb1_4,1_4,1_4,1_4&#8243; _builder_version=\u00bb4.14.7&#8243; _module_preset=\u00bbdefault\u00bb global_colors_info=\u00bb{}\u00bb][et_pb_column type=\u00bb1_4&#8243; _builder_version=\u00bb4.14.7&#8243; _module_preset=\u00bbdefault\u00bb global_colors_info=\u00bb{}\u00bb][et_pb_image src=\u00bbhttps:\/\/bookingkit.com\/wp-content\/uploads\/2022\/09\/bullet-or.svg\u00bb title_text=\u00bbbullet-or\u00bb _builder_version=\u00bb4.14.7&#8243; _module_preset=\u00bbdefault\u00bb width=\u00bb18%\u00bb module_alignment=\u00bbleft\u00bb max_height=\u00bb30px\u00bb custom_margin=\u00bb||7px||false|false\u00bb global_colors_info=\u00bb{}\u00bb][\/et_pb_image][et_pb_text _builder_version=\u00bb4.14.7&#8243; _module_preset=\u00bbdefault\u00bb global_colors_info=\u00bb{}\u00bb]<\/p>\n<p>Generar m\u00e1s reservas directas en tu website<\/p>\n<p>[\/et_pb_text][\/et_pb_column][et_pb_column type=\u00bb1_4&#8243; _builder_version=\u00bb4.14.7&#8243; _module_preset=\u00bbdefault\u00bb global_colors_info=\u00bb{}\u00bb][et_pb_image src=\u00bbhttps:\/\/bookingkit.com\/wp-content\/uploads\/2022\/09\/bullet-or.svg\u00bb title_text=\u00bbbullet-or\u00bb _builder_version=\u00bb4.14.7&#8243; _module_preset=\u00bbdefault\u00bb width=\u00bb18%\u00bb module_alignment=\u00bbleft\u00bb max_height=\u00bb30px\u00bb custom_margin=\u00bb||7px||false|false\u00bb global_colors_info=\u00bb{}\u00bb][\/et_pb_image][et_pb_text _builder_version=\u00bb4.14.7&#8243; _module_preset=\u00bbdefault\u00bb global_colors_info=\u00bb{}\u00bb]<\/p>\n<p>Conectarse a las principales agencias de viajes online<\/p>\n<p>[\/et_pb_text][\/et_pb_column][et_pb_column type=\u00bb1_4&#8243; _builder_version=\u00bb4.14.7&#8243; _module_preset=\u00bbdefault\u00bb global_colors_info=\u00bb{}\u00bb][et_pb_image src=\u00bbhttps:\/\/bookingkit.com\/wp-content\/uploads\/2022\/09\/bullet-or.svg\u00bb title_text=\u00bbbullet-or\u00bb _builder_version=\u00bb4.14.7&#8243; _module_preset=\u00bbdefault\u00bb width=\u00bb18%\u00bb module_alignment=\u00bbleft\u00bb max_height=\u00bb30px\u00bb max_height_tablet=\u00bb30px\u00bb max_height_phone=\u00bb30px\u00bb max_height_last_edited=\u00bbon|phone\u00bb custom_margin=\u00bb||7px||false|false\u00bb global_colors_info=\u00bb{}\u00bb][\/et_pb_image][et_pb_text _builder_version=\u00bb4.14.7&#8243; _module_preset=\u00bbdefault\u00bb global_colors_info=\u00bb{}\u00bb]<\/p>\n<p>Gestionar de forma centralizada los recursos contingentes<\/p>\n<p>[\/et_pb_text][\/et_pb_column][et_pb_column type=\u00bb1_4&#8243; _builder_version=\u00bb4.14.7&#8243; _module_preset=\u00bbdefault\u00bb global_colors_info=\u00bb{}\u00bb][et_pb_image src=\u00bbhttps:\/\/bookingkit.com\/wp-content\/uploads\/2022\/09\/bullet-or.svg\u00bb title_text=\u00bbbullet-or\u00bb _builder_version=\u00bb4.14.7&#8243; _module_preset=\u00bbdefault\u00bb width=\u00bb18%\u00bb module_alignment=\u00bbleft\u00bb max_height=\u00bb30px\u00bb custom_margin=\u00bb||7px||false|false\u00bb global_colors_info=\u00bb{}\u00bb][\/et_pb_image][et_pb_text _builder_version=\u00bb4.14.7&#8243; _module_preset=\u00bbdefault\u00bb global_colors_info=\u00bb{}\u00bb]<\/p>\n<p>Proporcionar una experiencia de cliente integrada<\/p>\n<p>[\/et_pb_text][\/et_pb_column][\/et_pb_row][\/et_pb_section][et_pb_section fb_built=\u00bb1&#8243; _builder_version=\u00bb4.14.7&#8243; _module_preset=\u00bbdefault\u00bb custom_margin=\u00bb16px|||||\u00bb custom_padding=\u00bb27px|||||\u00bb locked=\u00bboff\u00bb global_colors_info=\u00bb{}\u00bb][et_pb_row _builder_version=\u00bb4.14.7&#8243; _module_preset=\u00bbdefault\u00bb custom_margin=\u00bb-17px|auto||auto||\u00bb custom_padding=\u00bb7px|||||\u00bb global_colors_info=\u00bb{}\u00bb][et_pb_column type=\u00bb4_4&#8243; _builder_version=\u00bb4.14.7&#8243; _module_preset=\u00bbdefault\u00bb global_colors_info=\u00bb{}\u00bb][et_pb_text _builder_version=\u00bb4.14.7&#8243; _module_preset=\u00bbdefault\u00bb text_font=\u00bbGT Pressura BOLD|700|||||||\u00bb text_text_color=\u00bb#0C71C3&#8243; text_font_size=\u00bb52px\u00bb header_font=\u00bbGT Pressura BOLD|700|||||||\u00bb header_text_color=\u00bb#0C71C3&#8243; text_orientation=\u00bbcenter\u00bb min_height=\u00bb87px\u00bb custom_margin=\u00bb27px|||||\u00bb custom_padding=\u00bb||3px|||\u00bb custom_css_main_element=\u00bbfont-size: 52px!important;\u00bb global_colors_info=\u00bb{}\u00bb]<\/p>\n<p style=\"text-align: center;\"><span style=\"color: #007aa9;\">Para m\u00e1s informaci\u00f3n\u2026<\/span><\/p>\n<p>[\/et_pb_text][et_pb_button button_text=\u00bbm\u00e1s Testimonios\u00bb button_alignment=\u00bbcenter\u00bb _builder_version=\u00bb4.14.7&#8243; _module_preset=\u00bbdefault\u00bb custom_button=\u00bbon\u00bb button_text_size=\u00bb16px\u00bb button_text_color=\u00bb#454545&#8243; button_bg_color=\u00bb#FFFFFF\u00bb button_border_width=\u00bb2px\u00bb button_border_color=\u00bb#454545&#8243; button_border_radius=\u00bb100px\u00bb button_font=\u00bbOpen Sans|700||on|||||\u00bb button_use_icon=\u00bboff\u00bb custom_margin=\u00bb21px|||0px|false|false\u00bb global_colors_info=\u00bb{}\u00bb button_bg_color__hover_enabled=\u00bbon|hover\u00bb button_bg_color__hover=\u00bb#454545&#8243; button_bg_enable_color__hover=\u00bbon\u00bb button_text_color__hover_enabled=\u00bbon|hover\u00bb button_text_color__hover=\u00bb#FFFFFF\u00bb][\/et_pb_button][\/et_pb_column][\/et_pb_row][\/et_pb_section][et_pb_section fb_built=\u00bb1&#8243; _builder_version=\u00bb4.14.7&#8243; _module_preset=\u00bbdefault\u00bb custom_margin=\u00bb-102px|||||\u00bb custom_padding=\u00bb15px|||||\u00bb locked=\u00bboff\u00bb global_colors_info=\u00bb{}\u00bb][et_pb_row _builder_version=\u00bb4.14.7&#8243; _module_preset=\u00bbdefault\u00bb width=\u00bb8%\u00bb max_width=\u00bb119px\u00bb global_colors_info=\u00bb{}\u00bb][et_pb_column type=\u00bb4_4&#8243; _builder_version=\u00bb4.14.7&#8243; _module_preset=\u00bbdefault\u00bb global_colors_info=\u00bb{}\u00bb][et_pb_image src=\u00bbhttps:\/\/bookingkit.com\/wp-content\/uploads\/2022\/09\/arrow.svg\u00bb title_text=\u00bbarrow\u00bb _builder_version=\u00bb4.14.7&#8243; _module_preset=\u00bbdefault\u00bb transform_rotate=\u00bb0deg|0deg|22deg\u00bb custom_margin=\u00bb|||-90px|false|false\u00bb custom_padding=\u00bb|80px||0px|false|false\u00bb global_colors_info=\u00bb{}\u00bb][\/et_pb_image][\/et_pb_column][\/et_pb_row][\/et_pb_section]<\/p>\n","protected":false},"excerpt":{"rendered":"<p>\u00a1Gracias por tu inter\u00e9s! Por favor, revisa tu correo&#8230;<\/p>\n","protected":false},"author":35,"featured_media":0,"parent":0,"menu_order":0,"comment_status":"closed","ping_status":"closed","template":"","meta":{"_et_pb_use_builder":"on","_et_pb_old_content":"","_et_gb_content_width":"","inline_featured_image":false,"footnotes":""},"class_list":["post-4474636","page","type-page","status-publish","hentry"],"yoast_head":"<!-- This site is optimized with the Yoast SEO plugin v26.7 - https:\/\/yoast.com\/wordpress\/plugins\/seo\/ -->\n<title>\u00a1Gracias por tu inter\u00e9s! - bookingkit<\/title>\n<meta name=\"robots\" content=\"index, follow, max-snippet:-1, max-image-preview:large, max-video-preview:-1\" \/>\n<link rel=\"canonical\" href=\"https:\/\/bookingkit.com\/es\/thank-you-for-your-request\/\" \/>\n<meta property=\"og:locale\" content=\"es_ES\" \/>\n<meta property=\"og:type\" content=\"article\" \/>\n<meta property=\"og:title\" content=\"\u00a1Gracias por tu inter\u00e9s! - bookingkit\" \/>\n<meta property=\"og:description\" content=\"\u00a1Gracias por tu inter\u00e9s! Por favor, revisa tu correo...\" \/>\n<meta property=\"og:url\" content=\"https:\/\/bookingkit.com\/es\/thank-you-for-your-request\/\" \/>\n<meta property=\"og:site_name\" content=\"bookingkit\" \/>\n<meta property=\"article:modified_time\" content=\"2024-09-25T15:05:44+00:00\" \/>\n<meta name=\"twitter:card\" content=\"summary_large_image\" \/>\n<meta name=\"twitter:label1\" content=\"Tiempo de lectura\" \/>\n\t<meta name=\"twitter:data1\" content=\"2 minutos\" \/>\n<script type=\"application\/ld+json\" class=\"yoast-schema-graph\">{\"@context\":\"https:\/\/schema.org\",\"@graph\":[{\"@type\":\"WebPage\",\"@id\":\"https:\/\/bookingkit.com\/es\/thank-you-for-your-request\/\",\"url\":\"https:\/\/bookingkit.com\/es\/thank-you-for-your-request\/\",\"name\":\"\u00a1Gracias por tu inter\u00e9s! - bookingkit\",\"isPartOf\":{\"@id\":\"https:\/\/bookingkit.com\/#website\"},\"datePublished\":\"2024-09-24T08:52:31+00:00\",\"dateModified\":\"2024-09-25T15:05:44+00:00\",\"breadcrumb\":{\"@id\":\"https:\/\/bookingkit.com\/es\/thank-you-for-your-request\/#breadcrumb\"},\"inLanguage\":\"es\",\"potentialAction\":[{\"@type\":\"ReadAction\",\"target\":[\"https:\/\/bookingkit.com\/es\/thank-you-for-your-request\/\"]}]},{\"@type\":\"BreadcrumbList\",\"@id\":\"https:\/\/bookingkit.com\/es\/thank-you-for-your-request\/#breadcrumb\",\"itemListElement\":[{\"@type\":\"ListItem\",\"position\":1,\"name\":\"Home\",\"item\":\"https:\/\/bookingkit.com\/es\/\"},{\"@type\":\"ListItem\",\"position\":2,\"name\":\"\u00a1Gracias por tu inter\u00e9s!\"}]},{\"@type\":\"WebSite\",\"@id\":\"https:\/\/bookingkit.com\/#website\",\"url\":\"https:\/\/bookingkit.com\/\",\"name\":\"bookingkit\",\"description\":\"Booking Software for Tours &amp; Attractions\",\"potentialAction\":[{\"@type\":\"SearchAction\",\"target\":{\"@type\":\"EntryPoint\",\"urlTemplate\":\"https:\/\/bookingkit.com\/?s={search_term_string}\"},\"query-input\":{\"@type\":\"PropertyValueSpecification\",\"valueRequired\":true,\"valueName\":\"search_term_string\"}}],\"inLanguage\":\"es\"}]}<\/script>\n<!-- \/ Yoast SEO plugin. -->","yoast_head_json":{"title":"\u00a1Gracias por tu inter\u00e9s! - bookingkit","robots":{"index":"index","follow":"follow","max-snippet":"max-snippet:-1","max-image-preview":"max-image-preview:large","max-video-preview":"max-video-preview:-1"},"canonical":"https:\/\/bookingkit.com\/es\/thank-you-for-your-request\/","og_locale":"es_ES","og_type":"article","og_title":"\u00a1Gracias por tu inter\u00e9s! - bookingkit","og_description":"\u00a1Gracias por tu inter\u00e9s! Por favor, revisa tu correo...","og_url":"https:\/\/bookingkit.com\/es\/thank-you-for-your-request\/","og_site_name":"bookingkit","article_modified_time":"2024-09-25T15:05:44+00:00","twitter_card":"summary_large_image","twitter_misc":{"Tiempo de lectura":"2 minutos"},"schema":{"@context":"https:\/\/schema.org","@graph":[{"@type":"WebPage","@id":"https:\/\/bookingkit.com\/es\/thank-you-for-your-request\/","url":"https:\/\/bookingkit.com\/es\/thank-you-for-your-request\/","name":"\u00a1Gracias por tu inter\u00e9s! - bookingkit","isPartOf":{"@id":"https:\/\/bookingkit.com\/#website"},"datePublished":"2024-09-24T08:52:31+00:00","dateModified":"2024-09-25T15:05:44+00:00","breadcrumb":{"@id":"https:\/\/bookingkit.com\/es\/thank-you-for-your-request\/#breadcrumb"},"inLanguage":"es","potentialAction":[{"@type":"ReadAction","target":["https:\/\/bookingkit.com\/es\/thank-you-for-your-request\/"]}]},{"@type":"BreadcrumbList","@id":"https:\/\/bookingkit.com\/es\/thank-you-for-your-request\/#breadcrumb","itemListElement":[{"@type":"ListItem","position":1,"name":"Home","item":"https:\/\/bookingkit.com\/es\/"},{"@type":"ListItem","position":2,"name":"\u00a1Gracias por tu inter\u00e9s!"}]},{"@type":"WebSite","@id":"https:\/\/bookingkit.com\/#website","url":"https:\/\/bookingkit.com\/","name":"bookingkit","description":"Booking Software for Tours &amp; Attractions","potentialAction":[{"@type":"SearchAction","target":{"@type":"EntryPoint","urlTemplate":"https:\/\/bookingkit.com\/?s={search_term_string}"},"query-input":{"@type":"PropertyValueSpecification","valueRequired":true,"valueName":"search_term_string"}}],"inLanguage":"es"}]}},"_links":{"self":[{"href":"https:\/\/bookingkit.com\/es\/wp-json\/wp\/v2\/pages\/4474636","targetHints":{"allow":["GET"]}}],"collection":[{"href":"https:\/\/bookingkit.com\/es\/wp-json\/wp\/v2\/pages"}],"about":[{"href":"https:\/\/bookingkit.com\/es\/wp-json\/wp\/v2\/types\/page"}],"author":[{"embeddable":true,"href":"https:\/\/bookingkit.com\/es\/wp-json\/wp\/v2\/users\/35"}],"replies":[{"embeddable":true,"href":"https:\/\/bookingkit.com\/es\/wp-json\/wp\/v2\/comments?post=4474636"}],"version-history":[{"count":15,"href":"https:\/\/bookingkit.com\/es\/wp-json\/wp\/v2\/pages\/4474636\/revisions"}],"predecessor-version":[{"id":4474796,"href":"https:\/\/bookingkit.com\/es\/wp-json\/wp\/v2\/pages\/4474636\/revisions\/4474796"}],"wp:attachment":[{"href":"https:\/\/bookingkit.com\/es\/wp-json\/wp\/v2\/media?parent=4474636"}],"curies":[{"name":"wp","href":"https:\/\/api.w.org\/{rel}","templated":true}]}}