{"id":4445185,"date":"2021-05-10T01:36:40","date_gmt":"2021-05-10T01:36:40","guid":{"rendered":"http:\/\/bookingkit.com\/impressum\/"},"modified":"2022-05-06T13:23:19","modified_gmt":"2022-05-06T13:23:19","slug":"mentions-legales","status":"publish","type":"page","link":"https:\/\/bookingkit.com\/fr\/mentions-legales\/","title":{"rendered":"Impressum"},"content":{"rendered":"\n<h2 class=\"wp-block-heading\"><br>bookingkit \u2013 The smart booking &amp; marketing solution.<\/h2>\n\n\n\n<p>bookingkit GmbH<br>Sonnenallee 223<br>D-12059 Berlin<br><br>mail@bookingkit.de<br>www.bookingkit.net<br><br>T\u00e9l\u00e9phone : +49 (0)30 6098 5033-0<\/p>\n\n\n\n<h2 class=\"wp-block-heading\"><strong>Direction<\/strong><\/h2>\n\n\n\n<p>Lukas C. C. Hempel<\/p>\n\n\n\n<p>Tribunal d\u2019instance Berlin-Charlottenburg, HRB 160861 B | N\u00b0 de TVA DE296647620 Assurance professionnelle aupr\u00e8s de R&amp;V Allgemeine Versicherung AG, Niedersachsenring 13, 30163 Hannovre<\/p>\n\n\n\n<p>bookingkit\u00ae est une marque d\u00e9pos\u00e9e dans l\u2019Union europ\u00e9enne et dans d\u2019autres pays.<\/p>\n\n\n\n<h2 class=\"wp-block-heading\"><strong>Mentions l\u00e9gales de ce site internet<\/strong><\/h2>\n\n\n\n<p>Tous les textes, les images et les autres informations publi\u00e9s ici sont soumis au droit d\u2019auteur du fournisseur, dans la mesure o\u00f9 il n\u2019existe pas de droits de propri\u00e9t\u00e9 intellectuelle de tiers. Dans tous les cas, la reproduction, la distribution ou la publication publique est autoris\u00e9e uniquement en cas d\u2019accord r\u00e9vocable et non transmissible du fournisseur.<\/p>\n\n\n\n<p>Les contenus de ce site internet ont \u00e9t\u00e9 cr\u00e9\u00e9s avec le plus grand soin. Nous d\u00e9clinons cependant toute garantie quant \u00e0 son actualit\u00e9 et \u00e0 son exhaustivit\u00e9.<\/p>\n\n\n\n<p>Le fournisseur n\u2019assume aucune responsabilit\u00e9 pour tous les contenus internet associ\u00e9s au moyen de r\u00e9f\u00e9rences crois\u00e9es (liens), puisqu\u2019il ne s\u2019agit pas ici de ses propres contenus. Les liens externes ont \u00e9t\u00e9 contr\u00f4l\u00e9s quant \u00e0 l\u2019existence d\u2019un contenu ill\u00e9gal, et au moment de la mise en lien, aucun contenu de ce type n\u2019\u00e9tait d\u00e9tectable. Concernant les contenus \u00e9trangers, il n\u2019y a cependant aucune obligation g\u00e9n\u00e9rale de surveillance et contr\u00f4le.<\/p>\n\n\n\n<p>Les marques d\u00e9pos\u00e9es cit\u00e9es et les noms de marque sont la propri\u00e9t\u00e9 de leur propri\u00e9taire respectif.<\/p>\n","protected":false},"excerpt":{"rendered":"<p>bookingkit \u2013 The smart booking &amp; marketing solution. bookingkit GmbHSonnenallee 223D-12059 Berlin mail@bookingkit.dewww.bookingkit.net T\u00e9l\u00e9phone : +49 (0)30 6098 5033-0 Direction Lukas C. C. Hempel Tribunal d\u2019instance Berlin-Charlottenburg, HRB 160861 B | N\u00b0 de TVA DE296647620 Assurance professionnelle aupr\u00e8s de R&amp;V Allgemeine Versicherung AG, Niedersachsenring 13, 30163 Hannovre bookingkit\u00ae est une marque d\u00e9pos\u00e9e dans l\u2019Union europ\u00e9enne [&hellip;]<\/p>\n","protected":false},"author":1,"featured_media":0,"parent":0,"menu_order":0,"comment_status":"closed","ping_status":"closed","template":"page-impressum.php","meta":{"_et_pb_use_builder":"","_et_pb_old_content":"","_et_gb_content_width":"","inline_featured_image":false,"footnotes":""},"class_list":["post-4445185","page","type-page","status-publish","hentry"],"yoast_head":"<!-- This site is optimized with the Yoast SEO plugin v26.7 - https:\/\/yoast.com\/wordpress\/plugins\/seo\/ -->\n<title>Impressum - bookingkit<\/title>\n<meta name=\"robots\" content=\"index, follow, max-snippet:-1, max-image-preview:large, max-video-preview:-1\" \/>\n<link rel=\"canonical\" href=\"https:\/\/bookingkit.com\/fr\/mentions-legales\/\" \/>\n<meta property=\"og:locale\" content=\"fr_FR\" \/>\n<meta property=\"og:type\" content=\"article\" \/>\n<meta property=\"og:title\" content=\"Impressum - bookingkit\" \/>\n<meta property=\"og:description\" content=\"bookingkit \u2013 The smart booking &amp; marketing solution. bookingkit GmbHSonnenallee 223D-12059 Berlin mail@bookingkit.dewww.bookingkit.net T\u00e9l\u00e9phone : +49 (0)30 6098 5033-0 Direction Lukas C. C. Hempel Tribunal d\u2019instance Berlin-Charlottenburg, HRB 160861 B | N\u00b0 de TVA DE296647620 Assurance professionnelle aupr\u00e8s de R&amp;V Allgemeine Versicherung AG, Niedersachsenring 13, 30163 Hannovre bookingkit\u00ae est une marque d\u00e9pos\u00e9e dans l\u2019Union europ\u00e9enne [&hellip;]\" \/>\n<meta property=\"og:url\" content=\"https:\/\/bookingkit.com\/fr\/mentions-legales\/\" \/>\n<meta property=\"og:site_name\" content=\"bookingkit\" \/>\n<meta property=\"article:modified_time\" content=\"2022-05-06T13:23:19+00:00\" \/>\n<meta name=\"twitter:card\" content=\"summary_large_image\" \/>\n<meta name=\"twitter:label1\" content=\"Dur\u00e9e de lecture estim\u00e9e\" \/>\n\t<meta name=\"twitter:data1\" content=\"2 minutes\" \/>\n<script type=\"application\/ld+json\" class=\"yoast-schema-graph\">{\"@context\":\"https:\/\/schema.org\",\"@graph\":[{\"@type\":\"WebPage\",\"@id\":\"https:\/\/bookingkit.com\/fr\/mentions-legales\/\",\"url\":\"https:\/\/bookingkit.com\/fr\/mentions-legales\/\",\"name\":\"Impressum - bookingkit\",\"isPartOf\":{\"@id\":\"https:\/\/bookingkit.com\/#website\"},\"datePublished\":\"2021-05-10T01:36:40+00:00\",\"dateModified\":\"2022-05-06T13:23:19+00:00\",\"breadcrumb\":{\"@id\":\"https:\/\/bookingkit.com\/fr\/mentions-legales\/#breadcrumb\"},\"inLanguage\":\"fr-FR\",\"potentialAction\":[{\"@type\":\"ReadAction\",\"target\":[\"https:\/\/bookingkit.com\/fr\/mentions-legales\/\"]}]},{\"@type\":\"BreadcrumbList\",\"@id\":\"https:\/\/bookingkit.com\/fr\/mentions-legales\/#breadcrumb\",\"itemListElement\":[{\"@type\":\"ListItem\",\"position\":1,\"name\":\"Home\",\"item\":\"https:\/\/bookingkit.com\/fr\/\"},{\"@type\":\"ListItem\",\"position\":2,\"name\":\"Impressum\"}]},{\"@type\":\"WebSite\",\"@id\":\"https:\/\/bookingkit.com\/#website\",\"url\":\"https:\/\/bookingkit.com\/\",\"name\":\"bookingkit\",\"description\":\"Booking Software for Tours &amp; Attractions\",\"potentialAction\":[{\"@type\":\"SearchAction\",\"target\":{\"@type\":\"EntryPoint\",\"urlTemplate\":\"https:\/\/bookingkit.com\/?s={search_term_string}\"},\"query-input\":{\"@type\":\"PropertyValueSpecification\",\"valueRequired\":true,\"valueName\":\"search_term_string\"}}],\"inLanguage\":\"fr-FR\"}]}<\/script>\n<!-- \/ Yoast SEO plugin. -->","yoast_head_json":{"title":"Impressum - bookingkit","robots":{"index":"index","follow":"follow","max-snippet":"max-snippet:-1","max-image-preview":"max-image-preview:large","max-video-preview":"max-video-preview:-1"},"canonical":"https:\/\/bookingkit.com\/fr\/mentions-legales\/","og_locale":"fr_FR","og_type":"article","og_title":"Impressum - bookingkit","og_description":"bookingkit \u2013 The smart booking &amp; marketing solution. bookingkit GmbHSonnenallee 223D-12059 Berlin mail@bookingkit.dewww.bookingkit.net T\u00e9l\u00e9phone : +49 (0)30 6098 5033-0 Direction Lukas C. C. Hempel Tribunal d\u2019instance Berlin-Charlottenburg, HRB 160861 B | N\u00b0 de TVA DE296647620 Assurance professionnelle aupr\u00e8s de R&amp;V Allgemeine Versicherung AG, Niedersachsenring 13, 30163 Hannovre bookingkit\u00ae est une marque d\u00e9pos\u00e9e dans l\u2019Union europ\u00e9enne [&hellip;]","og_url":"https:\/\/bookingkit.com\/fr\/mentions-legales\/","og_site_name":"bookingkit","article_modified_time":"2022-05-06T13:23:19+00:00","twitter_card":"summary_large_image","twitter_misc":{"Dur\u00e9e de lecture estim\u00e9e":"2 minutes"},"schema":{"@context":"https:\/\/schema.org","@graph":[{"@type":"WebPage","@id":"https:\/\/bookingkit.com\/fr\/mentions-legales\/","url":"https:\/\/bookingkit.com\/fr\/mentions-legales\/","name":"Impressum - bookingkit","isPartOf":{"@id":"https:\/\/bookingkit.com\/#website"},"datePublished":"2021-05-10T01:36:40+00:00","dateModified":"2022-05-06T13:23:19+00:00","breadcrumb":{"@id":"https:\/\/bookingkit.com\/fr\/mentions-legales\/#breadcrumb"},"inLanguage":"fr-FR","potentialAction":[{"@type":"ReadAction","target":["https:\/\/bookingkit.com\/fr\/mentions-legales\/"]}]},{"@type":"BreadcrumbList","@id":"https:\/\/bookingkit.com\/fr\/mentions-legales\/#breadcrumb","itemListElement":[{"@type":"ListItem","position":1,"name":"Home","item":"https:\/\/bookingkit.com\/fr\/"},{"@type":"ListItem","position":2,"name":"Impressum"}]},{"@type":"WebSite","@id":"https:\/\/bookingkit.com\/#website","url":"https:\/\/bookingkit.com\/","name":"bookingkit","description":"Booking Software for Tours &amp; Attractions","potentialAction":[{"@type":"SearchAction","target":{"@type":"EntryPoint","urlTemplate":"https:\/\/bookingkit.com\/?s={search_term_string}"},"query-input":{"@type":"PropertyValueSpecification","valueRequired":true,"valueName":"search_term_string"}}],"inLanguage":"fr-FR"}]}},"_links":{"self":[{"href":"https:\/\/bookingkit.com\/fr\/wp-json\/wp\/v2\/pages\/4445185","targetHints":{"allow":["GET"]}}],"collection":[{"href":"https:\/\/bookingkit.com\/fr\/wp-json\/wp\/v2\/pages"}],"about":[{"href":"https:\/\/bookingkit.com\/fr\/wp-json\/wp\/v2\/types\/page"}],"author":[{"embeddable":true,"href":"https:\/\/bookingkit.com\/fr\/wp-json\/wp\/v2\/users\/1"}],"replies":[{"embeddable":true,"href":"https:\/\/bookingkit.com\/fr\/wp-json\/wp\/v2\/comments?post=4445185"}],"version-history":[{"count":2,"href":"https:\/\/bookingkit.com\/fr\/wp-json\/wp\/v2\/pages\/4445185\/revisions"}],"predecessor-version":[{"id":4461275,"href":"https:\/\/bookingkit.com\/fr\/wp-json\/wp\/v2\/pages\/4445185\/revisions\/4461275"}],"wp:attachment":[{"href":"https:\/\/bookingkit.com\/fr\/wp-json\/wp\/v2\/media?parent=4445185"}],"curies":[{"name":"wp","href":"https:\/\/api.w.org\/{rel}","templated":true}]}}