{"id":4447944,"date":"2021-05-10T01:38:08","date_gmt":"2021-05-10T01:38:08","guid":{"rendered":"http:\/\/bookingkit.com\/small-business\/"},"modified":"2024-04-09T16:01:05","modified_gmt":"2024-04-09T16:01:05","slug":"petits-et-moyens-prestataires","status":"publish","type":"page","link":"https:\/\/bookingkit.com\/fr\/petits-et-moyens-prestataires\/","title":{"rendered":"Op\u00e9rateurs de petite et moyenne prestataires &#8211; bookingkit I Solution de r\u00e9servation pour les PME"},"content":{"rendered":"\n<section id=\"smb-solution-block_60d4524557f2d\" class=\"smb__solution smb-solution-block\">\n    <div class=\"container l-r\">\n        <div class=\"l-r__first l-r__right\">\n            <img decoding=\"async\" src=\"https:\/\/bookingkit.com\/wp-content\/uploads\/2021\/06\/Kickstart-your-offer.png\" alt=\"solution\">\n        <\/div>\n        <div class=\"l-r__second l-r__left\">\n            <h1 class=\"h1 title-blue title-blue--black title-blue--left\">\n                Lancez votre offre dans le monde digital            <\/h1>\n            <h3 class=\"h3\">\n                Une solution de r\u00e9servation rapide, simple et puissante pour les professionnels d&rsquo;activit\u00e9s touristiques et de loisirs et pour les attractions.                \n            <\/h3>\n            <p>\n                Notre syst\u00e8me de r\u00e9servation est id\u00e9al pour les prestataires nouvellement \u00e9tablis qui cherchent \u00e0 vendre des billets et des bons-cadeaux en ligne. Cette solution leur permet de rationaliser leurs op\u00e9rations d\u2019une mani\u00e8re simple et rentable. \r\n<br><\/br>\r\nbookingkit centralise toutes les donn\u00e9es en un seul compte, que vous vendiez par l\u2019interm\u00e9diaire de votre site Web, des m\u00e9dias sociaux ou de canaux de commercialisation tels que les agences de voyages en ligne.\r\n<br><\/br>\r\nTous les processus sont intuitifs et se r\u00e9alisent rapidement sans connaissances techniques particuli\u00e8res, de la cr\u00e9ation de vos exp\u00e9riences \u00e0 l\u2019int\u00e9gration de notre syst\u00e8me de paiement sur votre site. L&rsquo;administration est clairement affich\u00e9e, ce qui vous permet d&rsquo;optimiser vos ventes et de pr\u00e9parer facilement votre comptabilit\u00e9.\r\n\r\n            <\/p>\n                    <\/div>\n    <\/div>\n<\/section>\n<style>\n    .smb__solution__logos {\n        display: grid;\n        grid-template-columns: 1fr 1fr 1fr;\n        align-items: center;\n        gap: 25px;\n        margin-top: 5rem;\n    }\n    @media ( max-width: 768px ) {\n        .smb__solution__logos {\n            grid-template-columns: 1fr 1fr;        \n        }\n    }\n    .smb__solution_logo {\n        display: flex;\n        justify-content: center;\n        align-items: center;\n    }\n    .smb__solution__logos img {\n        width: 70%;\n    }\n<\/style>\n<script>\n    \/\/ Get all elements with the class keep_square\n    const squareElements = document.querySelectorAll('.keep_square');\n\n    \/\/ Function to keep elements as a square\n    function keepSquare(element) {\n        \/\/ Get the width of the element\n        const width = element.offsetWidth;\n        \n        \/\/ Set the height of the element to match the width\n        element.style.height = `${width}px`;\n    }\n\n    \/\/ Add event listener to window resize\n    window.addEventListener('resize', () => {\n        \/\/ Loop through each element and keep it as a square\n        squareElements.forEach((element) => {\n            keepSquare(element);\n        });\n    });\n\n    \/\/ Initialize the elements as squares\n    squareElements.forEach((element) => {\n        keepSquare(element);\n    });\n<\/script>\n\n\n<section id=\"smb-customers-block_60d4525c57f2e\" class=\"smb__customers smb-customers-block\" style=\"\">\n    <div class=\"container\">\n        <h2 class=\"h2 title-blue title-blue--center\">\n            Joignez-vous \u00e0 nos clients heureux :        <\/h2>\n                <div class=\"splide splide_small splide__tips \n        \">\n            <div class=\"splide__track\">\n                <ul class=\"splide__list\">\n                                \n                                                                \n                            <li class=\"splide__slide single\">\n                                <div class=\"single__img\">     \n                                                                   \n                                    <a   target=\"\">\n                                        <img decoding=\"async\" src=\"https:\/\/bookingkit.com\/wp-content\/uploads\/2021\/07\/La-Brasserie-Stephanoise@2x.png\" alt=\"customer\">\n                                    <\/a>                                    \n                                <\/div>\n                            <\/li>               \n                                                                \n                            <li class=\"splide__slide single\">\n                                <div class=\"single__img\">     \n                                                                   \n                                    <a   target=\"\">\n                                        <img decoding=\"async\" src=\"https:\/\/bookingkit.com\/wp-content\/uploads\/2021\/07\/Tasty-Lyon@2x.png\" alt=\"customer\">\n                                    <\/a>                                    \n                                <\/div>\n                            <\/li>               \n                                                                \n                            <li class=\"splide__slide single\">\n                                <div class=\"single__img\">     \n                                                                   \n                                    <a   target=\"\">\n                                        <img decoding=\"async\" src=\"https:\/\/bookingkit.com\/wp-content\/uploads\/2021\/07\/Dali-Museum@2x.png\" alt=\"customer\">\n                                    <\/a>                                    \n                                <\/div>\n                            <\/li>               \n                                                                \n                            <li class=\"splide__slide single\">\n                                <div class=\"single__img\">     \n                                                                   \n                                    <a   target=\"\">\n                                        <img decoding=\"async\" src=\"https:\/\/bookingkit.com\/wp-content\/uploads\/2021\/07\/French-Riviera-Sightseeing@2x.png\" alt=\"customer\">\n                                    <\/a>                                    \n                                <\/div>\n                            <\/li>               \n                                                                \n                            <li class=\"splide__slide single\">\n                                <div class=\"single__img\">     \n                                                                   \n                                    <a   target=\"\">\n                                        <img decoding=\"async\" src=\"https:\/\/bookingkit.com\/wp-content\/uploads\/2021\/07\/Les-Ateliers-Cuisine-du-Monde@2x.png\" alt=\"customer\">\n                                    <\/a>                                    \n                                <\/div>\n                            <\/li>               \n                                                               \n                <\/ul>\n            <\/div>\n        <\/div>\n    <\/div>\n<\/section>\n\n\n<section id=\"smb-benefits-block_60d4527d57f31\" class=\"smb__benefits smb-benefits-block\">\n    <div class=\"container l-r\">\n        <div class=\"l-r__first l-r__right\">\n            <img decoding=\"async\" src=\"https:\/\/bookingkit.com\/wp-content\/uploads\/2021\/06\/shop_order-1.gif\" alt=\"benefits\">\n        <\/div>\n        <div class=\"l-r__second l-r__left l-r__center\">\n            <h3 class=\"h3\"><b>\n                Le coup de pouce digital parfait pour vos ventes de billets            <\/b><\/h3>\n            <p>\n                D\u00e9couvrez les principaux avantages de bookingkit pour tous les aspects de votre activit\u00e9.            <\/p>                    \n        <\/div>\n    <\/div>\n    <div class=\"container\">\n        <div class=\"benefits-con\">\n                        \n                                                        \n                    <article>\n                        <div>\n                            <img decoding=\"async\" src=\"https:\/\/bookingkit.com\/wp-content\/uploads\/2021\/06\/Easy-set-up.svg\" alt=\"icon\">\n                            <h5 class=\"h5\">Installation rapide et facile <\/h5>\n                        <\/div>\n                        <p>\n                            Avec le paiement optimis\u00e9 pour la conversion, vous vendez vos billets en ligne et vous offrez la possibilit\u00e9 de r\u00e9server directement 24 h\/24 , 7 j\/7, peu importe l&rsquo;endroit et l&rsquo;appareil.                        <\/p>\n                    <\/article>\n                                                        \n                    <article>\n                        <div>\n                            <img decoding=\"async\" src=\"https:\/\/bookingkit.com\/wp-content\/uploads\/2021\/06\/HP-_grow-your-reach-A.svg\" alt=\"icon\">\n                            <h5 class=\"h5\">Augmentez votre port\u00e9e <\/h5>\n                        <\/div>\n                        <p>\n                            Votre exp\u00e9rience se vend sur les canaux de commercialisation r\u00e9gionaux et internationaux les plus importants. Avec bookingkit, ils sont g\u00e9r\u00e9s de mani\u00e8re centralis\u00e9e et activ\u00e9s en quelques \u00e9tapes simples.                        <\/p>\n                    <\/article>\n                                                        \n                    <article>\n                        <div>\n                            <img decoding=\"async\" src=\"https:\/\/bookingkit.com\/wp-content\/uploads\/2021\/06\/set2_resource-mgmt-1.svg\" alt=\"icon\">\n                            <h5 class=\"h5\">Gestion intuitive des r\u00e9servations <\/h5>\n                        <\/div>\n                        <p>\n                            Vous suivez toutes les r\u00e9servations et les transactions directement dans bookingkit qui synchronise automatiquement vos capacit\u00e9s d&rsquo;accueil libres sur tous les calendriers et canaux de commercialisation                         <\/p>\n                    <\/article>\n                                    <\/div>\n    <\/div>\n<\/section>\n\n\n<section id=\"smb-happy-customers-block_60d452a057f33\" class=\"smb__happy-customers smb-happy-customers-block\" style=\"\">\n    <div class=\"container\">\n        <h2 class=\"h2 title-blue\">\n            Ce qu&rsquo;en dise nos clients heureux :        <\/h2>\n        <div class=\"l-r\">\n            <div class=\"splide l-r__right\" id=\"splide-customers__top\">\n                <div class=\"splide__track\">\n                    <ul class=\"splide__list\">\n                                    \n                                                                    \n                                <li class=\"splide__slide single\">\n                                    <div>\n                                        <h5 class=\"h5\"><b>\n                                            \u201eGr\u00e2ce \u00e0 bookingkit, nous pouvons proposer toutes les dates de nos tourn\u00e9es de brasseries \u00e0 pleine capacit\u00e9, ce qui est formidable et nos ventes augmentent !                                        <\/b><\/h5>\n                                        <p>\n                                            bookingkit nous a particuli\u00e8rement aid\u00e9s en ce sens que nous n&rsquo;avons pas besoin de nous connecter \u00e0 chaque plateforme de marketing s\u00e9par\u00e9ment via une API, mais qu&rsquo;il nous suffit d&rsquo;une API pour nous connecter \u00e0 bookingkit. Cela nous permet d&rsquo;\u00e9conomiser du temps et de l&rsquo;argent, et tout est automatis\u00e9, ce qui \u00e9limine le travail manuel. Nous sommes impatients de poursuivre notre coop\u00e9ration et de nous \u00e9tendre \u00e0 d&rsquo;autres canaux de vente en ligne et \u00e0 d&rsquo;autres march\u00e9s !\u00a0\u00bb                                        <\/p>\n                                        <h5 class=\"h5\"><b>\n                                            \u0160imon Lu\u0148\u00e1k                                        <\/b><\/h5>\n                                        <p>\n                                            Chef du marketing du d\u00e9partement C&#038;H \u00e0 Plze\u0148sk\u00fd Prazdroj                                        <\/p>\n                                    <\/div>\n                                    <div>\n                                        <a \n                                                                                target=\"\">\n                                        <img decoding=\"async\" src=\"https:\/\/bookingkit.com\/wp-content\/uploads\/2024\/01\/prazdroj.png\" alt=\"customer\">\n                                        <\/a>\n                                    <\/div>\n                                <\/li>\n                                                                  \n                                                                            \n                    <\/ul>\n                <\/div>\n            <\/div>                \n            \n        <\/div>\n                    <a href=\"https:\/\/bookingkit.com\/fr\/demonstration\/\" class=\"button book-a-demo\" target=\"_blank\" rel=\"noopener noreferrer\">Demander une d\u00e9mo<\/a>\n            <\/div>\n<\/section>\n\n\n<section id=\"smb-bottom-block_60d452e657f37\" class=\"smb__bottom smb-bottom-block\">\n    <div class=\"container\">\n        <h2 class=\"h2 title-blue title-blue--center\">\n            Vous recherchez une solution pour votre entreprise ?        <\/h2>\n        <h4 class=\"h4\">\n            Nous proposons un large \u00e9ventail de fonctionnalit\u00e9s suppl\u00e9mentaires, d\u2019int\u00e9grations et d\u2019options de personnalisation pour les prestataires plus importants !\r\n        <\/h4>\n                    <a href=\"https:\/\/bookingkit.com\/fr\/enterprise\/\" target=\"\" class=\"button button--mono\">\n                <p>\n                    En savoir plus                <\/p>\n            <\/a>\n            <\/div>\n<\/section>","protected":false},"excerpt":{"rendered":"","protected":false},"author":1,"featured_media":4446459,"parent":0,"menu_order":0,"comment_status":"closed","ping_status":"closed","template":"","meta":{"_et_pb_use_builder":"","_et_pb_old_content":"","_et_gb_content_width":"","inline_featured_image":false,"footnotes":""},"class_list":["post-4447944","page","type-page","status-publish","has-post-thumbnail","hentry"],"yoast_head":"<!-- This site is optimized with the Yoast SEO plugin v26.7 - https:\/\/yoast.com\/wordpress\/plugins\/seo\/ -->\n<title>Op\u00e9rateurs de petite et moyenne taille - bookingkit I Solution de r\u00e9servation pour les PME<\/title>\n<meta name=\"description\" content=\"bookingkit est parfait pour les PME qui souhaitent augmenter les r\u00e9servations directes et rationaliser leurs op\u00e9rations.\" \/>\n<meta name=\"robots\" content=\"index, follow, max-snippet:-1, max-image-preview:large, max-video-preview:-1\" \/>\n<link rel=\"canonical\" href=\"https:\/\/bookingkit.com\/fr\/petits-et-moyens-prestataires\/\" \/>\n<meta property=\"og:locale\" content=\"fr_FR\" \/>\n<meta property=\"og:type\" content=\"article\" \/>\n<meta property=\"og:title\" content=\"Op\u00e9rateurs de petite et moyenne taille - bookingkit I Solution de r\u00e9servation pour les PME\" \/>\n<meta property=\"og:description\" content=\"bookingkit est parfait pour les PME qui souhaitent augmenter les r\u00e9servations directes et rationaliser leurs op\u00e9rations.\" \/>\n<meta property=\"og:url\" content=\"https:\/\/bookingkit.com\/fr\/petits-et-moyens-prestataires\/\" \/>\n<meta property=\"og:site_name\" content=\"bookingkit\" \/>\n<meta property=\"article:modified_time\" content=\"2024-04-09T16:01:05+00:00\" \/>\n<meta property=\"og:image\" content=\"https:\/\/bookingkit.com\/wp-content\/uploads\/2021\/06\/header_1392193994-scaled.jpg\" \/>\n\t<meta property=\"og:image:width\" content=\"2560\" \/>\n\t<meta property=\"og:image:height\" content=\"1707\" \/>\n\t<meta property=\"og:image:type\" content=\"image\/jpeg\" \/>\n<meta name=\"twitter:card\" content=\"summary_large_image\" \/>\n<script type=\"application\/ld+json\" class=\"yoast-schema-graph\">{\"@context\":\"https:\/\/schema.org\",\"@graph\":[{\"@type\":\"WebPage\",\"@id\":\"https:\/\/bookingkit.com\/fr\/petits-et-moyens-prestataires\/\",\"url\":\"https:\/\/bookingkit.com\/fr\/petits-et-moyens-prestataires\/\",\"name\":\"Op\u00e9rateurs de petite et moyenne taille - bookingkit I Solution de r\u00e9servation pour les PME\",\"isPartOf\":{\"@id\":\"https:\/\/bookingkit.com\/#website\"},\"primaryImageOfPage\":{\"@id\":\"https:\/\/bookingkit.com\/fr\/petits-et-moyens-prestataires\/#primaryimage\"},\"image\":{\"@id\":\"https:\/\/bookingkit.com\/fr\/petits-et-moyens-prestataires\/#primaryimage\"},\"thumbnailUrl\":\"https:\/\/bookingkit.com\/wp-content\/uploads\/2021\/06\/header_1392193994-scaled.jpg\",\"datePublished\":\"2021-05-10T01:38:08+00:00\",\"dateModified\":\"2024-04-09T16:01:05+00:00\",\"description\":\"bookingkit est parfait pour les PME qui souhaitent augmenter les r\u00e9servations directes et rationaliser leurs op\u00e9rations.\",\"breadcrumb\":{\"@id\":\"https:\/\/bookingkit.com\/fr\/petits-et-moyens-prestataires\/#breadcrumb\"},\"inLanguage\":\"fr-FR\",\"potentialAction\":[{\"@type\":\"ReadAction\",\"target\":[\"https:\/\/bookingkit.com\/fr\/petits-et-moyens-prestataires\/\"]}]},{\"@type\":\"ImageObject\",\"inLanguage\":\"fr-FR\",\"@id\":\"https:\/\/bookingkit.com\/fr\/petits-et-moyens-prestataires\/#primaryimage\",\"url\":\"https:\/\/bookingkit.com\/wp-content\/uploads\/2021\/06\/header_1392193994-scaled.jpg\",\"contentUrl\":\"https:\/\/bookingkit.com\/wp-content\/uploads\/2021\/06\/header_1392193994-scaled.jpg\",\"width\":2560,\"height\":1707,\"caption\":\"Waitress Serving Group Of Friends Beer Tasting In Bar\"},{\"@type\":\"BreadcrumbList\",\"@id\":\"https:\/\/bookingkit.com\/fr\/petits-et-moyens-prestataires\/#breadcrumb\",\"itemListElement\":[{\"@type\":\"ListItem\",\"position\":1,\"name\":\"Home\",\"item\":\"https:\/\/bookingkit.com\/fr\/\"},{\"@type\":\"ListItem\",\"position\":2,\"name\":\"Op\u00e9rateurs de petite et moyenne prestataires &#8211; bookingkit I Solution de r\u00e9servation pour les PME\"}]},{\"@type\":\"WebSite\",\"@id\":\"https:\/\/bookingkit.com\/#website\",\"url\":\"https:\/\/bookingkit.com\/\",\"name\":\"bookingkit\",\"description\":\"Booking Software for Tours &amp; Attractions\",\"potentialAction\":[{\"@type\":\"SearchAction\",\"target\":{\"@type\":\"EntryPoint\",\"urlTemplate\":\"https:\/\/bookingkit.com\/?s={search_term_string}\"},\"query-input\":{\"@type\":\"PropertyValueSpecification\",\"valueRequired\":true,\"valueName\":\"search_term_string\"}}],\"inLanguage\":\"fr-FR\"}]}<\/script>\n<!-- \/ Yoast SEO plugin. -->","yoast_head_json":{"title":"Op\u00e9rateurs de petite et moyenne taille - bookingkit I Solution de r\u00e9servation pour les PME","description":"bookingkit est parfait pour les PME qui souhaitent augmenter les r\u00e9servations directes et rationaliser leurs op\u00e9rations.","robots":{"index":"index","follow":"follow","max-snippet":"max-snippet:-1","max-image-preview":"max-image-preview:large","max-video-preview":"max-video-preview:-1"},"canonical":"https:\/\/bookingkit.com\/fr\/petits-et-moyens-prestataires\/","og_locale":"fr_FR","og_type":"article","og_title":"Op\u00e9rateurs de petite et moyenne taille - bookingkit I Solution de r\u00e9servation pour les PME","og_description":"bookingkit est parfait pour les PME qui souhaitent augmenter les r\u00e9servations directes et rationaliser leurs op\u00e9rations.","og_url":"https:\/\/bookingkit.com\/fr\/petits-et-moyens-prestataires\/","og_site_name":"bookingkit","article_modified_time":"2024-04-09T16:01:05+00:00","og_image":[{"width":2560,"height":1707,"url":"https:\/\/bookingkit.com\/wp-content\/uploads\/2021\/06\/header_1392193994-scaled.jpg","type":"image\/jpeg"}],"twitter_card":"summary_large_image","schema":{"@context":"https:\/\/schema.org","@graph":[{"@type":"WebPage","@id":"https:\/\/bookingkit.com\/fr\/petits-et-moyens-prestataires\/","url":"https:\/\/bookingkit.com\/fr\/petits-et-moyens-prestataires\/","name":"Op\u00e9rateurs de petite et moyenne taille - bookingkit I Solution de r\u00e9servation pour les PME","isPartOf":{"@id":"https:\/\/bookingkit.com\/#website"},"primaryImageOfPage":{"@id":"https:\/\/bookingkit.com\/fr\/petits-et-moyens-prestataires\/#primaryimage"},"image":{"@id":"https:\/\/bookingkit.com\/fr\/petits-et-moyens-prestataires\/#primaryimage"},"thumbnailUrl":"https:\/\/bookingkit.com\/wp-content\/uploads\/2021\/06\/header_1392193994-scaled.jpg","datePublished":"2021-05-10T01:38:08+00:00","dateModified":"2024-04-09T16:01:05+00:00","description":"bookingkit est parfait pour les PME qui souhaitent augmenter les r\u00e9servations directes et rationaliser leurs op\u00e9rations.","breadcrumb":{"@id":"https:\/\/bookingkit.com\/fr\/petits-et-moyens-prestataires\/#breadcrumb"},"inLanguage":"fr-FR","potentialAction":[{"@type":"ReadAction","target":["https:\/\/bookingkit.com\/fr\/petits-et-moyens-prestataires\/"]}]},{"@type":"ImageObject","inLanguage":"fr-FR","@id":"https:\/\/bookingkit.com\/fr\/petits-et-moyens-prestataires\/#primaryimage","url":"https:\/\/bookingkit.com\/wp-content\/uploads\/2021\/06\/header_1392193994-scaled.jpg","contentUrl":"https:\/\/bookingkit.com\/wp-content\/uploads\/2021\/06\/header_1392193994-scaled.jpg","width":2560,"height":1707,"caption":"Waitress Serving Group Of Friends Beer Tasting In Bar"},{"@type":"BreadcrumbList","@id":"https:\/\/bookingkit.com\/fr\/petits-et-moyens-prestataires\/#breadcrumb","itemListElement":[{"@type":"ListItem","position":1,"name":"Home","item":"https:\/\/bookingkit.com\/fr\/"},{"@type":"ListItem","position":2,"name":"Op\u00e9rateurs de petite et moyenne prestataires &#8211; bookingkit I Solution de r\u00e9servation pour les PME"}]},{"@type":"WebSite","@id":"https:\/\/bookingkit.com\/#website","url":"https:\/\/bookingkit.com\/","name":"bookingkit","description":"Booking Software for Tours &amp; Attractions","potentialAction":[{"@type":"SearchAction","target":{"@type":"EntryPoint","urlTemplate":"https:\/\/bookingkit.com\/?s={search_term_string}"},"query-input":{"@type":"PropertyValueSpecification","valueRequired":true,"valueName":"search_term_string"}}],"inLanguage":"fr-FR"}]}},"_links":{"self":[{"href":"https:\/\/bookingkit.com\/fr\/wp-json\/wp\/v2\/pages\/4447944","targetHints":{"allow":["GET"]}}],"collection":[{"href":"https:\/\/bookingkit.com\/fr\/wp-json\/wp\/v2\/pages"}],"about":[{"href":"https:\/\/bookingkit.com\/fr\/wp-json\/wp\/v2\/types\/page"}],"author":[{"embeddable":true,"href":"https:\/\/bookingkit.com\/fr\/wp-json\/wp\/v2\/users\/1"}],"replies":[{"embeddable":true,"href":"https:\/\/bookingkit.com\/fr\/wp-json\/wp\/v2\/comments?post=4447944"}],"version-history":[{"count":25,"href":"https:\/\/bookingkit.com\/fr\/wp-json\/wp\/v2\/pages\/4447944\/revisions"}],"predecessor-version":[{"id":4473207,"href":"https:\/\/bookingkit.com\/fr\/wp-json\/wp\/v2\/pages\/4447944\/revisions\/4473207"}],"wp:featuredmedia":[{"embeddable":true,"href":"https:\/\/bookingkit.com\/fr\/wp-json\/wp\/v2\/media\/4446459"}],"wp:attachment":[{"href":"https:\/\/bookingkit.com\/fr\/wp-json\/wp\/v2\/media?parent=4447944"}],"curies":[{"name":"wp","href":"https:\/\/api.w.org\/{rel}","templated":true}]}}