{"id":4447962,"date":"2021-07-15T12:22:36","date_gmt":"2021-07-15T12:22:36","guid":{"rendered":"http:\/\/bookingkit.com\/enterprise\/"},"modified":"2023-11-20T08:59:34","modified_gmt":"2023-11-20T08:59:34","slug":"grands-fournisseurs-multinationaux","status":"publish","type":"page","link":"https:\/\/bookingkit.com\/fr\/grands-fournisseurs-multinationaux\/","title":{"rendered":"Entreprise &#8211; bookingkit I Suite de r\u00e9servation pour les grands fournisseurs multinationaux"},"content":{"rendered":"\n<section id=\"smb-solution-block_60ebf46a59a71\" class=\"smb__solution smb-solution-block\">\n    <div class=\"container l-r\">\n        <div class=\"l-r__first l-r__right\">\n            <img decoding=\"async\" src=\"https:\/\/bookingkit.com\/wp-content\/uploads\/2021\/07\/Established.png\" alt=\"solution\">\n        <\/div>\n        <div class=\"l-r__second l-r__left\">\n            <h1 class=\"h1 title-blue title-blue--black title-blue--left\">\n                Solution reconnue, innovantes et issue d&rsquo;une technologie de pointe             <\/h1>\n            <h3 class=\"h3\">\n                La base de votre strat\u00e9gie de croissance                \n            <\/h3>\n            <p>\n                Le logiciel professionnel bookingkit fournit aux prestataires d&rsquo;activit\u00e9s touristiques, de loisirs et d&rsquo;attractions une structure robuste et agile pour d\u00e9velopper leurs ventes de billets en ligne.\r\n<br><\/br>\r\nbookingkit propose un r\u00e9seau de vente dynamique et \u00e9volutif, connect\u00e9 directement aux principales plateformes internationales d&rsquo;agences de voyages en ligne, ce qui vous garantit un acc\u00e8s \u00e0 plus de 360 millions de clients potentiels chaque mois.\r\n<br><\/br>\r\nbookingkit regroupe tous les domaines de ventes potentielles de billets en une seule interface : des sites en ligne ou hors ligne aux nouvelles et anciennes structures de reventes.\r\n\r\n            <\/p>\n                    <\/div>\n    <\/div>\n<\/section>\n<style>\n    .smb__solution__logos {\n        display: grid;\n        grid-template-columns: 1fr 1fr 1fr;\n        align-items: center;\n        gap: 25px;\n        margin-top: 5rem;\n    }\n    @media ( max-width: 768px ) {\n        .smb__solution__logos {\n            grid-template-columns: 1fr 1fr;        \n        }\n    }\n    .smb__solution_logo {\n        display: flex;\n        justify-content: center;\n        align-items: center;\n    }\n    .smb__solution__logos img {\n        width: 70%;\n    }\n<\/style>\n<script>\n    \/\/ Get all elements with the class keep_square\n    const squareElements = document.querySelectorAll('.keep_square');\n\n    \/\/ Function to keep elements as a square\n    function keepSquare(element) {\n        \/\/ Get the width of the element\n        const width = element.offsetWidth;\n        \n        \/\/ Set the height of the element to match the width\n        element.style.height = `${width}px`;\n    }\n\n    \/\/ Add event listener to window resize\n    window.addEventListener('resize', () => {\n        \/\/ Loop through each element and keep it as a square\n        squareElements.forEach((element) => {\n            keepSquare(element);\n        });\n    });\n\n    \/\/ Initialize the elements as squares\n    squareElements.forEach((element) => {\n        keepSquare(element);\n    });\n<\/script>\n\n\n<section id=\"smb-customers-block_60ebf47859a72\" class=\"smb__customers smb-customers-block\" style=\"\">\n    <div class=\"container\">\n        <h2 class=\"h2 title-blue title-blue--center\">\n            Ces entreprises font confiance \u00e0 bookingkit :        <\/h2>\n                <div class=\"splide splide_small splide__tips \n        \">\n            <div class=\"splide__track\">\n                <ul class=\"splide__list\">\n                                \n                                                                \n                            <li class=\"splide__slide single\">\n                                <div class=\"single__img\">     \n                                                                   \n                                    <a   target=\"\">\n                                        <img decoding=\"async\" src=\"https:\/\/bookingkit.com\/wp-content\/uploads\/2021\/07\/Swarowski-copy.png\" alt=\"customer\">\n                                    <\/a>                                    \n                                <\/div>\n                            <\/li>               \n                                                                \n                            <li class=\"splide__slide single\">\n                                <div class=\"single__img\">     \n                                                                   \n                                    <a   target=\"\">\n                                        <img decoding=\"async\" src=\"https:\/\/bookingkit.com\/wp-content\/uploads\/2021\/07\/isola-del-garda@2x-1.png\" alt=\"customer\">\n                                    <\/a>                                    \n                                <\/div>\n                            <\/li>               \n                                                                \n                            <li class=\"splide__slide single\">\n                                <div class=\"single__img\">     \n                                                                   \n                                    <a   target=\"\">\n                                        <img decoding=\"async\" src=\"https:\/\/bookingkit.com\/wp-content\/uploads\/2021\/07\/Movie-Park@2x.png\" alt=\"customer\">\n                                    <\/a>                                    \n                                <\/div>\n                            <\/li>               \n                                                                \n                            <li class=\"splide__slide single\">\n                                <div class=\"single__img\">     \n                                                                   \n                                    <a   target=\"\">\n                                        <img decoding=\"async\" src=\"https:\/\/bookingkit.com\/wp-content\/uploads\/2021\/07\/image-12.png\" alt=\"customer\">\n                                    <\/a>                                    \n                                <\/div>\n                            <\/li>               \n                                                                \n                            <li class=\"splide__slide single\">\n                                <div class=\"single__img\">     \n                                                                   \n                                    <a   target=\"\">\n                                        <img decoding=\"async\" src=\"https:\/\/bookingkit.com\/wp-content\/uploads\/2021\/07\/Fernsehturm@2x-300x300-1.png\" alt=\"customer\">\n                                    <\/a>                                    \n                                <\/div>\n                            <\/li>               \n                                                               \n                <\/ul>\n            <\/div>\n        <\/div>\n    <\/div>\n<\/section>\n\n\n<section id=\"feature-growth-block_60ebf4c959a73\" class=\"post-feature__growth feature-growth\">\n    <div class=\"container l-r\">\n        <div class=\"l-r__first l-r__left\">\n            <img loading=\"lazy\" decoding=\"async\" width=\"691\" height=\"319\" src=\"https:\/\/bookingkit.com\/wp-content\/uploads\/2021\/07\/shutterstock_1609261321-e1626881049341.jpg\" class=\"attachment-large size-large\" alt=\"AI Automation\" srcset=\"https:\/\/bookingkit.com\/wp-content\/uploads\/2021\/07\/shutterstock_1609261321-e1626881049341.jpg 691w, https:\/\/bookingkit.com\/wp-content\/uploads\/2021\/07\/shutterstock_1609261321-e1626881049341-300x138.jpg 300w\" sizes=\"auto, (max-width: 691px) 100vw, 691px\" \/>        <\/div>\n        <div class=\"l-r__second l-r__right l-r__center\">\n                    <h3 class=\"h3\"><b>\n                Combinez les comp\u00e9tences et d\u00e9veloppez les synergies            <\/b><\/h3>\n                                    <p>\n                Demandez plus d&rsquo;informations sur les principaux avantages des solutions d\u2019entreprise bookingkit pour vos activit\u00e9s touristiques, de loisirs ou vos attractions.            <\/p>\n                    <\/div>\n    <\/div>\n    <div class=\"container\">\n                        <div class=\"feature feature--expandable \n                \">\n            <div class=\"feature__top\">\n                <img decoding=\"async\" src=\"https:\/\/bookingkit.com\/wp-content\/uploads\/2021\/07\/Fast-implementation-and-integration-into-existing-systems.svg\" alt=\"\">\n                <img decoding=\"async\" class=\"arrow\" src=\"https:\/\/bookingkit.com\/wp-content\/themes\/bookingkit\/dist\/img\/guides\/arrow.svg\" alt=\"\">\n            <\/div>\n            <div class=\"feature__bottom\">\n                <p>\n                    Mise en \u0153uvre et int\u00e9gration rapides aux syst\u00e8mes existants                    <br><br>\n                                            Gr\u00e2ce \u00e0 nos d\u00e9veloppeurs hautement qualifi\u00e9s, nous sommes en mesure de mettre en \u0153uvre des projets d\u2019entreprise dans des d\u00e9lais les plus courts. L&rsquo;API bookingkit est suffisamment ouverte et flexible pour int\u00e9grer votre syst\u00e8me de r\u00e9servation \u00e0 vos solutions existantes. Cela laisse une place \u00e0 la cr\u00e9ativit\u00e9 tant en termes d\u2019adaptation technique qu\u2019en termes de design.                                    <\/p>\n                <img decoding=\"async\" class=\"arrow\" src=\"https:\/\/bookingkit.com\/wp-content\/themes\/bookingkit\/dist\/img\/guides\/arrow.svg\" alt=\"\">\n            <\/div>\n        <\/div>\n                <div class=\"feature feature--expandable \n                \">\n            <div class=\"feature__top\">\n                <img decoding=\"async\" src=\"https:\/\/bookingkit.com\/wp-content\/uploads\/2021\/07\/Consolidation-of-all-sales-channels.svg\" alt=\"\">\n                <img decoding=\"async\" class=\"arrow\" src=\"https:\/\/bookingkit.com\/wp-content\/themes\/bookingkit\/dist\/img\/guides\/arrow.svg\" alt=\"\">\n            <\/div>\n            <div class=\"feature__bottom\">\n                <p>\n                    Consolidation de tous les canaux de vente                     <br><br>\n                                            bookingkit rassemble tous les canaux de vente dans un tableau de bord central. C&rsquo;est une solution optimale pour contr\u00f4ler et analyser les flux de visiteurs, g\u00e9rer les capacit\u00e9s ou suivre les contacts quelle que soit la source de r\u00e9servation des billets : en ligne, dans un point de vente, au guichet, dans une agence de voyages ou chez un revendeur affili\u00e9.                                    <\/p>\n                <img decoding=\"async\" class=\"arrow\" src=\"https:\/\/bookingkit.com\/wp-content\/themes\/bookingkit\/dist\/img\/guides\/arrow.svg\" alt=\"\">\n            <\/div>\n        <\/div>\n                <div class=\"feature feature--expandable \n                \">\n            <div class=\"feature__top\">\n                <img decoding=\"async\" src=\"https:\/\/bookingkit.com\/wp-content\/uploads\/2021\/07\/Comprehensive-ticket-validation-and-admission-control-options.svg\" alt=\"\">\n                <img decoding=\"async\" class=\"arrow\" src=\"https:\/\/bookingkit.com\/wp-content\/themes\/bookingkit\/dist\/img\/guides\/arrow.svg\" alt=\"\">\n            <\/div>\n            <div class=\"feature__bottom\">\n                <p>\n                    Options compl\u00e8tes de validation et de contr\u00f4le des entr\u00e9es                    <br><br>\n                                            bookingkit s\u2019int\u00e8gre \u00e0 tous les principaux syst\u00e8mes de gestion des entr\u00e9es et vous offre un aper\u00e7u des disponibilit\u00e9s en temps r\u00e9el. bookingkit synchronise automatiquement les capacit\u00e9s libres de tous les canaux de commercialisation.                                    <\/p>\n                <img decoding=\"async\" class=\"arrow\" src=\"https:\/\/bookingkit.com\/wp-content\/themes\/bookingkit\/dist\/img\/guides\/arrow.svg\" alt=\"\">\n            <\/div>\n        <\/div>\n                <div class=\"feature feature--expandable \n                \">\n            <div class=\"feature__top\">\n                <img decoding=\"async\" src=\"https:\/\/bookingkit.com\/wp-content\/uploads\/2021\/07\/Sales-via-wide-reaching-marketing-platforms-and-own-reseller-network.svg\" alt=\"\">\n                <img decoding=\"async\" class=\"arrow\" src=\"https:\/\/bookingkit.com\/wp-content\/themes\/bookingkit\/dist\/img\/guides\/arrow.svg\" alt=\"\">\n            <\/div>\n            <div class=\"feature__bottom\">\n                <p>\n                    Ventes par l&rsquo;interm\u00e9diaire de vastes plateformes de commercialisation et de votre propre r\u00e9seau de revendeurs                    <br><br>\n                                            Le r\u00e9seau de commercialisation bookingkit vous aide \u00e0 vendre vos produits \u00e0 l\u2019\u00e9chelle r\u00e9gionale, nationale et internationale. Mais ce n\u2019est pas tout : digitalisez \u00e9galement vos r\u00e9seaux de revendeurs existants, ou explorez de nouveaux partenariats inter-entreprises gr\u00e2ce \u00e0 notre r\u00e9seau, en \u00e9tablissant des contrats individuels et en conservant un contr\u00f4le total.                                    <\/p>\n                <img decoding=\"async\" class=\"arrow\" src=\"https:\/\/bookingkit.com\/wp-content\/themes\/bookingkit\/dist\/img\/guides\/arrow.svg\" alt=\"\">\n            <\/div>\n        <\/div>\n                <div class=\"feature feature--expandable \n                \">\n            <div class=\"feature__top\">\n                <img decoding=\"async\" src=\"https:\/\/bookingkit.com\/wp-content\/uploads\/2021\/07\/Robust-IT-infrastructure-highest-availability-and-data-security.svg\" alt=\"\">\n                <img decoding=\"async\" class=\"arrow\" src=\"https:\/\/bookingkit.com\/wp-content\/themes\/bookingkit\/dist\/img\/guides\/arrow.svg\" alt=\"\">\n            <\/div>\n            <div class=\"feature__bottom\">\n                <p>\n                    Infrastructure informatique robuste, haute disponibilit\u00e9 et s\u00e9curit\u00e9 des donn\u00e9es                    <br><br>\n                                            Afin d&rsquo;assurer un traitement sans faille, notamment avec des groupes de visiteurs plus importants, bookingkit dispose d&rsquo;une infrastructure informatique robuste et \u00e9prouv\u00e9e. En outre, lorsque nous traitons des donn\u00e9es personnelles, notamment les transactions de paiement et les donn\u00e9es des clients finaux, notre syst\u00e8me est con\u00e7u selon les normes de s\u00e9curit\u00e9 les plus \u00e9lev\u00e9es.                                    <\/p>\n                <img decoding=\"async\" class=\"arrow\" src=\"https:\/\/bookingkit.com\/wp-content\/themes\/bookingkit\/dist\/img\/guides\/arrow.svg\" alt=\"\">\n            <\/div>\n        <\/div>\n                    <\/div>\n<\/section>\n\n\n<section id=\"smb-bottom-block_60ebf61759a79\" class=\"smb__bottom smb-bottom-block\">\n    <div class=\"container\">\n        <h2 class=\"h2 title-blue title-blue--center\">\n            Cherchez dans nos fonctionnalit\u00e9s        <\/h2>\n        <h4 class=\"h4\">\n            Explorez notre vaste liste de fonctionnalit\u00e9s pour en savoir plus sur la fa\u00e7on dont bookingkit peut vous aider \u00e0 d\u00e9velopper votre entreprise.        <\/h4>\n                    <a href=\"https:\/\/bookingkit.com\/fr\/fonctionnalites\/\" target=\"\" class=\"button button--mono\">\n                <p>\n                    D\u00c9COUVREZ TOUTES LES FONCTIONNALIT\u00c9S                <\/p>\n            <\/a>\n            <\/div>\n<\/section>","protected":false},"excerpt":{"rendered":"","protected":false},"author":3,"featured_media":4447178,"parent":0,"menu_order":0,"comment_status":"closed","ping_status":"closed","template":"","meta":{"_et_pb_use_builder":"","_et_pb_old_content":"","_et_gb_content_width":"","inline_featured_image":false,"footnotes":""},"class_list":["post-4447962","page","type-page","status-publish","has-post-thumbnail","hentry"],"yoast_head":"<!-- This site is optimized with the Yoast SEO plugin v26.7 - https:\/\/yoast.com\/wordpress\/plugins\/seo\/ -->\n<title>Entreprise - bookingkit I Suite de r\u00e9servation pour les grands fournisseurs multinationaux<\/title>\n<meta name=\"description\" content=\"Avec nos int\u00e9grations et l&#039;acc\u00e8s \u00e0 notre API, nous sommes la suite de r\u00e9servation parfaite pour les circuits, activit\u00e9s et attractions multinationaux.\" \/>\n<meta name=\"robots\" content=\"index, follow, max-snippet:-1, max-image-preview:large, max-video-preview:-1\" \/>\n<link rel=\"canonical\" href=\"https:\/\/bookingkit.com\/fr\/grands-fournisseurs-multinationaux\/\" \/>\n<meta property=\"og:locale\" content=\"fr_FR\" \/>\n<meta property=\"og:type\" content=\"article\" \/>\n<meta property=\"og:title\" content=\"Entreprise - bookingkit I Suite de r\u00e9servation pour les grands fournisseurs multinationaux\" \/>\n<meta property=\"og:description\" content=\"Avec nos int\u00e9grations et l&#039;acc\u00e8s \u00e0 notre API, nous sommes la suite de r\u00e9servation parfaite pour les circuits, activit\u00e9s et attractions multinationaux.\" \/>\n<meta property=\"og:url\" content=\"https:\/\/bookingkit.com\/fr\/grands-fournisseurs-multinationaux\/\" \/>\n<meta property=\"og:site_name\" content=\"bookingkit\" \/>\n<meta property=\"article:modified_time\" content=\"2023-11-20T08:59:34+00:00\" \/>\n<meta property=\"og:image\" content=\"https:\/\/bookingkit.com\/wp-content\/uploads\/2021\/07\/header-scaled.jpg\" \/>\n\t<meta property=\"og:image:width\" content=\"2560\" \/>\n\t<meta property=\"og:image:height\" content=\"1707\" \/>\n\t<meta property=\"og:image:type\" content=\"image\/jpeg\" \/>\n<meta name=\"twitter:card\" content=\"summary_large_image\" \/>\n<script type=\"application\/ld+json\" class=\"yoast-schema-graph\">{\"@context\":\"https:\/\/schema.org\",\"@graph\":[{\"@type\":\"WebPage\",\"@id\":\"https:\/\/bookingkit.com\/fr\/grands-fournisseurs-multinationaux\/\",\"url\":\"https:\/\/bookingkit.com\/fr\/grands-fournisseurs-multinationaux\/\",\"name\":\"Entreprise - bookingkit I Suite de r\u00e9servation pour les grands fournisseurs multinationaux\",\"isPartOf\":{\"@id\":\"https:\/\/bookingkit.com\/#website\"},\"primaryImageOfPage\":{\"@id\":\"https:\/\/bookingkit.com\/fr\/grands-fournisseurs-multinationaux\/#primaryimage\"},\"image\":{\"@id\":\"https:\/\/bookingkit.com\/fr\/grands-fournisseurs-multinationaux\/#primaryimage\"},\"thumbnailUrl\":\"https:\/\/bookingkit.com\/wp-content\/uploads\/2021\/07\/header-scaled.jpg\",\"datePublished\":\"2021-07-15T12:22:36+00:00\",\"dateModified\":\"2023-11-20T08:59:34+00:00\",\"description\":\"Avec nos int\u00e9grations et l'acc\u00e8s \u00e0 notre API, nous sommes la suite de r\u00e9servation parfaite pour les circuits, activit\u00e9s et attractions multinationaux.\",\"breadcrumb\":{\"@id\":\"https:\/\/bookingkit.com\/fr\/grands-fournisseurs-multinationaux\/#breadcrumb\"},\"inLanguage\":\"fr-FR\",\"potentialAction\":[{\"@type\":\"ReadAction\",\"target\":[\"https:\/\/bookingkit.com\/fr\/grands-fournisseurs-multinationaux\/\"]}]},{\"@type\":\"ImageObject\",\"inLanguage\":\"fr-FR\",\"@id\":\"https:\/\/bookingkit.com\/fr\/grands-fournisseurs-multinationaux\/#primaryimage\",\"url\":\"https:\/\/bookingkit.com\/wp-content\/uploads\/2021\/07\/header-scaled.jpg\",\"contentUrl\":\"https:\/\/bookingkit.com\/wp-content\/uploads\/2021\/07\/header-scaled.jpg\",\"width\":2560,\"height\":1707},{\"@type\":\"BreadcrumbList\",\"@id\":\"https:\/\/bookingkit.com\/fr\/grands-fournisseurs-multinationaux\/#breadcrumb\",\"itemListElement\":[{\"@type\":\"ListItem\",\"position\":1,\"name\":\"Home\",\"item\":\"https:\/\/bookingkit.com\/fr\/\"},{\"@type\":\"ListItem\",\"position\":2,\"name\":\"Entreprise &#8211; bookingkit I Suite de r\u00e9servation pour les grands fournisseurs multinationaux\"}]},{\"@type\":\"WebSite\",\"@id\":\"https:\/\/bookingkit.com\/#website\",\"url\":\"https:\/\/bookingkit.com\/\",\"name\":\"bookingkit\",\"description\":\"Booking Software for Tours &amp; Attractions\",\"potentialAction\":[{\"@type\":\"SearchAction\",\"target\":{\"@type\":\"EntryPoint\",\"urlTemplate\":\"https:\/\/bookingkit.com\/?s={search_term_string}\"},\"query-input\":{\"@type\":\"PropertyValueSpecification\",\"valueRequired\":true,\"valueName\":\"search_term_string\"}}],\"inLanguage\":\"fr-FR\"}]}<\/script>\n<!-- \/ Yoast SEO plugin. -->","yoast_head_json":{"title":"Entreprise - bookingkit I Suite de r\u00e9servation pour les grands fournisseurs multinationaux","description":"Avec nos int\u00e9grations et l'acc\u00e8s \u00e0 notre API, nous sommes la suite de r\u00e9servation parfaite pour les circuits, activit\u00e9s et attractions multinationaux.","robots":{"index":"index","follow":"follow","max-snippet":"max-snippet:-1","max-image-preview":"max-image-preview:large","max-video-preview":"max-video-preview:-1"},"canonical":"https:\/\/bookingkit.com\/fr\/grands-fournisseurs-multinationaux\/","og_locale":"fr_FR","og_type":"article","og_title":"Entreprise - bookingkit I Suite de r\u00e9servation pour les grands fournisseurs multinationaux","og_description":"Avec nos int\u00e9grations et l'acc\u00e8s \u00e0 notre API, nous sommes la suite de r\u00e9servation parfaite pour les circuits, activit\u00e9s et attractions multinationaux.","og_url":"https:\/\/bookingkit.com\/fr\/grands-fournisseurs-multinationaux\/","og_site_name":"bookingkit","article_modified_time":"2023-11-20T08:59:34+00:00","og_image":[{"width":2560,"height":1707,"url":"https:\/\/bookingkit.com\/wp-content\/uploads\/2021\/07\/header-scaled.jpg","type":"image\/jpeg"}],"twitter_card":"summary_large_image","schema":{"@context":"https:\/\/schema.org","@graph":[{"@type":"WebPage","@id":"https:\/\/bookingkit.com\/fr\/grands-fournisseurs-multinationaux\/","url":"https:\/\/bookingkit.com\/fr\/grands-fournisseurs-multinationaux\/","name":"Entreprise - bookingkit I Suite de r\u00e9servation pour les grands fournisseurs multinationaux","isPartOf":{"@id":"https:\/\/bookingkit.com\/#website"},"primaryImageOfPage":{"@id":"https:\/\/bookingkit.com\/fr\/grands-fournisseurs-multinationaux\/#primaryimage"},"image":{"@id":"https:\/\/bookingkit.com\/fr\/grands-fournisseurs-multinationaux\/#primaryimage"},"thumbnailUrl":"https:\/\/bookingkit.com\/wp-content\/uploads\/2021\/07\/header-scaled.jpg","datePublished":"2021-07-15T12:22:36+00:00","dateModified":"2023-11-20T08:59:34+00:00","description":"Avec nos int\u00e9grations et l'acc\u00e8s \u00e0 notre API, nous sommes la suite de r\u00e9servation parfaite pour les circuits, activit\u00e9s et attractions multinationaux.","breadcrumb":{"@id":"https:\/\/bookingkit.com\/fr\/grands-fournisseurs-multinationaux\/#breadcrumb"},"inLanguage":"fr-FR","potentialAction":[{"@type":"ReadAction","target":["https:\/\/bookingkit.com\/fr\/grands-fournisseurs-multinationaux\/"]}]},{"@type":"ImageObject","inLanguage":"fr-FR","@id":"https:\/\/bookingkit.com\/fr\/grands-fournisseurs-multinationaux\/#primaryimage","url":"https:\/\/bookingkit.com\/wp-content\/uploads\/2021\/07\/header-scaled.jpg","contentUrl":"https:\/\/bookingkit.com\/wp-content\/uploads\/2021\/07\/header-scaled.jpg","width":2560,"height":1707},{"@type":"BreadcrumbList","@id":"https:\/\/bookingkit.com\/fr\/grands-fournisseurs-multinationaux\/#breadcrumb","itemListElement":[{"@type":"ListItem","position":1,"name":"Home","item":"https:\/\/bookingkit.com\/fr\/"},{"@type":"ListItem","position":2,"name":"Entreprise &#8211; bookingkit I Suite de r\u00e9servation pour les grands fournisseurs multinationaux"}]},{"@type":"WebSite","@id":"https:\/\/bookingkit.com\/#website","url":"https:\/\/bookingkit.com\/","name":"bookingkit","description":"Booking Software for Tours &amp; Attractions","potentialAction":[{"@type":"SearchAction","target":{"@type":"EntryPoint","urlTemplate":"https:\/\/bookingkit.com\/?s={search_term_string}"},"query-input":{"@type":"PropertyValueSpecification","valueRequired":true,"valueName":"search_term_string"}}],"inLanguage":"fr-FR"}]}},"_links":{"self":[{"href":"https:\/\/bookingkit.com\/fr\/wp-json\/wp\/v2\/pages\/4447962","targetHints":{"allow":["GET"]}}],"collection":[{"href":"https:\/\/bookingkit.com\/fr\/wp-json\/wp\/v2\/pages"}],"about":[{"href":"https:\/\/bookingkit.com\/fr\/wp-json\/wp\/v2\/types\/page"}],"author":[{"embeddable":true,"href":"https:\/\/bookingkit.com\/fr\/wp-json\/wp\/v2\/users\/3"}],"replies":[{"embeddable":true,"href":"https:\/\/bookingkit.com\/fr\/wp-json\/wp\/v2\/comments?post=4447962"}],"version-history":[{"count":16,"href":"https:\/\/bookingkit.com\/fr\/wp-json\/wp\/v2\/pages\/4447962\/revisions"}],"predecessor-version":[{"id":4469638,"href":"https:\/\/bookingkit.com\/fr\/wp-json\/wp\/v2\/pages\/4447962\/revisions\/4469638"}],"wp:featuredmedia":[{"embeddable":true,"href":"https:\/\/bookingkit.com\/fr\/wp-json\/wp\/v2\/media\/4447178"}],"wp:attachment":[{"href":"https:\/\/bookingkit.com\/fr\/wp-json\/wp\/v2\/media?parent=4447962"}],"curies":[{"name":"wp","href":"https:\/\/api.w.org\/{rel}","templated":true}]}}