{"id":4449522,"date":"2021-05-10T01:37:17","date_gmt":"2021-05-10T01:37:17","guid":{"rendered":"http:\/\/bookingkit.com\/partners-resellers\/"},"modified":"2025-02-10T17:15:51","modified_gmt":"2025-02-10T17:15:51","slug":"revendeurs","status":"publish","type":"page","link":"https:\/\/bookingkit.com\/fr\/revendeurs\/","title":{"rendered":"Revendre des exp\u00e9riences avec bookingkit &#8211; le premier syst\u00e8me de r\u00e9servation d&rsquo;Europe"},"content":{"rendered":"\n<section id=\"partners-power-block_60dae70a59e48\" class=\"partners-resellers__power partners-power-block\">\n    <div class=\"container l-r\">\n        <div class=\"l-r__first l-r__right\">\n        <img decoding=\"async\" src=\"https:\/\/bookingkit.com\/wp-content\/uploads\/2021\/07\/shutterstock_1609261321-e1626881049341.jpg\" alt=\"power\">\n        <\/div>\n        <div class=\"l-r__second l-r__left l-r__center\">\n            <h3 class=\"h3\"><b>\n                bookingkit reach : boostez votre r\u00e9seau de partenaires            <\/b><\/h3>\n            <p>\n                Que vous soyez un h\u00f4tel, une agence de voyages ou un organisme de commercialisation touristique, votre objectif sera le m\u00eame : offrir la meilleure exp\u00e9rience possible \u00e0 vos clients. C&rsquo;est pourquoi vous revendez les meilleures visites touristiques, activit\u00e9s et attractions que votre r\u00e9gion a \u00e0 offrir !            <\/p>\n        <\/div>\n    <\/div>\n    <div class=\"container\">\n        <ul class=\"check-list\">\n                        \n                                                     \n                    <li>\n                        <h5 class=\"h5\">Multipliez vos relations locales  <\/h5>\n                        <p>Privil\u00e9giez les partenariats gagnant-gagnant entre les entreprises locales<\/p>\n                    <\/li>       \n                                                     \n                    <li>\n                        <h5 class=\"h5\">Cr\u00e9ez de nouveaux flux de revenus  <\/h5>\n                        <p>Trouvez de nouvelles fa\u00e7ons fiables et innovantes de gagner rapidement de l\u2019argent !<\/p>\n                    <\/li>       \n                                                     \n                    <li>\n                        <h5 class=\"h5\">Am\u00e9liorez l\u2019exp\u00e9rience des clients  <\/h5>\n                        <p>Faites en sorte que vos clients profitent du meilleur de votre r\u00e9gion !<\/p>\n                    <\/li>       \n                                    <\/ul>                \n    <\/div>\n<\/section> \n\n\n<section id=\"horizontal-spacer-block_65f2b81e75326\" class=\"horizontal-spacer horizontal-spacer-block\" style=\"\n    background-color: ;\n    height: 100px;\n    width: 100%;\n\">\n<\/section>\n\n\n<section id=\"partners-saas-block_60dae73359e4b\" class=\"partners-resellers__saas partners-saas-block\">\n    <div class=\"container l-r\">\n        <div class=\"l-r__first l-r__left\">\n            <img decoding=\"async\" src=\"https:\/\/bookingkit.com\/wp-content\/uploads\/2021\/07\/channel-manager.webp\" alt=\"saas\">\n        <\/div>\n        <div class=\"l-r__second l-r__right l-r__center\">\n            <h3 class=\"h3\"><b>\n                Nouvelle \u00e8re de la revente d\u2019exp\u00e9riences en ligne            <\/b><\/h3>\n            <p>La revente d\u2019exp\u00e9riences directement par t\u00e9l\u00e9phone, e-mail ou t\u00e9l\u00e9copieur, comme c\u2019est habituellement le cas, est difficile. Elle consomme beaucoup de temps et d\u2019\u00e9nergie, et peut m\u00eame cr\u00e9er un risque financier.<\/p>\n<p><b>bookingkit reach supprime ces difficult\u00e9s.<\/b><\/p>\n        <\/div>\n    <\/div>\n    <div class=\"container l-r\">\n        <div class=\"l-r__first l-r__right\">\n            <img decoding=\"async\" src=\"https:\/\/bookingkit.com\/wp-content\/uploads\/2021\/06\/B_-768x768-1.png\" alt=\"saas\">\n        <\/div>\n        <div class=\"l-r__second l-r__left l-r__center\">\n            <h3 class=\"h3\"><b>\n                Simple, rapide et puissant            <\/b><\/h3>\n            <p>La r\u00e9servation est maintenant plus facile que jamais. Nous avons cr\u00e9\u00e9, avec bookingkit Reach, une plate-forme unique et enti\u00e8rement automatis\u00e9e o\u00f9 vous trouverez les offres de vos partenaires en un seul endroit. R\u00e9servez-les en ligne et revendez-les directement\u00a0: c&rsquo;est la solution id\u00e9ale pour les tous ceux qui travaillent en premi\u00e8re ligne, pour vous et vos clients.<\/p>\n        <\/div>\n    <\/div>\n<\/section>\n\n\n<section id=\"partners-why-block_60dae75959e4c\" class=\"partners-resellers__why partners-why-block\">\n    <div class=\"container\">\n        <h2 class=\"h2 title-blue title-blue--center\">Pourquoi revendre des exp\u00e9riences ?<\/h2>\n        <section>\n            <div class=\"splide splide_small splide__features-big\">\n                <div class=\"splide__track\">\n                    <ul class=\"splide__list\">\n                                    \n                                                            <li class=\"splide__slide single\">\n                                    <div class=\"single__img\">\n                                        <div>\n                                            <img decoding=\"async\" class=\"tours__img\" src=\"https:\/\/bookingkit.com\/wp-content\/uploads\/2021\/07\/only.svg\" alt=\"why\">\n                                            <h5 class=\"h5\">\n                                                Rationaliser l&rsquo;exploitation de votre entreprise                                             <\/h5>\n                                        <\/div>\n                                        <ul>\n                                                        \n                                                                                                    <li><p>R\u00e9servation directe en ligne <\/p><\/li>\n                                                                                                    <li><p>Gestion automatis\u00e9e des r\u00e9servations et des annulations  <\/p><\/li>\n                                                                                                    <li><p>Aper\u00e7u de toutes les exp\u00e9riences actuellement disponibles<\/p><\/li>\n                                                                                                                                    <\/ul>        \n                                        <a href=\"\"><p><b>Plus d&rsquo;infos ><\/b><\/p><\/a>             \n                                    <\/div>\n                                <\/li>\n                                                            <li class=\"splide__slide single\">\n                                    <div class=\"single__img\">\n                                        <div>\n                                            <img decoding=\"async\" class=\"tours__img\" src=\"https:\/\/bookingkit.com\/wp-content\/uploads\/2021\/07\/4-sell-more-tickets.svg\" alt=\"why\">\n                                            <h5 class=\"h5\">\n                                                Un potentiel de march\u00e9 \u00e9norme                                            <\/h5>\n                                        <\/div>\n                                        <ul>\n                                                        \n                                                                                                    <li><p>Trouver de nouveaux partenaires \u00e9ventuels gr\u00e2ce \u00e0 notre r\u00e9seau <\/p><\/li>\n                                                                                                    <li><p>Donnez plus de moyens \u00e0 vos gestionnaires en premi\u00e8re ligne afin d\u2019offrir \u00e0 vos clients une exp\u00e9rience homog\u00e8ne et coh\u00e9rente.   <\/p><\/li>\n                                                                                                                                    <\/ul>        \n                                        <a href=\"\"><p><b>Plus d&rsquo;infos ><\/b><\/p><\/a>             \n                                    <\/div>\n                                <\/li>\n                                                            <li class=\"splide__slide single\">\n                                    <div class=\"single__img\">\n                                        <div>\n                                            <img decoding=\"async\" class=\"tours__img\" src=\"https:\/\/bookingkit.com\/wp-content\/uploads\/2021\/07\/HP-_drive-revenue-A.svg\" alt=\"why\">\n                                            <h5 class=\"h5\">\n                                                Aucun risque suppl\u00e9mentaire !                                            <\/h5>\n                                        <\/div>\n                                        <ul>\n                                                        \n                                                                                                    <li><p>Aper\u00e7u clair de vos conditions de partenariat <\/p><\/li>\n                                                                                                    <li><p>Cadre juridique pr\u00e9d\u00e9fini pour n\u00e9gocier des accords en toute s\u00e9curit\u00e9 <\/p><\/li>\n                                                                                                    <li><p>Aucune installation requise ou frais mensuels !<\/p><\/li>\n                                                                                                                                    <\/ul>        \n                                        <a href=\"\"><p><b>Plus d&rsquo;infos ><\/b><\/p><\/a>             \n                                    <\/div>\n                                <\/li>\n                                                                        <\/ul>\n                <\/div>\n            <\/div>\n        <\/section>\n    <\/div>\n<\/section>\n\n\n<p><a href=\"http:\/\/bookingkit.com\/wp-admin\/edit.php?post_type=page\"><\/a><\/p>\n\n\n\n<section id=\"horizontal-spacer-block_60f57b3490700\" class=\"horizontal-spacer horizontal-spacer-block\" style=\"\n    background-color: ;\n    height: 60px;\n    width: 100%;\n\">\n<\/section>\n\n\n<figure class=\"wp-block-embed aligncenter is-type-video is-provider-youtube wp-block-embed-youtube wp-embed-aspect-16-9 wp-has-aspect-ratio\"><div class=\"wp-block-embed__wrapper\">\n<iframe loading=\"lazy\" title=\"bookingkit Reach - la plateforme de revente de tours et d&#039;activit\u00e9s\" width=\"500\" height=\"281\" src=\"https:\/\/www.youtube.com\/embed\/RKt4cBtdg6U?feature=oembed\" frameborder=\"0\" allow=\"accelerometer; autoplay; clipboard-write; encrypted-media; gyroscope; picture-in-picture; web-share\" referrerpolicy=\"strict-origin-when-cross-origin\" allowfullscreen><\/iframe>\n<\/div><\/figure>\n\n\n\n<section id=\"horizontal-spacer-block_60f57c0690702\" class=\"horizontal-spacer horizontal-spacer-block\" style=\"\n    background-color: ;\n    height: 60px;\n    width: 100%;\n\">\n<\/section>\n\n\n<div class=\"wp-block-divi-layout\">[et_pb_section fb_built=\u00a0\u00bb1&Prime; _builder_version=\u00a0\u00bb4.14.7&Prime; _module_preset=\u00a0\u00bbdefault\u00a0\u00bb global_colors_info=\u00a0\u00bb{}\u00a0\u00bb][et_pb_row module_class=\u00a0\u00bbbk-row\u00a0\u00bb _builder_version=\u00a0\u00bb4.14.7&Prime; _module_preset=\u00a0\u00bbdefault\u00a0\u00bb custom_margin=\u00a0\u00bb0px||-8px||false|false\u00a0\u00bb custom_padding=\u00a0\u00bb30px|30px|30px|30px|false|false\u00a0\u00bb custom_css_main_element=\u00a0\u00bbbackground-color: #FFFFFF!important;||border-radius: 22px 22px 22px 22px!important;||overflow: hidden!important;||box-shadow: 0px 2px 18px 0px #e2e2e2!important;||padding-top: 30px!important;||padding-right: 30px!important;||padding-bottom: 30px!important;||padding-left: 30px!important;\u00a0\u00bb box_shadow_style=\u00a0\u00bbpreset1&Prime; box_shadow_color=\u00a0\u00bb#e2e2e2&Prime; locked=\u00a0\u00bboff\u00a0\u00bb global_colors_info=\u00a0\u00bb{}\u00a0\u00bb][et_pb_column type=\u00a0\u00bb4_4&Prime; _builder_version=\u00a0\u00bb4.14.7&Prime; _module_preset=\u00a0\u00bbdefault\u00a0\u00bb global_colors_info=\u00a0\u00bb{}\u00a0\u00bb][et_pb_text admin_label=\u00a0\u00bbText\u00a0\u00bb _builder_version=\u00a0\u00bb4.14.7&Prime; text_font=\u00a0\u00bbOpen Sans Regular|700|||||||\u00a0\u00bb text_text_color=\u00a0\u00bb#454545&Prime; text_font_size=\u00a0\u00bb15px\u00a0\u00bb text_line_height=\u00a0\u00bb1.71em\u00a0\u00bb header_font=\u00a0\u00bbGT Pressura BOLD||||||||\u00a0\u00bb header_text_color=\u00a0\u00bb#007aa9&Prime; header_font_size=\u00a0\u00bb38px\u00a0\u00bb header_2_font=\u00a0\u00bbGT Pressura BOLD|700|||||||\u00a0\u00bb header_2_text_color=\u00a0\u00bb#454545&Prime; header_2_font_size=\u00a0\u00bb38px\u00a0\u00bb header_2_line_height=\u00a0\u00bb1.4em\u00a0\u00bb header_3_font=\u00a0\u00bb||||||||\u00a0\u00bb background_color=\u00a0\u00bbRGBA(255,255,255,0)\u00a0\u00bb module_alignment=\u00a0\u00bbcenter\u00a0\u00bb custom_margin=\u00a0\u00bb||0px||false|false\u00a0\u00bb custom_margin_tablet=\u00a0\u00bb||0px||false|false\u00a0\u00bb custom_margin_phone=\u00a0\u00bb||0px||false|false\u00a0\u00bb custom_margin_last_edited=\u00a0\u00bbon|phone\u00a0\u00bb custom_padding=\u00a0\u00bb0px|14px|0px|14px|true|true\u00a0\u00bb hover_enabled=\u00a0\u00bb0&Prime; custom_css_main_element=\u00a0\u00bbcolor: #454545!important;\u00a0\u00bb border_radii=\u00a0\u00bboff||||\u00a0\u00bb global_colors_info=\u00a0\u00bb{}\u00a0\u00bb sticky_enabled=\u00a0\u00bb0&Prime;]<h2>Commencez \u00e0 revendre des milliers d&rsquo;exp\u00e9riences<\/h2>\n[\/et_pb_text][et_pb_text admin_label=\u00a0\u00bbText\u00a0\u00bb _builder_version=\u00a0\u00bb4.14.7&Prime; text_font=\u00a0\u00bbOpen Sans Regular||||||||\u00a0\u00bb text_text_color=\u00a0\u00bb#454545&Prime; text_font_size=\u00a0\u00bb15px\u00a0\u00bb text_line_height=\u00a0\u00bb1.71em\u00a0\u00bb header_font=\u00a0\u00bbGT Pressura BOLD||||||||\u00a0\u00bb header_text_color=\u00a0\u00bb#007aa9&Prime; header_font_size=\u00a0\u00bb38px\u00a0\u00bb header_2_font=\u00a0\u00bbPoppins||||||||\u00a0\u00bb header_2_font_size=\u00a0\u00bb28px\u00a0\u00bb header_2_line_height=\u00a0\u00bb1.4em\u00a0\u00bb header_3_font=\u00a0\u00bb||||||||\u00a0\u00bb background_color=\u00a0\u00bbRGBA(255,255,255,0)\u00a0\u00bb module_alignment=\u00a0\u00bbcenter\u00a0\u00bb custom_margin=\u00a0\u00bb||0px||false|false\u00a0\u00bb custom_margin_tablet=\u00a0\u00bb||0px||false|false\u00a0\u00bb custom_margin_phone=\u00a0\u00bb||0px||false|false\u00a0\u00bb custom_margin_last_edited=\u00a0\u00bbon|phone\u00a0\u00bb custom_padding=\u00a0\u00bb0px|14px|0px|14px|true|true\u00a0\u00bb hover_enabled=\u00a0\u00bb0&Prime; border_radii=\u00a0\u00bboff||||\u00a0\u00bb global_colors_info=\u00a0\u00bb{}\u00a0\u00bb sticky_enabled=\u00a0\u00bb0&Prime;]<p><span>bookingkit reach est la place de march\u00e9 tout-en-un o\u00f9 vous pouvez facilement construire votre propre r\u00e9seau de distribution. Tout ce que vous avez \u00e0 faire est de parcourir le catalogue d&rsquo;exp\u00e9riences bookingkit, de vous connecter avec des fournisseurs et de commencer \u00e0 revendre leurs exp\u00e9riences \u00e0 vos clients.<\/span><\/p>\n[\/et_pb_text][et_pb_button button_url=\u00a0\u00bbhttps:\/\/reach.bookingkit.com\/register?utm_campaign=reseller-registration&amp;utm_medium=bk-website&amp;utm_source=reseller-page&amp;utm_content=reach\u00a0\u00bb button_text=\u00a0\u00bbINSCRIVEZ-VOUS GRATUITEMENT \u00a0\u00bb button_alignment_tablet=\u00a0\u00bb\u00a0\u00bb button_alignment_phone=\u00a0\u00bbcenter\u00a0\u00bb button_alignment_last_edited=\u00a0\u00bbon|phone\u00a0\u00bb _builder_version=\u00a0\u00bb4.14.7&Prime; _module_preset=\u00a0\u00bbdefault\u00a0\u00bb custom_button=\u00a0\u00bbon\u00a0\u00bb button_text_size=\u00a0\u00bb16px\u00a0\u00bb button_text_color=\u00a0\u00bb#454545&Prime; button_bg_color=\u00a0\u00bb#FFFFFF\u00a0\u00bb button_border_width=\u00a0\u00bb2px\u00a0\u00bb button_border_color=\u00a0\u00bb#454545&Prime; button_border_radius=\u00a0\u00bb100px\u00a0\u00bb button_letter_spacing=\u00a0\u00bb0px\u00a0\u00bb button_font=\u00a0\u00bbOpen Sans bold|700|||||||\u00a0\u00bb button_use_icon=\u00a0\u00bboff\u00a0\u00bb custom_margin=\u00a0\u00bb25px|||9px|false|false\u00a0\u00bb custom_padding=\u00a0\u00bb11px||11px||false|false\u00a0\u00bb custom_padding_tablet=\u00a0\u00bb11px||11px||false|false\u00a0\u00bb custom_padding_phone=\u00a0\u00bb|33px||33px|false|true\u00a0\u00bb custom_padding_last_edited=\u00a0\u00bbon|phone\u00a0\u00bb hover_enabled=\u00a0\u00bb0&Prime; button_text_color_tablet=\u00a0\u00bb#454545&Prime; button_text_color_phone=\u00a0\u00bb#454545&Prime; button_text_color_last_edited=\u00a0\u00bbon|phone\u00a0\u00bb button_border_radius_tablet=\u00a0\u00bb100px\u00a0\u00bb button_border_radius_phone=\u00a0\u00bb31px\u00a0\u00bb button_border_radius_last_edited=\u00a0\u00bbon|phone\u00a0\u00bb background_layout_tablet=\u00a0\u00bb\u00a0\u00bb background_layout_phone=\u00a0\u00bb\u00a0\u00bb background_layout_last_edited=\u00a0\u00bbon|phone\u00a0\u00bb global_colors_info=\u00a0\u00bb{}\u00a0\u00bb button_bg_color__hover_enabled=\u00a0\u00bbon|hover\u00a0\u00bb button_bg_color__hover=\u00a0\u00bb#454545&Prime; button_bg_enable_color__hover=\u00a0\u00bbon\u00a0\u00bb button_text_color__hover_enabled=\u00a0\u00bbon|desktop\u00a0\u00bb button_text_color__hover=\u00a0\u00bb#FFFFFF\u00a0\u00bb sticky_enabled=\u00a0\u00bb0&Prime;][\/et_pb_button][\/et_pb_column][\/et_pb_row][\/et_pb_section]<\/div>\n\n\n\n<style>\n#industry-intro-block_60c876b4d0f84 > div > div.intro__button-con > a {\n    background-color: #616060;\n    border-color: #454545;\n}\n#partners-power-block_60dae70a59e48 {\n    padding-bottom: 0;\n}\n<\/style>\n\n\n\n<section id=\"horizontal-spacer-block_65fc5555b04f2\" class=\"horizontal-spacer horizontal-spacer-block\" style=\"\n    background-color: ;\n    height: 100px;\n    width: 100%;\n\">\n<\/section>\n\n\n<section id=\"blog-newsletter-block_60dae80d59e59\" class=\"page-blog__download-blog blog-newsletter-block\">\n    <div class=\"container\">\n                <h2 class=\"h2 title-blue title-blue--center\">\n            Souhaitez-vous prendre contact avec notre \u00e9quipe au sujet d&rsquo;un partenariat avanc\u00e9 (API) ?        <\/h2>\n                            <h4 class=\"h4\">\n                Prenez contact avec nous : <a href=\"mailto:partner@bookingkit.de\" target=\"_blank\" rel=\"noopener\">partner@bookingkit.de<\/a>            <\/h4>\n                \n            <\/div>\n<\/section>","protected":false},"excerpt":{"rendered":"","protected":false},"author":1,"featured_media":0,"parent":0,"menu_order":0,"comment_status":"closed","ping_status":"closed","template":"","meta":{"_et_pb_use_builder":"","_et_pb_old_content":"","_et_gb_content_width":"","inline_featured_image":false,"footnotes":""},"class_list":["post-4449522","page","type-page","status-publish","hentry"],"yoast_head":"<!-- This site is optimized with the Yoast SEO plugin v26.7 - https:\/\/yoast.com\/wordpress\/plugins\/seo\/ -->\n<title>Revendeurs - bookingkit I Revendre des circuits, activit\u00e9s et attractions<\/title>\n<meta name=\"description\" content=\"Vous voulez ajouter de la valeur \u00e0 vos clients en revendant des circuits, des activit\u00e9s et des attractions \u00e0 prix r\u00e9duits ? D\u00e9couvrez bookingkit Reach\" \/>\n<meta name=\"robots\" content=\"index, follow, max-snippet:-1, max-image-preview:large, max-video-preview:-1\" \/>\n<link rel=\"canonical\" href=\"https:\/\/bookingkit.com\/fr\/revendeurs\/\" \/>\n<meta property=\"og:locale\" content=\"fr_FR\" \/>\n<meta property=\"og:type\" content=\"article\" \/>\n<meta property=\"og:title\" content=\"Revendeurs - bookingkit I Revendre des circuits, activit\u00e9s et attractions\" \/>\n<meta property=\"og:description\" content=\"Vous voulez ajouter de la valeur \u00e0 vos clients en revendant des circuits, des activit\u00e9s et des attractions \u00e0 prix r\u00e9duits ? D\u00e9couvrez bookingkit Reach\" \/>\n<meta property=\"og:url\" content=\"https:\/\/bookingkit.com\/fr\/revendeurs\/\" \/>\n<meta property=\"og:site_name\" content=\"bookingkit\" \/>\n<meta property=\"article:modified_time\" content=\"2025-02-10T17:15:51+00:00\" \/>\n<meta name=\"twitter:card\" content=\"summary_large_image\" \/>\n<meta name=\"twitter:label1\" content=\"Dur\u00e9e de lecture estim\u00e9e\" \/>\n\t<meta name=\"twitter:data1\" content=\"1 minute\" \/>\n<script type=\"application\/ld+json\" class=\"yoast-schema-graph\">{\"@context\":\"https:\/\/schema.org\",\"@graph\":[{\"@type\":\"WebPage\",\"@id\":\"https:\/\/bookingkit.com\/fr\/revendeurs\/\",\"url\":\"https:\/\/bookingkit.com\/fr\/revendeurs\/\",\"name\":\"Revendeurs - bookingkit I Revendre des circuits, activit\u00e9s et attractions\",\"isPartOf\":{\"@id\":\"https:\/\/bookingkit.com\/#website\"},\"datePublished\":\"2021-05-10T01:37:17+00:00\",\"dateModified\":\"2025-02-10T17:15:51+00:00\",\"description\":\"Vous voulez ajouter de la valeur \u00e0 vos clients en revendant des circuits, des activit\u00e9s et des attractions \u00e0 prix r\u00e9duits ? D\u00e9couvrez bookingkit Reach\",\"breadcrumb\":{\"@id\":\"https:\/\/bookingkit.com\/fr\/revendeurs\/#breadcrumb\"},\"inLanguage\":\"fr-FR\",\"potentialAction\":[{\"@type\":\"ReadAction\",\"target\":[\"https:\/\/bookingkit.com\/fr\/revendeurs\/\"]}]},{\"@type\":\"BreadcrumbList\",\"@id\":\"https:\/\/bookingkit.com\/fr\/revendeurs\/#breadcrumb\",\"itemListElement\":[{\"@type\":\"ListItem\",\"position\":1,\"name\":\"Home\",\"item\":\"https:\/\/bookingkit.com\/fr\/\"},{\"@type\":\"ListItem\",\"position\":2,\"name\":\"Revendre des exp\u00e9riences avec bookingkit &#8211; le premier syst\u00e8me de r\u00e9servation d&#8217;Europe\"}]},{\"@type\":\"WebSite\",\"@id\":\"https:\/\/bookingkit.com\/#website\",\"url\":\"https:\/\/bookingkit.com\/\",\"name\":\"bookingkit\",\"description\":\"Booking Software for Tours &amp; Attractions\",\"potentialAction\":[{\"@type\":\"SearchAction\",\"target\":{\"@type\":\"EntryPoint\",\"urlTemplate\":\"https:\/\/bookingkit.com\/?s={search_term_string}\"},\"query-input\":{\"@type\":\"PropertyValueSpecification\",\"valueRequired\":true,\"valueName\":\"search_term_string\"}}],\"inLanguage\":\"fr-FR\"}]}<\/script>\n<!-- \/ Yoast SEO plugin. -->","yoast_head_json":{"title":"Revendeurs - bookingkit I Revendre des circuits, activit\u00e9s et attractions","description":"Vous voulez ajouter de la valeur \u00e0 vos clients en revendant des circuits, des activit\u00e9s et des attractions \u00e0 prix r\u00e9duits ? D\u00e9couvrez bookingkit Reach","robots":{"index":"index","follow":"follow","max-snippet":"max-snippet:-1","max-image-preview":"max-image-preview:large","max-video-preview":"max-video-preview:-1"},"canonical":"https:\/\/bookingkit.com\/fr\/revendeurs\/","og_locale":"fr_FR","og_type":"article","og_title":"Revendeurs - bookingkit I Revendre des circuits, activit\u00e9s et attractions","og_description":"Vous voulez ajouter de la valeur \u00e0 vos clients en revendant des circuits, des activit\u00e9s et des attractions \u00e0 prix r\u00e9duits ? D\u00e9couvrez bookingkit Reach","og_url":"https:\/\/bookingkit.com\/fr\/revendeurs\/","og_site_name":"bookingkit","article_modified_time":"2025-02-10T17:15:51+00:00","twitter_card":"summary_large_image","twitter_misc":{"Dur\u00e9e de lecture estim\u00e9e":"1 minute"},"schema":{"@context":"https:\/\/schema.org","@graph":[{"@type":"WebPage","@id":"https:\/\/bookingkit.com\/fr\/revendeurs\/","url":"https:\/\/bookingkit.com\/fr\/revendeurs\/","name":"Revendeurs - bookingkit I Revendre des circuits, activit\u00e9s et attractions","isPartOf":{"@id":"https:\/\/bookingkit.com\/#website"},"datePublished":"2021-05-10T01:37:17+00:00","dateModified":"2025-02-10T17:15:51+00:00","description":"Vous voulez ajouter de la valeur \u00e0 vos clients en revendant des circuits, des activit\u00e9s et des attractions \u00e0 prix r\u00e9duits ? D\u00e9couvrez bookingkit Reach","breadcrumb":{"@id":"https:\/\/bookingkit.com\/fr\/revendeurs\/#breadcrumb"},"inLanguage":"fr-FR","potentialAction":[{"@type":"ReadAction","target":["https:\/\/bookingkit.com\/fr\/revendeurs\/"]}]},{"@type":"BreadcrumbList","@id":"https:\/\/bookingkit.com\/fr\/revendeurs\/#breadcrumb","itemListElement":[{"@type":"ListItem","position":1,"name":"Home","item":"https:\/\/bookingkit.com\/fr\/"},{"@type":"ListItem","position":2,"name":"Revendre des exp\u00e9riences avec bookingkit &#8211; le premier syst\u00e8me de r\u00e9servation d&#8217;Europe"}]},{"@type":"WebSite","@id":"https:\/\/bookingkit.com\/#website","url":"https:\/\/bookingkit.com\/","name":"bookingkit","description":"Booking Software for Tours &amp; Attractions","potentialAction":[{"@type":"SearchAction","target":{"@type":"EntryPoint","urlTemplate":"https:\/\/bookingkit.com\/?s={search_term_string}"},"query-input":{"@type":"PropertyValueSpecification","valueRequired":true,"valueName":"search_term_string"}}],"inLanguage":"fr-FR"}]}},"_links":{"self":[{"href":"https:\/\/bookingkit.com\/fr\/wp-json\/wp\/v2\/pages\/4449522","targetHints":{"allow":["GET"]}}],"collection":[{"href":"https:\/\/bookingkit.com\/fr\/wp-json\/wp\/v2\/pages"}],"about":[{"href":"https:\/\/bookingkit.com\/fr\/wp-json\/wp\/v2\/types\/page"}],"author":[{"embeddable":true,"href":"https:\/\/bookingkit.com\/fr\/wp-json\/wp\/v2\/users\/1"}],"replies":[{"embeddable":true,"href":"https:\/\/bookingkit.com\/fr\/wp-json\/wp\/v2\/comments?post=4449522"}],"version-history":[{"count":17,"href":"https:\/\/bookingkit.com\/fr\/wp-json\/wp\/v2\/pages\/4449522\/revisions"}],"predecessor-version":[{"id":4472639,"href":"https:\/\/bookingkit.com\/fr\/wp-json\/wp\/v2\/pages\/4449522\/revisions\/4472639"}],"wp:attachment":[{"href":"https:\/\/bookingkit.com\/fr\/wp-json\/wp\/v2\/media?parent=4449522"}],"curies":[{"name":"wp","href":"https:\/\/api.w.org\/{rel}","templated":true}]}}