{"id":4449910,"date":"2021-05-10T01:36:01","date_gmt":"2021-05-10T01:36:01","guid":{"rendered":"http:\/\/bookingkit.com\/downloads\/"},"modified":"2021-08-20T09:35:37","modified_gmt":"2021-08-20T09:35:37","slug":"downloads","status":"publish","type":"page","link":"https:\/\/bookingkit.com\/fr\/downloads\/","title":{"rendered":"Downloads"},"content":{"rendered":"","protected":false},"excerpt":{"rendered":"","protected":false},"author":1,"featured_media":0,"parent":0,"menu_order":0,"comment_status":"closed","ping_status":"closed","template":"page-downloads.php","meta":{"_et_pb_use_builder":"on","_et_pb_old_content":"","_et_gb_content_width":"","inline_featured_image":false,"footnotes":""},"class_list":["post-4449910","page","type-page","status-publish","hentry"],"yoast_head":"<!-- This site is optimized with the Yoast SEO plugin v26.7 - https:\/\/yoast.com\/wordpress\/plugins\/seo\/ -->\n<title>bookingkit I T\u00e9l\u00e9chargement d&#039;ebooks, de listes de contr\u00f4le et de rapports<\/title>\n<meta name=\"description\" content=\"Conseils et astuces sur la r\u00e9servation en ligne - Listes de contr\u00f4le - Ebooks - Rapports \u25bb Jetez un \u0153il !\" \/>\n<meta name=\"robots\" content=\"index, follow, max-snippet:-1, max-image-preview:large, max-video-preview:-1\" \/>\n<link rel=\"canonical\" href=\"https:\/\/bookingkit.com\/fr\/downloads\/\" \/>\n<meta property=\"og:locale\" content=\"fr_FR\" \/>\n<meta property=\"og:type\" content=\"article\" \/>\n<meta property=\"og:title\" content=\"bookingkit I T\u00e9l\u00e9chargement d&#039;ebooks, de listes de contr\u00f4le et de rapports\" \/>\n<meta property=\"og:description\" content=\"Conseils et astuces sur la r\u00e9servation en ligne - Listes de contr\u00f4le - Ebooks - Rapports \u25bb Jetez un \u0153il !\" \/>\n<meta property=\"og:url\" content=\"https:\/\/bookingkit.com\/fr\/downloads\/\" \/>\n<meta property=\"og:site_name\" content=\"bookingkit\" \/>\n<meta property=\"article:modified_time\" content=\"2021-08-20T09:35:37+00:00\" \/>\n<meta name=\"twitter:card\" content=\"summary_large_image\" \/>\n<script type=\"application\/ld+json\" class=\"yoast-schema-graph\">{\"@context\":\"https:\/\/schema.org\",\"@graph\":[{\"@type\":\"WebPage\",\"@id\":\"https:\/\/bookingkit.com\/downloads\/\",\"url\":\"https:\/\/bookingkit.com\/fr\/downloads\/\",\"name\":\"bookingkit I T\u00e9l\u00e9chargement d'ebooks, de listes de contr\u00f4le et de rapports\",\"isPartOf\":{\"@id\":\"https:\/\/bookingkit.com\/#website\"},\"datePublished\":\"2021-05-10T01:36:01+00:00\",\"dateModified\":\"2021-08-20T09:35:37+00:00\",\"description\":\"Conseils et astuces sur la r\u00e9servation en ligne - Listes de contr\u00f4le - Ebooks - Rapports \u25bb Jetez un \u0153il !\",\"breadcrumb\":{\"@id\":\"https:\/\/bookingkit.com\/fr\/downloads\/#breadcrumb\"},\"inLanguage\":\"fr-FR\",\"potentialAction\":[{\"@type\":\"ReadAction\",\"target\":[\"https:\/\/bookingkit.com\/fr\/downloads\/\"]}]},{\"@type\":\"BreadcrumbList\",\"@id\":\"https:\/\/bookingkit.com\/fr\/downloads\/#breadcrumb\",\"itemListElement\":[{\"@type\":\"ListItem\",\"position\":1,\"name\":\"Home\",\"item\":\"https:\/\/bookingkit.com\/fr\/\"},{\"@type\":\"ListItem\",\"position\":2,\"name\":\"Downloads\"}]},{\"@type\":\"WebSite\",\"@id\":\"https:\/\/bookingkit.com\/#website\",\"url\":\"https:\/\/bookingkit.com\/\",\"name\":\"bookingkit\",\"description\":\"Booking Software for Tours &amp; Attractions\",\"potentialAction\":[{\"@type\":\"SearchAction\",\"target\":{\"@type\":\"EntryPoint\",\"urlTemplate\":\"https:\/\/bookingkit.com\/?s={search_term_string}\"},\"query-input\":{\"@type\":\"PropertyValueSpecification\",\"valueRequired\":true,\"valueName\":\"search_term_string\"}}],\"inLanguage\":\"fr-FR\"}]}<\/script>\n<!-- \/ Yoast SEO plugin. -->","yoast_head_json":{"title":"bookingkit I T\u00e9l\u00e9chargement d'ebooks, de listes de contr\u00f4le et de rapports","description":"Conseils et astuces sur la r\u00e9servation en ligne - Listes de contr\u00f4le - Ebooks - Rapports \u25bb Jetez un \u0153il !","robots":{"index":"index","follow":"follow","max-snippet":"max-snippet:-1","max-image-preview":"max-image-preview:large","max-video-preview":"max-video-preview:-1"},"canonical":"https:\/\/bookingkit.com\/fr\/downloads\/","og_locale":"fr_FR","og_type":"article","og_title":"bookingkit I T\u00e9l\u00e9chargement d'ebooks, de listes de contr\u00f4le et de rapports","og_description":"Conseils et astuces sur la r\u00e9servation en ligne - Listes de contr\u00f4le - Ebooks - Rapports \u25bb Jetez un \u0153il !","og_url":"https:\/\/bookingkit.com\/fr\/downloads\/","og_site_name":"bookingkit","article_modified_time":"2021-08-20T09:35:37+00:00","twitter_card":"summary_large_image","schema":{"@context":"https:\/\/schema.org","@graph":[{"@type":"WebPage","@id":"https:\/\/bookingkit.com\/downloads\/","url":"https:\/\/bookingkit.com\/fr\/downloads\/","name":"bookingkit I T\u00e9l\u00e9chargement d'ebooks, de listes de contr\u00f4le et de rapports","isPartOf":{"@id":"https:\/\/bookingkit.com\/#website"},"datePublished":"2021-05-10T01:36:01+00:00","dateModified":"2021-08-20T09:35:37+00:00","description":"Conseils et astuces sur la r\u00e9servation en ligne - Listes de contr\u00f4le - Ebooks - Rapports \u25bb Jetez un \u0153il !","breadcrumb":{"@id":"https:\/\/bookingkit.com\/fr\/downloads\/#breadcrumb"},"inLanguage":"fr-FR","potentialAction":[{"@type":"ReadAction","target":["https:\/\/bookingkit.com\/fr\/downloads\/"]}]},{"@type":"BreadcrumbList","@id":"https:\/\/bookingkit.com\/fr\/downloads\/#breadcrumb","itemListElement":[{"@type":"ListItem","position":1,"name":"Home","item":"https:\/\/bookingkit.com\/fr\/"},{"@type":"ListItem","position":2,"name":"Downloads"}]},{"@type":"WebSite","@id":"https:\/\/bookingkit.com\/#website","url":"https:\/\/bookingkit.com\/","name":"bookingkit","description":"Booking Software for Tours &amp; Attractions","potentialAction":[{"@type":"SearchAction","target":{"@type":"EntryPoint","urlTemplate":"https:\/\/bookingkit.com\/?s={search_term_string}"},"query-input":{"@type":"PropertyValueSpecification","valueRequired":true,"valueName":"search_term_string"}}],"inLanguage":"fr-FR"}]}},"_links":{"self":[{"href":"https:\/\/bookingkit.com\/fr\/wp-json\/wp\/v2\/pages\/4449910","targetHints":{"allow":["GET"]}}],"collection":[{"href":"https:\/\/bookingkit.com\/fr\/wp-json\/wp\/v2\/pages"}],"about":[{"href":"https:\/\/bookingkit.com\/fr\/wp-json\/wp\/v2\/types\/page"}],"author":[{"embeddable":true,"href":"https:\/\/bookingkit.com\/fr\/wp-json\/wp\/v2\/users\/1"}],"replies":[{"embeddable":true,"href":"https:\/\/bookingkit.com\/fr\/wp-json\/wp\/v2\/comments?post=4449910"}],"version-history":[{"count":3,"href":"https:\/\/bookingkit.com\/fr\/wp-json\/wp\/v2\/pages\/4449910\/revisions"}],"predecessor-version":[{"id":4453615,"href":"https:\/\/bookingkit.com\/fr\/wp-json\/wp\/v2\/pages\/4449910\/revisions\/4453615"}],"wp:attachment":[{"href":"https:\/\/bookingkit.com\/fr\/wp-json\/wp\/v2\/media?parent=4449910"}],"curies":[{"name":"wp","href":"https:\/\/api.w.org\/{rel}","templated":true}]}}