{"id":4464532,"date":"2022-11-15T17:19:42","date_gmt":"2022-11-15T17:19:42","guid":{"rendered":"https:\/\/bookingkit.com\/?page_id=4464532"},"modified":"2022-11-30T14:18:42","modified_gmt":"2022-11-30T14:18:42","slug":"demo-declinee","status":"publish","type":"page","link":"https:\/\/bookingkit.com\/fr\/demo-declinee\/","title":{"rendered":"D\u00e9monstration D\u00e9clin\u00e9e"},"content":{"rendered":"\n<section id=\"smb-solution-block_60d4524557f2d\" class=\"smb__solution smb-solution-block\">\n    <div class=\"container l-r\">\n        <div class=\"l-r__first l-r__right\">\n            <img decoding=\"async\" src=\"https:\/\/bookingkit.com\/wp-content\/uploads\/2022\/06\/bk-graphic-012-2.png\" alt=\"solution\">\n        <\/div>\n        <div class=\"l-r__second l-r__left\">\n            <h1 class=\"h1 title-blue title-blue--black title-blue--left\">\n                Ce n&rsquo;est pas vous. C&rsquo;est nous!            <\/h1>\n            <h3 class=\"h3\">\n                Malheureusement, il semble que nous ne soyons pas compatibles \ud83d\ude41                \n            <\/h3>\n            <p>\n                Merci de nous avoir contact\u00e9s pour b\u00e9n\u00e9ficier de bookingkit. Cependant, apr\u00e8s avoir soigneusement \u00e9tudi\u00e9 votre entreprise et son secteur d&rsquo;activit\u00e9, nous pensons que nos services ne sont pas adapt\u00e9s \u00e0 vos besoins. \r\n\r\nbookingkit est un logiciel de r\u00e9servation professionnel pour les visites, activit\u00e9s et attractions destin\u00e9es aux op\u00e9rateurs europ\u00e9ens. Notre sp\u00e9cialisation dans ces secteurs signifie que notre gamme de fonctionnalit\u00e9s n&rsquo;est pas adapt\u00e9e \u00e0 la prise en charge de mod\u00e8les commerciaux tels que: \r\n\r\n <ul>\r\n<li>Spas et centres de bien-\u00eatre\r\n<li>Cours, ateliers ou consultations<\/li>\r\n<li>Entreprises qui proposent uniquement des locations<\/li>\r\n<li>Entreprises qui exercent leurs activit\u00e9s en dehors de l&rsquo;UE<\/li>\r\n<\/ul>\r\nNous esp\u00e9rons que vous trouverez une solution qui r\u00e9pondra mieux \u00e0 vos besoins!            <\/p>\n                    <\/div>\n    <\/div>\n<\/section>\n<style>\n    .smb__solution__logos {\n        display: grid;\n        grid-template-columns: 1fr 1fr 1fr;\n        align-items: center;\n        gap: 25px;\n        margin-top: 5rem;\n    }\n    @media ( max-width: 768px ) {\n        .smb__solution__logos {\n            grid-template-columns: 1fr 1fr;        \n        }\n    }\n    .smb__solution_logo {\n        display: flex;\n        justify-content: center;\n        align-items: center;\n    }\n    .smb__solution__logos img {\n        width: 70%;\n    }\n<\/style>\n<script>\n    \/\/ Get all elements with the class keep_square\n    const squareElements = document.querySelectorAll('.keep_square');\n\n    \/\/ Function to keep elements as a square\n    function keepSquare(element) {\n        \/\/ Get the width of the element\n        const width = element.offsetWidth;\n        \n        \/\/ Set the height of the element to match the width\n        element.style.height = `${width}px`;\n    }\n\n    \/\/ Add event listener to window resize\n    window.addEventListener('resize', () => {\n        \/\/ Loop through each element and keep it as a square\n        squareElements.forEach((element) => {\n            keepSquare(element);\n        });\n    });\n\n    \/\/ Initialize the elements as squares\n    squareElements.forEach((element) => {\n        keepSquare(element);\n    });\n<\/script>","protected":false},"excerpt":{"rendered":"","protected":false},"author":29,"featured_media":4461832,"parent":0,"menu_order":0,"comment_status":"closed","ping_status":"closed","template":"","meta":{"_et_pb_use_builder":"","_et_pb_old_content":"","_et_gb_content_width":"","inline_featured_image":false,"footnotes":""},"class_list":["post-4464532","page","type-page","status-publish","has-post-thumbnail","hentry"],"yoast_head":"<!-- This site is optimized with the Yoast SEO plugin v26.7 - https:\/\/yoast.com\/wordpress\/plugins\/seo\/ -->\n<title>D\u00e9monstration d\u00e9clin\u00e9e<\/title>\n<meta name=\"description\" content=\"Ce n&#039;est pas vous. C&#039;est nous. Il semble que nos services ne soient pas les plus adapt\u00e9s \u00e0 votre entreprise. Apprenez ici pourquoi.\" \/>\n<meta name=\"robots\" content=\"index, follow, max-snippet:-1, max-image-preview:large, max-video-preview:-1\" \/>\n<link rel=\"canonical\" href=\"https:\/\/bookingkit.com\/demo-declined\/\" \/>\n<meta property=\"og:locale\" content=\"fr_FR\" \/>\n<meta property=\"og:type\" content=\"article\" \/>\n<meta property=\"og:title\" content=\"D\u00e9monstration d\u00e9clin\u00e9e\" \/>\n<meta property=\"og:description\" content=\"Ce n&#039;est pas vous. C&#039;est nous. Il semble que nos services ne soient pas les plus adapt\u00e9s \u00e0 votre entreprise. Apprenez ici pourquoi.\" \/>\n<meta property=\"og:url\" content=\"https:\/\/bookingkit.com\/demo-declined\/\" \/>\n<meta property=\"og:site_name\" content=\"bookingkit\" \/>\n<meta property=\"article:modified_time\" content=\"2022-11-30T14:18:42+00:00\" \/>\n<meta property=\"og:image\" content=\"https:\/\/bookingkit.com\/wp-content\/uploads\/2022\/06\/bk-graphic-012-2.png\" \/>\n\t<meta property=\"og:image:width\" content=\"2429\" \/>\n\t<meta property=\"og:image:height\" content=\"1765\" \/>\n\t<meta property=\"og:image:type\" content=\"image\/png\" \/>\n<meta name=\"twitter:card\" content=\"summary_large_image\" \/>\n<script type=\"application\/ld+json\" class=\"yoast-schema-graph\">{\"@context\":\"https:\/\/schema.org\",\"@graph\":[{\"@type\":\"WebPage\",\"@id\":\"https:\/\/bookingkit.com\/demo-declined\/\",\"url\":\"https:\/\/bookingkit.com\/demo-declined\/\",\"name\":\"D\u00e9monstration d\u00e9clin\u00e9e\",\"isPartOf\":{\"@id\":\"https:\/\/bookingkit.com\/#website\"},\"primaryImageOfPage\":{\"@id\":\"https:\/\/bookingkit.com\/demo-declined\/#primaryimage\"},\"image\":{\"@id\":\"https:\/\/bookingkit.com\/demo-declined\/#primaryimage\"},\"thumbnailUrl\":\"https:\/\/bookingkit.com\/wp-content\/uploads\/2022\/06\/bk-graphic-012-2.png\",\"datePublished\":\"2022-11-15T17:19:42+00:00\",\"dateModified\":\"2022-11-30T14:18:42+00:00\",\"description\":\"Ce n'est pas vous. C'est nous. Il semble que nos services ne soient pas les plus adapt\u00e9s \u00e0 votre entreprise. Apprenez ici pourquoi.\",\"breadcrumb\":{\"@id\":\"https:\/\/bookingkit.com\/demo-declined\/#breadcrumb\"},\"inLanguage\":\"fr-FR\",\"potentialAction\":[{\"@type\":\"ReadAction\",\"target\":[\"https:\/\/bookingkit.com\/demo-declined\/\"]}]},{\"@type\":\"ImageObject\",\"inLanguage\":\"fr-FR\",\"@id\":\"https:\/\/bookingkit.com\/demo-declined\/#primaryimage\",\"url\":\"https:\/\/bookingkit.com\/wp-content\/uploads\/2022\/06\/bk-graphic-012-2.png\",\"contentUrl\":\"https:\/\/bookingkit.com\/wp-content\/uploads\/2022\/06\/bk-graphic-012-2.png\",\"width\":2429,\"height\":1765},{\"@type\":\"BreadcrumbList\",\"@id\":\"https:\/\/bookingkit.com\/demo-declined\/#breadcrumb\",\"itemListElement\":[{\"@type\":\"ListItem\",\"position\":1,\"name\":\"Home\",\"item\":\"https:\/\/bookingkit.com\/fr\/\"},{\"@type\":\"ListItem\",\"position\":2,\"name\":\"D\u00e9monstration D\u00e9clin\u00e9e\"}]},{\"@type\":\"WebSite\",\"@id\":\"https:\/\/bookingkit.com\/#website\",\"url\":\"https:\/\/bookingkit.com\/\",\"name\":\"bookingkit\",\"description\":\"Booking Software for Tours &amp; Attractions\",\"potentialAction\":[{\"@type\":\"SearchAction\",\"target\":{\"@type\":\"EntryPoint\",\"urlTemplate\":\"https:\/\/bookingkit.com\/?s={search_term_string}\"},\"query-input\":{\"@type\":\"PropertyValueSpecification\",\"valueRequired\":true,\"valueName\":\"search_term_string\"}}],\"inLanguage\":\"fr-FR\"}]}<\/script>\n<!-- \/ Yoast SEO plugin. -->","yoast_head_json":{"title":"D\u00e9monstration d\u00e9clin\u00e9e","description":"Ce n'est pas vous. C'est nous. Il semble que nos services ne soient pas les plus adapt\u00e9s \u00e0 votre entreprise. Apprenez ici pourquoi.","robots":{"index":"index","follow":"follow","max-snippet":"max-snippet:-1","max-image-preview":"max-image-preview:large","max-video-preview":"max-video-preview:-1"},"canonical":"https:\/\/bookingkit.com\/demo-declined\/","og_locale":"fr_FR","og_type":"article","og_title":"D\u00e9monstration d\u00e9clin\u00e9e","og_description":"Ce n'est pas vous. C'est nous. Il semble que nos services ne soient pas les plus adapt\u00e9s \u00e0 votre entreprise. Apprenez ici pourquoi.","og_url":"https:\/\/bookingkit.com\/demo-declined\/","og_site_name":"bookingkit","article_modified_time":"2022-11-30T14:18:42+00:00","og_image":[{"width":2429,"height":1765,"url":"https:\/\/bookingkit.com\/wp-content\/uploads\/2022\/06\/bk-graphic-012-2.png","type":"image\/png"}],"twitter_card":"summary_large_image","schema":{"@context":"https:\/\/schema.org","@graph":[{"@type":"WebPage","@id":"https:\/\/bookingkit.com\/demo-declined\/","url":"https:\/\/bookingkit.com\/demo-declined\/","name":"D\u00e9monstration d\u00e9clin\u00e9e","isPartOf":{"@id":"https:\/\/bookingkit.com\/#website"},"primaryImageOfPage":{"@id":"https:\/\/bookingkit.com\/demo-declined\/#primaryimage"},"image":{"@id":"https:\/\/bookingkit.com\/demo-declined\/#primaryimage"},"thumbnailUrl":"https:\/\/bookingkit.com\/wp-content\/uploads\/2022\/06\/bk-graphic-012-2.png","datePublished":"2022-11-15T17:19:42+00:00","dateModified":"2022-11-30T14:18:42+00:00","description":"Ce n'est pas vous. C'est nous. Il semble que nos services ne soient pas les plus adapt\u00e9s \u00e0 votre entreprise. Apprenez ici pourquoi.","breadcrumb":{"@id":"https:\/\/bookingkit.com\/demo-declined\/#breadcrumb"},"inLanguage":"fr-FR","potentialAction":[{"@type":"ReadAction","target":["https:\/\/bookingkit.com\/demo-declined\/"]}]},{"@type":"ImageObject","inLanguage":"fr-FR","@id":"https:\/\/bookingkit.com\/demo-declined\/#primaryimage","url":"https:\/\/bookingkit.com\/wp-content\/uploads\/2022\/06\/bk-graphic-012-2.png","contentUrl":"https:\/\/bookingkit.com\/wp-content\/uploads\/2022\/06\/bk-graphic-012-2.png","width":2429,"height":1765},{"@type":"BreadcrumbList","@id":"https:\/\/bookingkit.com\/demo-declined\/#breadcrumb","itemListElement":[{"@type":"ListItem","position":1,"name":"Home","item":"https:\/\/bookingkit.com\/fr\/"},{"@type":"ListItem","position":2,"name":"D\u00e9monstration D\u00e9clin\u00e9e"}]},{"@type":"WebSite","@id":"https:\/\/bookingkit.com\/#website","url":"https:\/\/bookingkit.com\/","name":"bookingkit","description":"Booking Software for Tours &amp; Attractions","potentialAction":[{"@type":"SearchAction","target":{"@type":"EntryPoint","urlTemplate":"https:\/\/bookingkit.com\/?s={search_term_string}"},"query-input":{"@type":"PropertyValueSpecification","valueRequired":true,"valueName":"search_term_string"}}],"inLanguage":"fr-FR"}]}},"_links":{"self":[{"href":"https:\/\/bookingkit.com\/fr\/wp-json\/wp\/v2\/pages\/4464532","targetHints":{"allow":["GET"]}}],"collection":[{"href":"https:\/\/bookingkit.com\/fr\/wp-json\/wp\/v2\/pages"}],"about":[{"href":"https:\/\/bookingkit.com\/fr\/wp-json\/wp\/v2\/types\/page"}],"author":[{"embeddable":true,"href":"https:\/\/bookingkit.com\/fr\/wp-json\/wp\/v2\/users\/29"}],"replies":[{"embeddable":true,"href":"https:\/\/bookingkit.com\/fr\/wp-json\/wp\/v2\/comments?post=4464532"}],"version-history":[{"count":15,"href":"https:\/\/bookingkit.com\/fr\/wp-json\/wp\/v2\/pages\/4464532\/revisions"}],"predecessor-version":[{"id":4465018,"href":"https:\/\/bookingkit.com\/fr\/wp-json\/wp\/v2\/pages\/4464532\/revisions\/4465018"}],"wp:featuredmedia":[{"embeddable":true,"href":"https:\/\/bookingkit.com\/fr\/wp-json\/wp\/v2\/media\/4461832"}],"wp:attachment":[{"href":"https:\/\/bookingkit.com\/fr\/wp-json\/wp\/v2\/media?parent=4464532"}],"curies":[{"name":"wp","href":"https:\/\/api.w.org\/{rel}","templated":true}]}}