{"id":4464550,"date":"2022-11-15T17:19:47","date_gmt":"2022-11-15T17:19:47","guid":{"rendered":"https:\/\/bookingkit.com\/?page_id=4464550"},"modified":"2022-11-30T16:42:09","modified_gmt":"2022-11-30T16:42:09","slug":"demo-client","status":"publish","type":"page","link":"https:\/\/bookingkit.com\/fr\/demo-client\/","title":{"rendered":"Veuillez nous contacter par chat"},"content":{"rendered":"\n<section id=\"smb-solution-block_60d4524557f2d\" class=\"smb__solution smb-solution-block\">\n    <div class=\"container l-r\">\n        <div class=\"l-r__first l-r__right\">\n            <img decoding=\"async\" src=\"https:\/\/bookingkit.com\/wp-content\/uploads\/2022\/11\/B-1-1.png\" alt=\"solution\">\n        <\/div>\n        <div class=\"l-r__second l-r__left\">\n            <h1 class=\"h1 title-blue title-blue--black title-blue--left\">\n                Veuillez nous contacter par chat \ud83d\ude42            <\/h1>\n            <h3 class=\"h3\">\n                Il semble que vous soyez d\u00e9j\u00e0 un client bookingkit !                 \n            <\/h3>\n            <p>\n                Merci d&rsquo;avoir rempli notre formulaire \u00ab\u00a0r\u00e9server une d\u00e9monstration\u00a0\u00bb. Cependant, ce formulaire est destin\u00e9 aux clients potentiels, et \u00e0 ce stade, vous \u00eates bien plus qu&rsquo;un futur client. Vous \u00eates l&rsquo;un de nos clients pr\u00e9f\u00e9r\u00e9s ! Par cons\u00e9quent, veuillez nous contacter via le chat ci-dessous, et nous vous r\u00e9pondrons d\u00e8s que possible.             <\/p>\n                    <\/div>\n    <\/div>\n<\/section>\n<style>\n    .smb__solution__logos {\n        display: grid;\n        grid-template-columns: 1fr 1fr 1fr;\n        align-items: center;\n        gap: 25px;\n        margin-top: 5rem;\n    }\n    @media ( max-width: 768px ) {\n        .smb__solution__logos {\n            grid-template-columns: 1fr 1fr;        \n        }\n    }\n    .smb__solution_logo {\n        display: flex;\n        justify-content: center;\n        align-items: center;\n    }\n    .smb__solution__logos img {\n        width: 70%;\n    }\n<\/style>\n<script>\n    \/\/ Get all elements with the class keep_square\n    const squareElements = document.querySelectorAll('.keep_square');\n\n    \/\/ Function to keep elements as a square\n    function keepSquare(element) {\n        \/\/ Get the width of the element\n        const width = element.offsetWidth;\n        \n        \/\/ Set the height of the element to match the width\n        element.style.height = `${width}px`;\n    }\n\n    \/\/ Add event listener to window resize\n    window.addEventListener('resize', () => {\n        \/\/ Loop through each element and keep it as a square\n        squareElements.forEach((element) => {\n            keepSquare(element);\n        });\n    });\n\n    \/\/ Initialize the elements as squares\n    squareElements.forEach((element) => {\n        keepSquare(element);\n    });\n<\/script>","protected":false},"excerpt":{"rendered":"","protected":false},"author":29,"featured_media":4464727,"parent":0,"menu_order":0,"comment_status":"closed","ping_status":"closed","template":"","meta":{"_et_pb_use_builder":"","_et_pb_old_content":"","_et_gb_content_width":"","inline_featured_image":false,"footnotes":""},"class_list":["post-4464550","page","type-page","status-publish","has-post-thumbnail","hentry"],"yoast_head":"<!-- This site is optimized with the Yoast SEO plugin v26.7 - https:\/\/yoast.com\/wordpress\/plugins\/seo\/ -->\n<title>Veuillez nous contacter par chat<\/title>\n<meta name=\"description\" content=\"Oups... Il semblerait que vous soyez d\u00e9j\u00e0 un de nos clients ! Cliquez ici pour savoir quel est le moyen le plus appropri\u00e9 pour contacter bookingkit.\" \/>\n<meta name=\"robots\" content=\"index, follow, max-snippet:-1, max-image-preview:large, max-video-preview:-1\" \/>\n<link rel=\"canonical\" href=\"https:\/\/bookingkit.com\/demo-customer\/\" \/>\n<meta property=\"og:locale\" content=\"fr_FR\" \/>\n<meta property=\"og:type\" content=\"article\" \/>\n<meta property=\"og:title\" content=\"Veuillez nous contacter par chat\" \/>\n<meta property=\"og:description\" content=\"Oups... Il semblerait que vous soyez d\u00e9j\u00e0 un de nos clients ! Cliquez ici pour savoir quel est le moyen le plus appropri\u00e9 pour contacter bookingkit.\" \/>\n<meta property=\"og:url\" content=\"https:\/\/bookingkit.com\/demo-customer\/\" \/>\n<meta property=\"og:site_name\" content=\"bookingkit\" \/>\n<meta property=\"article:modified_time\" content=\"2022-11-30T16:42:09+00:00\" \/>\n<meta property=\"og:image\" content=\"https:\/\/bookingkit.com\/wp-content\/uploads\/2022\/11\/C-2.png\" \/>\n\t<meta property=\"og:image:width\" content=\"500\" \/>\n\t<meta property=\"og:image:height\" content=\"287\" \/>\n\t<meta property=\"og:image:type\" content=\"image\/png\" \/>\n<meta name=\"twitter:card\" content=\"summary_large_image\" \/>\n<script type=\"application\/ld+json\" class=\"yoast-schema-graph\">{\"@context\":\"https:\/\/schema.org\",\"@graph\":[{\"@type\":\"WebPage\",\"@id\":\"https:\/\/bookingkit.com\/demo-customer\/\",\"url\":\"https:\/\/bookingkit.com\/demo-customer\/\",\"name\":\"Veuillez nous contacter par chat\",\"isPartOf\":{\"@id\":\"https:\/\/bookingkit.com\/#website\"},\"primaryImageOfPage\":{\"@id\":\"https:\/\/bookingkit.com\/demo-customer\/#primaryimage\"},\"image\":{\"@id\":\"https:\/\/bookingkit.com\/demo-customer\/#primaryimage\"},\"thumbnailUrl\":\"https:\/\/bookingkit.com\/wp-content\/uploads\/2022\/11\/C-2.png\",\"datePublished\":\"2022-11-15T17:19:47+00:00\",\"dateModified\":\"2022-11-30T16:42:09+00:00\",\"description\":\"Oups... Il semblerait que vous soyez d\u00e9j\u00e0 un de nos clients ! Cliquez ici pour savoir quel est le moyen le plus appropri\u00e9 pour contacter bookingkit.\",\"breadcrumb\":{\"@id\":\"https:\/\/bookingkit.com\/demo-customer\/#breadcrumb\"},\"inLanguage\":\"fr-FR\",\"potentialAction\":[{\"@type\":\"ReadAction\",\"target\":[\"https:\/\/bookingkit.com\/demo-customer\/\"]}]},{\"@type\":\"ImageObject\",\"inLanguage\":\"fr-FR\",\"@id\":\"https:\/\/bookingkit.com\/demo-customer\/#primaryimage\",\"url\":\"https:\/\/bookingkit.com\/wp-content\/uploads\/2022\/11\/C-2.png\",\"contentUrl\":\"https:\/\/bookingkit.com\/wp-content\/uploads\/2022\/11\/C-2.png\",\"width\":500,\"height\":287,\"caption\":\"bookingkit banner\"},{\"@type\":\"BreadcrumbList\",\"@id\":\"https:\/\/bookingkit.com\/demo-customer\/#breadcrumb\",\"itemListElement\":[{\"@type\":\"ListItem\",\"position\":1,\"name\":\"Home\",\"item\":\"https:\/\/bookingkit.com\/fr\/\"},{\"@type\":\"ListItem\",\"position\":2,\"name\":\"Veuillez nous contacter par chat\"}]},{\"@type\":\"WebSite\",\"@id\":\"https:\/\/bookingkit.com\/#website\",\"url\":\"https:\/\/bookingkit.com\/\",\"name\":\"bookingkit\",\"description\":\"Booking Software for Tours &amp; Attractions\",\"potentialAction\":[{\"@type\":\"SearchAction\",\"target\":{\"@type\":\"EntryPoint\",\"urlTemplate\":\"https:\/\/bookingkit.com\/?s={search_term_string}\"},\"query-input\":{\"@type\":\"PropertyValueSpecification\",\"valueRequired\":true,\"valueName\":\"search_term_string\"}}],\"inLanguage\":\"fr-FR\"}]}<\/script>\n<!-- \/ Yoast SEO plugin. -->","yoast_head_json":{"title":"Veuillez nous contacter par chat","description":"Oups... Il semblerait que vous soyez d\u00e9j\u00e0 un de nos clients ! Cliquez ici pour savoir quel est le moyen le plus appropri\u00e9 pour contacter bookingkit.","robots":{"index":"index","follow":"follow","max-snippet":"max-snippet:-1","max-image-preview":"max-image-preview:large","max-video-preview":"max-video-preview:-1"},"canonical":"https:\/\/bookingkit.com\/demo-customer\/","og_locale":"fr_FR","og_type":"article","og_title":"Veuillez nous contacter par chat","og_description":"Oups... Il semblerait que vous soyez d\u00e9j\u00e0 un de nos clients ! Cliquez ici pour savoir quel est le moyen le plus appropri\u00e9 pour contacter bookingkit.","og_url":"https:\/\/bookingkit.com\/demo-customer\/","og_site_name":"bookingkit","article_modified_time":"2022-11-30T16:42:09+00:00","og_image":[{"width":500,"height":287,"url":"https:\/\/bookingkit.com\/wp-content\/uploads\/2022\/11\/C-2.png","type":"image\/png"}],"twitter_card":"summary_large_image","schema":{"@context":"https:\/\/schema.org","@graph":[{"@type":"WebPage","@id":"https:\/\/bookingkit.com\/demo-customer\/","url":"https:\/\/bookingkit.com\/demo-customer\/","name":"Veuillez nous contacter par chat","isPartOf":{"@id":"https:\/\/bookingkit.com\/#website"},"primaryImageOfPage":{"@id":"https:\/\/bookingkit.com\/demo-customer\/#primaryimage"},"image":{"@id":"https:\/\/bookingkit.com\/demo-customer\/#primaryimage"},"thumbnailUrl":"https:\/\/bookingkit.com\/wp-content\/uploads\/2022\/11\/C-2.png","datePublished":"2022-11-15T17:19:47+00:00","dateModified":"2022-11-30T16:42:09+00:00","description":"Oups... Il semblerait que vous soyez d\u00e9j\u00e0 un de nos clients ! Cliquez ici pour savoir quel est le moyen le plus appropri\u00e9 pour contacter bookingkit.","breadcrumb":{"@id":"https:\/\/bookingkit.com\/demo-customer\/#breadcrumb"},"inLanguage":"fr-FR","potentialAction":[{"@type":"ReadAction","target":["https:\/\/bookingkit.com\/demo-customer\/"]}]},{"@type":"ImageObject","inLanguage":"fr-FR","@id":"https:\/\/bookingkit.com\/demo-customer\/#primaryimage","url":"https:\/\/bookingkit.com\/wp-content\/uploads\/2022\/11\/C-2.png","contentUrl":"https:\/\/bookingkit.com\/wp-content\/uploads\/2022\/11\/C-2.png","width":500,"height":287,"caption":"bookingkit banner"},{"@type":"BreadcrumbList","@id":"https:\/\/bookingkit.com\/demo-customer\/#breadcrumb","itemListElement":[{"@type":"ListItem","position":1,"name":"Home","item":"https:\/\/bookingkit.com\/fr\/"},{"@type":"ListItem","position":2,"name":"Veuillez nous contacter par chat"}]},{"@type":"WebSite","@id":"https:\/\/bookingkit.com\/#website","url":"https:\/\/bookingkit.com\/","name":"bookingkit","description":"Booking Software for Tours &amp; Attractions","potentialAction":[{"@type":"SearchAction","target":{"@type":"EntryPoint","urlTemplate":"https:\/\/bookingkit.com\/?s={search_term_string}"},"query-input":{"@type":"PropertyValueSpecification","valueRequired":true,"valueName":"search_term_string"}}],"inLanguage":"fr-FR"}]}},"_links":{"self":[{"href":"https:\/\/bookingkit.com\/fr\/wp-json\/wp\/v2\/pages\/4464550","targetHints":{"allow":["GET"]}}],"collection":[{"href":"https:\/\/bookingkit.com\/fr\/wp-json\/wp\/v2\/pages"}],"about":[{"href":"https:\/\/bookingkit.com\/fr\/wp-json\/wp\/v2\/types\/page"}],"author":[{"embeddable":true,"href":"https:\/\/bookingkit.com\/fr\/wp-json\/wp\/v2\/users\/29"}],"replies":[{"embeddable":true,"href":"https:\/\/bookingkit.com\/fr\/wp-json\/wp\/v2\/comments?post=4464550"}],"version-history":[{"count":13,"href":"https:\/\/bookingkit.com\/fr\/wp-json\/wp\/v2\/pages\/4464550\/revisions"}],"predecessor-version":[{"id":4465017,"href":"https:\/\/bookingkit.com\/fr\/wp-json\/wp\/v2\/pages\/4464550\/revisions\/4465017"}],"wp:featuredmedia":[{"embeddable":true,"href":"https:\/\/bookingkit.com\/fr\/wp-json\/wp\/v2\/media\/4464727"}],"wp:attachment":[{"href":"https:\/\/bookingkit.com\/fr\/wp-json\/wp\/v2\/media?parent=4464550"}],"curies":[{"name":"wp","href":"https:\/\/api.w.org\/{rel}","templated":true}]}}