{"id":4447946,"date":"2021-05-10T01:38:08","date_gmt":"2021-05-10T01:38:08","guid":{"rendered":"http:\/\/bookingkit.com\/small-business\/"},"modified":"2024-05-29T12:07:25","modified_gmt":"2024-05-29T12:07:25","slug":"pmi","status":"publish","type":"page","link":"https:\/\/bookingkit.com\/it\/pmi\/","title":{"rendered":"PMI Turistiche"},"content":{"rendered":"\n<section id=\"smb-solution-block_60d4524557f2d\" class=\"smb__solution smb-solution-block\">\n    <div class=\"container l-r\">\n        <div class=\"l-r__first l-r__right\">\n            <img decoding=\"async\" src=\"https:\/\/bookingkit.com\/wp-content\/uploads\/2021\/06\/Kickstart-your-offer.png\" alt=\"solution\">\n        <\/div>\n        <div class=\"l-r__second l-r__left\">\n            <h1 class=\"h1 title-blue title-blue--black title-blue--left\">\n                Lancia la tua offerta nel mondo digitale            <\/h1>\n            <h3 class=\"h3\">\n                Soluzione di prenotazione veloce, semplice e potente, destinata agli operatori del turismo e del tempo libero                \n            <\/h3>\n            <p>\n                Il nostro sistema di prenotazione online \u00e8 il punto di partenza perfetto per i piccoli o medi operatori di recente costituzione che desiderano vendere biglietti e voucher online e semplificare le loro operazioni in modo semplice ed economico. \r\n<br><\/br>\r\nbookingkit gestisce tutte le vendite da un unico account centralizzato, sia che siano state effettuate tramite il sito web, i canali dei social media o i canali di marketing come le OTA.\r\n<br><\/br>\r\nDalla creazione delle esperienze, all&#8217;integrazione del sistema di checkout sul sito, tutti i processi sono intuitivi e possono essere eseguiti rapidamente anche senza una conoscenza da programmatore. E con la gestione trasparente, hai sempre tutto in vista, puoi ottimizzare le tue vendite e preparare la contabilit\u00e0.\r\n            <\/p>\n                    <\/div>\n    <\/div>\n<\/section>\n<style>\n    .smb__solution__logos {\n        display: grid;\n        grid-template-columns: 1fr 1fr 1fr;\n        align-items: center;\n        gap: 25px;\n        margin-top: 5rem;\n    }\n    @media ( max-width: 768px ) {\n        .smb__solution__logos {\n            grid-template-columns: 1fr 1fr;        \n        }\n    }\n    .smb__solution_logo {\n        display: flex;\n        justify-content: center;\n        align-items: center;\n    }\n    .smb__solution__logos img {\n        width: 70%;\n    }\n<\/style>\n<script>\n    \/\/ Get all elements with the class keep_square\n    const squareElements = document.querySelectorAll('.keep_square');\n\n    \/\/ Function to keep elements as a square\n    function keepSquare(element) {\n        \/\/ Get the width of the element\n        const width = element.offsetWidth;\n        \n        \/\/ Set the height of the element to match the width\n        element.style.height = `${width}px`;\n    }\n\n    \/\/ Add event listener to window resize\n    window.addEventListener('resize', () => {\n        \/\/ Loop through each element and keep it as a square\n        squareElements.forEach((element) => {\n            keepSquare(element);\n        });\n    });\n\n    \/\/ Initialize the elements as squares\n    squareElements.forEach((element) => {\n        keepSquare(element);\n    });\n<\/script>\n\n\n<section id=\"smb-customers-block_60d4525c57f2e\" class=\"smb__customers smb-customers-block\" style=\"\">\n    <div class=\"container\">\n        <h2 class=\"h2 title-blue title-blue--center\">\n            Unisciti ai nostri clienti soddisfatti:        <\/h2>\n                <div class=\"splide splide_small splide__tips \n        \">\n            <div class=\"splide__track\">\n                <ul class=\"splide__list\">\n                                \n                                                                \n                            <li class=\"splide__slide single\">\n                                <div class=\"single__img\">     \n                                                                   \n                                    <a   target=\"\">\n                                        <img decoding=\"async\" src=\"https:\/\/bookingkit.com\/wp-content\/uploads\/2021\/07\/Pantheon@2x.png\" alt=\"customer\">\n                                    <\/a>                                    \n                                <\/div>\n                            <\/li>               \n                                                                \n                            <li class=\"splide__slide single\">\n                                <div class=\"single__img\">     \n                                                                   \n                                    <a   target=\"\">\n                                        <img decoding=\"async\" src=\"https:\/\/bookingkit.com\/wp-content\/uploads\/2021\/07\/Blue-Sea-Charter@2x.png\" alt=\"customer\">\n                                    <\/a>                                    \n                                <\/div>\n                            <\/li>               \n                                                                \n                            <li class=\"splide__slide single\">\n                                <div class=\"single__img\">     \n                                                                   \n                                    <a   target=\"\">\n                                        <img decoding=\"async\" src=\"https:\/\/bookingkit.com\/wp-content\/uploads\/2021\/07\/Le-cantine-de-Il-Borro@2x.png\" alt=\"customer\">\n                                    <\/a>                                    \n                                <\/div>\n                            <\/li>               \n                                                                \n                            <li class=\"splide__slide single\">\n                                <div class=\"single__img\">     \n                                                                   \n                                    <a   target=\"\">\n                                        <img decoding=\"async\" src=\"https:\/\/bookingkit.com\/wp-content\/uploads\/2021\/07\/Air-Service-Berlin@2x.png\" alt=\"customer\">\n                                    <\/a>                                    \n                                <\/div>\n                            <\/li>               \n                                                                \n                            <li class=\"splide__slide single\">\n                                <div class=\"single__img\">     \n                                                                   \n                                    <a   target=\"\">\n                                        <img decoding=\"async\" src=\"https:\/\/bookingkit.com\/wp-content\/uploads\/2021\/07\/The-Viking-Museum@2x.png\" alt=\"customer\">\n                                    <\/a>                                    \n                                <\/div>\n                            <\/li>               \n                                                               \n                <\/ul>\n            <\/div>\n        <\/div>\n    <\/div>\n<\/section>\n\n\n<section id=\"smb-benefits-block_60d4527d57f31\" class=\"smb__benefits smb-benefits-block\">\n    <div class=\"container l-r\">\n        <div class=\"l-r__first l-r__right\">\n            <img decoding=\"async\" src=\"https:\/\/bookingkit.com\/wp-content\/uploads\/2021\/06\/shop_order-1.gif\" alt=\"benefits\">\n        <\/div>\n        <div class=\"l-r__second l-r__left l-r__center\">\n            <h3 class=\"h3\"><b>\n                La perfetta promozione digitale per incrementare la vendita di biglietti            <\/b><\/h3>\n            <p>\n                Scopri i vantaggi pi\u00f9 importanti di bookingkit per tutti gli aspetti del tuo business.            <\/p>                    \n        <\/div>\n    <\/div>\n    <div class=\"container\">\n        <div class=\"benefits-con\">\n                        \n                                                        \n                    <article>\n                        <div>\n                            <img decoding=\"async\" src=\"https:\/\/bookingkit.com\/wp-content\/uploads\/2021\/06\/Easy-set-up.svg\" alt=\"icon\">\n                            <h5 class=\"h5\">Configurazione semplice e veloce<\/h5>\n                        <\/div>\n                        <p>\n                            Vendi online i tuoi biglietti e consenti di prenotarli 24 ore su 24, 7 giorni su 7, ovunque e su qualsiasi dispositivo, grazie al nostro checkout ottimizzato per la conversione.                        <\/p>\n                    <\/article>\n                                                        \n                    <article>\n                        <div>\n                            <img decoding=\"async\" src=\"https:\/\/bookingkit.com\/wp-content\/uploads\/2021\/06\/HP-_grow-your-reach-A.svg\" alt=\"icon\">\n                            <h5 class=\"h5\">Allarga il tuo raggio d&#8217;azione<\/h5>\n                        <\/div>\n                        <p>\n                            Vendi la tua esperienza sui pi\u00f9 importanti canali di marketing regionali e internazionali, gestiti centralmente tramite il tuo bookingkit e attivati con un paio di semplici passaggi.                        <\/p>\n                    <\/article>\n                                                        \n                    <article>\n                        <div>\n                            <img decoding=\"async\" src=\"https:\/\/bookingkit.com\/wp-content\/uploads\/2021\/06\/set2_resource-mgmt-1.svg\" alt=\"icon\">\n                            <h5 class=\"h5\">Gestione intuitiva delle prenotazioni<\/h5>\n                        <\/div>\n                        <p>\n                            Puoi tenere traccia di tutte le prenotazioni e delle transazioni direttamente sul tuo bookingkit, mentre sincronizzi automaticamente le tue disponibilit\u00e0 su tutti i calendari e i canali di marketing.                        <\/p>\n                    <\/article>\n                                    <\/div>\n    <\/div>\n<\/section>\n\n\n<section id=\"smb-happy-customers-block_60d452a057f33\" class=\"smb__happy-customers smb-happy-customers-block\" style=\"\">\n    <div class=\"container\">\n        <h2 class=\"h2 title-blue\">\n            I nostri clienti soddisfatti dicono di noi:        <\/h2>\n        <div class=\"l-r\">\n            <div class=\"splide l-r__right\" id=\"splide-customers__top\">\n                <div class=\"splide__track\">\n                    <ul class=\"splide__list\">\n                                    \n                                                                    \n                                <li class=\"splide__slide single\">\n                                    <div>\n                                        <h5 class=\"h5\"><b>\n                                            &#8220;Grazie a bookingkit siamo in grado di offrire pi\u00f9 date disponibili per i tour del nostro birrificio, il che \u00e8 fantastico!                                        <\/b><\/h5>\n                                        <p>\n                                            Grazie all\u2019integrazione con bookingkit possiamo connetterci a molteplici piattaforme di marketing utilizzando un\u2019unica API. Questo ci permette di risparmiare tempo e denaro. Inoltre, tutte le attivit\u00e0 operative sono automatizzate e questo elimina il lavoro manuale a nostro carico. E, come se questo non bastasse, il volume delle nostre vendite \u00e8 in continua crescita! Non vediamo l&#8217;ora di collaborare con altri canali di vendita online e raggiungere nuovi mercati!&#8221;                                        <\/p>\n                                        <h5 class=\"h5\"><b>\n                                            \u0160imon Lu\u0148\u00e1k                                        <\/b><\/h5>\n                                        <p>\n                                            Responsabile Marketing di C&#038;H Department, Plze\u0148sk\u00fd Prazdroj                                        <\/p>\n                                    <\/div>\n                                    <div>\n                                        <a \n                                                                                target=\"\">\n                                        <img decoding=\"async\" src=\"https:\/\/bookingkit.com\/wp-content\/uploads\/2024\/01\/prazdroj.png\" alt=\"customer\">\n                                        <\/a>\n                                    <\/div>\n                                <\/li>\n                                                                  \n                                                                            \n                    <\/ul>\n                <\/div>\n            <\/div>                \n            \n        <\/div>\n                    <a href=\"https:\/\/bookingkit.com\/it\/richiedi-una-demo\/\" class=\"button book-a-demo\" target=\"_blank\" rel=\"noopener noreferrer\">Richiedi una Demo<\/a>\n            <\/div>\n<\/section>\n\n\n<section id=\"smb-bottom-block_60d452e657f37\" class=\"smb__bottom smb-bottom-block\">\n    <div class=\"container\">\n        <h2 class=\"h2 title-blue title-blue--center\">\n            Stai cercando una soluzione aziendale?        <\/h2>\n        <h4 class=\"h4\">\n            Per gli operatori di grandi dimensioni, offriamo un&#8217;ampia gamma di funzionalit\u00e0, integrazioni e opzioni di personalizzazione aggiuntive!        <\/h4>\n                    <a href=\"https:\/\/bookingkit.com\/it\/enterprise\/\" target=\"\" class=\"button button--mono\">\n                <p>\n                    Per saperne di pi\u00f9                <\/p>\n            <\/a>\n            <\/div>\n<\/section>","protected":false},"excerpt":{"rendered":"","protected":false},"author":1,"featured_media":4446461,"parent":0,"menu_order":0,"comment_status":"closed","ping_status":"closed","template":"","meta":{"_et_pb_use_builder":"","_et_pb_old_content":"","_et_gb_content_width":"","inline_featured_image":false,"footnotes":""},"class_list":["post-4447946","page","type-page","status-publish","has-post-thumbnail","hentry"],"yoast_head":"<!-- This site is optimized with the Yoast SEO plugin v26.7 - https:\/\/yoast.com\/wordpress\/plugins\/seo\/ -->\n<title>Il software di prenotazione online perfetto per le PMI Turistiche | bookingkit<\/title>\n<meta name=\"description\" content=\"bookingkit \u00e8 il software di prenotazione online perfetto per le PMI Turistiche per aumentare prenotazioni dirette e vendite.\" \/>\n<meta name=\"robots\" content=\"index, follow, max-snippet:-1, max-image-preview:large, max-video-preview:-1\" \/>\n<link rel=\"canonical\" href=\"https:\/\/bookingkit.com\/it\/pmi\/\" \/>\n<meta property=\"og:locale\" content=\"it_IT\" \/>\n<meta property=\"og:type\" content=\"article\" \/>\n<meta property=\"og:title\" content=\"Il software di prenotazione online perfetto per le PMI Turistiche | bookingkit\" \/>\n<meta property=\"og:description\" content=\"bookingkit \u00e8 il software di prenotazione online perfetto per le PMI Turistiche per aumentare prenotazioni dirette e vendite.\" \/>\n<meta property=\"og:url\" content=\"https:\/\/bookingkit.com\/it\/pmi\/\" \/>\n<meta property=\"og:site_name\" content=\"bookingkit\" \/>\n<meta property=\"article:modified_time\" content=\"2024-05-29T12:07:25+00:00\" \/>\n<meta property=\"og:image\" content=\"https:\/\/bookingkit.com\/wp-content\/uploads\/2021\/06\/header_1392193994-scaled.jpg\" \/>\n\t<meta property=\"og:image:width\" content=\"2560\" \/>\n\t<meta property=\"og:image:height\" content=\"1707\" \/>\n\t<meta property=\"og:image:type\" content=\"image\/jpeg\" \/>\n<meta name=\"twitter:card\" content=\"summary_large_image\" \/>\n<script type=\"application\/ld+json\" class=\"yoast-schema-graph\">{\"@context\":\"https:\/\/schema.org\",\"@graph\":[{\"@type\":\"WebPage\",\"@id\":\"https:\/\/bookingkit.com\/it\/pmi\/\",\"url\":\"https:\/\/bookingkit.com\/it\/pmi\/\",\"name\":\"Il software di prenotazione online perfetto per le PMI Turistiche | bookingkit\",\"isPartOf\":{\"@id\":\"https:\/\/bookingkit.com\/#website\"},\"primaryImageOfPage\":{\"@id\":\"https:\/\/bookingkit.com\/it\/pmi\/#primaryimage\"},\"image\":{\"@id\":\"https:\/\/bookingkit.com\/it\/pmi\/#primaryimage\"},\"thumbnailUrl\":\"https:\/\/bookingkit.com\/wp-content\/uploads\/2021\/06\/header_1392193994-scaled.jpg\",\"datePublished\":\"2021-05-10T01:38:08+00:00\",\"dateModified\":\"2024-05-29T12:07:25+00:00\",\"description\":\"bookingkit \u00e8 il software di prenotazione online perfetto per le PMI Turistiche per aumentare prenotazioni dirette e vendite.\",\"breadcrumb\":{\"@id\":\"https:\/\/bookingkit.com\/it\/pmi\/#breadcrumb\"},\"inLanguage\":\"it-IT\",\"potentialAction\":[{\"@type\":\"ReadAction\",\"target\":[\"https:\/\/bookingkit.com\/it\/pmi\/\"]}]},{\"@type\":\"ImageObject\",\"inLanguage\":\"it-IT\",\"@id\":\"https:\/\/bookingkit.com\/it\/pmi\/#primaryimage\",\"url\":\"https:\/\/bookingkit.com\/wp-content\/uploads\/2021\/06\/header_1392193994-scaled.jpg\",\"contentUrl\":\"https:\/\/bookingkit.com\/wp-content\/uploads\/2021\/06\/header_1392193994-scaled.jpg\",\"width\":2560,\"height\":1707,\"caption\":\"Waitress Serving Group Of Friends Beer Tasting In Bar\"},{\"@type\":\"BreadcrumbList\",\"@id\":\"https:\/\/bookingkit.com\/it\/pmi\/#breadcrumb\",\"itemListElement\":[{\"@type\":\"ListItem\",\"position\":1,\"name\":\"Home\",\"item\":\"https:\/\/bookingkit.com\/it\/\"},{\"@type\":\"ListItem\",\"position\":2,\"name\":\"PMI Turistiche\"}]},{\"@type\":\"WebSite\",\"@id\":\"https:\/\/bookingkit.com\/#website\",\"url\":\"https:\/\/bookingkit.com\/\",\"name\":\"bookingkit\",\"description\":\"Booking Software for Tours &amp; Attractions\",\"potentialAction\":[{\"@type\":\"SearchAction\",\"target\":{\"@type\":\"EntryPoint\",\"urlTemplate\":\"https:\/\/bookingkit.com\/?s={search_term_string}\"},\"query-input\":{\"@type\":\"PropertyValueSpecification\",\"valueRequired\":true,\"valueName\":\"search_term_string\"}}],\"inLanguage\":\"it-IT\"}]}<\/script>\n<!-- \/ Yoast SEO plugin. -->","yoast_head_json":{"title":"Il software di prenotazione online perfetto per le PMI Turistiche | bookingkit","description":"bookingkit \u00e8 il software di prenotazione online perfetto per le PMI Turistiche per aumentare prenotazioni dirette e vendite.","robots":{"index":"index","follow":"follow","max-snippet":"max-snippet:-1","max-image-preview":"max-image-preview:large","max-video-preview":"max-video-preview:-1"},"canonical":"https:\/\/bookingkit.com\/it\/pmi\/","og_locale":"it_IT","og_type":"article","og_title":"Il software di prenotazione online perfetto per le PMI Turistiche | bookingkit","og_description":"bookingkit \u00e8 il software di prenotazione online perfetto per le PMI Turistiche per aumentare prenotazioni dirette e vendite.","og_url":"https:\/\/bookingkit.com\/it\/pmi\/","og_site_name":"bookingkit","article_modified_time":"2024-05-29T12:07:25+00:00","og_image":[{"width":2560,"height":1707,"url":"https:\/\/bookingkit.com\/wp-content\/uploads\/2021\/06\/header_1392193994-scaled.jpg","type":"image\/jpeg"}],"twitter_card":"summary_large_image","schema":{"@context":"https:\/\/schema.org","@graph":[{"@type":"WebPage","@id":"https:\/\/bookingkit.com\/it\/pmi\/","url":"https:\/\/bookingkit.com\/it\/pmi\/","name":"Il software di prenotazione online perfetto per le PMI Turistiche | bookingkit","isPartOf":{"@id":"https:\/\/bookingkit.com\/#website"},"primaryImageOfPage":{"@id":"https:\/\/bookingkit.com\/it\/pmi\/#primaryimage"},"image":{"@id":"https:\/\/bookingkit.com\/it\/pmi\/#primaryimage"},"thumbnailUrl":"https:\/\/bookingkit.com\/wp-content\/uploads\/2021\/06\/header_1392193994-scaled.jpg","datePublished":"2021-05-10T01:38:08+00:00","dateModified":"2024-05-29T12:07:25+00:00","description":"bookingkit \u00e8 il software di prenotazione online perfetto per le PMI Turistiche per aumentare prenotazioni dirette e vendite.","breadcrumb":{"@id":"https:\/\/bookingkit.com\/it\/pmi\/#breadcrumb"},"inLanguage":"it-IT","potentialAction":[{"@type":"ReadAction","target":["https:\/\/bookingkit.com\/it\/pmi\/"]}]},{"@type":"ImageObject","inLanguage":"it-IT","@id":"https:\/\/bookingkit.com\/it\/pmi\/#primaryimage","url":"https:\/\/bookingkit.com\/wp-content\/uploads\/2021\/06\/header_1392193994-scaled.jpg","contentUrl":"https:\/\/bookingkit.com\/wp-content\/uploads\/2021\/06\/header_1392193994-scaled.jpg","width":2560,"height":1707,"caption":"Waitress Serving Group Of Friends Beer Tasting In Bar"},{"@type":"BreadcrumbList","@id":"https:\/\/bookingkit.com\/it\/pmi\/#breadcrumb","itemListElement":[{"@type":"ListItem","position":1,"name":"Home","item":"https:\/\/bookingkit.com\/it\/"},{"@type":"ListItem","position":2,"name":"PMI Turistiche"}]},{"@type":"WebSite","@id":"https:\/\/bookingkit.com\/#website","url":"https:\/\/bookingkit.com\/","name":"bookingkit","description":"Booking Software for Tours &amp; Attractions","potentialAction":[{"@type":"SearchAction","target":{"@type":"EntryPoint","urlTemplate":"https:\/\/bookingkit.com\/?s={search_term_string}"},"query-input":{"@type":"PropertyValueSpecification","valueRequired":true,"valueName":"search_term_string"}}],"inLanguage":"it-IT"}]}},"_links":{"self":[{"href":"https:\/\/bookingkit.com\/it\/wp-json\/wp\/v2\/pages\/4447946","targetHints":{"allow":["GET"]}}],"collection":[{"href":"https:\/\/bookingkit.com\/it\/wp-json\/wp\/v2\/pages"}],"about":[{"href":"https:\/\/bookingkit.com\/it\/wp-json\/wp\/v2\/types\/page"}],"author":[{"embeddable":true,"href":"https:\/\/bookingkit.com\/it\/wp-json\/wp\/v2\/users\/1"}],"replies":[{"embeddable":true,"href":"https:\/\/bookingkit.com\/it\/wp-json\/wp\/v2\/comments?post=4447946"}],"version-history":[{"count":23,"href":"https:\/\/bookingkit.com\/it\/wp-json\/wp\/v2\/pages\/4447946\/revisions"}],"predecessor-version":[{"id":4473688,"href":"https:\/\/bookingkit.com\/it\/wp-json\/wp\/v2\/pages\/4447946\/revisions\/4473688"}],"wp:featuredmedia":[{"embeddable":true,"href":"https:\/\/bookingkit.com\/it\/wp-json\/wp\/v2\/media\/4446461"}],"wp:attachment":[{"href":"https:\/\/bookingkit.com\/it\/wp-json\/wp\/v2\/media?parent=4447946"}],"curies":[{"name":"wp","href":"https:\/\/api.w.org\/{rel}","templated":true}]}}