{"id":4447964,"date":"2021-07-15T12:22:36","date_gmt":"2021-07-15T12:22:36","guid":{"rendered":"http:\/\/bookingkit.com\/enterprise\/"},"modified":"2025-02-19T11:52:52","modified_gmt":"2025-02-19T11:52:52","slug":"grandi-fornitori-multinazionali","status":"publish","type":"page","link":"https:\/\/bookingkit.com\/it\/grandi-fornitori-multinazionali\/","title":{"rendered":"Enterprise &#8211; bookingkit I Suite di prenotazione per grandi fornitori multinazionali"},"content":{"rendered":"\n<section id=\"smb-solution-block_60ebf46a59a71\" class=\"smb__solution smb-solution-block\">\n    <div class=\"container l-r\">\n        <div class=\"l-r__first l-r__right\">\n            <img decoding=\"async\" src=\"https:\/\/bookingkit.com\/wp-content\/uploads\/2021\/07\/Established.png\" alt=\"solution\">\n        <\/div>\n        <div class=\"l-r__second l-r__left\">\n            <h1 class=\"h1 title-blue title-blue--black title-blue--left\">\n                Solidit\u00e0, innovazione e avanguardia            <\/h1>\n            <h3 class=\"h3\">\n                Le basi per la tua strategia di crescita                \n            <\/h3>\n            <p>\n                Il software professionale di bookingkit offre alle aziende nel settore delle attivit\u00e0 ricreative, delle attrazioni e dei tour una struttura solida ma agile per sviluppare la vendita di biglietti digitali.\r\n<br><\/br>\r\nOltre all&#8217;integrazione senza problemi con canali di vendita, sistemi di accesso, metodi di pagamento e sistemi CRM, bookingkit offre una rete di vendita scalabile in modo dinamico, connessa direttamente alle pi\u00f9 importanti piattaforme OTA internazionali, garantendo cos\u00ec l&#8217;accesso a pi\u00f9 di 360 milioni di potenziali clienti.\r\n<br><\/br>\r\nbookingkit unisce anche tutti gli ambiti di potenziale vendita dei biglietti in un&#8217;unica interfaccia, da strutture di rivendita pre-impostate o nuove, a strutture online\/offline o in sede e fuori sede.\r\n            <\/p>\n                    <\/div>\n    <\/div>\n<\/section>\n<style>\n    .smb__solution__logos {\n        display: grid;\n        grid-template-columns: 1fr 1fr 1fr;\n        align-items: center;\n        gap: 25px;\n        margin-top: 5rem;\n    }\n    @media ( max-width: 768px ) {\n        .smb__solution__logos {\n            grid-template-columns: 1fr 1fr;        \n        }\n    }\n    .smb__solution_logo {\n        display: flex;\n        justify-content: center;\n        align-items: center;\n    }\n    .smb__solution__logos img {\n        width: 70%;\n    }\n<\/style>\n<script>\n    \/\/ Get all elements with the class keep_square\n    const squareElements = document.querySelectorAll('.keep_square');\n\n    \/\/ Function to keep elements as a square\n    function keepSquare(element) {\n        \/\/ Get the width of the element\n        const width = element.offsetWidth;\n        \n        \/\/ Set the height of the element to match the width\n        element.style.height = `${width}px`;\n    }\n\n    \/\/ Add event listener to window resize\n    window.addEventListener('resize', () => {\n        \/\/ Loop through each element and keep it as a square\n        squareElements.forEach((element) => {\n            keepSquare(element);\n        });\n    });\n\n    \/\/ Initialize the elements as squares\n    squareElements.forEach((element) => {\n        keepSquare(element);\n    });\n<\/script>\n\n\n<section id=\"smb-customers-block_60ebf47859a72\" class=\"smb__customers smb-customers-block\" style=\"\">\n    <div class=\"container\">\n        <h2 class=\"h2 title-blue title-blue--center\">\n            Queste aziende si fidano di bookingkit:        <\/h2>\n                <div class=\"splide splide_small splide__tips \n        \">\n            <div class=\"splide__track\">\n                <ul class=\"splide__list\">\n                                \n                                                                \n                            <li class=\"splide__slide single\">\n                                <div class=\"single__img\">     \n                                                                   \n                                    <a   target=\"\">\n                                        <img decoding=\"async\" src=\"https:\/\/bookingkit.com\/wp-content\/uploads\/2021\/07\/isola-del-garda@2x-1.png\" alt=\"customer\">\n                                    <\/a>                                    \n                                <\/div>\n                            <\/li>               \n                                                                \n                            <li class=\"splide__slide single\">\n                                <div class=\"single__img\">     \n                                                                   \n                                    <a   target=\"\">\n                                        <img decoding=\"async\" src=\"https:\/\/bookingkit.com\/wp-content\/uploads\/2021\/07\/Time-Ride@2x.png\" alt=\"customer\">\n                                    <\/a>                                    \n                                <\/div>\n                            <\/li>               \n                                                                \n                            <li class=\"splide__slide single\">\n                                <div class=\"single__img\">     \n                                                                   \n                                    <a   target=\"\">\n                                        <img decoding=\"async\" src=\"https:\/\/bookingkit.com\/wp-content\/uploads\/2021\/07\/Swarowski-copy.png\" alt=\"customer\">\n                                    <\/a>                                    \n                                <\/div>\n                            <\/li>               \n                                                                \n                            <li class=\"splide__slide single\">\n                                <div class=\"single__img\">     \n                                                                   \n                                    <a   target=\"\">\n                                        <img decoding=\"async\" src=\"https:\/\/bookingkit.com\/wp-content\/uploads\/2022\/11\/Pantheon@2x-copy.webp\" alt=\"customer\">\n                                    <\/a>                                    \n                                <\/div>\n                            <\/li>               \n                                                                \n                            <li class=\"splide__slide single\">\n                                <div class=\"single__img\">     \n                                                                   \n                                    <a   target=\"\">\n                                        <img decoding=\"async\" src=\"https:\/\/bookingkit.com\/wp-content\/uploads\/2025\/02\/sm.png\" alt=\"customer\">\n                                    <\/a>                                    \n                                <\/div>\n                            <\/li>               \n                                                               \n                <\/ul>\n            <\/div>\n        <\/div>\n    <\/div>\n<\/section>\n\n\n<section id=\"feature-growth-block_60ebf4c959a73\" class=\"post-feature__growth feature-growth\">\n    <div class=\"container l-r\">\n        <div class=\"l-r__first l-r__left\">\n            <img loading=\"lazy\" decoding=\"async\" width=\"691\" height=\"319\" src=\"https:\/\/bookingkit.com\/wp-content\/uploads\/2021\/07\/shutterstock_1609261321-e1626881049341.jpg\" class=\"attachment-large size-large\" alt=\"AI Automation\" srcset=\"https:\/\/bookingkit.com\/wp-content\/uploads\/2021\/07\/shutterstock_1609261321-e1626881049341.jpg 691w, https:\/\/bookingkit.com\/wp-content\/uploads\/2021\/07\/shutterstock_1609261321-e1626881049341-300x138.jpg 300w\" sizes=\"auto, (max-width: 691px) 100vw, 691px\" \/>        <\/div>\n        <div class=\"l-r__second l-r__right l-r__center\">\n                    <h3 class=\"h3\"><b>\n                Unificare competenze e sviluppare sinergie            <\/b><\/h3>\n                                    <p>\n                Ulteriori informazioni sui vantaggi chiave delle soluzioni di bookingkit per i tuoi tour, le tue attivit\u00e0 o le tue attrazioni.            <\/p>\n                    <\/div>\n    <\/div>\n    <div class=\"container\">\n                        <div class=\"feature feature--expandable \n                \">\n            <div class=\"feature__top\">\n                <img decoding=\"async\" src=\"https:\/\/bookingkit.com\/wp-content\/uploads\/2021\/07\/Fast-implementation-and-integration-into-existing-systems.svg\" alt=\"\">\n                <img decoding=\"async\" class=\"arrow\" src=\"https:\/\/bookingkit.com\/wp-content\/themes\/bookingkit\/dist\/img\/guides\/arrow.svg\" alt=\"\">\n            <\/div>\n            <div class=\"feature__bottom\">\n                <p>\n                    Rapida implementazione e integrazione nei sistemi esistenti\r\n                    <br><br>\n                                            Grazie a un agile team di sviluppatori molto esperti, siamo in grado di implementare progetti per aziende nel minor tempo possibile. L&#8217;API di bookingkit \u00e8 aperta e abbastanza flessibile da poter integrare il sistema di prenotazione con le tue soluzioni esistenti, lasciando in questo modo spazio alla creativit\u00e0 in termini di adattamento tecnico e di progettazione.                                    <\/p>\n                <img decoding=\"async\" class=\"arrow\" src=\"https:\/\/bookingkit.com\/wp-content\/themes\/bookingkit\/dist\/img\/guides\/arrow.svg\" alt=\"\">\n            <\/div>\n        <\/div>\n                <div class=\"feature feature--expandable \n                \">\n            <div class=\"feature__top\">\n                <img decoding=\"async\" src=\"https:\/\/bookingkit.com\/wp-content\/uploads\/2021\/07\/Consolidation-of-all-sales-channels.svg\" alt=\"\">\n                <img decoding=\"async\" class=\"arrow\" src=\"https:\/\/bookingkit.com\/wp-content\/themes\/bookingkit\/dist\/img\/guides\/arrow.svg\" alt=\"\">\n            <\/div>\n            <div class=\"feature__bottom\">\n                <p>\n                    Consolidamento di tutti i canali di vendita                    <br><br>\n                                            Indipendentemente dalla provenienza della prenotazione di biglietti, che sia online, in movimento, in sede alla cassa, in un&#8217;agenzia di viaggi o presso un rivenditore affiliato, bookingkit mette insieme tutti i canali di vendita in una dashboard centralizzata: ottimale per controllare e analizzare, ad esempio, i flussi di visitatori, la gestione della capienza o il tracciamento dei contatti.                                    <\/p>\n                <img decoding=\"async\" class=\"arrow\" src=\"https:\/\/bookingkit.com\/wp-content\/themes\/bookingkit\/dist\/img\/guides\/arrow.svg\" alt=\"\">\n            <\/div>\n        <\/div>\n                <div class=\"feature feature--expandable \n                \">\n            <div class=\"feature__top\">\n                <img decoding=\"async\" src=\"https:\/\/bookingkit.com\/wp-content\/uploads\/2021\/07\/Comprehensive-ticket-validation-and-admission-control-options.svg\" alt=\"\">\n                <img decoding=\"async\" class=\"arrow\" src=\"https:\/\/bookingkit.com\/wp-content\/themes\/bookingkit\/dist\/img\/guides\/arrow.svg\" alt=\"\">\n            <\/div>\n            <div class=\"feature__bottom\">\n                <p>\n                    Convalida globale dei biglietti e opzioni di controllo degli accessi                    <br><br>\n                                            bookingkit si integra con tutti i principali sistemi di gestione delle entrate, fornendoti in tal modo una panoramica in tempo reale della capienza e sincronizzando automaticamente la disponibilit\u00e0 tra tutti i canali di marketing.\r\n                                    <\/p>\n                <img decoding=\"async\" class=\"arrow\" src=\"https:\/\/bookingkit.com\/wp-content\/themes\/bookingkit\/dist\/img\/guides\/arrow.svg\" alt=\"\">\n            <\/div>\n        <\/div>\n                <div class=\"feature feature--expandable \n                \">\n            <div class=\"feature__top\">\n                <img decoding=\"async\" src=\"https:\/\/bookingkit.com\/wp-content\/uploads\/2021\/07\/Sales-via-wide-reaching-marketing-platforms-and-own-reseller-network.svg\" alt=\"\">\n                <img decoding=\"async\" class=\"arrow\" src=\"https:\/\/bookingkit.com\/wp-content\/themes\/bookingkit\/dist\/img\/guides\/arrow.svg\" alt=\"\">\n            <\/div>\n            <div class=\"feature__bottom\">\n                <p>\n                    Vendite tramite piattaforme di marketing ad ampia portata e la propria rete di rivenditori                    <br><br>\n                                            Attraverso la rete di marketing di bookingkit ti aiutiamo a offrire i tuoi servizi regionalmente, nazionalmente e internazionalmente. Ma questo non \u00e8 tutto, digitalizza le tue reti di rivenditori esistenti o esplora nuove partnership B2B sul nostro marketplace, stringendo accordi singolarmente e con il pieno controllo.                                    <\/p>\n                <img decoding=\"async\" class=\"arrow\" src=\"https:\/\/bookingkit.com\/wp-content\/themes\/bookingkit\/dist\/img\/guides\/arrow.svg\" alt=\"\">\n            <\/div>\n        <\/div>\n                <div class=\"feature feature--expandable \n                \">\n            <div class=\"feature__top\">\n                <img decoding=\"async\" src=\"https:\/\/bookingkit.com\/wp-content\/uploads\/2021\/07\/Robust-IT-infrastructure-highest-availability-and-data-security.svg\" alt=\"\">\n                <img decoding=\"async\" class=\"arrow\" src=\"https:\/\/bookingkit.com\/wp-content\/themes\/bookingkit\/dist\/img\/guides\/arrow.svg\" alt=\"\">\n            <\/div>\n            <div class=\"feature__bottom\">\n                <p>\n                    Solida infrastruttura IT, massima disponibilit\u00e0 e sicurezza dei dati                    <br><br>\n                                            Al fine di garantire una gestione senza problemi, in particolare con i gruppi pi\u00f9 grandi, bookingkit ha un&#8217;infrastruttura IT solida e certificata. Anche durante il trattamento dei dati personali, in particolare le transazioni di pagamento e i dati dei clienti finali, il nostro sistema \u00e8 progettato sulla base dei pi\u00f9 elevati standard di sicurezza.                                    <\/p>\n                <img decoding=\"async\" class=\"arrow\" src=\"https:\/\/bookingkit.com\/wp-content\/themes\/bookingkit\/dist\/img\/guides\/arrow.svg\" alt=\"\">\n            <\/div>\n        <\/div>\n                    <\/div>\n<\/section>\n\n\n<section id=\"smb-bottom-block_60ebf61759a79\" class=\"smb__bottom smb-bottom-block\">\n    <div class=\"container\">\n        <h2 class=\"h2 title-blue title-blue--center\">\n            Scopri le nostre funzionalit\u00e0        <\/h2>\n        <h4 class=\"h4\">\n            Approfondisci la nostra ampia gamma di funzionalit\u00e0 per scoprire in che modo puoi permettere alla tua azienda di crescere ulteriormente grazie a bookingkit.        <\/h4>\n                    <a href=\"https:\/\/bookingkit.com\/it\/funzioni\/\" target=\"_blank\" class=\"button button--mono\">\n                <p>\n                    ESPLORA TUTTE LE FUNZIONALIT\u00c0                <\/p>\n            <\/a>\n            <\/div>\n<\/section>","protected":false},"excerpt":{"rendered":"","protected":false},"author":3,"featured_media":4447180,"parent":0,"menu_order":0,"comment_status":"closed","ping_status":"closed","template":"","meta":{"_et_pb_use_builder":"","_et_pb_old_content":"","_et_gb_content_width":"","inline_featured_image":false,"footnotes":""},"class_list":["post-4447964","page","type-page","status-publish","has-post-thumbnail","hentry"],"yoast_head":"<!-- This site is optimized with the Yoast SEO plugin v26.7 - https:\/\/yoast.com\/wordpress\/plugins\/seo\/ -->\n<title>Enterprise: Software di prenotazione per grandi fornitori turistici - bookingkit<\/title>\n<meta name=\"description\" content=\"Software di prenotazione per grandi fornitori turistici, perfetta per tour, attivit\u00e0 e attrazioni multinazionali.\" \/>\n<meta name=\"robots\" content=\"index, follow, max-snippet:-1, max-image-preview:large, max-video-preview:-1\" \/>\n<link rel=\"canonical\" href=\"https:\/\/bookingkit.com\/it\/grandi-fornitori-multinazionali\/\" \/>\n<meta property=\"og:locale\" content=\"it_IT\" \/>\n<meta property=\"og:type\" content=\"article\" \/>\n<meta property=\"og:title\" content=\"Enterprise: Software di prenotazione per grandi fornitori turistici - bookingkit\" \/>\n<meta property=\"og:description\" content=\"Software di prenotazione per grandi fornitori turistici, perfetta per tour, attivit\u00e0 e attrazioni multinazionali.\" \/>\n<meta property=\"og:url\" content=\"https:\/\/bookingkit.com\/it\/grandi-fornitori-multinazionali\/\" \/>\n<meta property=\"og:site_name\" content=\"bookingkit\" \/>\n<meta property=\"article:modified_time\" content=\"2025-02-19T11:52:52+00:00\" \/>\n<meta property=\"og:image\" content=\"https:\/\/bookingkit.com\/wp-content\/uploads\/2021\/07\/header-scaled.jpg\" \/>\n\t<meta property=\"og:image:width\" content=\"2560\" \/>\n\t<meta property=\"og:image:height\" content=\"1707\" \/>\n\t<meta property=\"og:image:type\" content=\"image\/jpeg\" \/>\n<meta name=\"twitter:card\" content=\"summary_large_image\" \/>\n<script type=\"application\/ld+json\" class=\"yoast-schema-graph\">{\"@context\":\"https:\/\/schema.org\",\"@graph\":[{\"@type\":\"WebPage\",\"@id\":\"https:\/\/bookingkit.com\/it\/grandi-fornitori-multinazionali\/\",\"url\":\"https:\/\/bookingkit.com\/it\/grandi-fornitori-multinazionali\/\",\"name\":\"Enterprise: Software di prenotazione per grandi fornitori turistici - bookingkit\",\"isPartOf\":{\"@id\":\"https:\/\/bookingkit.com\/#website\"},\"primaryImageOfPage\":{\"@id\":\"https:\/\/bookingkit.com\/it\/grandi-fornitori-multinazionali\/#primaryimage\"},\"image\":{\"@id\":\"https:\/\/bookingkit.com\/it\/grandi-fornitori-multinazionali\/#primaryimage\"},\"thumbnailUrl\":\"https:\/\/bookingkit.com\/wp-content\/uploads\/2021\/07\/header-scaled.jpg\",\"datePublished\":\"2021-07-15T12:22:36+00:00\",\"dateModified\":\"2025-02-19T11:52:52+00:00\",\"description\":\"Software di prenotazione per grandi fornitori turistici, perfetta per tour, attivit\u00e0 e attrazioni multinazionali.\",\"breadcrumb\":{\"@id\":\"https:\/\/bookingkit.com\/it\/grandi-fornitori-multinazionali\/#breadcrumb\"},\"inLanguage\":\"it-IT\",\"potentialAction\":[{\"@type\":\"ReadAction\",\"target\":[\"https:\/\/bookingkit.com\/it\/grandi-fornitori-multinazionali\/\"]}]},{\"@type\":\"ImageObject\",\"inLanguage\":\"it-IT\",\"@id\":\"https:\/\/bookingkit.com\/it\/grandi-fornitori-multinazionali\/#primaryimage\",\"url\":\"https:\/\/bookingkit.com\/wp-content\/uploads\/2021\/07\/header-scaled.jpg\",\"contentUrl\":\"https:\/\/bookingkit.com\/wp-content\/uploads\/2021\/07\/header-scaled.jpg\",\"width\":2560,\"height\":1707},{\"@type\":\"BreadcrumbList\",\"@id\":\"https:\/\/bookingkit.com\/it\/grandi-fornitori-multinazionali\/#breadcrumb\",\"itemListElement\":[{\"@type\":\"ListItem\",\"position\":1,\"name\":\"Home\",\"item\":\"https:\/\/bookingkit.com\/it\/\"},{\"@type\":\"ListItem\",\"position\":2,\"name\":\"Enterprise &#8211; bookingkit I Suite di prenotazione per grandi fornitori multinazionali\"}]},{\"@type\":\"WebSite\",\"@id\":\"https:\/\/bookingkit.com\/#website\",\"url\":\"https:\/\/bookingkit.com\/\",\"name\":\"bookingkit\",\"description\":\"Booking Software for Tours &amp; Attractions\",\"potentialAction\":[{\"@type\":\"SearchAction\",\"target\":{\"@type\":\"EntryPoint\",\"urlTemplate\":\"https:\/\/bookingkit.com\/?s={search_term_string}\"},\"query-input\":{\"@type\":\"PropertyValueSpecification\",\"valueRequired\":true,\"valueName\":\"search_term_string\"}}],\"inLanguage\":\"it-IT\"}]}<\/script>\n<!-- \/ Yoast SEO plugin. -->","yoast_head_json":{"title":"Enterprise: Software di prenotazione per grandi fornitori turistici - bookingkit","description":"Software di prenotazione per grandi fornitori turistici, perfetta per tour, attivit\u00e0 e attrazioni multinazionali.","robots":{"index":"index","follow":"follow","max-snippet":"max-snippet:-1","max-image-preview":"max-image-preview:large","max-video-preview":"max-video-preview:-1"},"canonical":"https:\/\/bookingkit.com\/it\/grandi-fornitori-multinazionali\/","og_locale":"it_IT","og_type":"article","og_title":"Enterprise: Software di prenotazione per grandi fornitori turistici - bookingkit","og_description":"Software di prenotazione per grandi fornitori turistici, perfetta per tour, attivit\u00e0 e attrazioni multinazionali.","og_url":"https:\/\/bookingkit.com\/it\/grandi-fornitori-multinazionali\/","og_site_name":"bookingkit","article_modified_time":"2025-02-19T11:52:52+00:00","og_image":[{"width":2560,"height":1707,"url":"https:\/\/bookingkit.com\/wp-content\/uploads\/2021\/07\/header-scaled.jpg","type":"image\/jpeg"}],"twitter_card":"summary_large_image","schema":{"@context":"https:\/\/schema.org","@graph":[{"@type":"WebPage","@id":"https:\/\/bookingkit.com\/it\/grandi-fornitori-multinazionali\/","url":"https:\/\/bookingkit.com\/it\/grandi-fornitori-multinazionali\/","name":"Enterprise: Software di prenotazione per grandi fornitori turistici - bookingkit","isPartOf":{"@id":"https:\/\/bookingkit.com\/#website"},"primaryImageOfPage":{"@id":"https:\/\/bookingkit.com\/it\/grandi-fornitori-multinazionali\/#primaryimage"},"image":{"@id":"https:\/\/bookingkit.com\/it\/grandi-fornitori-multinazionali\/#primaryimage"},"thumbnailUrl":"https:\/\/bookingkit.com\/wp-content\/uploads\/2021\/07\/header-scaled.jpg","datePublished":"2021-07-15T12:22:36+00:00","dateModified":"2025-02-19T11:52:52+00:00","description":"Software di prenotazione per grandi fornitori turistici, perfetta per tour, attivit\u00e0 e attrazioni multinazionali.","breadcrumb":{"@id":"https:\/\/bookingkit.com\/it\/grandi-fornitori-multinazionali\/#breadcrumb"},"inLanguage":"it-IT","potentialAction":[{"@type":"ReadAction","target":["https:\/\/bookingkit.com\/it\/grandi-fornitori-multinazionali\/"]}]},{"@type":"ImageObject","inLanguage":"it-IT","@id":"https:\/\/bookingkit.com\/it\/grandi-fornitori-multinazionali\/#primaryimage","url":"https:\/\/bookingkit.com\/wp-content\/uploads\/2021\/07\/header-scaled.jpg","contentUrl":"https:\/\/bookingkit.com\/wp-content\/uploads\/2021\/07\/header-scaled.jpg","width":2560,"height":1707},{"@type":"BreadcrumbList","@id":"https:\/\/bookingkit.com\/it\/grandi-fornitori-multinazionali\/#breadcrumb","itemListElement":[{"@type":"ListItem","position":1,"name":"Home","item":"https:\/\/bookingkit.com\/it\/"},{"@type":"ListItem","position":2,"name":"Enterprise &#8211; bookingkit I Suite di prenotazione per grandi fornitori multinazionali"}]},{"@type":"WebSite","@id":"https:\/\/bookingkit.com\/#website","url":"https:\/\/bookingkit.com\/","name":"bookingkit","description":"Booking Software for Tours &amp; Attractions","potentialAction":[{"@type":"SearchAction","target":{"@type":"EntryPoint","urlTemplate":"https:\/\/bookingkit.com\/?s={search_term_string}"},"query-input":{"@type":"PropertyValueSpecification","valueRequired":true,"valueName":"search_term_string"}}],"inLanguage":"it-IT"}]}},"_links":{"self":[{"href":"https:\/\/bookingkit.com\/it\/wp-json\/wp\/v2\/pages\/4447964","targetHints":{"allow":["GET"]}}],"collection":[{"href":"https:\/\/bookingkit.com\/it\/wp-json\/wp\/v2\/pages"}],"about":[{"href":"https:\/\/bookingkit.com\/it\/wp-json\/wp\/v2\/types\/page"}],"author":[{"embeddable":true,"href":"https:\/\/bookingkit.com\/it\/wp-json\/wp\/v2\/users\/3"}],"replies":[{"embeddable":true,"href":"https:\/\/bookingkit.com\/it\/wp-json\/wp\/v2\/comments?post=4447964"}],"version-history":[{"count":22,"href":"https:\/\/bookingkit.com\/it\/wp-json\/wp\/v2\/pages\/4447964\/revisions"}],"predecessor-version":[{"id":4476892,"href":"https:\/\/bookingkit.com\/it\/wp-json\/wp\/v2\/pages\/4447964\/revisions\/4476892"}],"wp:featuredmedia":[{"embeddable":true,"href":"https:\/\/bookingkit.com\/it\/wp-json\/wp\/v2\/media\/4447180"}],"wp:attachment":[{"href":"https:\/\/bookingkit.com\/it\/wp-json\/wp\/v2\/media?parent=4447964"}],"curies":[{"name":"wp","href":"https:\/\/api.w.org\/{rel}","templated":true}]}}