{"id":4449524,"date":"2021-05-10T01:37:17","date_gmt":"2021-05-10T01:37:17","guid":{"rendered":"http:\/\/bookingkit.com\/partners-resellers\/"},"modified":"2025-01-21T09:46:58","modified_gmt":"2025-01-21T09:46:58","slug":"rivenditori","status":"publish","type":"page","link":"https:\/\/bookingkit.com\/it\/rivenditori\/","title":{"rendered":"Rivendere esperienze con bookingkit &#8211; Il sistema di prenotazione leader in Europa"},"content":{"rendered":"\n<p><\/p>\n\n\n\n<section id=\"partners-power-block_60dae70a59e48\" class=\"partners-resellers__power partners-power-block\">\n    <div class=\"container l-r\">\n        <div class=\"l-r__first l-r__right\">\n        <img decoding=\"async\" src=\"https:\/\/bookingkit.com\/wp-content\/uploads\/2021\/07\/shutterstock_1609261321-e1626881049341.jpg\" alt=\"power\">\n        <\/div>\n        <div class=\"l-r__second l-r__left l-r__center\">\n            <h3 class=\"h3\"><b>\n                bookingkit reach: potenzia la tua rete di partner            <\/b><\/h3>\n            <p>\n                Indipendentemente dal fatto che tu sia un hotel, un&#8217;agenzia di viaggi o un ufficio turistico, il tuo obiettivo sar\u00e0 sempre lo stesso: offrire la migliore esperienza possibile ai tuoi clienti. Questo include rivendere i tour, le attivit\u00e0 e le attrazioni migliori che la tua regione \u00e8 in grado di offrire!            <\/p>\n        <\/div>\n    <\/div>\n    <div class=\"container\">\n        <ul class=\"check-list\">\n                        \n                                                     \n                    <li>\n                        <h5 class=\"h5\">Rafforzare i legami locali <\/h5>\n                        <p>Promuovi partnership vincenti tra aziende locali<\/p>\n                    <\/li>       \n                                                     \n                    <li>\n                        <h5 class=\"h5\">Creare nuovi flussi di reddito  <\/h5>\n                        <p>Trova nuovi modi innovativi e affidabili di guadagnare velocemente!<\/p>\n                    <\/li>       \n                                                     \n                    <li>\n                        <h5 class=\"h5\">Migliorare l&#8217;esperienza del cliente <\/h5>\n                        <p>Assicurati che i tuoi clienti si godano il meglio che la tua regione pu\u00f2 offrire!<\/p>\n                    <\/li>       \n                                    <\/ul>                \n    <\/div>\n<\/section> \n\n\n<section id=\"horizontal-spacer-block_65f2b81e75326\" class=\"horizontal-spacer horizontal-spacer-block\" style=\"\n    background-color: ;\n    height: 100px;\n    width: 100%;\n\">\n<\/section>\n\n\n<section id=\"partners-saas-block_60dae73359e4b\" class=\"partners-resellers__saas partners-saas-block\">\n    <div class=\"container l-r\">\n        <div class=\"l-r__first l-r__left\">\n            <img decoding=\"async\" src=\"https:\/\/bookingkit.com\/wp-content\/uploads\/2021\/07\/channel-manager.webp\" alt=\"saas\">\n        <\/div>\n        <div class=\"l-r__second l-r__right l-r__center\">\n            <h3 class=\"h3\"><b>\n                Una nuova era per la rivendita digitale di esperienze            <\/b><\/h3>\n            <p>Rivendere direttamente le esperienze per telefono, e-mail o fax, come avviene normalmente, \u00e8 operativamente pesante, dispendioso in termini di tempo ed energie, e pu\u00f2 addirittura creare un rischio finanziario.<\/p>\n<p><b>bookingkit reach mette fine a questi problemi.<\/b><\/p>\n        <\/div>\n    <\/div>\n    <div class=\"container l-r\">\n        <div class=\"l-r__first l-r__right\">\n            <img decoding=\"async\" src=\"https:\/\/bookingkit.com\/wp-content\/uploads\/2021\/06\/B_-768x768-1.png\" alt=\"saas\">\n        <\/div>\n        <div class=\"l-r__second l-r__left l-r__center\">\n            <h3 class=\"h3\"><b>\n                Semplice, veloce e potente            <\/b><\/h3>\n            <p>La prenotazione \u00e8 ora pi\u00f9 facile che mai. Con bookingkit reach abbiamo creato una piattaforma unica e completamente automatizzata in cui puoi trovare le esperienze offerte dai tuoi partner, prenotarle online e rivenderle direttamente. \u00c8 la perfetta soluzione front desk per te e per i tuoi clienti.<\/p>\n        <\/div>\n    <\/div>\n<\/section>\n\n\n<section id=\"partners-saas-block_678f6cd01786c\" class=\"partners-resellers__saas partners-saas-block\">\n    <div class=\"container l-r\">\n        <div class=\"l-r__first l-r__left\">\n            <img decoding=\"async\" src=\"https:\/\/bookingkit.com\/wp-content\/uploads\/2024\/06\/bk_Affiliate-Creatives_Reseller.png\" alt=\"saas\">\n        <\/div>\n        <div class=\"l-r__second l-r__right l-r__center\">\n            <h3 class=\"h3\"><b>\n                Trasforma i clic in commissioni con i link di affiliazione            <\/b><\/h3>\n            <p>Che sia sul tuo sito web, sui social media, nelle newsletter o tramite codici QR su volantini, i link di affiliazione sono strumenti potenti per indirizzare i visitatori verso attrazioni ed esperienze entusiasmanti. Ogni prenotazione effettuata tramite i tuoi link ti garantisce commissioni interessanti. Inizia ora e approfitta di un modo semplice per far crescere il tuo business e sorprendere i tuoi visitatori.<\/p>\n        <\/div>\n    <\/div>\n    <div class=\"container l-r\">\n        <div class=\"l-r__first l-r__right\">\n            <img decoding=\"async\" src=\"\" alt=\"saas\">\n        <\/div>\n        <div class=\"l-r__second l-r__left l-r__center\">\n            <h3 class=\"h3\"><b>\n                            <\/b><\/h3>\n                    <\/div>\n    <\/div>\n<\/section>\n\n\n<section id=\"horizontal-spacer-block_60f57b3490700\" class=\"horizontal-spacer horizontal-spacer-block\" style=\"\n    background-color: ;\n    height: 60px;\n    width: 100%;\n\">\n<\/section>\n\n\n<figure class=\"wp-block-embed aligncenter is-type-video is-provider-youtube wp-block-embed-youtube wp-embed-aspect-16-9 wp-has-aspect-ratio\"><div class=\"wp-block-embed__wrapper\">\n<iframe loading=\"lazy\" title=\"bookingkit Reach - La nuova piattaforma per tour e attivit\u00e0 che digitalizza la rivendita\" width=\"500\" height=\"281\" src=\"https:\/\/www.youtube.com\/embed\/E9sk7rg5V_M?feature=oembed\" frameborder=\"0\" allow=\"accelerometer; autoplay; clipboard-write; encrypted-media; gyroscope; picture-in-picture; web-share\" referrerpolicy=\"strict-origin-when-cross-origin\" allowfullscreen><\/iframe>\n<\/div><\/figure>\n\n\n\n<section id=\"horizontal-spacer-block_60f57c0690702\" class=\"horizontal-spacer horizontal-spacer-block\" style=\"\n    background-color: ;\n    height: 60px;\n    width: 100%;\n\">\n<\/section>\n\n\n<section id=\"partners-why-block_60dae75959e4c\" class=\"partners-resellers__why partners-why-block\">\n    <div class=\"container\">\n        <h2 class=\"h2 title-blue title-blue--center\">Perch\u00e9 rivendere le esperienze?<\/h2>\n        <section>\n            <div class=\"splide splide_small splide__features-big\">\n                <div class=\"splide__track\">\n                    <ul class=\"splide__list\">\n                                    \n                                                            <li class=\"splide__slide single\">\n                                    <div class=\"single__img\">\n                                        <div>\n                                            <img decoding=\"async\" class=\"tours__img\" src=\"https:\/\/bookingkit.com\/wp-content\/uploads\/2021\/07\/only.svg\" alt=\"why\">\n                                            <h5 class=\"h5\">\n                                                Semplificare le operazioni                                             <\/h5>\n                                        <\/div>\n                                        <ul>\n                                                        \n                                                                                                    <li><p>Prenotazione digitale diretta <\/p><\/li>\n                                                                                                    <li><p>Cancellazione e gestione automatizzate delle prenotazioni  <\/p><\/li>\n                                                                                                    <li><p>Panoramica di tutte le esperienze attualmente disponibili<\/p><\/li>\n                                                                                                                                    <\/ul>        \n                                        <a href=\"\"><p><b>Scopri di pi\u00f9 ><\/b><\/p><\/a>             \n                                    <\/div>\n                                <\/li>\n                                                            <li class=\"splide__slide single\">\n                                    <div class=\"single__img\">\n                                        <div>\n                                            <img decoding=\"async\" class=\"tours__img\" src=\"https:\/\/bookingkit.com\/wp-content\/uploads\/2021\/07\/4-sell-more-tickets.svg\" alt=\"why\">\n                                            <h5 class=\"h5\">\n                                                Grande potenziale di mercato                                            <\/h5>\n                                        <\/div>\n                                        <ul>\n                                                        \n                                                                                                    <li><p>Trova nuovi potenziali partner attraverso il nostro marketplace<\/p><\/li>\n                                                                                                    <li><p>Consenti ai tuoi responsabili di front desk di fornire la migliore esperienza cliente<\/p><\/li>\n                                                                                                                                    <\/ul>        \n                                        <a href=\"\"><p><b>Scopri di pi\u00f9 ><\/b><\/p><\/a>             \n                                    <\/div>\n                                <\/li>\n                                                            <li class=\"splide__slide single\">\n                                    <div class=\"single__img\">\n                                        <div>\n                                            <img decoding=\"async\" class=\"tours__img\" src=\"https:\/\/bookingkit.com\/wp-content\/uploads\/2021\/07\/HP-_drive-revenue-A.svg\" alt=\"why\">\n                                            <h5 class=\"h5\">\n                                                Nessun rischio aggiuntivo!                                            <\/h5>\n                                        <\/div>\n                                        <ul>\n                                                        \n                                                                                                    <li><p>Panoramica chiara delle tue condizioni di partnership <\/p><\/li>\n                                                                                                    <li><p>Contesto giuridico prestabilito per negoziare gli accordi in modo sicuro <\/p><\/li>\n                                                                                                    <li><p>Nessuna installazione e nessun canone mensile richiesti.<\/p><\/li>\n                                                                                                                                    <\/ul>        \n                                        <a href=\"\"><p><b>Scopri di pi\u00f9 ><\/b><\/p><\/a>             \n                                    <\/div>\n                                <\/li>\n                                                                        <\/ul>\n                <\/div>\n            <\/div>\n        <\/section>\n    <\/div>\n<\/section>\n\n\n<div class=\"wp-block-divi-layout\">[et_pb_section fb_built=&#8221;1&#8243; _builder_version=&#8221;4.14.7&#8243; _module_preset=&#8221;default&#8221; global_colors_info=&#8221;{}&#8221;][et_pb_row module_class=&#8221;bk-row&#8221; _builder_version=&#8221;4.14.7&#8243; _module_preset=&#8221;default&#8221; custom_margin=&#8221;0px||-8px||false|false&#8221; custom_padding=&#8221;30px|30px|30px|30px|false|false&#8221; custom_css_main_element=&#8221;background-color: #FFFFFF!important;||border-radius: 22px 22px 22px 22px!important;||overflow: hidden!important;||box-shadow: 0px 2px 18px 0px #e2e2e2!important;||padding-top: 30px!important;||padding-right: 30px!important;||padding-bottom: 30px!important;||padding-left: 30px!important;&#8221; box_shadow_style=&#8221;preset1&#8243; box_shadow_color=&#8221;#e2e2e2&#8243; locked=&#8221;off&#8221; global_colors_info=&#8221;{}&#8221;][et_pb_column type=&#8221;4_4&#8243; _builder_version=&#8221;4.14.7&#8243; _module_preset=&#8221;default&#8221; global_colors_info=&#8221;{}&#8221;][et_pb_text admin_label=&#8221;Text&#8221; _builder_version=&#8221;4.14.7&#8243; text_font=&#8221;Open Sans Regular|700|||||||&#8221; text_text_color=&#8221;#454545&#8243; text_font_size=&#8221;15px&#8221; text_line_height=&#8221;1.71em&#8221; header_font=&#8221;GT Pressura BOLD||||||||&#8221; header_text_color=&#8221;#007aa9&#8243; header_font_size=&#8221;38px&#8221; header_2_font=&#8221;GT Pressura BOLD|700|||||||&#8221; header_2_text_color=&#8221;#454545&#8243; header_2_font_size=&#8221;38px&#8221; header_2_line_height=&#8221;1.4em&#8221; header_3_font=&#8221;||||||||&#8221; background_color=&#8221;RGBA(255,255,255,0)&#8221; module_alignment=&#8221;center&#8221; custom_margin=&#8221;||0px||false|false&#8221; custom_margin_tablet=&#8221;||0px||false|false&#8221; custom_margin_phone=&#8221;||0px||false|false&#8221; custom_margin_last_edited=&#8221;on|phone&#8221; custom_padding=&#8221;0px|14px|0px|14px|true|true&#8221; hover_enabled=&#8221;0&#8243; custom_css_main_element=&#8221;color: #454545!important;&#8221; border_radii=&#8221;off||||&#8221; global_colors_info=&#8221;{}&#8221; sticky_enabled=&#8221;0&#8243;]<h2>Inizia a rivendere decine di esperienze<\/h2>\n[\/et_pb_text][et_pb_text admin_label=&#8221;Text&#8221; _builder_version=&#8221;4.14.7&#8243; text_font=&#8221;Open Sans Regular||||||||&#8221; text_text_color=&#8221;#454545&#8243; text_font_size=&#8221;15px&#8221; text_line_height=&#8221;1.71em&#8221; header_font=&#8221;GT Pressura BOLD||||||||&#8221; header_text_color=&#8221;#007aa9&#8243; header_font_size=&#8221;38px&#8221; header_2_font=&#8221;Poppins||||||||&#8221; header_2_font_size=&#8221;28px&#8221; header_2_line_height=&#8221;1.4em&#8221; header_3_font=&#8221;||||||||&#8221; background_color=&#8221;RGBA(255,255,255,0)&#8221; module_alignment=&#8221;center&#8221; custom_margin=&#8221;||0px||false|false&#8221; custom_margin_tablet=&#8221;||0px||false|false&#8221; custom_margin_phone=&#8221;||0px||false|false&#8221; custom_margin_last_edited=&#8221;on|phone&#8221; custom_padding=&#8221;0px|14px|0px|14px|true|true&#8221; hover_enabled=&#8221;0&#8243; border_radii=&#8221;off||||&#8221; global_colors_info=&#8221;{}&#8221; sticky_enabled=&#8221;0&#8243;]<p>bookingkit reach \u00e8 il marketplace all-in-one in cui puoi costruire facilmente il tuo network di distribuzione. Ti basta consultare il catalogo delle esperienze disponibili su bookingkit, connetterti con fantastici operatori e iniziare a rivendere le esperienze ai tuoi clienti.<\/p>\n[\/et_pb_text][et_pb_button button_url=&#8221;https:\/\/reach.bookingkit.com\/register?utm_campaign=reseller-registration&amp;utm_medium=bk-website&amp;utm_source=reseller-page&amp;utm_content=reach&#8221; button_text=&#8221;REGISTRATI GRATIS&#8221; button_alignment_tablet=&#8221;&#8221; button_alignment_phone=&#8221;center&#8221; button_alignment_last_edited=&#8221;on|phone&#8221; _builder_version=&#8221;4.14.7&#8243; _module_preset=&#8221;default&#8221; custom_button=&#8221;on&#8221; button_text_size=&#8221;16px&#8221; button_text_color=&#8221;#454545&#8243; button_bg_color=&#8221;#FFFFFF&#8221; button_border_width=&#8221;2px&#8221; button_border_color=&#8221;#454545&#8243; button_border_radius=&#8221;100px&#8221; button_letter_spacing=&#8221;0px&#8221; button_font=&#8221;Open Sans bold|700|||||||&#8221; button_use_icon=&#8221;off&#8221; custom_margin=&#8221;25px|||9px|false|false&#8221; custom_padding=&#8221;11px||11px||false|false&#8221; custom_padding_tablet=&#8221;11px||11px||false|false&#8221; custom_padding_phone=&#8221;|33px||33px|false|true&#8221; custom_padding_last_edited=&#8221;on|phone&#8221; hover_enabled=&#8221;0&#8243; button_text_color_tablet=&#8221;#454545&#8243; button_text_color_phone=&#8221;#454545&#8243; button_text_color_last_edited=&#8221;on|phone&#8221; button_border_radius_tablet=&#8221;100px&#8221; button_border_radius_phone=&#8221;31px&#8221; button_border_radius_last_edited=&#8221;on|phone&#8221; background_layout_tablet=&#8221;&#8221; background_layout_phone=&#8221;&#8221; background_layout_last_edited=&#8221;on|phone&#8221; global_colors_info=&#8221;{}&#8221; button_bg_color__hover_enabled=&#8221;on|hover&#8221; button_bg_color__hover=&#8221;#454545&#8243; button_bg_enable_color__hover=&#8221;on&#8221; button_text_color__hover_enabled=&#8221;on|desktop&#8221; button_text_color__hover=&#8221;#FFFFFF&#8221; sticky_enabled=&#8221;0&#8243;][\/et_pb_button][\/et_pb_column][\/et_pb_row][\/et_pb_section]<\/div>\n\n\n\n<style>\n#industry-intro-block_60c876b4d0f84 > div > div.intro__button-con > a {\n    background-color: #616060;\n    border-color: #454545;\n}\n#partners-power-block_60dae70a59e48 {\n    padding-bottom: 0;\n}\n<\/style>\n\n\n\n<section id=\"horizontal-spacer-block_65fc32534b515\" class=\"horizontal-spacer horizontal-spacer-block\" style=\"\n    background-color: ;\n    height: 100px;\n    width: 100%;\n\">\n<\/section>\n\n\n<section id=\"blog-newsletter-block_60dae80d59e59\" class=\"page-blog__download-blog blog-newsletter-block\">\n    <div class=\"container\">\n                <h2 class=\"h2 title-blue title-blue--center\">\n            Desideri parlare col nostro team per avviare una partnership avanzata (API)?        <\/h2>\n                            <h4 class=\"h4\">\n                Contattaci: <a href=\"mailto:partner@bookingkit.de\" target=\"_blank\" rel=\"noopener\">partner@bookingkit.de<\/a>            <\/h4>\n                \n            <\/div>\n<\/section>","protected":false},"excerpt":{"rendered":"","protected":false},"author":1,"featured_media":0,"parent":0,"menu_order":0,"comment_status":"closed","ping_status":"closed","template":"","meta":{"_et_pb_use_builder":"","_et_pb_old_content":"","_et_gb_content_width":"","inline_featured_image":false,"footnotes":""},"class_list":["post-4449524","page","type-page","status-publish","hentry"],"yoast_head":"<!-- This site is optimized with the Yoast SEO plugin v26.7 - https:\/\/yoast.com\/wordpress\/plugins\/seo\/ -->\n<title>Rivenditori: Rivendere tour, attivit\u00e0 e attrazioni - bookingkit<\/title>\n<meta name=\"description\" content=\"Vuoi aggiungere valore ai tuoi clienti rivendendo Tour, Attivit\u00e0 e Attrazioni a prezzi scontati? Guarda bookingkit Reach.\" \/>\n<meta name=\"robots\" content=\"index, follow, max-snippet:-1, max-image-preview:large, max-video-preview:-1\" \/>\n<link rel=\"canonical\" href=\"https:\/\/bookingkit.com\/it\/rivenditori\/\" \/>\n<meta property=\"og:locale\" content=\"it_IT\" \/>\n<meta property=\"og:type\" content=\"article\" \/>\n<meta property=\"og:title\" content=\"Rivenditori: Rivendere tour, attivit\u00e0 e attrazioni - bookingkit\" \/>\n<meta property=\"og:description\" content=\"Vuoi aggiungere valore ai tuoi clienti rivendendo Tour, Attivit\u00e0 e Attrazioni a prezzi scontati? Guarda bookingkit Reach.\" \/>\n<meta property=\"og:url\" content=\"https:\/\/bookingkit.com\/it\/rivenditori\/\" \/>\n<meta property=\"og:site_name\" content=\"bookingkit\" \/>\n<meta property=\"article:modified_time\" content=\"2025-01-21T09:46:58+00:00\" \/>\n<meta name=\"twitter:card\" content=\"summary_large_image\" \/>\n<meta name=\"twitter:label1\" content=\"Tempo di lettura stimato\" \/>\n\t<meta name=\"twitter:data1\" content=\"1 minuto\" \/>\n<script type=\"application\/ld+json\" class=\"yoast-schema-graph\">{\"@context\":\"https:\/\/schema.org\",\"@graph\":[{\"@type\":\"WebPage\",\"@id\":\"https:\/\/bookingkit.com\/it\/rivenditori\/\",\"url\":\"https:\/\/bookingkit.com\/it\/rivenditori\/\",\"name\":\"Rivenditori: Rivendere tour, attivit\u00e0 e attrazioni - bookingkit\",\"isPartOf\":{\"@id\":\"https:\/\/bookingkit.com\/#website\"},\"datePublished\":\"2021-05-10T01:37:17+00:00\",\"dateModified\":\"2025-01-21T09:46:58+00:00\",\"description\":\"Vuoi aggiungere valore ai tuoi clienti rivendendo Tour, Attivit\u00e0 e Attrazioni a prezzi scontati? Guarda bookingkit Reach.\",\"breadcrumb\":{\"@id\":\"https:\/\/bookingkit.com\/it\/rivenditori\/#breadcrumb\"},\"inLanguage\":\"it-IT\",\"potentialAction\":[{\"@type\":\"ReadAction\",\"target\":[\"https:\/\/bookingkit.com\/it\/rivenditori\/\"]}]},{\"@type\":\"BreadcrumbList\",\"@id\":\"https:\/\/bookingkit.com\/it\/rivenditori\/#breadcrumb\",\"itemListElement\":[{\"@type\":\"ListItem\",\"position\":1,\"name\":\"Home\",\"item\":\"https:\/\/bookingkit.com\/it\/\"},{\"@type\":\"ListItem\",\"position\":2,\"name\":\"Rivendere esperienze con bookingkit &#8211; Il sistema di prenotazione leader in Europa\"}]},{\"@type\":\"WebSite\",\"@id\":\"https:\/\/bookingkit.com\/#website\",\"url\":\"https:\/\/bookingkit.com\/\",\"name\":\"bookingkit\",\"description\":\"Booking Software for Tours &amp; Attractions\",\"potentialAction\":[{\"@type\":\"SearchAction\",\"target\":{\"@type\":\"EntryPoint\",\"urlTemplate\":\"https:\/\/bookingkit.com\/?s={search_term_string}\"},\"query-input\":{\"@type\":\"PropertyValueSpecification\",\"valueRequired\":true,\"valueName\":\"search_term_string\"}}],\"inLanguage\":\"it-IT\"}]}<\/script>\n<!-- \/ Yoast SEO plugin. -->","yoast_head_json":{"title":"Rivenditori: Rivendere tour, attivit\u00e0 e attrazioni - bookingkit","description":"Vuoi aggiungere valore ai tuoi clienti rivendendo Tour, Attivit\u00e0 e Attrazioni a prezzi scontati? Guarda bookingkit Reach.","robots":{"index":"index","follow":"follow","max-snippet":"max-snippet:-1","max-image-preview":"max-image-preview:large","max-video-preview":"max-video-preview:-1"},"canonical":"https:\/\/bookingkit.com\/it\/rivenditori\/","og_locale":"it_IT","og_type":"article","og_title":"Rivenditori: Rivendere tour, attivit\u00e0 e attrazioni - bookingkit","og_description":"Vuoi aggiungere valore ai tuoi clienti rivendendo Tour, Attivit\u00e0 e Attrazioni a prezzi scontati? Guarda bookingkit Reach.","og_url":"https:\/\/bookingkit.com\/it\/rivenditori\/","og_site_name":"bookingkit","article_modified_time":"2025-01-21T09:46:58+00:00","twitter_card":"summary_large_image","twitter_misc":{"Tempo di lettura stimato":"1 minuto"},"schema":{"@context":"https:\/\/schema.org","@graph":[{"@type":"WebPage","@id":"https:\/\/bookingkit.com\/it\/rivenditori\/","url":"https:\/\/bookingkit.com\/it\/rivenditori\/","name":"Rivenditori: Rivendere tour, attivit\u00e0 e attrazioni - bookingkit","isPartOf":{"@id":"https:\/\/bookingkit.com\/#website"},"datePublished":"2021-05-10T01:37:17+00:00","dateModified":"2025-01-21T09:46:58+00:00","description":"Vuoi aggiungere valore ai tuoi clienti rivendendo Tour, Attivit\u00e0 e Attrazioni a prezzi scontati? Guarda bookingkit Reach.","breadcrumb":{"@id":"https:\/\/bookingkit.com\/it\/rivenditori\/#breadcrumb"},"inLanguage":"it-IT","potentialAction":[{"@type":"ReadAction","target":["https:\/\/bookingkit.com\/it\/rivenditori\/"]}]},{"@type":"BreadcrumbList","@id":"https:\/\/bookingkit.com\/it\/rivenditori\/#breadcrumb","itemListElement":[{"@type":"ListItem","position":1,"name":"Home","item":"https:\/\/bookingkit.com\/it\/"},{"@type":"ListItem","position":2,"name":"Rivendere esperienze con bookingkit &#8211; Il sistema di prenotazione leader in Europa"}]},{"@type":"WebSite","@id":"https:\/\/bookingkit.com\/#website","url":"https:\/\/bookingkit.com\/","name":"bookingkit","description":"Booking Software for Tours &amp; Attractions","potentialAction":[{"@type":"SearchAction","target":{"@type":"EntryPoint","urlTemplate":"https:\/\/bookingkit.com\/?s={search_term_string}"},"query-input":{"@type":"PropertyValueSpecification","valueRequired":true,"valueName":"search_term_string"}}],"inLanguage":"it-IT"}]}},"_links":{"self":[{"href":"https:\/\/bookingkit.com\/it\/wp-json\/wp\/v2\/pages\/4449524","targetHints":{"allow":["GET"]}}],"collection":[{"href":"https:\/\/bookingkit.com\/it\/wp-json\/wp\/v2\/pages"}],"about":[{"href":"https:\/\/bookingkit.com\/it\/wp-json\/wp\/v2\/types\/page"}],"author":[{"embeddable":true,"href":"https:\/\/bookingkit.com\/it\/wp-json\/wp\/v2\/users\/1"}],"replies":[{"embeddable":true,"href":"https:\/\/bookingkit.com\/it\/wp-json\/wp\/v2\/comments?post=4449524"}],"version-history":[{"count":23,"href":"https:\/\/bookingkit.com\/it\/wp-json\/wp\/v2\/pages\/4449524\/revisions"}],"predecessor-version":[{"id":4476484,"href":"https:\/\/bookingkit.com\/it\/wp-json\/wp\/v2\/pages\/4449524\/revisions\/4476484"}],"wp:attachment":[{"href":"https:\/\/bookingkit.com\/it\/wp-json\/wp\/v2\/media?parent=4449524"}],"curies":[{"name":"wp","href":"https:\/\/api.w.org\/{rel}","templated":true}]}}