{"id":4458179,"date":"2022-04-14T11:52:01","date_gmt":"2022-04-14T11:52:01","guid":{"rendered":"https:\/\/bookingkit.com\/?page_id=4458179"},"modified":"2022-04-14T11:52:03","modified_gmt":"2022-04-14T11:52:03","slug":"richiedi-una-demo-bookingkit-i-guarda-il-nostro-software-in-azione","status":"publish","type":"page","link":"https:\/\/bookingkit.com\/it\/richiedi-una-demo-bookingkit-i-guarda-il-nostro-software-in-azione\/","title":{"rendered":"Richiedi una demo &#8211; bookingkit I Guarda il nostro software in azione!"},"content":{"rendered":"\n<section id=\"demo-your-demo-block_60d6f2c1918cf\" class=\"demo__your-demo demo-your-demo-block\">\n    <div class=\"container l-r\">\n        <div class=\"l-r__first l-r__left l-r__center--top\">\n            <h1 class=\"h1 title-blue\">\n                Vuoi vedere il software di prenotazione online<br>bookingkit in azione?            <\/h1>\n            <h3 class=\"h3\">\n                bookingkit ti aiuta a:            <\/h3>\n            <ul class=\"check-list\">\n                            \n                                                            \n                        <li>\n                            <p><span style=\"font-weight: 400;\">Generare pi\u00f9 prenotazioni dirette<\/span><\/p>\n                        <\/li>\n                                                            \n                        <li>\n                            <p><span style=\"font-weight: 400;\">Aumentare il fatturato<\/span><\/p>\n                        <\/li>\n                                                            \n                        <li>\n                            <p><span style=\"font-weight: 400;\">Gestire centralmente tutti i canali di vendita<\/span><\/p>\n                        <\/li>\n                                                    \n            <\/ul>\n        <\/div>\n        <div class=\"l-r__second l-r__right\">\n            <!-- Calendly inline widget begin -->\n                            <div class=\"calendly-inline-widget\" data-url=\"https:\/\/bookingkit.com\/it\/richiedi-una-demo\/\" style=\"width:100%;\"><\/div>\n                            \n\n            <script type=\"text\/javascript\" src=\"https:\/\/assets.calendly.com\/assets\/external\/widget.js\" async><\/script>\n        <\/div>\n    <\/div>\n<\/section>\n\n\n<section id=\"demo-how-block_60d6f2da918d3\" class=\"demo__how demo-how-block\">\n    <div class=\"container\">\n        <h2 class=\"h2 title-blue\">\n            Come funziona?        <\/h2>\n        <div class=\"step-con\">\n                        \n                                                        \n                    <article>\n                        <div>\n                            <h5 class=\"h5\">\n                                FASE 1                            <\/h5>\n                            <img decoding=\"async\" src=\"https:\/\/bookingkit.com\/wp-content\/uploads\/2021\/06\/phonecall.svg\" alt=\"step\">\n                        <\/div>\n                        <div>\n                            <h5 class=\"h5\">\n                                Prenota la tua chiamata                            <\/h5>\n                            <p>\n                                Scegli la data e l&#8217;orario che preferisci per una Demo virtuale personalizzata.                            <\/p>\n                        <\/div>\n                    <\/article>\n                                                        \n                    <article>\n                        <div>\n                            <h5 class=\"h5\">\n                                FASE 2                            <\/h5>\n                            <img decoding=\"async\" src=\"https:\/\/bookingkit.com\/wp-content\/uploads\/2021\/06\/reliability.svg\" alt=\"step\">\n                        <\/div>\n                        <div>\n                            <h5 class=\"h5\">\n                                Unisciti alla condivisione schermo                             <\/h5>\n                            <p>\n                                Ricevi un link poco prima della chiamata programmata per permettere la condivisione dello schermo.                            <\/p>\n                        <\/div>\n                    <\/article>\n                                                        \n                    <article>\n                        <div>\n                            <h5 class=\"h5\">\n                                FASE 3                            <\/h5>\n                            <img decoding=\"async\" src=\"https:\/\/bookingkit.com\/wp-content\/uploads\/2021\/06\/transparency.svg\" alt=\"step\">\n                        <\/div>\n                        <div>\n                            <h5 class=\"h5\">\n                                Prova autonomamente                            <\/h5>\n                            <p>\n                                Ti mostriamo le funzionalit\u00e0 pi\u00f9 importanti per la tua azienda e ti offriamo un account di prova.                            <\/p>\n                        <\/div>\n                    <\/article>\n                                                        \n                    <article>\n                        <div>\n                            <h5 class=\"h5\">\n                                FASE 4                            <\/h5>\n                            <img decoding=\"async\" src=\"https:\/\/bookingkit.com\/wp-content\/uploads\/2021\/06\/boat-white.png\" alt=\"step\">\n                        <\/div>\n                        <div>\n                            <h5 class=\"h5\">\n                                Si comincia!                            <\/h5>\n                            <p>\n                                Non appena sarai pronto, il nostro Team di onboarding ti guider\u00e0 nell&#8217;impostazione!                            <\/p>\n                        <\/div>\n                    <\/article>\n                                         \n        <\/div>\n        <div class=\"bck\"><\/div>\n    <\/div>\n<\/section>\n\n<script>\n    let elm = document.querySelector('.step-con article > div:last-of-type');\n    let bck = document.querySelector('.bck');\n    function changeBckHeight() {\n        bck.style.height = elm.offsetTop + \"px\";\n    }; \n    changeBckHeight();\n    window.onresize = changeBckHeight;\n<\/script>\n\n\n<section id=\"demo-like-yours-block_60d6f304918d6\" class=\"demo__like-yours demo-like-yours-block\">\n    <div class=\"container l-r\">\n        <div class=\"l-r__first l-r__left\">\n            <img decoding=\"async\" src=\"https:\/\/bookingkit.com\/wp-content\/uploads\/2021\/07\/Established.png\" alt=\"like yours\">\n        <\/div>\n        <div class=\"l-r__second l-r__right l-r__center\">\n            <h3 class=\"h3\"><b>\n                Non ti chiediamo di fidarti sulla parola\u2026            <\/b><\/h3>\n            <p><span style=\"font-weight: 400;\">Abbiamo gi\u00e0 aiutato a digitalizzare migliaia di aziende turistiche come la tua, provenienti da una miriade di settori diversi all&#8217;interno delle attivit\u00e0 di intrattenimento, tour e attrazioni. Abbiamo lavorato a stretto contatto con loro per costruire il miglior software per soddisfare anche le tue esigenze specifiche e superare le tue aspettative.<\/span><\/p>\n<p>&nbsp;<\/p>\n<p><span style=\"font-weight: 400;\">Sappiamo bene quanto sia impegnativa la tua attivit\u00e0 e quanto sia difficile stare al passo con i vari e complicati processi manuali. Questo \u00e8 il motivo per cui ti offriamo una soluzione centralizzata: un collante che unisce operazioni di vendita, marketing e amministrazione, in grado di semplificare e automatizzare tutti i passaggi complessi e permetterti di fornire un&#8217;esperienza senza problemi per i tuoi dipendenti e per i tuoi clienti.<\/span><\/p>\n        <\/div>\n    <\/div>\n<\/section>\n\n\n<section id=\"smb-customers-block_60d6f31f918d7\" class=\"smb__customers smb-customers-block\" style=\"\">\n    <div class=\"container\">\n        <h2 class=\"h2 title-blue title-blue--center\">\n            Alcuni dei nostri clienti soddisfatti:        <\/h2>\n                <div class=\"splide splide_small splide__tips \n        \">\n            <div class=\"splide__track\">\n                <ul class=\"splide__list\">\n                                \n                                                                \n                            <li class=\"splide__slide single\">\n                                <div class=\"single__img\">     \n                                                                   \n                                    <a   target=\"\">\n                                        <img decoding=\"async\" src=\"https:\/\/bookingkit.com\/wp-content\/uploads\/2021\/07\/Pantheon@2x.png\" alt=\"customer\">\n                                    <\/a>                                    \n                                <\/div>\n                            <\/li>               \n                                                                \n                            <li class=\"splide__slide single\">\n                                <div class=\"single__img\">     \n                                                                   \n                                    <a   target=\"\">\n                                        <img decoding=\"async\" src=\"https:\/\/bookingkit.com\/wp-content\/uploads\/2021\/07\/Swarowski-copy.png\" alt=\"customer\">\n                                    <\/a>                                    \n                                <\/div>\n                            <\/li>               \n                                                                \n                            <li class=\"splide__slide single\">\n                                <div class=\"single__img\">     \n                                                                   \n                                    <a   target=\"\">\n                                        <img decoding=\"async\" src=\"https:\/\/bookingkit.com\/wp-content\/uploads\/2021\/07\/Le-cantine-de-Il-Borro@2x.png\" alt=\"customer\">\n                                    <\/a>                                    \n                                <\/div>\n                            <\/li>               \n                                                                \n                            <li class=\"splide__slide single\">\n                                <div class=\"single__img\">     \n                                                                   \n                                    <a   target=\"\">\n                                        <img decoding=\"async\" src=\"https:\/\/bookingkit.com\/wp-content\/uploads\/2021\/07\/Fernsehturm@2x.png\" alt=\"customer\">\n                                    <\/a>                                    \n                                <\/div>\n                            <\/li>               \n                                                                \n                            <li class=\"splide__slide single\">\n                                <div class=\"single__img\">     \n                                                                   \n                                    <a   target=\"\">\n                                        <img decoding=\"async\" src=\"https:\/\/bookingkit.com\/wp-content\/uploads\/2021\/07\/isola-del-garda@2x.png\" alt=\"customer\">\n                                    <\/a>                                    \n                                <\/div>\n                            <\/li>               \n                                                               \n                <\/ul>\n            <\/div>\n        <\/div>\n    <\/div>\n<\/section>\n\n\n<section id=\"demo-benefits-block_60d6f337918d9\" class=\"demo__benefits demo-benefits-block\">\n    <div class=\"container\">\n        <h2 class=\"h2 title-blue\">\n            Fai crescere la tua attivit\u00e0 con le prenotazioni online        <\/h2>\n        <ul class=\"check-list\">\n                        \n                                                        \n                    <li>\n                        <h5 class=\"h5\">Maggiore efficienza<\/h5>\n                        <p>Puoi dire addio agli errori manuali ripetuti, alle sovrapposizione di prenotazioni e massimizzare sempre le tue disponibilit\u00e0.<\/p>\n                    <\/li>\n                                                        \n                    <li>\n                        <h5 class=\"h5\">Maggiore impatto<\/h5>\n                        <p>bookingkit \u00e8 direttamente collegato con i pi\u00f9 importanti canali di marketing come Google, GetYourGuide, Tripadvisor ecc.\r\n<\/p>\n                    <\/li>\n                                                        \n                    <li>\n                        <h5 class=\"h5\">Aumento delle vendite dei biglietti<\/h5>\n                        <p>Grazie al nostro sistema di checkout ottimizzato per la conversione, si riduce l&#8217;abbandono al momento dell&#8217;acquisto e si aumentano le prenotazioni\r\n<\/p>\n                    <\/li>\n                                                        \n                    <li>\n                        <h5 class=\"h5\">Un modo per premiare i clienti fedeli<\/h5>\n                        <p>L&#8217;offerta della migliore esperienza per il cliente inizia al momento della prenotazione. Rendila priva di stress e piacevole dall&#8217;inizio alla fine!\r\n\r\n<\/p>\n                    <\/li>\n                                                        \n                    <li>\n                        <h5 class=\"h5\">Maggior numero di prenotazioni dirette<\/h5>\n                        <p>Il tuo sito web \u00e8 il volto della tua azienda e per renderlo ancora pi\u00f9 efficiente, abbiamo creato un sistema di checkout facile da integrare e completamente personalizzabile.\r\n<\/p>\n                    <\/li>\n                                                        \n                    <li>\n                        <h5 class=\"h5\">Risparmio di tempo<\/h5>\n                        <p>Il nostro vero obiettivo \u00e8 quello di permetterti di tornare a fare ci\u00f2 che pi\u00f9 ti piace e lasciare il resto a bookingkit.\r\n\r\n<\/p>\n                    <\/li>\n                                     \n        <\/ul>\n    <\/div>\n<\/section>\n\n\n<section id=\"demo-schedule-block_60d6f348918db\" class=\"demo__schedule demo-schedule-block\">\n    <div class=\"container l-r\">\n        <div class=\"l-r__first l-r__left\">\n            <h3 class=\"h3\"><b>\n                Pianifica la tua demo            <\/b><\/h3>                    \n        <\/div>\n        <div class=\"l-r__second l-r__right\">\n            <p>\n                Non vediamo l&#8217;ora di conoscerti e di scoprire la tua azienda e i tuoi obiettivi.\r\n\r\n            <\/p>\n        <\/div>\n    <\/div>\n    <div class=\"container\" style=\"height:700px\">\n    <!-- Calendly inline widget begin -->\n    <div class=\"calendly-inline-widget\" data-url=\"https:\/\/bookingkit.com\/it\/richiedi-una-demo\/\" style=\"width:800px;\"><\/div>\n    <script type=\"text\/javascript\" src=\"https:\/\/assets.calendly.com\/assets\/external\/widget.js\" async><\/script>\n    <\/div>\n<\/section>","protected":false},"excerpt":{"rendered":"","protected":false},"author":4,"featured_media":0,"parent":0,"menu_order":0,"comment_status":"closed","ping_status":"closed","template":"","meta":{"_et_pb_use_builder":"","_et_pb_old_content":"","_et_gb_content_width":"","inline_featured_image":false,"footnotes":""},"class_list":["post-4458179","page","type-page","status-publish","hentry"],"yoast_head":"<!-- This site is optimized with the Yoast SEO plugin v26.7 - https:\/\/yoast.com\/wordpress\/plugins\/seo\/ -->\n<title>Richiedi una demo - bookingkit I Guarda il nostro software in azione!<\/title>\n<meta name=\"description\" content=\"Vuoi vedere bookingkit in azione? Prenota una demo, e ti spiegheremo come possiamo migliorare il tuo business\" \/>\n<meta name=\"robots\" content=\"index, follow, max-snippet:-1, max-image-preview:large, max-video-preview:-1\" \/>\n<link rel=\"canonical\" href=\"https:\/\/bookingkit.com\/it\/richiedi-una-demo-bookingkit-i-guarda-il-nostro-software-in-azione\/\" \/>\n<meta property=\"og:locale\" content=\"it_IT\" \/>\n<meta property=\"og:type\" content=\"article\" \/>\n<meta property=\"og:title\" content=\"Richiedi una demo - bookingkit I Guarda il nostro software in azione!\" \/>\n<meta property=\"og:description\" content=\"Vuoi vedere bookingkit in azione? Prenota una demo, e ti spiegheremo come possiamo migliorare il tuo business\" \/>\n<meta property=\"og:url\" content=\"https:\/\/bookingkit.com\/it\/richiedi-una-demo-bookingkit-i-guarda-il-nostro-software-in-azione\/\" \/>\n<meta property=\"og:site_name\" content=\"bookingkit\" \/>\n<meta property=\"article:modified_time\" content=\"2022-04-14T11:52:03+00:00\" \/>\n<meta name=\"twitter:card\" content=\"summary_large_image\" \/>\n<script type=\"application\/ld+json\" class=\"yoast-schema-graph\">{\"@context\":\"https:\/\/schema.org\",\"@graph\":[{\"@type\":\"WebPage\",\"@id\":\"https:\/\/bookingkit.com\/it\/richiedi-una-demo-bookingkit-i-guarda-il-nostro-software-in-azione\/\",\"url\":\"https:\/\/bookingkit.com\/it\/richiedi-una-demo-bookingkit-i-guarda-il-nostro-software-in-azione\/\",\"name\":\"Richiedi una demo - bookingkit I Guarda il nostro software in azione!\",\"isPartOf\":{\"@id\":\"https:\/\/bookingkit.com\/#website\"},\"datePublished\":\"2022-04-14T11:52:01+00:00\",\"dateModified\":\"2022-04-14T11:52:03+00:00\",\"description\":\"Vuoi vedere bookingkit in azione? Prenota una demo, e ti spiegheremo come possiamo migliorare il tuo business\",\"breadcrumb\":{\"@id\":\"https:\/\/bookingkit.com\/it\/richiedi-una-demo-bookingkit-i-guarda-il-nostro-software-in-azione\/#breadcrumb\"},\"inLanguage\":\"it-IT\",\"potentialAction\":[{\"@type\":\"ReadAction\",\"target\":[\"https:\/\/bookingkit.com\/it\/richiedi-una-demo-bookingkit-i-guarda-il-nostro-software-in-azione\/\"]}]},{\"@type\":\"BreadcrumbList\",\"@id\":\"https:\/\/bookingkit.com\/it\/richiedi-una-demo-bookingkit-i-guarda-il-nostro-software-in-azione\/#breadcrumb\",\"itemListElement\":[{\"@type\":\"ListItem\",\"position\":1,\"name\":\"Home\",\"item\":\"https:\/\/bookingkit.com\/it\/\"},{\"@type\":\"ListItem\",\"position\":2,\"name\":\"Richiedi una demo &#8211; bookingkit I Guarda il nostro software in azione!\"}]},{\"@type\":\"WebSite\",\"@id\":\"https:\/\/bookingkit.com\/#website\",\"url\":\"https:\/\/bookingkit.com\/\",\"name\":\"bookingkit\",\"description\":\"Booking Software for Tours &amp; Attractions\",\"potentialAction\":[{\"@type\":\"SearchAction\",\"target\":{\"@type\":\"EntryPoint\",\"urlTemplate\":\"https:\/\/bookingkit.com\/?s={search_term_string}\"},\"query-input\":{\"@type\":\"PropertyValueSpecification\",\"valueRequired\":true,\"valueName\":\"search_term_string\"}}],\"inLanguage\":\"it-IT\"}]}<\/script>\n<!-- \/ Yoast SEO plugin. -->","yoast_head_json":{"title":"Richiedi una demo - bookingkit I Guarda il nostro software in azione!","description":"Vuoi vedere bookingkit in azione? Prenota una demo, e ti spiegheremo come possiamo migliorare il tuo business","robots":{"index":"index","follow":"follow","max-snippet":"max-snippet:-1","max-image-preview":"max-image-preview:large","max-video-preview":"max-video-preview:-1"},"canonical":"https:\/\/bookingkit.com\/it\/richiedi-una-demo-bookingkit-i-guarda-il-nostro-software-in-azione\/","og_locale":"it_IT","og_type":"article","og_title":"Richiedi una demo - bookingkit I Guarda il nostro software in azione!","og_description":"Vuoi vedere bookingkit in azione? Prenota una demo, e ti spiegheremo come possiamo migliorare il tuo business","og_url":"https:\/\/bookingkit.com\/it\/richiedi-una-demo-bookingkit-i-guarda-il-nostro-software-in-azione\/","og_site_name":"bookingkit","article_modified_time":"2022-04-14T11:52:03+00:00","twitter_card":"summary_large_image","schema":{"@context":"https:\/\/schema.org","@graph":[{"@type":"WebPage","@id":"https:\/\/bookingkit.com\/it\/richiedi-una-demo-bookingkit-i-guarda-il-nostro-software-in-azione\/","url":"https:\/\/bookingkit.com\/it\/richiedi-una-demo-bookingkit-i-guarda-il-nostro-software-in-azione\/","name":"Richiedi una demo - bookingkit I Guarda il nostro software in azione!","isPartOf":{"@id":"https:\/\/bookingkit.com\/#website"},"datePublished":"2022-04-14T11:52:01+00:00","dateModified":"2022-04-14T11:52:03+00:00","description":"Vuoi vedere bookingkit in azione? Prenota una demo, e ti spiegheremo come possiamo migliorare il tuo business","breadcrumb":{"@id":"https:\/\/bookingkit.com\/it\/richiedi-una-demo-bookingkit-i-guarda-il-nostro-software-in-azione\/#breadcrumb"},"inLanguage":"it-IT","potentialAction":[{"@type":"ReadAction","target":["https:\/\/bookingkit.com\/it\/richiedi-una-demo-bookingkit-i-guarda-il-nostro-software-in-azione\/"]}]},{"@type":"BreadcrumbList","@id":"https:\/\/bookingkit.com\/it\/richiedi-una-demo-bookingkit-i-guarda-il-nostro-software-in-azione\/#breadcrumb","itemListElement":[{"@type":"ListItem","position":1,"name":"Home","item":"https:\/\/bookingkit.com\/it\/"},{"@type":"ListItem","position":2,"name":"Richiedi una demo &#8211; bookingkit I Guarda il nostro software in azione!"}]},{"@type":"WebSite","@id":"https:\/\/bookingkit.com\/#website","url":"https:\/\/bookingkit.com\/","name":"bookingkit","description":"Booking Software for Tours &amp; Attractions","potentialAction":[{"@type":"SearchAction","target":{"@type":"EntryPoint","urlTemplate":"https:\/\/bookingkit.com\/?s={search_term_string}"},"query-input":{"@type":"PropertyValueSpecification","valueRequired":true,"valueName":"search_term_string"}}],"inLanguage":"it-IT"}]}},"_links":{"self":[{"href":"https:\/\/bookingkit.com\/it\/wp-json\/wp\/v2\/pages\/4458179","targetHints":{"allow":["GET"]}}],"collection":[{"href":"https:\/\/bookingkit.com\/it\/wp-json\/wp\/v2\/pages"}],"about":[{"href":"https:\/\/bookingkit.com\/it\/wp-json\/wp\/v2\/types\/page"}],"author":[{"embeddable":true,"href":"https:\/\/bookingkit.com\/it\/wp-json\/wp\/v2\/users\/4"}],"replies":[{"embeddable":true,"href":"https:\/\/bookingkit.com\/it\/wp-json\/wp\/v2\/comments?post=4458179"}],"version-history":[{"count":2,"href":"https:\/\/bookingkit.com\/it\/wp-json\/wp\/v2\/pages\/4458179\/revisions"}],"predecessor-version":[{"id":4460407,"href":"https:\/\/bookingkit.com\/it\/wp-json\/wp\/v2\/pages\/4458179\/revisions\/4460407"}],"wp:attachment":[{"href":"https:\/\/bookingkit.com\/it\/wp-json\/wp\/v2\/media?parent=4458179"}],"curies":[{"name":"wp","href":"https:\/\/api.w.org\/{rel}","templated":true}]}}