{"id":4464551,"date":"2022-11-15T17:20:03","date_gmt":"2022-11-15T17:20:03","guid":{"rendered":"https:\/\/bookingkit.com\/?page_id=4464551"},"modified":"2022-11-30T14:21:57","modified_gmt":"2022-11-30T14:21:57","slug":"demo-cliente","status":"publish","type":"page","link":"https:\/\/bookingkit.com\/it\/demo-cliente\/","title":{"rendered":"Ti preghiamo di contattarci via chat"},"content":{"rendered":"\n<section id=\"smb-solution-block_60d4524557f2d\" class=\"smb__solution smb-solution-block\">\n    <div class=\"container l-r\">\n        <div class=\"l-r__first l-r__right\">\n            <img decoding=\"async\" src=\"https:\/\/bookingkit.com\/wp-content\/uploads\/2022\/11\/B-.png\" alt=\"solution\">\n        <\/div>\n        <div class=\"l-r__second l-r__left\">\n            <h1 class=\"h1 title-blue title-blue--black title-blue--left\">\n                Ti preghiamo di contattarci via chat \ud83d\ude42            <\/h1>\n            <h3 class=\"h3\">\n                Sembra che tu sia gi\u00e0 cliente bookingkit!                \n            <\/h3>\n            <p>\n                Grazie per aver compilato il form per richiedere una demo. Questo form, per\u00f2, \u00e8 pensato per chi non \u00e8 ancora nostro cliente. Dal momento che tu lo sei gi\u00e0 (grazie!), ti invitiamo a contattarci tramite la chat qua sotto. Ti risponderemo il prima possibile!            <\/p>\n                    <\/div>\n    <\/div>\n<\/section>\n<style>\n    .smb__solution__logos {\n        display: grid;\n        grid-template-columns: 1fr 1fr 1fr;\n        align-items: center;\n        gap: 25px;\n        margin-top: 5rem;\n    }\n    @media ( max-width: 768px ) {\n        .smb__solution__logos {\n            grid-template-columns: 1fr 1fr;        \n        }\n    }\n    .smb__solution_logo {\n        display: flex;\n        justify-content: center;\n        align-items: center;\n    }\n    .smb__solution__logos img {\n        width: 70%;\n    }\n<\/style>\n<script>\n    \/\/ Get all elements with the class keep_square\n    const squareElements = document.querySelectorAll('.keep_square');\n\n    \/\/ Function to keep elements as a square\n    function keepSquare(element) {\n        \/\/ Get the width of the element\n        const width = element.offsetWidth;\n        \n        \/\/ Set the height of the element to match the width\n        element.style.height = `${width}px`;\n    }\n\n    \/\/ Add event listener to window resize\n    window.addEventListener('resize', () => {\n        \/\/ Loop through each element and keep it as a square\n        squareElements.forEach((element) => {\n            keepSquare(element);\n        });\n    });\n\n    \/\/ Initialize the elements as squares\n    squareElements.forEach((element) => {\n        keepSquare(element);\n    });\n<\/script>","protected":false},"excerpt":{"rendered":"","protected":false},"author":29,"featured_media":4464728,"parent":0,"menu_order":0,"comment_status":"closed","ping_status":"closed","template":"","meta":{"_et_pb_use_builder":"","_et_pb_old_content":"","_et_gb_content_width":"","inline_featured_image":false,"footnotes":""},"class_list":["post-4464551","page","type-page","status-publish","has-post-thumbnail","hentry"],"yoast_head":"<!-- This site is optimized with the Yoast SEO plugin v26.7 - https:\/\/yoast.com\/wordpress\/plugins\/seo\/ -->\n<title>Ti preghiamo di contattarci via chat<\/title>\n<meta name=\"description\" content=\"Oops... qualcosa nella tua richiesta \u00e8 andata storta. Sembra che tu sia gi\u00e0 nostro cliente! Scrivici in chat per parlare con noi!\" \/>\n<meta name=\"robots\" content=\"index, follow, max-snippet:-1, max-image-preview:large, max-video-preview:-1\" \/>\n<link rel=\"canonical\" href=\"https:\/\/bookingkit.com\/demo-customer\/\" \/>\n<meta property=\"og:locale\" content=\"it_IT\" \/>\n<meta property=\"og:type\" content=\"article\" \/>\n<meta property=\"og:title\" content=\"Ti preghiamo di contattarci via chat\" \/>\n<meta property=\"og:description\" content=\"Oops... qualcosa nella tua richiesta \u00e8 andata storta. Sembra che tu sia gi\u00e0 nostro cliente! Scrivici in chat per parlare con noi!\" \/>\n<meta property=\"og:url\" content=\"https:\/\/bookingkit.com\/demo-customer\/\" \/>\n<meta property=\"og:site_name\" content=\"bookingkit\" \/>\n<meta property=\"article:modified_time\" content=\"2022-11-30T14:21:57+00:00\" \/>\n<meta property=\"og:image\" content=\"https:\/\/bookingkit.com\/wp-content\/uploads\/2022\/11\/C-2.png\" \/>\n\t<meta property=\"og:image:width\" content=\"500\" \/>\n\t<meta property=\"og:image:height\" content=\"287\" \/>\n\t<meta property=\"og:image:type\" content=\"image\/png\" \/>\n<meta name=\"twitter:card\" content=\"summary_large_image\" \/>\n<script type=\"application\/ld+json\" class=\"yoast-schema-graph\">{\"@context\":\"https:\/\/schema.org\",\"@graph\":[{\"@type\":\"WebPage\",\"@id\":\"https:\/\/bookingkit.com\/demo-customer\/\",\"url\":\"https:\/\/bookingkit.com\/demo-customer\/\",\"name\":\"Ti preghiamo di contattarci via chat\",\"isPartOf\":{\"@id\":\"https:\/\/bookingkit.com\/#website\"},\"primaryImageOfPage\":{\"@id\":\"https:\/\/bookingkit.com\/demo-customer\/#primaryimage\"},\"image\":{\"@id\":\"https:\/\/bookingkit.com\/demo-customer\/#primaryimage\"},\"thumbnailUrl\":\"https:\/\/bookingkit.com\/wp-content\/uploads\/2022\/11\/C-2.png\",\"datePublished\":\"2022-11-15T17:20:03+00:00\",\"dateModified\":\"2022-11-30T14:21:57+00:00\",\"description\":\"Oops... qualcosa nella tua richiesta \u00e8 andata storta. Sembra che tu sia gi\u00e0 nostro cliente! Scrivici in chat per parlare con noi!\",\"breadcrumb\":{\"@id\":\"https:\/\/bookingkit.com\/demo-customer\/#breadcrumb\"},\"inLanguage\":\"it-IT\",\"potentialAction\":[{\"@type\":\"ReadAction\",\"target\":[\"https:\/\/bookingkit.com\/demo-customer\/\"]}]},{\"@type\":\"ImageObject\",\"inLanguage\":\"it-IT\",\"@id\":\"https:\/\/bookingkit.com\/demo-customer\/#primaryimage\",\"url\":\"https:\/\/bookingkit.com\/wp-content\/uploads\/2022\/11\/C-2.png\",\"contentUrl\":\"https:\/\/bookingkit.com\/wp-content\/uploads\/2022\/11\/C-2.png\",\"width\":500,\"height\":287,\"caption\":\"bookingkit banner\"},{\"@type\":\"BreadcrumbList\",\"@id\":\"https:\/\/bookingkit.com\/demo-customer\/#breadcrumb\",\"itemListElement\":[{\"@type\":\"ListItem\",\"position\":1,\"name\":\"Home\",\"item\":\"https:\/\/bookingkit.com\/it\/\"},{\"@type\":\"ListItem\",\"position\":2,\"name\":\"Ti preghiamo di contattarci via chat\"}]},{\"@type\":\"WebSite\",\"@id\":\"https:\/\/bookingkit.com\/#website\",\"url\":\"https:\/\/bookingkit.com\/\",\"name\":\"bookingkit\",\"description\":\"Booking Software for Tours &amp; Attractions\",\"potentialAction\":[{\"@type\":\"SearchAction\",\"target\":{\"@type\":\"EntryPoint\",\"urlTemplate\":\"https:\/\/bookingkit.com\/?s={search_term_string}\"},\"query-input\":{\"@type\":\"PropertyValueSpecification\",\"valueRequired\":true,\"valueName\":\"search_term_string\"}}],\"inLanguage\":\"it-IT\"}]}<\/script>\n<!-- \/ Yoast SEO plugin. -->","yoast_head_json":{"title":"Ti preghiamo di contattarci via chat","description":"Oops... qualcosa nella tua richiesta \u00e8 andata storta. Sembra che tu sia gi\u00e0 nostro cliente! Scrivici in chat per parlare con noi!","robots":{"index":"index","follow":"follow","max-snippet":"max-snippet:-1","max-image-preview":"max-image-preview:large","max-video-preview":"max-video-preview:-1"},"canonical":"https:\/\/bookingkit.com\/demo-customer\/","og_locale":"it_IT","og_type":"article","og_title":"Ti preghiamo di contattarci via chat","og_description":"Oops... qualcosa nella tua richiesta \u00e8 andata storta. Sembra che tu sia gi\u00e0 nostro cliente! Scrivici in chat per parlare con noi!","og_url":"https:\/\/bookingkit.com\/demo-customer\/","og_site_name":"bookingkit","article_modified_time":"2022-11-30T14:21:57+00:00","og_image":[{"width":500,"height":287,"url":"https:\/\/bookingkit.com\/wp-content\/uploads\/2022\/11\/C-2.png","type":"image\/png"}],"twitter_card":"summary_large_image","schema":{"@context":"https:\/\/schema.org","@graph":[{"@type":"WebPage","@id":"https:\/\/bookingkit.com\/demo-customer\/","url":"https:\/\/bookingkit.com\/demo-customer\/","name":"Ti preghiamo di contattarci via chat","isPartOf":{"@id":"https:\/\/bookingkit.com\/#website"},"primaryImageOfPage":{"@id":"https:\/\/bookingkit.com\/demo-customer\/#primaryimage"},"image":{"@id":"https:\/\/bookingkit.com\/demo-customer\/#primaryimage"},"thumbnailUrl":"https:\/\/bookingkit.com\/wp-content\/uploads\/2022\/11\/C-2.png","datePublished":"2022-11-15T17:20:03+00:00","dateModified":"2022-11-30T14:21:57+00:00","description":"Oops... qualcosa nella tua richiesta \u00e8 andata storta. Sembra che tu sia gi\u00e0 nostro cliente! Scrivici in chat per parlare con noi!","breadcrumb":{"@id":"https:\/\/bookingkit.com\/demo-customer\/#breadcrumb"},"inLanguage":"it-IT","potentialAction":[{"@type":"ReadAction","target":["https:\/\/bookingkit.com\/demo-customer\/"]}]},{"@type":"ImageObject","inLanguage":"it-IT","@id":"https:\/\/bookingkit.com\/demo-customer\/#primaryimage","url":"https:\/\/bookingkit.com\/wp-content\/uploads\/2022\/11\/C-2.png","contentUrl":"https:\/\/bookingkit.com\/wp-content\/uploads\/2022\/11\/C-2.png","width":500,"height":287,"caption":"bookingkit banner"},{"@type":"BreadcrumbList","@id":"https:\/\/bookingkit.com\/demo-customer\/#breadcrumb","itemListElement":[{"@type":"ListItem","position":1,"name":"Home","item":"https:\/\/bookingkit.com\/it\/"},{"@type":"ListItem","position":2,"name":"Ti preghiamo di contattarci via chat"}]},{"@type":"WebSite","@id":"https:\/\/bookingkit.com\/#website","url":"https:\/\/bookingkit.com\/","name":"bookingkit","description":"Booking Software for Tours &amp; Attractions","potentialAction":[{"@type":"SearchAction","target":{"@type":"EntryPoint","urlTemplate":"https:\/\/bookingkit.com\/?s={search_term_string}"},"query-input":{"@type":"PropertyValueSpecification","valueRequired":true,"valueName":"search_term_string"}}],"inLanguage":"it-IT"}]}},"_links":{"self":[{"href":"https:\/\/bookingkit.com\/it\/wp-json\/wp\/v2\/pages\/4464551","targetHints":{"allow":["GET"]}}],"collection":[{"href":"https:\/\/bookingkit.com\/it\/wp-json\/wp\/v2\/pages"}],"about":[{"href":"https:\/\/bookingkit.com\/it\/wp-json\/wp\/v2\/types\/page"}],"author":[{"embeddable":true,"href":"https:\/\/bookingkit.com\/it\/wp-json\/wp\/v2\/users\/29"}],"replies":[{"embeddable":true,"href":"https:\/\/bookingkit.com\/it\/wp-json\/wp\/v2\/comments?post=4464551"}],"version-history":[{"count":8,"href":"https:\/\/bookingkit.com\/it\/wp-json\/wp\/v2\/pages\/4464551\/revisions"}],"predecessor-version":[{"id":4464941,"href":"https:\/\/bookingkit.com\/it\/wp-json\/wp\/v2\/pages\/4464551\/revisions\/4464941"}],"wp:featuredmedia":[{"embeddable":true,"href":"https:\/\/bookingkit.com\/it\/wp-json\/wp\/v2\/media\/4464728"}],"wp:attachment":[{"href":"https:\/\/bookingkit.com\/it\/wp-json\/wp\/v2\/media?parent=4464551"}],"curies":[{"name":"wp","href":"https:\/\/api.w.org\/{rel}","templated":true}]}}