{"id":4477103,"date":"2025-02-10T11:03:30","date_gmt":"2025-02-10T11:03:30","guid":{"rendered":"https:\/\/bookingkit.com\/schedule-a-demo-v2\/"},"modified":"2026-01-30T07:18:11","modified_gmt":"2026-01-30T07:18:11","slug":"richiedi-una-demo","status":"publish","type":"page","link":"https:\/\/bookingkit.com\/it\/richiedi-una-demo\/","title":{"rendered":"Richiedi una demo &#8211; new layout"},"content":{"rendered":"\n<section id=\"smb-happy-customers-block_67a33dadba16d\" class=\"smb__happy-customers smb-happy-customers-block\" style=\"background-color:white;\">\n    <div class=\"container\">\n        <h2 class=\"h2 title-blue\">\n            Cosa dicono i nostri clienti        <\/h2>\n        <div class=\"l-r\">\n            <div class=\"splide l-r__right\" id=\"splide-customers__top\">\n                <div class=\"splide__track\">\n                    <ul class=\"splide__list\">\n                                    \n                                                                    \n                                <li class=\"splide__slide single\">\n                                    <div>\n                                        <h5 class=\"h5\"><b>\n                                            &#8220;Grazie a bookingkit siamo in grado di offrire pi\u00f9 date disponibili per i tour del nostro birrificio, il che \u00e8 fantastico!                                        <\/b><\/h5>\n                                        <p>\n                                            Grazie all\u2019integrazione con bookingkit possiamo connetterci a molteplici piattaforme di marketing utilizzando un\u2019unica API. Questo ci permette di risparmiare tempo e denaro. Inoltre, tutte le attivit\u00e0 operative sono automatizzate, eliminando il lavoro manuale a nostro carico. E, come se questo non bastasse, il volume delle nostre vendite \u00e8 in continua crescita! Non vediamo l&#8217;ora di collaborare con altri canali di vendita online e raggiungere nuovi mercati!&#8221;                                        <\/p>\n                                        <h5 class=\"h5\"><b>\n                                            \u0160imon Lu\u0148\u00e1k                                        <\/b><\/h5>\n                                        <p>\n                                            Responsabile Marketing di C&#038;H Department, Plze\u0148sk\u00fd Prazdroj                                        <\/p>\n                                    <\/div>\n                                    <div>\n                                        <a \n                                        href=\"#hs-form-iframe-0\"                                        target=\"\">\n                                        <img decoding=\"async\" src=\"https:\/\/bookingkit.com\/wp-content\/uploads\/2021\/07\/prazdroj.png\" alt=\"customer\">\n                                        <\/a>\n                                    <\/div>\n                                <\/li>\n                                                                  \n                                                                            \n                    <\/ul>\n                <\/div>\n            <\/div>                \n            \n        <\/div>\n                    <a href=\"#schedule-demo\" class=\"button book-a-demo\" target=\"\" rel=\"noopener noreferrer\">\n                            Book a demo                        <\/a>\n            <\/div>\n<\/section>","protected":false},"excerpt":{"rendered":"","protected":false},"author":4,"featured_media":0,"parent":0,"menu_order":0,"comment_status":"closed","ping_status":"closed","template":"page-test-schedule.php","meta":{"_et_pb_use_builder":"off","_et_pb_old_content":"<!-- wp:divi\/placeholder -->\n[et_pb_section][et_pb_row][et_pb_column type=\"4_4\"][et_pb_text]\n<!-- wp:acf\/smb-happy-customers {\"id\":\"block_67a33dadba16d\",\"name\":\"acf\/smb-happy-customers\",\"data\":{\"title\":\"What They Say About Us\",\"_title\":\"field_60d4514b0e333\",\"list_0_image\":4470256,\"_list_0_image\":\"field_60d4515d0e335\",\"list_0_title\":\" \u201eAfter only several months in use, we were able to increase our turnover by 12%. \",\"_list_0_title\":\"field_60d451640e336\",\"list_0_text\":\" Since our internal processes as well as the needs of our customers are constantly changing, we needed a booking system that is flexible and continually evolving with our needs. Therefore we decided for bookingkit. The special passion the team puts into the new development and improvement of their software really convinced us.\\u0022\",\"_list_0_text\":\"field_60d451690e337\",\"list_0_name\":\"Name\",\"_list_0_name\":\"field_60d451720e338\",\"list_0_function\":\"za boss\",\"_list_0_function\":\"field_60d451790e339\",\"list_0_link\":\"\",\"_list_0_link\":\"field_611a525c81a05\",\"list\":1,\"_list\":\"field_60d451510e334\",\"extra_css\":\"background-color:white;\",\"_extra_css\":\"field_60d6ea0cbf707\"},\"align\":\"\",\"mode\":\"edit\"} \/-->\n[\/et_pb_text][\/et_pb_column][\/et_pb_row][\/et_pb_section]\n<!-- \/wp:divi\/placeholder -->","_et_gb_content_width":"","inline_featured_image":false,"footnotes":""},"class_list":["post-4477103","page","type-page","status-publish","hentry"],"yoast_head":"<!-- This site is optimized with the Yoast SEO plugin v26.7 - https:\/\/yoast.com\/wordpress\/plugins\/seo\/ -->\n<title>Richiedi una demo - bookingkit.com<\/title>\n<meta name=\"description\" content=\"Prenota un tour del prodotto con bookingkit. Il software di prenotazione online professionale per tour, attivit\u00e0 e attrazioni.\" \/>\n<meta name=\"robots\" content=\"index, follow, max-snippet:-1, max-image-preview:large, max-video-preview:-1\" \/>\n<link rel=\"canonical\" href=\"https:\/\/bookingkit.com\/it\/richiedi-una-demo\/\" \/>\n<meta property=\"og:locale\" content=\"it_IT\" \/>\n<meta property=\"og:type\" content=\"article\" \/>\n<meta property=\"og:title\" content=\"Richiedi una demo - bookingkit.com\" \/>\n<meta property=\"og:description\" content=\"Prenota un tour del prodotto con bookingkit. Il software di prenotazione online professionale per tour, attivit\u00e0 e attrazioni.\" \/>\n<meta property=\"og:url\" content=\"https:\/\/bookingkit.com\/it\/richiedi-una-demo\/\" \/>\n<meta property=\"og:site_name\" content=\"bookingkit\" \/>\n<meta property=\"article:modified_time\" content=\"2026-01-30T07:18:11+00:00\" \/>\n<meta name=\"twitter:card\" content=\"summary_large_image\" \/>\n<script type=\"application\/ld+json\" class=\"yoast-schema-graph\">{\"@context\":\"https:\/\/schema.org\",\"@graph\":[{\"@type\":\"WebPage\",\"@id\":\"https:\/\/bookingkit.com\/it\/richiedi-una-demo\/\",\"url\":\"https:\/\/bookingkit.com\/it\/richiedi-una-demo\/\",\"name\":\"Richiedi una demo - bookingkit.com\",\"isPartOf\":{\"@id\":\"https:\/\/bookingkit.com\/#website\"},\"datePublished\":\"2025-02-10T11:03:30+00:00\",\"dateModified\":\"2026-01-30T07:18:11+00:00\",\"description\":\"Prenota un tour del prodotto con bookingkit. Il software di prenotazione online professionale per tour, attivit\u00e0 e attrazioni.\",\"breadcrumb\":{\"@id\":\"https:\/\/bookingkit.com\/it\/richiedi-una-demo\/#breadcrumb\"},\"inLanguage\":\"it-IT\",\"potentialAction\":[{\"@type\":\"ReadAction\",\"target\":[\"https:\/\/bookingkit.com\/it\/richiedi-una-demo\/\"]}]},{\"@type\":\"BreadcrumbList\",\"@id\":\"https:\/\/bookingkit.com\/it\/richiedi-una-demo\/#breadcrumb\",\"itemListElement\":[{\"@type\":\"ListItem\",\"position\":1,\"name\":\"Home\",\"item\":\"https:\/\/bookingkit.com\/it\/\"},{\"@type\":\"ListItem\",\"position\":2,\"name\":\"Richiedi una demo &#8211; new layout\"}]},{\"@type\":\"WebSite\",\"@id\":\"https:\/\/bookingkit.com\/#website\",\"url\":\"https:\/\/bookingkit.com\/\",\"name\":\"bookingkit\",\"description\":\"Booking Software for Tours &amp; Attractions\",\"potentialAction\":[{\"@type\":\"SearchAction\",\"target\":{\"@type\":\"EntryPoint\",\"urlTemplate\":\"https:\/\/bookingkit.com\/?s={search_term_string}\"},\"query-input\":{\"@type\":\"PropertyValueSpecification\",\"valueRequired\":true,\"valueName\":\"search_term_string\"}}],\"inLanguage\":\"it-IT\"}]}<\/script>\n<!-- \/ Yoast SEO plugin. -->","yoast_head_json":{"title":"Richiedi una demo - bookingkit.com","description":"Prenota un tour del prodotto con bookingkit. Il software di prenotazione online professionale per tour, attivit\u00e0 e attrazioni.","robots":{"index":"index","follow":"follow","max-snippet":"max-snippet:-1","max-image-preview":"max-image-preview:large","max-video-preview":"max-video-preview:-1"},"canonical":"https:\/\/bookingkit.com\/it\/richiedi-una-demo\/","og_locale":"it_IT","og_type":"article","og_title":"Richiedi una demo - bookingkit.com","og_description":"Prenota un tour del prodotto con bookingkit. Il software di prenotazione online professionale per tour, attivit\u00e0 e attrazioni.","og_url":"https:\/\/bookingkit.com\/it\/richiedi-una-demo\/","og_site_name":"bookingkit","article_modified_time":"2026-01-30T07:18:11+00:00","twitter_card":"summary_large_image","schema":{"@context":"https:\/\/schema.org","@graph":[{"@type":"WebPage","@id":"https:\/\/bookingkit.com\/it\/richiedi-una-demo\/","url":"https:\/\/bookingkit.com\/it\/richiedi-una-demo\/","name":"Richiedi una demo - bookingkit.com","isPartOf":{"@id":"https:\/\/bookingkit.com\/#website"},"datePublished":"2025-02-10T11:03:30+00:00","dateModified":"2026-01-30T07:18:11+00:00","description":"Prenota un tour del prodotto con bookingkit. Il software di prenotazione online professionale per tour, attivit\u00e0 e attrazioni.","breadcrumb":{"@id":"https:\/\/bookingkit.com\/it\/richiedi-una-demo\/#breadcrumb"},"inLanguage":"it-IT","potentialAction":[{"@type":"ReadAction","target":["https:\/\/bookingkit.com\/it\/richiedi-una-demo\/"]}]},{"@type":"BreadcrumbList","@id":"https:\/\/bookingkit.com\/it\/richiedi-una-demo\/#breadcrumb","itemListElement":[{"@type":"ListItem","position":1,"name":"Home","item":"https:\/\/bookingkit.com\/it\/"},{"@type":"ListItem","position":2,"name":"Richiedi una demo &#8211; new layout"}]},{"@type":"WebSite","@id":"https:\/\/bookingkit.com\/#website","url":"https:\/\/bookingkit.com\/","name":"bookingkit","description":"Booking Software for Tours &amp; Attractions","potentialAction":[{"@type":"SearchAction","target":{"@type":"EntryPoint","urlTemplate":"https:\/\/bookingkit.com\/?s={search_term_string}"},"query-input":{"@type":"PropertyValueSpecification","valueRequired":true,"valueName":"search_term_string"}}],"inLanguage":"it-IT"}]}},"_links":{"self":[{"href":"https:\/\/bookingkit.com\/it\/wp-json\/wp\/v2\/pages\/4477103","targetHints":{"allow":["GET"]}}],"collection":[{"href":"https:\/\/bookingkit.com\/it\/wp-json\/wp\/v2\/pages"}],"about":[{"href":"https:\/\/bookingkit.com\/it\/wp-json\/wp\/v2\/types\/page"}],"author":[{"embeddable":true,"href":"https:\/\/bookingkit.com\/it\/wp-json\/wp\/v2\/users\/4"}],"replies":[{"embeddable":true,"href":"https:\/\/bookingkit.com\/it\/wp-json\/wp\/v2\/comments?post=4477103"}],"version-history":[{"count":5,"href":"https:\/\/bookingkit.com\/it\/wp-json\/wp\/v2\/pages\/4477103\/revisions"}],"predecessor-version":[{"id":4478848,"href":"https:\/\/bookingkit.com\/it\/wp-json\/wp\/v2\/pages\/4477103\/revisions\/4478848"}],"wp:attachment":[{"href":"https:\/\/bookingkit.com\/it\/wp-json\/wp\/v2\/media?parent=4477103"}],"curies":[{"name":"wp","href":"https:\/\/api.w.org\/{rel}","templated":true}]}}